{"id":797,"date":"2017-10-26T12:00:12","date_gmt":"2017-10-26T12:00:12","guid":{"rendered":"https:\/\/www.biglight.com\/work\/crossing-lines\/"},"modified":"2026-02-26T06:45:36","modified_gmt":"2026-02-26T06:45:36","slug":"crossing-line","status":"publish","type":"page","link":"https:\/\/www.biglight.com\/it\/produzioni\/crossing-line\/","title":{"rendered":"Crossing Line &#8211; Terza stagione"},"content":{"rendered":"<h2>2015<\/h2>\n<h3>Attori protagonisti: <a href=\"http:\/\/www.imdb.com\/name\/nm0000661\" target=\"_blank\" rel=\"noopener noreferrer\">Donald Sutherland<\/a>, <a href=\"http:\/\/www.imdb.com\/name\/nm0593310\" target=\"_blank\" rel=\"noopener noreferrer\">Elizabeth Michell<\/a> e <a href=\"http:\/\/www.imdb.com\/name\/nm0899681\" target=\"_blank\" rel=\"noopener noreferrer\">Goran Visnjic<\/a><\/h3>\n<p>Prodotto in collaborazione con <a href=\"http:\/\/studiocanal.com\" target=\"_blank\" rel=\"noopener noreferrer\">Studio Canal<\/a>\/<a href=\"http:\/\/www.tandempro.tv\" target=\"_blank\" rel=\"noopener noreferrer\">Tandem<\/a><br \/>\nMessa in onda su <a href=\"https:\/\/www.sat1.de\" target=\"_blank\" rel=\"noopener noreferrer\">Sat. 1<\/a>, <a href=\"https:\/\/www.axn.com\" target=\"_blank\" rel=\"noopener noreferrer\">AXN<\/a> e <a href=\"https:\/\/www.tf1.fr\" target=\"_blank\" rel=\"noopener noreferrer\">TF1<\/a><\/p>\n<p><!--contentpartdivider--><\/p>\n<p>La movimentata fiction poliziesca <em>Crossing Line<\/em> \u00e8 incentrata su un&#8217;unit\u00e0 speciale che opera presso una Corte di giustizia internazionale. Simile ad un FBI europeo, l\u2019unit\u00e0 indaga su crimini seriali che travalicano le frontiere europee, dando la caccia a criminali internazionali per consegnarli alla giustizia. La terza stagione vede la presenza del protagonista Michel Dorn (Sutherland) che ricompone la squadra ICC per indagare sul rapimento di un pubblico ministero, innescando all\u2019interno del gruppo una lotta per ristabilire un\u2019identit\u00e0 messa in discussione. Con questi intrighi la terza stagione si \u00e8 rivelata la pi\u00f9 ambiziosa.<\/p>\n<ul class=\"more-link animation-element slide-up-sm\">\n<li><a class=\"external-icon\" href=\"http:\/\/www.imdb.com\/title\/tt2427220\/fullcredits\" target=\"_blank\" rel=\"noopener noreferrer\">Crediti<\/a><\/li>\n<\/ul>\n","protected":false},"excerpt":{"rendered":"<p>La movimentata fiction poliziesca Crossing Line \u00e8 incentrata su un&#8217;unit\u00e0 speciale che opera presso una Corte di giustizia internazionale. Simile ad un FBI europeo, l\u2019unit\u00e0 indaga su crimini seriali che travalicano le frontiere europee, dando la caccia a criminali internazionali per consegnarli alla giustizia.<\/p>\n","protected":false},"author":1,"featured_media":798,"parent":785,"menu_order":8,"comment_status":"closed","ping_status":"closed","template":"page-work.php","meta":{"_acf_changed":false,"footnotes":""},"class_list":["post-797","page","type-page","status-publish","has-post-thumbnail","hentry","has-content-parts","content-parts-2"],"acf":[],"yoast_head":"<!-- This site is optimized with the Yoast SEO Premium plugin v27.0 (Yoast SEO v27.5) - https:\/\/yoast.com\/product\/yoast-seo-premium-wordpress\/ -->\n<title>Crossing Line - Terza stagione - Big Light Productions<\/title>\n<meta name=\"description\" content=\"La movimentata fiction poliziesca Crossing Line \u00e8 incentrata su un&#039;unit\u00e0 speciale che opera presso una Corte di giustizia internazionale. Simile ad un FBI europeo, l\u2019unit\u00e0 indaga su crimini seriali che travalicano le frontiere europee, dando la caccia a criminali internazionali per consegnarli alla giustizia.\" \/>\n<meta name=\"robots\" content=\"index, follow, max-snippet:-1, max-image-preview:large, max-video-preview:-1\" \/>\n<link rel=\"canonical\" href=\"https:\/\/www.biglight.com\/it\/produzioni\/crossing-line\/\" \/>\n<meta property=\"og:locale\" content=\"it_IT\" \/>\n<meta property=\"og:type\" content=\"article\" \/>\n<meta property=\"og:title\" content=\"Crossing Line - Terza stagione\" \/>\n<meta property=\"og:description\" content=\"La movimentata fiction poliziesca Crossing Line \u00e8 incentrata su un&#039;unit\u00e0 speciale che opera presso una Corte di giustizia internazionale. Simile ad un FBI europeo, l\u2019unit\u00e0 indaga su crimini seriali che travalicano le frontiere europee, dando la caccia a criminali internazionali per consegnarli alla giustizia.\" \/>\n<meta property=\"og:url\" content=\"https:\/\/www.biglight.com\/it\/produzioni\/crossing-line\/\" \/>\n<meta property=\"og:site_name\" content=\"Big Light Productions\" \/>\n<meta property=\"article:publisher\" content=\"https:\/\/www.facebook.com\/biglightprod\" \/>\n<meta property=\"article:modified_time\" content=\"2026-02-26T06:45:36+00:00\" \/>\n<meta property=\"og:image\" content=\"https:\/\/www.biglight.com\/wp-content\/uploads\/2017\/06\/BigLightProductions-Crossing-Lines.jpg\" \/>\n\t<meta property=\"og:image:width\" content=\"3000\" \/>\n\t<meta property=\"og:image:height\" content=\"1693\" \/>\n\t<meta property=\"og:image:type\" content=\"image\/jpeg\" \/>\n<meta name=\"twitter:card\" content=\"summary_large_image\" \/>\n<meta name=\"twitter:site\" content=\"@BigLightProds\" \/>\n<script type=\"application\/ld+json\" class=\"yoast-schema-graph\">{\"@context\":\"https:\\\/\\\/schema.org\",\"@graph\":[{\"@type\":\"WebPage\",\"@id\":\"https:\\\/\\\/www.biglight.com\\\/it\\\/produzioni\\\/crossing-line\\\/\",\"url\":\"https:\\\/\\\/www.biglight.com\\\/it\\\/produzioni\\\/crossing-line\\\/\",\"name\":\"Crossing Line - Terza stagione - Big Light Productions\",\"isPartOf\":{\"@id\":\"https:\\\/\\\/www.biglight.com\\\/#website\"},\"primaryImageOfPage\":{\"@id\":\"https:\\\/\\\/www.biglight.com\\\/it\\\/produzioni\\\/crossing-line\\\/#primaryimage\"},\"image\":{\"@id\":\"https:\\\/\\\/www.biglight.com\\\/it\\\/produzioni\\\/crossing-line\\\/#primaryimage\"},\"thumbnailUrl\":\"https:\\\/\\\/www.biglight.com\\\/wp-content\\\/uploads\\\/2017\\\/06\\\/BigLightProductions-Crossing-Lines.jpg\",\"datePublished\":\"2017-10-26T12:00:12+00:00\",\"dateModified\":\"2026-02-26T06:45:36+00:00\",\"description\":\"La movimentata fiction poliziesca Crossing Line \u00e8 incentrata su un'unit\u00e0 speciale che opera presso una Corte di giustizia internazionale. Simile ad un FBI europeo, l\u2019unit\u00e0 indaga su crimini seriali che travalicano le frontiere europee, dando la caccia a criminali internazionali per consegnarli alla giustizia.\",\"breadcrumb\":{\"@id\":\"https:\\\/\\\/www.biglight.com\\\/it\\\/produzioni\\\/crossing-line\\\/#breadcrumb\"},\"inLanguage\":\"it-IT\",\"potentialAction\":[{\"@type\":\"ReadAction\",\"target\":[\"https:\\\/\\\/www.biglight.com\\\/it\\\/produzioni\\\/crossing-line\\\/\"]}]},{\"@type\":\"ImageObject\",\"inLanguage\":\"it-IT\",\"@id\":\"https:\\\/\\\/www.biglight.com\\\/it\\\/produzioni\\\/crossing-line\\\/#primaryimage\",\"url\":\"https:\\\/\\\/www.biglight.com\\\/wp-content\\\/uploads\\\/2017\\\/06\\\/BigLightProductions-Crossing-Lines.jpg\",\"contentUrl\":\"https:\\\/\\\/www.biglight.com\\\/wp-content\\\/uploads\\\/2017\\\/06\\\/BigLightProductions-Crossing-Lines.jpg\",\"width\":3000,\"height\":1693,\"caption\":\"Crossing Lines: Series 3\"},{\"@type\":\"BreadcrumbList\",\"@id\":\"https:\\\/\\\/www.biglight.com\\\/it\\\/produzioni\\\/crossing-line\\\/#breadcrumb\",\"itemListElement\":[{\"@type\":\"ListItem\",\"position\":1,\"name\":\"Home\",\"item\":\"https:\\\/\\\/www.biglight.com\\\/it\\\/\"},{\"@type\":\"ListItem\",\"position\":2,\"name\":\"Produzioni\",\"item\":\"https:\\\/\\\/www.biglight.com\\\/it\\\/produzioni\\\/\"},{\"@type\":\"ListItem\",\"position\":3,\"name\":\"Crossing Line &#8211; Terza stagione\"}]},{\"@type\":\"WebSite\",\"@id\":\"https:\\\/\\\/www.biglight.com\\\/#website\",\"url\":\"https:\\\/\\\/www.biglight.com\\\/\",\"name\":\"Big Light Productions\",\"description\":\"Una casa di produzione televisiva con sede a Londra e Parigi\",\"publisher\":{\"@id\":\"https:\\\/\\\/www.biglight.com\\\/#organization\"},\"potentialAction\":[{\"@type\":\"SearchAction\",\"target\":{\"@type\":\"EntryPoint\",\"urlTemplate\":\"https:\\\/\\\/www.biglight.com\\\/?s={search_term_string}\"},\"query-input\":{\"@type\":\"PropertyValueSpecification\",\"valueRequired\":true,\"valueName\":\"search_term_string\"}}],\"inLanguage\":\"it-IT\"},{\"@type\":\"Organization\",\"@id\":\"https:\\\/\\\/www.biglight.com\\\/#organization\",\"name\":\"Big Light Productions\",\"url\":\"https:\\\/\\\/www.biglight.com\\\/\",\"logo\":{\"@type\":\"ImageObject\",\"inLanguage\":\"it-IT\",\"@id\":\"https:\\\/\\\/www.biglight.com\\\/#\\\/schema\\\/logo\\\/image\\\/\",\"url\":\"https:\\\/\\\/www.biglight.com\\\/wp-content\\\/uploads\\\/2017\\\/10\\\/Big-Light-Logo.png\",\"contentUrl\":\"https:\\\/\\\/www.biglight.com\\\/wp-content\\\/uploads\\\/2017\\\/10\\\/Big-Light-Logo.png\",\"width\":474,\"height\":499,\"caption\":\"Big Light Productions\"},\"image\":{\"@id\":\"https:\\\/\\\/www.biglight.com\\\/#\\\/schema\\\/logo\\\/image\\\/\"},\"sameAs\":[\"https:\\\/\\\/www.facebook.com\\\/biglightprod\",\"https:\\\/\\\/x.com\\\/BigLightProds\",\"https:\\\/\\\/www.instagram.com\\\/big.light.productions\\\/\",\"https:\\\/\\\/www.youtube.com\\\/channel\\\/UCXo4D51D5lV2f-HDRgKhzng\"]}]}<\/script>\n<!-- \/ Yoast SEO Premium plugin. -->","yoast_head_json":{"title":"Crossing Line - Terza stagione - Big Light Productions","description":"La movimentata fiction poliziesca Crossing Line \u00e8 incentrata su un'unit\u00e0 speciale che opera presso una Corte di giustizia internazionale. Simile ad un FBI europeo, l\u2019unit\u00e0 indaga su crimini seriali che travalicano le frontiere europee, dando la caccia a criminali internazionali per consegnarli alla giustizia.","robots":{"index":"index","follow":"follow","max-snippet":"max-snippet:-1","max-image-preview":"max-image-preview:large","max-video-preview":"max-video-preview:-1"},"canonical":"https:\/\/www.biglight.com\/it\/produzioni\/crossing-line\/","og_locale":"it_IT","og_type":"article","og_title":"Crossing Line - Terza stagione","og_description":"La movimentata fiction poliziesca Crossing Line \u00e8 incentrata su un'unit\u00e0 speciale che opera presso una Corte di giustizia internazionale. Simile ad un FBI europeo, l\u2019unit\u00e0 indaga su crimini seriali che travalicano le frontiere europee, dando la caccia a criminali internazionali per consegnarli alla giustizia.","og_url":"https:\/\/www.biglight.com\/it\/produzioni\/crossing-line\/","og_site_name":"Big Light Productions","article_publisher":"https:\/\/www.facebook.com\/biglightprod","article_modified_time":"2026-02-26T06:45:36+00:00","og_image":[{"width":3000,"height":1693,"url":"https:\/\/www.biglight.com\/wp-content\/uploads\/2017\/06\/BigLightProductions-Crossing-Lines.jpg","type":"image\/jpeg"}],"twitter_card":"summary_large_image","twitter_site":"@BigLightProds","schema":{"@context":"https:\/\/schema.org","@graph":[{"@type":"WebPage","@id":"https:\/\/www.biglight.com\/it\/produzioni\/crossing-line\/","url":"https:\/\/www.biglight.com\/it\/produzioni\/crossing-line\/","name":"Crossing Line - Terza stagione - Big Light Productions","isPartOf":{"@id":"https:\/\/www.biglight.com\/#website"},"primaryImageOfPage":{"@id":"https:\/\/www.biglight.com\/it\/produzioni\/crossing-line\/#primaryimage"},"image":{"@id":"https:\/\/www.biglight.com\/it\/produzioni\/crossing-line\/#primaryimage"},"thumbnailUrl":"https:\/\/www.biglight.com\/wp-content\/uploads\/2017\/06\/BigLightProductions-Crossing-Lines.jpg","datePublished":"2017-10-26T12:00:12+00:00","dateModified":"2026-02-26T06:45:36+00:00","description":"La movimentata fiction poliziesca Crossing Line \u00e8 incentrata su un'unit\u00e0 speciale che opera presso una Corte di giustizia internazionale. Simile ad un FBI europeo, l\u2019unit\u00e0 indaga su crimini seriali che travalicano le frontiere europee, dando la caccia a criminali internazionali per consegnarli alla giustizia.","breadcrumb":{"@id":"https:\/\/www.biglight.com\/it\/produzioni\/crossing-line\/#breadcrumb"},"inLanguage":"it-IT","potentialAction":[{"@type":"ReadAction","target":["https:\/\/www.biglight.com\/it\/produzioni\/crossing-line\/"]}]},{"@type":"ImageObject","inLanguage":"it-IT","@id":"https:\/\/www.biglight.com\/it\/produzioni\/crossing-line\/#primaryimage","url":"https:\/\/www.biglight.com\/wp-content\/uploads\/2017\/06\/BigLightProductions-Crossing-Lines.jpg","contentUrl":"https:\/\/www.biglight.com\/wp-content\/uploads\/2017\/06\/BigLightProductions-Crossing-Lines.jpg","width":3000,"height":1693,"caption":"Crossing Lines: Series 3"},{"@type":"BreadcrumbList","@id":"https:\/\/www.biglight.com\/it\/produzioni\/crossing-line\/#breadcrumb","itemListElement":[{"@type":"ListItem","position":1,"name":"Home","item":"https:\/\/www.biglight.com\/it\/"},{"@type":"ListItem","position":2,"name":"Produzioni","item":"https:\/\/www.biglight.com\/it\/produzioni\/"},{"@type":"ListItem","position":3,"name":"Crossing Line &#8211; Terza stagione"}]},{"@type":"WebSite","@id":"https:\/\/www.biglight.com\/#website","url":"https:\/\/www.biglight.com\/","name":"Big Light Productions","description":"Una casa di produzione televisiva con sede a Londra e Parigi","publisher":{"@id":"https:\/\/www.biglight.com\/#organization"},"potentialAction":[{"@type":"SearchAction","target":{"@type":"EntryPoint","urlTemplate":"https:\/\/www.biglight.com\/?s={search_term_string}"},"query-input":{"@type":"PropertyValueSpecification","valueRequired":true,"valueName":"search_term_string"}}],"inLanguage":"it-IT"},{"@type":"Organization","@id":"https:\/\/www.biglight.com\/#organization","name":"Big Light Productions","url":"https:\/\/www.biglight.com\/","logo":{"@type":"ImageObject","inLanguage":"it-IT","@id":"https:\/\/www.biglight.com\/#\/schema\/logo\/image\/","url":"https:\/\/www.biglight.com\/wp-content\/uploads\/2017\/10\/Big-Light-Logo.png","contentUrl":"https:\/\/www.biglight.com\/wp-content\/uploads\/2017\/10\/Big-Light-Logo.png","width":474,"height":499,"caption":"Big Light Productions"},"image":{"@id":"https:\/\/www.biglight.com\/#\/schema\/logo\/image\/"},"sameAs":["https:\/\/www.facebook.com\/biglightprod","https:\/\/x.com\/BigLightProds","https:\/\/www.instagram.com\/big.light.productions\/","https:\/\/www.youtube.com\/channel\/UCXo4D51D5lV2f-HDRgKhzng"]}]}},"_links":{"self":[{"href":"https:\/\/www.biglight.com\/it\/wp-json\/wp\/v2\/pages\/797","targetHints":{"allow":["GET"]}}],"collection":[{"href":"https:\/\/www.biglight.com\/it\/wp-json\/wp\/v2\/pages"}],"about":[{"href":"https:\/\/www.biglight.com\/it\/wp-json\/wp\/v2\/types\/page"}],"author":[{"embeddable":true,"href":"https:\/\/www.biglight.com\/it\/wp-json\/wp\/v2\/users\/1"}],"replies":[{"embeddable":true,"href":"https:\/\/www.biglight.com\/it\/wp-json\/wp\/v2\/comments?post=797"}],"version-history":[{"count":4,"href":"https:\/\/www.biglight.com\/it\/wp-json\/wp\/v2\/pages\/797\/revisions"}],"predecessor-version":[{"id":2290,"href":"https:\/\/www.biglight.com\/it\/wp-json\/wp\/v2\/pages\/797\/revisions\/2290"}],"up":[{"embeddable":true,"href":"https:\/\/www.biglight.com\/it\/wp-json\/wp\/v2\/pages\/785"}],"wp:featuredmedia":[{"embeddable":true,"href":"https:\/\/www.biglight.com\/it\/wp-json\/wp\/v2\/media\/798"}],"wp:attachment":[{"href":"https:\/\/www.biglight.com\/it\/wp-json\/wp\/v2\/media?parent=797"}],"curies":[{"name":"wp","href":"https:\/\/api.w.org\/{rel}","templated":true}]}}