{"id":793,"date":"2017-10-26T14:25:18","date_gmt":"2017-10-26T14:25:18","guid":{"rendered":"https:\/\/www.biglight.com\/work\/ransom\/"},"modified":"2026-02-26T06:46:48","modified_gmt":"2026-02-26T06:46:48","slug":"ransom","status":"publish","type":"page","link":"https:\/\/www.biglight.com\/it\/produzioni\/ransom\/","title":{"rendered":"Ransom"},"content":{"rendered":"<h2>2017 &#8211; 2019<\/h2>\n<h3>Attori protagonisti: <a href=\"http:\/\/www.imdb.com\/name\/nm1074361\" target=\"_blank\" rel=\"noopener noreferrer\">Luke Roberts<\/a> e <a href=\"http:\/\/www.imdb.com\/name\/nm2497366\" target=\"_blank\" rel=\"noopener noreferrer\">Sarah Greene<\/a><\/h3>\n<p>Prodotto in collaborazione con <a href=\"https:\/\/www.entertainmentone.com\" target=\"_blank\" rel=\"noopener noreferrer\">eOne<\/a>, <a href=\"https:\/\/www.siennafilms.com\" target=\"_blank\" rel=\"noopener noreferrer\">Sienna<\/a> e <a href=\"http:\/\/www.wildcatsproductions.fr\" target=\"_blank\" rel=\"noopener noreferrer\">WildCats<\/a><br \/>\nLa prima e terza stagione sono andate in onda su <a href=\"http:\/\/www.cbs.com\" target=\"_blank\" rel=\"noopener noreferrer\">CBS<\/a>, <a href=\"http:\/\/www.corusent.com\" target=\"_blank\" rel=\"noopener noreferrer\">Corus<\/a>\/<a href=\"https:\/\/www.globaltv.com\" target=\"_blank\" rel=\"noopener noreferrer\">Global<\/a>,<span lang=\"IT\">\u00a0<\/span><span lang=\"IT\"><a href=\"http:\/\/www.universaltv.co.uk\/\" target=\"_blank\" rel=\"noopener noreferrer\">Universal TV UK<\/a>, Universal TV LA &amp; Brasil<\/span><span lang=\"IT\">\u00a0e\u00a0<\/span><span lang=\"IT\"><a href=\"http:\/\/www.amctv.es\/\" target=\"_blank\" rel=\"noopener noreferrer\">AMC Espa\u00f1a<\/a><\/span><\/p>\n<p><!--contentpartdivider--><\/p>\n<p>Basata sulla storia di un esperto di crisi e di negoziazione di ostaggi, <em>Ransom<\/em> segue il protagonista Eric Beaumont (Roberts), che con la sua squadra ha il compito di salvare vite umane come nessun altro pu\u00f2 fare. Eric conosce i criminali meglio di chiunque altro e usa la sua capacit\u00e0 di cogliere l\u2019intimo del comportamento umano per risolvere i pi\u00f9 difficili rapimenti e casi di ostaggi. Anche quando deve confrontarsi con i pi\u00f9 pericolosi criminali, Eric si rifiuta di far ricorso alla violenza. Nonostante ci\u00f2, il suo notevole potere di manipolazione, che usa nella sua professione, gli complica i rapporti con i suoi familiari, gli amici e i colleghi. Eric \u00e8 realmente se stesso oppure \u00e8 chi deve essere per avere ci\u00f2 che vuole?<\/p>\n<p>In Germania <em>Ransom<\/em> \u00e8 stata, dopo la prima TV, per pi\u00f9 di 15 mesi la serie televisiva drammatica prodotta da VOX con il pi\u00f9 alto indice di ascolto, mentre su TF1, in Francia, la prima ha raccolto pi\u00f9 di 4 milioni di spettatori per una quota di mercato pari al 25%.\u00a0La\u00a0<span lang=\"IT\">prima visione della seconda stagione \u00e8 stata trasmessa nel 2018 e la terza stagione nel 2019 sulla CBS e Global TV.<\/span><\/p>\n<ul class=\"more-link animation-element slide-up-sm\">\n<li><a class=\"watch-icon\" href=\"#\" rel=\"noopener noreferrer\" data-toggle=\"modal\" data-target=\"#trailerVideo\">Trailer<\/a><\/li>\n<li><a class=\"external-icon\" href=\"http:\/\/www.imdb.com\/title\/tt5809150\/fullcredits\" target=\"_blank\" rel=\"noopener noreferrer\">Crediti<\/a><\/li>\n<\/ul>\n","protected":false},"excerpt":{"rendered":"<p>Basata sulla storia di un esperto di crisi e di negoziazione di ostaggi, Ransom segue il protagonista Eric Beaumont (Roberts), che con la sua squadra ha il compito di salvare vite umane come nessun altro pu\u00f2 fare. In Germania Ransom \u00e8 stata, dopo la prima TV, per pi\u00f9 di 15 mesi la serie televisiva drammatica prodotta da VOX.<\/p>\n","protected":false},"author":1,"featured_media":1960,"parent":785,"menu_order":5,"comment_status":"closed","ping_status":"closed","template":"page-work.php","meta":{"_acf_changed":false,"footnotes":""},"class_list":["post-793","page","type-page","status-publish","has-post-thumbnail","hentry","has-content-parts","content-parts-2"],"acf":[],"yoast_head":"<!-- This site is optimized with the Yoast SEO Premium plugin v27.0 (Yoast SEO v27.6) - https:\/\/yoast.com\/product\/yoast-seo-premium-wordpress\/ -->\n<title>Ransom - Big Light Productions<\/title>\n<meta name=\"description\" content=\"Basata sulla storia di un esperto di crisi e di negoziazione di ostaggi, Ransom segue il protagonista Eric Beaumont (Roberts), che con la sua squadra ha il compito di salvare vite umane come nessun altro pu\u00f2 fare. In Germania Ransom \u00e8 stata, dopo la prima TV, per pi\u00f9 di 15 mesi la serie televisiva drammatica prodotta da VOX.\" \/>\n<meta name=\"robots\" content=\"index, follow, max-snippet:-1, max-image-preview:large, max-video-preview:-1\" \/>\n<link rel=\"canonical\" href=\"https:\/\/www.biglight.com\/it\/produzioni\/ransom\/\" \/>\n<meta property=\"og:locale\" content=\"it_IT\" \/>\n<meta property=\"og:type\" content=\"article\" \/>\n<meta property=\"og:title\" content=\"Ransom\" \/>\n<meta property=\"og:description\" content=\"Basata sulla storia di un esperto di crisi e di negoziazione di ostaggi, Ransom segue il protagonista Eric Beaumont (Roberts), che con la sua squadra ha il compito di salvare vite umane come nessun altro pu\u00f2 fare. In Germania Ransom \u00e8 stata, dopo la prima TV, per pi\u00f9 di 15 mesi la serie televisiva drammatica prodotta da VOX.\" \/>\n<meta property=\"og:url\" content=\"https:\/\/www.biglight.com\/it\/produzioni\/ransom\/\" \/>\n<meta property=\"og:site_name\" content=\"Big Light Productions\" \/>\n<meta property=\"article:publisher\" content=\"https:\/\/www.facebook.com\/biglightprod\" \/>\n<meta property=\"article:modified_time\" content=\"2026-02-26T06:46:48+00:00\" \/>\n<meta property=\"og:image\" content=\"https:\/\/www.biglight.com\/wp-content\/uploads\/2019\/06\/SMALL007_J4511_Ransom_S3_KeyArt_ea01_CQ01B_4_F.jpg\" \/>\n\t<meta property=\"og:image:width\" content=\"1500\" \/>\n\t<meta property=\"og:image:height\" content=\"1067\" \/>\n\t<meta property=\"og:image:type\" content=\"image\/jpeg\" \/>\n<meta name=\"twitter:card\" content=\"summary_large_image\" \/>\n<meta name=\"twitter:site\" content=\"@BigLightProds\" \/>\n<script type=\"application\/ld+json\" class=\"yoast-schema-graph\">{\"@context\":\"https:\\\/\\\/schema.org\",\"@graph\":[{\"@type\":\"WebPage\",\"@id\":\"https:\\\/\\\/www.biglight.com\\\/it\\\/produzioni\\\/ransom\\\/\",\"url\":\"https:\\\/\\\/www.biglight.com\\\/it\\\/produzioni\\\/ransom\\\/\",\"name\":\"Ransom - Big Light Productions\",\"isPartOf\":{\"@id\":\"https:\\\/\\\/www.biglight.com\\\/#website\"},\"primaryImageOfPage\":{\"@id\":\"https:\\\/\\\/www.biglight.com\\\/it\\\/produzioni\\\/ransom\\\/#primaryimage\"},\"image\":{\"@id\":\"https:\\\/\\\/www.biglight.com\\\/it\\\/produzioni\\\/ransom\\\/#primaryimage\"},\"thumbnailUrl\":\"https:\\\/\\\/www.biglight.com\\\/wp-content\\\/uploads\\\/2019\\\/06\\\/SMALL007_J4511_Ransom_S3_KeyArt_ea01_CQ01B_4_F.jpg\",\"datePublished\":\"2017-10-26T14:25:18+00:00\",\"dateModified\":\"2026-02-26T06:46:48+00:00\",\"description\":\"Basata sulla storia di un esperto di crisi e di negoziazione di ostaggi, Ransom segue il protagonista Eric Beaumont (Roberts), che con la sua squadra ha il compito di salvare vite umane come nessun altro pu\u00f2 fare. In Germania Ransom \u00e8 stata, dopo la prima TV, per pi\u00f9 di 15 mesi la serie televisiva drammatica prodotta da VOX.\",\"breadcrumb\":{\"@id\":\"https:\\\/\\\/www.biglight.com\\\/it\\\/produzioni\\\/ransom\\\/#breadcrumb\"},\"inLanguage\":\"it-IT\",\"potentialAction\":[{\"@type\":\"ReadAction\",\"target\":[\"https:\\\/\\\/www.biglight.com\\\/it\\\/produzioni\\\/ransom\\\/\"]}]},{\"@type\":\"ImageObject\",\"inLanguage\":\"it-IT\",\"@id\":\"https:\\\/\\\/www.biglight.com\\\/it\\\/produzioni\\\/ransom\\\/#primaryimage\",\"url\":\"https:\\\/\\\/www.biglight.com\\\/wp-content\\\/uploads\\\/2019\\\/06\\\/SMALL007_J4511_Ransom_S3_KeyArt_ea01_CQ01B_4_F.jpg\",\"contentUrl\":\"https:\\\/\\\/www.biglight.com\\\/wp-content\\\/uploads\\\/2019\\\/06\\\/SMALL007_J4511_Ransom_S3_KeyArt_ea01_CQ01B_4_F.jpg\",\"width\":1500,\"height\":1067,\"caption\":\"Ransom\"},{\"@type\":\"BreadcrumbList\",\"@id\":\"https:\\\/\\\/www.biglight.com\\\/it\\\/produzioni\\\/ransom\\\/#breadcrumb\",\"itemListElement\":[{\"@type\":\"ListItem\",\"position\":1,\"name\":\"Home\",\"item\":\"https:\\\/\\\/www.biglight.com\\\/it\\\/\"},{\"@type\":\"ListItem\",\"position\":2,\"name\":\"Produzioni\",\"item\":\"https:\\\/\\\/www.biglight.com\\\/it\\\/produzioni\\\/\"},{\"@type\":\"ListItem\",\"position\":3,\"name\":\"Ransom\"}]},{\"@type\":\"WebSite\",\"@id\":\"https:\\\/\\\/www.biglight.com\\\/#website\",\"url\":\"https:\\\/\\\/www.biglight.com\\\/\",\"name\":\"Big Light Productions\",\"description\":\"Una casa di produzione televisiva con sede a Londra e Parigi\",\"publisher\":{\"@id\":\"https:\\\/\\\/www.biglight.com\\\/#organization\"},\"potentialAction\":[{\"@type\":\"SearchAction\",\"target\":{\"@type\":\"EntryPoint\",\"urlTemplate\":\"https:\\\/\\\/www.biglight.com\\\/?s={search_term_string}\"},\"query-input\":{\"@type\":\"PropertyValueSpecification\",\"valueRequired\":true,\"valueName\":\"search_term_string\"}}],\"inLanguage\":\"it-IT\"},{\"@type\":\"Organization\",\"@id\":\"https:\\\/\\\/www.biglight.com\\\/#organization\",\"name\":\"Big Light Productions\",\"url\":\"https:\\\/\\\/www.biglight.com\\\/\",\"logo\":{\"@type\":\"ImageObject\",\"inLanguage\":\"it-IT\",\"@id\":\"https:\\\/\\\/www.biglight.com\\\/#\\\/schema\\\/logo\\\/image\\\/\",\"url\":\"https:\\\/\\\/www.biglight.com\\\/wp-content\\\/uploads\\\/2017\\\/10\\\/Big-Light-Logo.png\",\"contentUrl\":\"https:\\\/\\\/www.biglight.com\\\/wp-content\\\/uploads\\\/2017\\\/10\\\/Big-Light-Logo.png\",\"width\":474,\"height\":499,\"caption\":\"Big Light Productions\"},\"image\":{\"@id\":\"https:\\\/\\\/www.biglight.com\\\/#\\\/schema\\\/logo\\\/image\\\/\"},\"sameAs\":[\"https:\\\/\\\/www.facebook.com\\\/biglightprod\",\"https:\\\/\\\/x.com\\\/BigLightProds\",\"https:\\\/\\\/www.instagram.com\\\/big.light.productions\\\/\",\"https:\\\/\\\/www.youtube.com\\\/channel\\\/UCXo4D51D5lV2f-HDRgKhzng\"]}]}<\/script>\n<!-- \/ Yoast SEO Premium plugin. -->","yoast_head_json":{"title":"Ransom - Big Light Productions","description":"Basata sulla storia di un esperto di crisi e di negoziazione di ostaggi, Ransom segue il protagonista Eric Beaumont (Roberts), che con la sua squadra ha il compito di salvare vite umane come nessun altro pu\u00f2 fare. In Germania Ransom \u00e8 stata, dopo la prima TV, per pi\u00f9 di 15 mesi la serie televisiva drammatica prodotta da VOX.","robots":{"index":"index","follow":"follow","max-snippet":"max-snippet:-1","max-image-preview":"max-image-preview:large","max-video-preview":"max-video-preview:-1"},"canonical":"https:\/\/www.biglight.com\/it\/produzioni\/ransom\/","og_locale":"it_IT","og_type":"article","og_title":"Ransom","og_description":"Basata sulla storia di un esperto di crisi e di negoziazione di ostaggi, Ransom segue il protagonista Eric Beaumont (Roberts), che con la sua squadra ha il compito di salvare vite umane come nessun altro pu\u00f2 fare. In Germania Ransom \u00e8 stata, dopo la prima TV, per pi\u00f9 di 15 mesi la serie televisiva drammatica prodotta da VOX.","og_url":"https:\/\/www.biglight.com\/it\/produzioni\/ransom\/","og_site_name":"Big Light Productions","article_publisher":"https:\/\/www.facebook.com\/biglightprod","article_modified_time":"2026-02-26T06:46:48+00:00","og_image":[{"width":1500,"height":1067,"url":"https:\/\/www.biglight.com\/wp-content\/uploads\/2019\/06\/SMALL007_J4511_Ransom_S3_KeyArt_ea01_CQ01B_4_F.jpg","type":"image\/jpeg"}],"twitter_card":"summary_large_image","twitter_site":"@BigLightProds","schema":{"@context":"https:\/\/schema.org","@graph":[{"@type":"WebPage","@id":"https:\/\/www.biglight.com\/it\/produzioni\/ransom\/","url":"https:\/\/www.biglight.com\/it\/produzioni\/ransom\/","name":"Ransom - Big Light Productions","isPartOf":{"@id":"https:\/\/www.biglight.com\/#website"},"primaryImageOfPage":{"@id":"https:\/\/www.biglight.com\/it\/produzioni\/ransom\/#primaryimage"},"image":{"@id":"https:\/\/www.biglight.com\/it\/produzioni\/ransom\/#primaryimage"},"thumbnailUrl":"https:\/\/www.biglight.com\/wp-content\/uploads\/2019\/06\/SMALL007_J4511_Ransom_S3_KeyArt_ea01_CQ01B_4_F.jpg","datePublished":"2017-10-26T14:25:18+00:00","dateModified":"2026-02-26T06:46:48+00:00","description":"Basata sulla storia di un esperto di crisi e di negoziazione di ostaggi, Ransom segue il protagonista Eric Beaumont (Roberts), che con la sua squadra ha il compito di salvare vite umane come nessun altro pu\u00f2 fare. In Germania Ransom \u00e8 stata, dopo la prima TV, per pi\u00f9 di 15 mesi la serie televisiva drammatica prodotta da VOX.","breadcrumb":{"@id":"https:\/\/www.biglight.com\/it\/produzioni\/ransom\/#breadcrumb"},"inLanguage":"it-IT","potentialAction":[{"@type":"ReadAction","target":["https:\/\/www.biglight.com\/it\/produzioni\/ransom\/"]}]},{"@type":"ImageObject","inLanguage":"it-IT","@id":"https:\/\/www.biglight.com\/it\/produzioni\/ransom\/#primaryimage","url":"https:\/\/www.biglight.com\/wp-content\/uploads\/2019\/06\/SMALL007_J4511_Ransom_S3_KeyArt_ea01_CQ01B_4_F.jpg","contentUrl":"https:\/\/www.biglight.com\/wp-content\/uploads\/2019\/06\/SMALL007_J4511_Ransom_S3_KeyArt_ea01_CQ01B_4_F.jpg","width":1500,"height":1067,"caption":"Ransom"},{"@type":"BreadcrumbList","@id":"https:\/\/www.biglight.com\/it\/produzioni\/ransom\/#breadcrumb","itemListElement":[{"@type":"ListItem","position":1,"name":"Home","item":"https:\/\/www.biglight.com\/it\/"},{"@type":"ListItem","position":2,"name":"Produzioni","item":"https:\/\/www.biglight.com\/it\/produzioni\/"},{"@type":"ListItem","position":3,"name":"Ransom"}]},{"@type":"WebSite","@id":"https:\/\/www.biglight.com\/#website","url":"https:\/\/www.biglight.com\/","name":"Big Light Productions","description":"Una casa di produzione televisiva con sede a Londra e Parigi","publisher":{"@id":"https:\/\/www.biglight.com\/#organization"},"potentialAction":[{"@type":"SearchAction","target":{"@type":"EntryPoint","urlTemplate":"https:\/\/www.biglight.com\/?s={search_term_string}"},"query-input":{"@type":"PropertyValueSpecification","valueRequired":true,"valueName":"search_term_string"}}],"inLanguage":"it-IT"},{"@type":"Organization","@id":"https:\/\/www.biglight.com\/#organization","name":"Big Light Productions","url":"https:\/\/www.biglight.com\/","logo":{"@type":"ImageObject","inLanguage":"it-IT","@id":"https:\/\/www.biglight.com\/#\/schema\/logo\/image\/","url":"https:\/\/www.biglight.com\/wp-content\/uploads\/2017\/10\/Big-Light-Logo.png","contentUrl":"https:\/\/www.biglight.com\/wp-content\/uploads\/2017\/10\/Big-Light-Logo.png","width":474,"height":499,"caption":"Big Light Productions"},"image":{"@id":"https:\/\/www.biglight.com\/#\/schema\/logo\/image\/"},"sameAs":["https:\/\/www.facebook.com\/biglightprod","https:\/\/x.com\/BigLightProds","https:\/\/www.instagram.com\/big.light.productions\/","https:\/\/www.youtube.com\/channel\/UCXo4D51D5lV2f-HDRgKhzng"]}]}},"_links":{"self":[{"href":"https:\/\/www.biglight.com\/it\/wp-json\/wp\/v2\/pages\/793","targetHints":{"allow":["GET"]}}],"collection":[{"href":"https:\/\/www.biglight.com\/it\/wp-json\/wp\/v2\/pages"}],"about":[{"href":"https:\/\/www.biglight.com\/it\/wp-json\/wp\/v2\/types\/page"}],"author":[{"embeddable":true,"href":"https:\/\/www.biglight.com\/it\/wp-json\/wp\/v2\/users\/1"}],"replies":[{"embeddable":true,"href":"https:\/\/www.biglight.com\/it\/wp-json\/wp\/v2\/comments?post=793"}],"version-history":[{"count":9,"href":"https:\/\/www.biglight.com\/it\/wp-json\/wp\/v2\/pages\/793\/revisions"}],"predecessor-version":[{"id":2008,"href":"https:\/\/www.biglight.com\/it\/wp-json\/wp\/v2\/pages\/793\/revisions\/2008"}],"up":[{"embeddable":true,"href":"https:\/\/www.biglight.com\/it\/wp-json\/wp\/v2\/pages\/785"}],"wp:featuredmedia":[{"embeddable":true,"href":"https:\/\/www.biglight.com\/it\/wp-json\/wp\/v2\/media\/1960"}],"wp:attachment":[{"href":"https:\/\/www.biglight.com\/it\/wp-json\/wp\/v2\/media?parent=793"}],"curies":[{"name":"wp","href":"https:\/\/api.w.org\/{rel}","templated":true}]}}