{"id":790,"date":"2017-10-26T15:23:53","date_gmt":"2017-10-26T15:23:53","guid":{"rendered":"https:\/\/www.biglight.com\/work\/the-indian-detective\/"},"modified":"2026-02-26T06:46:10","modified_gmt":"2026-02-26T06:46:10","slug":"the-indian-detective","status":"publish","type":"page","link":"https:\/\/www.biglight.com\/it\/produzioni\/the-indian-detective\/","title":{"rendered":"The Indian Detective"},"content":{"rendered":"<h2>2017<\/h2>\n<h3>Attori protagonisti: <a href=\"http:\/\/www.imdb.com\/name\/nm0992289\" target=\"_blank\" rel=\"noopener noreferrer\">Russell Peters<\/a> e <a href=\"http:\/\/www.imdb.com\/name\/nm0000638\" target=\"_blank\" rel=\"noopener noreferrer\">William Shatner<\/a><\/h3>\n<p>Prodotto in collaborazione con <a href=\"http:\/\/www.blueicepics.com\" target=\"_blank\" rel=\"noopener noreferrer\">Blue Ice Pictures<\/a> e <a href=\"http:\/\/www.wonderfilmproductions.com\" target=\"_blank\" rel=\"noopener noreferrer\">Wonder Films<\/a><br \/>\nIn onda su <a href=\"http:\/\/www.bellmedia.ca\" target=\"_blank\" rel=\"noopener noreferrer\">Bell Media<\/a>\/<a href=\"https:\/\/www.ctv.ca\" target=\"_blank\" rel=\"noopener noreferrer\">CTV<\/a> e <a href=\"http:\/\/www.netflix.com\" target=\"_blank\" rel=\"noopener noreferrer\">Netflix<\/a><\/p>\n<p><!--contentpartdivider--><\/p>\n<p>Doug D\u2019Mello \u00e8 un poliziotto di Toronto di origine indiana, che si vede infrangere il sogno di diventare un detective della Omicidi dopo essere stato ingiustamente sospeso. Durante il congedo, D\u2019Mello visita il padre a Mumbai, dove viene coinvolto in un caso giudiziario e si innamora di una bellissima avvocata locale. Le pericolose indagini lo fanno scontrare con le abitudini di un paese dove si sente, nonostante le sue origini, un estraneo, subendo un forte shock culturale.<\/p>\n<p>A met\u00e0 strada tra la commedia e la fiction drammatica, <em>The Indian Detective<\/em> ha come protagonista la star della commedia internazionale Russell Peters, apparso su Forbes per ben tre volte nella Top 10 dei comici pi\u00f9 influenti. La prima stagione \u00e8 andata in onda nell&#8217;autunno del 2017. \u00c8\u00a0stato Il pi\u00f9\u00a0grande debutto televisivo in Canada negli ultimi due anni. Il primo episodio su CTV \u00e8 stato visto da 1,6 milioni di spettatori e fu il secondo programma pi\u00f9 trasmesso della serata.<\/p>\n<ul class=\"more-link animation-element slide-up-sm\">\n<li><a class=\"external-icon\" href=\"http:\/\/www.imdb.com\/title\/tt5797220\/fullcredits\" target=\"_blank\" rel=\"noopener noreferrer\">Crediti<\/a><\/li>\n<\/ul>\n","protected":false},"excerpt":{"rendered":"<p>A met\u00e0 strada tra la commedia e la fiction drammatica, The Indian Detective ha come protagonista la star della commedia internazionale Russell Peters. Doug D\u2019Mello \u00e8 un poliziotto di Toronto di origine indiana, che si vede infrangere il sogno di diventare un detective della Omicidi dopo essere stato ingiustamente sospeso.<\/p>\n","protected":false},"author":1,"featured_media":1204,"parent":785,"menu_order":6,"comment_status":"closed","ping_status":"closed","template":"page-work.php","meta":{"_acf_changed":false,"footnotes":""},"class_list":["post-790","page","type-page","status-publish","has-post-thumbnail","hentry","has-content-parts","content-parts-2"],"acf":[],"yoast_head":"<!-- This site is optimized with the Yoast SEO Premium plugin v27.0 (Yoast SEO v27.6) - https:\/\/yoast.com\/product\/yoast-seo-premium-wordpress\/ -->\n<title>The Indian Detective - Big Light Productions<\/title>\n<meta name=\"description\" content=\"A met\u00e0 strada tra la commedia e la fiction drammatica, The Indian Detective ha come protagonista la star della commedia internazionale Russell Peters. Doug D\u2019Mello \u00e8 un poliziotto di Toronto di origine indiana, che si vede infrangere il sogno di diventare un detective della Omicidi dopo essere stato ingiustamente sospeso.\" \/>\n<meta name=\"robots\" content=\"index, follow, max-snippet:-1, max-image-preview:large, max-video-preview:-1\" \/>\n<link rel=\"canonical\" href=\"https:\/\/www.biglight.com\/it\/produzioni\/the-indian-detective\/\" \/>\n<meta property=\"og:locale\" content=\"it_IT\" \/>\n<meta property=\"og:type\" content=\"article\" \/>\n<meta property=\"og:title\" content=\"The Indian Detective\" \/>\n<meta property=\"og:description\" content=\"A met\u00e0 strada tra la commedia e la fiction drammatica, The Indian Detective ha come protagonista la star della commedia internazionale Russell Peters. Doug D\u2019Mello \u00e8 un poliziotto di Toronto di origine indiana, che si vede infrangere il sogno di diventare un detective della Omicidi dopo essere stato ingiustamente sospeso.\" \/>\n<meta property=\"og:url\" content=\"https:\/\/www.biglight.com\/it\/produzioni\/the-indian-detective\/\" \/>\n<meta property=\"og:site_name\" content=\"Big Light Productions\" \/>\n<meta property=\"article:publisher\" content=\"https:\/\/www.facebook.com\/biglightprod\" \/>\n<meta property=\"article:modified_time\" content=\"2026-02-26T06:46:10+00:00\" \/>\n<meta property=\"og:image\" content=\"https:\/\/www.biglight.com\/wp-content\/uploads\/2017\/10\/BigLightProductions-The-Indian-Detective-2-1-1400x790.jpg\" \/>\n\t<meta property=\"og:image:width\" content=\"1400\" \/>\n\t<meta property=\"og:image:height\" content=\"790\" \/>\n\t<meta property=\"og:image:type\" content=\"image\/jpeg\" \/>\n<meta name=\"twitter:card\" content=\"summary_large_image\" \/>\n<meta name=\"twitter:site\" content=\"@BigLightProds\" \/>\n<script type=\"application\/ld+json\" class=\"yoast-schema-graph\">{\"@context\":\"https:\\\/\\\/schema.org\",\"@graph\":[{\"@type\":\"WebPage\",\"@id\":\"https:\\\/\\\/www.biglight.com\\\/it\\\/produzioni\\\/the-indian-detective\\\/\",\"url\":\"https:\\\/\\\/www.biglight.com\\\/it\\\/produzioni\\\/the-indian-detective\\\/\",\"name\":\"The Indian Detective - Big Light Productions\",\"isPartOf\":{\"@id\":\"https:\\\/\\\/www.biglight.com\\\/#website\"},\"primaryImageOfPage\":{\"@id\":\"https:\\\/\\\/www.biglight.com\\\/it\\\/produzioni\\\/the-indian-detective\\\/#primaryimage\"},\"image\":{\"@id\":\"https:\\\/\\\/www.biglight.com\\\/it\\\/produzioni\\\/the-indian-detective\\\/#primaryimage\"},\"thumbnailUrl\":\"https:\\\/\\\/www.biglight.com\\\/wp-content\\\/uploads\\\/2017\\\/10\\\/BigLightProductions-The-Indian-Detective-2-1.jpg\",\"datePublished\":\"2017-10-26T15:23:53+00:00\",\"dateModified\":\"2026-02-26T06:46:10+00:00\",\"description\":\"A met\u00e0 strada tra la commedia e la fiction drammatica, The Indian Detective ha come protagonista la star della commedia internazionale Russell Peters. Doug D\u2019Mello \u00e8 un poliziotto di Toronto di origine indiana, che si vede infrangere il sogno di diventare un detective della Omicidi dopo essere stato ingiustamente sospeso.\",\"breadcrumb\":{\"@id\":\"https:\\\/\\\/www.biglight.com\\\/it\\\/produzioni\\\/the-indian-detective\\\/#breadcrumb\"},\"inLanguage\":\"it-IT\",\"potentialAction\":[{\"@type\":\"ReadAction\",\"target\":[\"https:\\\/\\\/www.biglight.com\\\/it\\\/produzioni\\\/the-indian-detective\\\/\"]}]},{\"@type\":\"ImageObject\",\"inLanguage\":\"it-IT\",\"@id\":\"https:\\\/\\\/www.biglight.com\\\/it\\\/produzioni\\\/the-indian-detective\\\/#primaryimage\",\"url\":\"https:\\\/\\\/www.biglight.com\\\/wp-content\\\/uploads\\\/2017\\\/10\\\/BigLightProductions-The-Indian-Detective-2-1.jpg\",\"contentUrl\":\"https:\\\/\\\/www.biglight.com\\\/wp-content\\\/uploads\\\/2017\\\/10\\\/BigLightProductions-The-Indian-Detective-2-1.jpg\",\"width\":3000,\"height\":1693,\"caption\":\"The Indian Detective\"},{\"@type\":\"BreadcrumbList\",\"@id\":\"https:\\\/\\\/www.biglight.com\\\/it\\\/produzioni\\\/the-indian-detective\\\/#breadcrumb\",\"itemListElement\":[{\"@type\":\"ListItem\",\"position\":1,\"name\":\"Home\",\"item\":\"https:\\\/\\\/www.biglight.com\\\/it\\\/\"},{\"@type\":\"ListItem\",\"position\":2,\"name\":\"Produzioni\",\"item\":\"https:\\\/\\\/www.biglight.com\\\/it\\\/produzioni\\\/\"},{\"@type\":\"ListItem\",\"position\":3,\"name\":\"The Indian Detective\"}]},{\"@type\":\"WebSite\",\"@id\":\"https:\\\/\\\/www.biglight.com\\\/#website\",\"url\":\"https:\\\/\\\/www.biglight.com\\\/\",\"name\":\"Big Light Productions\",\"description\":\"Una casa di produzione televisiva con sede a Londra e Parigi\",\"publisher\":{\"@id\":\"https:\\\/\\\/www.biglight.com\\\/#organization\"},\"potentialAction\":[{\"@type\":\"SearchAction\",\"target\":{\"@type\":\"EntryPoint\",\"urlTemplate\":\"https:\\\/\\\/www.biglight.com\\\/?s={search_term_string}\"},\"query-input\":{\"@type\":\"PropertyValueSpecification\",\"valueRequired\":true,\"valueName\":\"search_term_string\"}}],\"inLanguage\":\"it-IT\"},{\"@type\":\"Organization\",\"@id\":\"https:\\\/\\\/www.biglight.com\\\/#organization\",\"name\":\"Big Light Productions\",\"url\":\"https:\\\/\\\/www.biglight.com\\\/\",\"logo\":{\"@type\":\"ImageObject\",\"inLanguage\":\"it-IT\",\"@id\":\"https:\\\/\\\/www.biglight.com\\\/#\\\/schema\\\/logo\\\/image\\\/\",\"url\":\"https:\\\/\\\/www.biglight.com\\\/wp-content\\\/uploads\\\/2017\\\/10\\\/Big-Light-Logo.png\",\"contentUrl\":\"https:\\\/\\\/www.biglight.com\\\/wp-content\\\/uploads\\\/2017\\\/10\\\/Big-Light-Logo.png\",\"width\":474,\"height\":499,\"caption\":\"Big Light Productions\"},\"image\":{\"@id\":\"https:\\\/\\\/www.biglight.com\\\/#\\\/schema\\\/logo\\\/image\\\/\"},\"sameAs\":[\"https:\\\/\\\/www.facebook.com\\\/biglightprod\",\"https:\\\/\\\/x.com\\\/BigLightProds\",\"https:\\\/\\\/www.instagram.com\\\/big.light.productions\\\/\",\"https:\\\/\\\/www.youtube.com\\\/channel\\\/UCXo4D51D5lV2f-HDRgKhzng\"]}]}<\/script>\n<!-- \/ Yoast SEO Premium plugin. -->","yoast_head_json":{"title":"The Indian Detective - Big Light Productions","description":"A met\u00e0 strada tra la commedia e la fiction drammatica, The Indian Detective ha come protagonista la star della commedia internazionale Russell Peters. Doug D\u2019Mello \u00e8 un poliziotto di Toronto di origine indiana, che si vede infrangere il sogno di diventare un detective della Omicidi dopo essere stato ingiustamente sospeso.","robots":{"index":"index","follow":"follow","max-snippet":"max-snippet:-1","max-image-preview":"max-image-preview:large","max-video-preview":"max-video-preview:-1"},"canonical":"https:\/\/www.biglight.com\/it\/produzioni\/the-indian-detective\/","og_locale":"it_IT","og_type":"article","og_title":"The Indian Detective","og_description":"A met\u00e0 strada tra la commedia e la fiction drammatica, The Indian Detective ha come protagonista la star della commedia internazionale Russell Peters. Doug D\u2019Mello \u00e8 un poliziotto di Toronto di origine indiana, che si vede infrangere il sogno di diventare un detective della Omicidi dopo essere stato ingiustamente sospeso.","og_url":"https:\/\/www.biglight.com\/it\/produzioni\/the-indian-detective\/","og_site_name":"Big Light Productions","article_publisher":"https:\/\/www.facebook.com\/biglightprod","article_modified_time":"2026-02-26T06:46:10+00:00","og_image":[{"width":1400,"height":790,"url":"https:\/\/www.biglight.com\/wp-content\/uploads\/2017\/10\/BigLightProductions-The-Indian-Detective-2-1-1400x790.jpg","type":"image\/jpeg"}],"twitter_card":"summary_large_image","twitter_site":"@BigLightProds","schema":{"@context":"https:\/\/schema.org","@graph":[{"@type":"WebPage","@id":"https:\/\/www.biglight.com\/it\/produzioni\/the-indian-detective\/","url":"https:\/\/www.biglight.com\/it\/produzioni\/the-indian-detective\/","name":"The Indian Detective - Big Light Productions","isPartOf":{"@id":"https:\/\/www.biglight.com\/#website"},"primaryImageOfPage":{"@id":"https:\/\/www.biglight.com\/it\/produzioni\/the-indian-detective\/#primaryimage"},"image":{"@id":"https:\/\/www.biglight.com\/it\/produzioni\/the-indian-detective\/#primaryimage"},"thumbnailUrl":"https:\/\/www.biglight.com\/wp-content\/uploads\/2017\/10\/BigLightProductions-The-Indian-Detective-2-1.jpg","datePublished":"2017-10-26T15:23:53+00:00","dateModified":"2026-02-26T06:46:10+00:00","description":"A met\u00e0 strada tra la commedia e la fiction drammatica, The Indian Detective ha come protagonista la star della commedia internazionale Russell Peters. Doug D\u2019Mello \u00e8 un poliziotto di Toronto di origine indiana, che si vede infrangere il sogno di diventare un detective della Omicidi dopo essere stato ingiustamente sospeso.","breadcrumb":{"@id":"https:\/\/www.biglight.com\/it\/produzioni\/the-indian-detective\/#breadcrumb"},"inLanguage":"it-IT","potentialAction":[{"@type":"ReadAction","target":["https:\/\/www.biglight.com\/it\/produzioni\/the-indian-detective\/"]}]},{"@type":"ImageObject","inLanguage":"it-IT","@id":"https:\/\/www.biglight.com\/it\/produzioni\/the-indian-detective\/#primaryimage","url":"https:\/\/www.biglight.com\/wp-content\/uploads\/2017\/10\/BigLightProductions-The-Indian-Detective-2-1.jpg","contentUrl":"https:\/\/www.biglight.com\/wp-content\/uploads\/2017\/10\/BigLightProductions-The-Indian-Detective-2-1.jpg","width":3000,"height":1693,"caption":"The Indian Detective"},{"@type":"BreadcrumbList","@id":"https:\/\/www.biglight.com\/it\/produzioni\/the-indian-detective\/#breadcrumb","itemListElement":[{"@type":"ListItem","position":1,"name":"Home","item":"https:\/\/www.biglight.com\/it\/"},{"@type":"ListItem","position":2,"name":"Produzioni","item":"https:\/\/www.biglight.com\/it\/produzioni\/"},{"@type":"ListItem","position":3,"name":"The Indian Detective"}]},{"@type":"WebSite","@id":"https:\/\/www.biglight.com\/#website","url":"https:\/\/www.biglight.com\/","name":"Big Light Productions","description":"Una casa di produzione televisiva con sede a Londra e Parigi","publisher":{"@id":"https:\/\/www.biglight.com\/#organization"},"potentialAction":[{"@type":"SearchAction","target":{"@type":"EntryPoint","urlTemplate":"https:\/\/www.biglight.com\/?s={search_term_string}"},"query-input":{"@type":"PropertyValueSpecification","valueRequired":true,"valueName":"search_term_string"}}],"inLanguage":"it-IT"},{"@type":"Organization","@id":"https:\/\/www.biglight.com\/#organization","name":"Big Light Productions","url":"https:\/\/www.biglight.com\/","logo":{"@type":"ImageObject","inLanguage":"it-IT","@id":"https:\/\/www.biglight.com\/#\/schema\/logo\/image\/","url":"https:\/\/www.biglight.com\/wp-content\/uploads\/2017\/10\/Big-Light-Logo.png","contentUrl":"https:\/\/www.biglight.com\/wp-content\/uploads\/2017\/10\/Big-Light-Logo.png","width":474,"height":499,"caption":"Big Light Productions"},"image":{"@id":"https:\/\/www.biglight.com\/#\/schema\/logo\/image\/"},"sameAs":["https:\/\/www.facebook.com\/biglightprod","https:\/\/x.com\/BigLightProds","https:\/\/www.instagram.com\/big.light.productions\/","https:\/\/www.youtube.com\/channel\/UCXo4D51D5lV2f-HDRgKhzng"]}]}},"_links":{"self":[{"href":"https:\/\/www.biglight.com\/it\/wp-json\/wp\/v2\/pages\/790","targetHints":{"allow":["GET"]}}],"collection":[{"href":"https:\/\/www.biglight.com\/it\/wp-json\/wp\/v2\/pages"}],"about":[{"href":"https:\/\/www.biglight.com\/it\/wp-json\/wp\/v2\/types\/page"}],"author":[{"embeddable":true,"href":"https:\/\/www.biglight.com\/it\/wp-json\/wp\/v2\/users\/1"}],"replies":[{"embeddable":true,"href":"https:\/\/www.biglight.com\/it\/wp-json\/wp\/v2\/comments?post=790"}],"version-history":[{"count":6,"href":"https:\/\/www.biglight.com\/it\/wp-json\/wp\/v2\/pages\/790\/revisions"}],"predecessor-version":[{"id":2283,"href":"https:\/\/www.biglight.com\/it\/wp-json\/wp\/v2\/pages\/790\/revisions\/2283"}],"up":[{"embeddable":true,"href":"https:\/\/www.biglight.com\/it\/wp-json\/wp\/v2\/pages\/785"}],"wp:featuredmedia":[{"embeddable":true,"href":"https:\/\/www.biglight.com\/it\/wp-json\/wp\/v2\/media\/1204"}],"wp:attachment":[{"href":"https:\/\/www.biglight.com\/it\/wp-json\/wp\/v2\/media?parent=790"}],"curies":[{"name":"wp","href":"https:\/\/api.w.org\/{rel}","templated":true}]}}