{"id":545,"date":"2017-10-30T22:21:50","date_gmt":"2017-10-30T22:21:50","guid":{"rendered":"https:\/\/www.biglight.com\/about\/"},"modified":"2022-10-18T16:34:16","modified_gmt":"2022-10-18T16:34:16","slug":"a-propos","status":"publish","type":"page","link":"https:\/\/www.biglight.com\/fr\/","title":{"rendered":"A propos"},"content":{"rendered":"<p class=\"big-text\">Une soci\u00e9t\u00e9 de production ind\u00e9pendante bas\u00e9e \u00e0 Londres, produisant de la cr\u00e9ation originale de fiction pour un public international.<\/p>\n<p><!--contentpartdivider-->Fond\u00e9e par <a href=\"https:\/\/www.biglight.com\/fr\/team\/#frank-spotnitz\">Frank Spotnitz<\/a>, Big Light Productions est une soci\u00e9t\u00e9 de production ind\u00e9pendante bas\u00e9e \u00e0 Londres et \u00e0 Paris,\u00a0poss\u00e9dant un catalogue tr\u00e8s divers comprenant \u00e0 la fois des \u0153uvres d\u2019auteur sous forme courte, ainsi que des s\u00e9ries \u00e0 plusieurs saisons pilot\u00e9es en writers-room.<\/p>\n<p>Big Light croit en la place centrale que doit occuper la vision du sc\u00e9nariste au coeur du processus cr\u00e9atif, et dispose d\u2019une large expertise dans la cr\u00e9ation de fiction port\u00e9e par des personnages forts, \u00e9voluant des dans univers riches et complexes.<\/p>\n<p><!--contentpartdivider-->En collaboration avec les services de streaming et diffuseurs de premier plan, nos productions incluent la s\u00e9rie \u00e0 grand succ\u00e8s\u00a0<a href=\"https:\/\/www.biglight.com\/fr\/work\/leonardo\/\"><em>L\u00e9onard<\/em><\/a> pour Amazon Prime UK &amp; Ireland, la s\u00e9rie r\u00e9compens\u00e9e aux Emmy Award <a href=\"https:\/\/www.biglight.com\/fr\/work\/the-man-in-the-high-castle\/\"><i>Le Ma\u00eetre du\u00a0Haut Ch\u00e2teau<\/i><\/a>, pour Amazon,\u00a0<a href=\"https:\/\/www.biglight.com\/fr\/work\/ransom\/\"><em>Ransom<\/em><\/a> pour CBS et Global, <em><a href=\"https:\/\/www.biglight.com\/fr\/work\/lorenzo-le-magnifique\/\">Les M\u00e9dicis<\/a><\/em>\u00a0pour Rai et Netflix, <a href=\"https:\/\/www.biglight.com\/fr\/work\/the-indian-detective\/\"><em>The Indian Detective<\/em><\/a> pour CTV et Netflix, et la deuxi\u00e8me saison de <em><a href=\"https:\/\/www.imdb.com\/title\/tt7939218?ref_=nv_sr_srsg_2\">Devils<\/a>\u00a0<\/em>pour Sky.<\/p>\n<p><!--contentpartdivider--><\/p>\n<ul class=\"more-link\">\n<li class=\"stagger-item\"><a href=\"https:\/\/www.biglight.com\/fr\/work\/\">Notre travail<\/a><\/li>\n<li class=\"stagger-item\"><a href=\"https:\/\/www.biglight.com\/fr\/team\/\">Notre \u00e9quipe<\/a><\/li>\n<\/ul>\n","protected":false},"excerpt":{"rendered":"<p>Une soci\u00e9t\u00e9 de production ind\u00e9pendante bas\u00e9e \u00e0 Paris et \u00e0 Londres, produisant de la cr\u00e9ation originale de fiction pour un public international. Fond\u00e9e par Frank Spotniz en 2013, Big Light est une soci\u00e9t\u00e9 de production ayant connu l\u2019un des essors le plus rapides en Europe.<\/p>\n","protected":false},"author":1,"featured_media":470,"parent":0,"menu_order":0,"comment_status":"closed","ping_status":"closed","template":"page-home.php","meta":{"_acf_changed":false,"footnotes":""},"class_list":["post-545","page","type-page","status-publish","has-post-thumbnail","hentry","has-content-parts","content-parts-4"],"acf":[],"yoast_head":"<!-- This site is optimized with the Yoast SEO Premium plugin v27.0 (Yoast SEO v27.4) - https:\/\/yoast.com\/product\/yoast-seo-premium-wordpress\/ -->\n<title>Big Light Productions - Une soci\u00e9t\u00e9 de production t\u00e9l\u00e9visuelle bas\u00e9e entre Paris et Londres<\/title>\n<meta name=\"description\" content=\"Une soci\u00e9t\u00e9 de production ind\u00e9pendante bas\u00e9e \u00e0 Paris et \u00e0 Londres, produisant de la cr\u00e9ation originale de fiction pour un public international. Fond\u00e9e par Frank Spotniz en 2013, Big Light est une soci\u00e9t\u00e9 de production ayant connu l\u2019un des essors le plus rapides en Europe.\" \/>\n<meta name=\"robots\" content=\"index, follow, max-snippet:-1, max-image-preview:large, max-video-preview:-1\" \/>\n<link rel=\"canonical\" href=\"https:\/\/www.biglight.com\/fr\/a-propos\/\" \/>\n<meta property=\"og:locale\" content=\"fr_FR\" \/>\n<meta property=\"og:type\" content=\"article\" \/>\n<meta property=\"og:title\" content=\"A propos\" \/>\n<meta property=\"og:description\" content=\"Une soci\u00e9t\u00e9 de production ind\u00e9pendante bas\u00e9e \u00e0 Paris et \u00e0 Londres, produisant de la cr\u00e9ation originale de fiction pour un public international. Fond\u00e9e par Frank Spotniz en 2013, Big Light est une soci\u00e9t\u00e9 de production ayant connu l\u2019un des essors le plus rapides en Europe.\" \/>\n<meta property=\"og:url\" content=\"https:\/\/www.biglight.com\/fr\/a-propos\/\" \/>\n<meta property=\"og:site_name\" content=\"Big Light Productions\" \/>\n<meta property=\"article:publisher\" content=\"https:\/\/www.facebook.com\/biglightprod\" \/>\n<meta property=\"article:modified_time\" content=\"2022-10-18T16:34:16+00:00\" \/>\n<meta property=\"og:image\" content=\"https:\/\/www.biglight.com\/wp-content\/uploads\/2017\/06\/BigLightProductions-Medici-Masters-of-Florence-1.jpg\" \/>\n\t<meta property=\"og:image:width\" content=\"3000\" \/>\n\t<meta property=\"og:image:height\" content=\"1693\" \/>\n\t<meta property=\"og:image:type\" content=\"image\/jpeg\" \/>\n<meta name=\"twitter:card\" content=\"summary_large_image\" \/>\n<meta name=\"twitter:site\" content=\"@BigLightProds\" \/>\n<script type=\"application\/ld+json\" class=\"yoast-schema-graph\">{\"@context\":\"https:\\\/\\\/schema.org\",\"@graph\":[{\"@type\":\"WebPage\",\"@id\":\"https:\\\/\\\/www.biglight.com\\\/fr\\\/a-propos\\\/\",\"url\":\"https:\\\/\\\/www.biglight.com\\\/fr\\\/a-propos\\\/\",\"name\":\"Big Light Productions - Une soci\u00e9t\u00e9 de production t\u00e9l\u00e9visuelle bas\u00e9e entre Paris et Londres\",\"isPartOf\":{\"@id\":\"https:\\\/\\\/www.biglight.com\\\/#website\"},\"primaryImageOfPage\":{\"@id\":\"https:\\\/\\\/www.biglight.com\\\/fr\\\/a-propos\\\/#primaryimage\"},\"image\":{\"@id\":\"https:\\\/\\\/www.biglight.com\\\/fr\\\/a-propos\\\/#primaryimage\"},\"thumbnailUrl\":\"https:\\\/\\\/www.biglight.com\\\/wp-content\\\/uploads\\\/2017\\\/06\\\/BigLightProductions-home.jpg\",\"datePublished\":\"2017-10-30T22:21:50+00:00\",\"dateModified\":\"2022-10-18T16:34:16+00:00\",\"description\":\"Une soci\u00e9t\u00e9 de production ind\u00e9pendante bas\u00e9e \u00e0 Paris et \u00e0 Londres, produisant de la cr\u00e9ation originale de fiction pour un public international. Fond\u00e9e par Frank Spotniz en 2013, Big Light est une soci\u00e9t\u00e9 de production ayant connu l\u2019un des essors le plus rapides en Europe.\",\"breadcrumb\":{\"@id\":\"https:\\\/\\\/www.biglight.com\\\/fr\\\/a-propos\\\/#breadcrumb\"},\"inLanguage\":\"fr-FR\",\"potentialAction\":[{\"@type\":\"ReadAction\",\"target\":[\"https:\\\/\\\/www.biglight.com\\\/fr\\\/a-propos\\\/\"]}]},{\"@type\":\"ImageObject\",\"inLanguage\":\"fr-FR\",\"@id\":\"https:\\\/\\\/www.biglight.com\\\/fr\\\/a-propos\\\/#primaryimage\",\"url\":\"https:\\\/\\\/www.biglight.com\\\/wp-content\\\/uploads\\\/2017\\\/06\\\/BigLightProductions-home.jpg\",\"contentUrl\":\"https:\\\/\\\/www.biglight.com\\\/wp-content\\\/uploads\\\/2017\\\/06\\\/BigLightProductions-home.jpg\",\"width\":3000,\"height\":1693},{\"@type\":\"BreadcrumbList\",\"@id\":\"https:\\\/\\\/www.biglight.com\\\/fr\\\/a-propos\\\/#breadcrumb\",\"itemListElement\":[{\"@type\":\"ListItem\",\"position\":1,\"name\":\"Home\",\"item\":\"https:\\\/\\\/www.biglight.com\\\/fr\\\/a-propos\\\/\"},{\"@type\":\"ListItem\",\"position\":2,\"name\":\"A propos\"}]},{\"@type\":\"WebSite\",\"@id\":\"https:\\\/\\\/www.biglight.com\\\/#website\",\"url\":\"https:\\\/\\\/www.biglight.com\\\/\",\"name\":\"Big Light Productions\",\"description\":\"London and Paris Une soci\u00e9t\u00e9 de production t\u00e9l\u00e9visuelle bas\u00e9e entre Paris et Londres\",\"publisher\":{\"@id\":\"https:\\\/\\\/www.biglight.com\\\/#organization\"},\"potentialAction\":[{\"@type\":\"SearchAction\",\"target\":{\"@type\":\"EntryPoint\",\"urlTemplate\":\"https:\\\/\\\/www.biglight.com\\\/?s={search_term_string}\"},\"query-input\":{\"@type\":\"PropertyValueSpecification\",\"valueRequired\":true,\"valueName\":\"search_term_string\"}}],\"inLanguage\":\"fr-FR\"},{\"@type\":\"Organization\",\"@id\":\"https:\\\/\\\/www.biglight.com\\\/#organization\",\"name\":\"Big Light Productions\",\"url\":\"https:\\\/\\\/www.biglight.com\\\/\",\"logo\":{\"@type\":\"ImageObject\",\"inLanguage\":\"fr-FR\",\"@id\":\"https:\\\/\\\/www.biglight.com\\\/#\\\/schema\\\/logo\\\/image\\\/\",\"url\":\"https:\\\/\\\/www.biglight.com\\\/wp-content\\\/uploads\\\/2017\\\/10\\\/Big-Light-Logo.png\",\"contentUrl\":\"https:\\\/\\\/www.biglight.com\\\/wp-content\\\/uploads\\\/2017\\\/10\\\/Big-Light-Logo.png\",\"width\":474,\"height\":499,\"caption\":\"Big Light Productions\"},\"image\":{\"@id\":\"https:\\\/\\\/www.biglight.com\\\/#\\\/schema\\\/logo\\\/image\\\/\"},\"sameAs\":[\"https:\\\/\\\/www.facebook.com\\\/biglightprod\",\"https:\\\/\\\/x.com\\\/BigLightProds\",\"https:\\\/\\\/www.instagram.com\\\/big.light.productions\\\/\",\"https:\\\/\\\/www.youtube.com\\\/channel\\\/UCXo4D51D5lV2f-HDRgKhzng\"]}]}<\/script>\n<!-- \/ Yoast SEO Premium plugin. -->","yoast_head_json":{"title":"Big Light Productions - Une soci\u00e9t\u00e9 de production t\u00e9l\u00e9visuelle bas\u00e9e entre Paris et Londres","description":"Une soci\u00e9t\u00e9 de production ind\u00e9pendante bas\u00e9e \u00e0 Paris et \u00e0 Londres, produisant de la cr\u00e9ation originale de fiction pour un public international. Fond\u00e9e par Frank Spotniz en 2013, Big Light est une soci\u00e9t\u00e9 de production ayant connu l\u2019un des essors le plus rapides en Europe.","robots":{"index":"index","follow":"follow","max-snippet":"max-snippet:-1","max-image-preview":"max-image-preview:large","max-video-preview":"max-video-preview:-1"},"canonical":"https:\/\/www.biglight.com\/fr\/a-propos\/","og_locale":"fr_FR","og_type":"article","og_title":"A propos","og_description":"Une soci\u00e9t\u00e9 de production ind\u00e9pendante bas\u00e9e \u00e0 Paris et \u00e0 Londres, produisant de la cr\u00e9ation originale de fiction pour un public international. Fond\u00e9e par Frank Spotniz en 2013, Big Light est une soci\u00e9t\u00e9 de production ayant connu l\u2019un des essors le plus rapides en Europe.","og_url":"https:\/\/www.biglight.com\/fr\/a-propos\/","og_site_name":"Big Light Productions","article_publisher":"https:\/\/www.facebook.com\/biglightprod","article_modified_time":"2022-10-18T16:34:16+00:00","og_image":[{"width":3000,"height":1693,"url":"https:\/\/www.biglight.com\/wp-content\/uploads\/2017\/06\/BigLightProductions-Medici-Masters-of-Florence-1.jpg","type":"image\/jpeg"}],"twitter_card":"summary_large_image","twitter_site":"@BigLightProds","schema":{"@context":"https:\/\/schema.org","@graph":[{"@type":"WebPage","@id":"https:\/\/www.biglight.com\/fr\/a-propos\/","url":"https:\/\/www.biglight.com\/fr\/a-propos\/","name":"Big Light Productions - Une soci\u00e9t\u00e9 de production t\u00e9l\u00e9visuelle bas\u00e9e entre Paris et Londres","isPartOf":{"@id":"https:\/\/www.biglight.com\/#website"},"primaryImageOfPage":{"@id":"https:\/\/www.biglight.com\/fr\/a-propos\/#primaryimage"},"image":{"@id":"https:\/\/www.biglight.com\/fr\/a-propos\/#primaryimage"},"thumbnailUrl":"https:\/\/www.biglight.com\/wp-content\/uploads\/2017\/06\/BigLightProductions-home.jpg","datePublished":"2017-10-30T22:21:50+00:00","dateModified":"2022-10-18T16:34:16+00:00","description":"Une soci\u00e9t\u00e9 de production ind\u00e9pendante bas\u00e9e \u00e0 Paris et \u00e0 Londres, produisant de la cr\u00e9ation originale de fiction pour un public international. Fond\u00e9e par Frank Spotniz en 2013, Big Light est une soci\u00e9t\u00e9 de production ayant connu l\u2019un des essors le plus rapides en Europe.","breadcrumb":{"@id":"https:\/\/www.biglight.com\/fr\/a-propos\/#breadcrumb"},"inLanguage":"fr-FR","potentialAction":[{"@type":"ReadAction","target":["https:\/\/www.biglight.com\/fr\/a-propos\/"]}]},{"@type":"ImageObject","inLanguage":"fr-FR","@id":"https:\/\/www.biglight.com\/fr\/a-propos\/#primaryimage","url":"https:\/\/www.biglight.com\/wp-content\/uploads\/2017\/06\/BigLightProductions-home.jpg","contentUrl":"https:\/\/www.biglight.com\/wp-content\/uploads\/2017\/06\/BigLightProductions-home.jpg","width":3000,"height":1693},{"@type":"BreadcrumbList","@id":"https:\/\/www.biglight.com\/fr\/a-propos\/#breadcrumb","itemListElement":[{"@type":"ListItem","position":1,"name":"Home","item":"https:\/\/www.biglight.com\/fr\/a-propos\/"},{"@type":"ListItem","position":2,"name":"A propos"}]},{"@type":"WebSite","@id":"https:\/\/www.biglight.com\/#website","url":"https:\/\/www.biglight.com\/","name":"Big Light Productions","description":"London and Paris Une soci\u00e9t\u00e9 de production t\u00e9l\u00e9visuelle bas\u00e9e entre Paris et Londres","publisher":{"@id":"https:\/\/www.biglight.com\/#organization"},"potentialAction":[{"@type":"SearchAction","target":{"@type":"EntryPoint","urlTemplate":"https:\/\/www.biglight.com\/?s={search_term_string}"},"query-input":{"@type":"PropertyValueSpecification","valueRequired":true,"valueName":"search_term_string"}}],"inLanguage":"fr-FR"},{"@type":"Organization","@id":"https:\/\/www.biglight.com\/#organization","name":"Big Light Productions","url":"https:\/\/www.biglight.com\/","logo":{"@type":"ImageObject","inLanguage":"fr-FR","@id":"https:\/\/www.biglight.com\/#\/schema\/logo\/image\/","url":"https:\/\/www.biglight.com\/wp-content\/uploads\/2017\/10\/Big-Light-Logo.png","contentUrl":"https:\/\/www.biglight.com\/wp-content\/uploads\/2017\/10\/Big-Light-Logo.png","width":474,"height":499,"caption":"Big Light Productions"},"image":{"@id":"https:\/\/www.biglight.com\/#\/schema\/logo\/image\/"},"sameAs":["https:\/\/www.facebook.com\/biglightprod","https:\/\/x.com\/BigLightProds","https:\/\/www.instagram.com\/big.light.productions\/","https:\/\/www.youtube.com\/channel\/UCXo4D51D5lV2f-HDRgKhzng"]}]}},"_links":{"self":[{"href":"https:\/\/www.biglight.com\/fr\/wp-json\/wp\/v2\/pages\/545","targetHints":{"allow":["GET"]}}],"collection":[{"href":"https:\/\/www.biglight.com\/fr\/wp-json\/wp\/v2\/pages"}],"about":[{"href":"https:\/\/www.biglight.com\/fr\/wp-json\/wp\/v2\/types\/page"}],"author":[{"embeddable":true,"href":"https:\/\/www.biglight.com\/fr\/wp-json\/wp\/v2\/users\/1"}],"replies":[{"embeddable":true,"href":"https:\/\/www.biglight.com\/fr\/wp-json\/wp\/v2\/comments?post=545"}],"version-history":[{"count":27,"href":"https:\/\/www.biglight.com\/fr\/wp-json\/wp\/v2\/pages\/545\/revisions"}],"predecessor-version":[{"id":2565,"href":"https:\/\/www.biglight.com\/fr\/wp-json\/wp\/v2\/pages\/545\/revisions\/2565"}],"wp:featuredmedia":[{"embeddable":true,"href":"https:\/\/www.biglight.com\/fr\/wp-json\/wp\/v2\/media\/470"}],"wp:attachment":[{"href":"https:\/\/www.biglight.com\/fr\/wp-json\/wp\/v2\/media?parent=545"}],"curies":[{"name":"wp","href":"https:\/\/api.w.org\/{rel}","templated":true}]}}