{"id":544,"date":"2017-10-27T10:00:19","date_gmt":"2017-10-27T10:00:19","guid":{"rendered":"https:\/\/www.biglight.com\/contact\/"},"modified":"2021-10-08T11:24:53","modified_gmt":"2021-10-08T11:24:53","slug":"contact","status":"publish","type":"page","link":"https:\/\/www.biglight.com\/fr\/contact\/","title":{"rendered":"Contacts"},"content":{"rendered":"<h2>Londres<\/h2>\n<p>Big Light Productions<br \/>\nSummit House, 12 Red Lion Square<br \/>\nLondon WC1R 4HQ<br \/>\nRoyaume Uni<br \/>\n<a class=\"external-icon\" href=\"https:\/\/goo.gl\/maps\/VrMNrvz6jPVTqpKQ7\" target=\"_blank\" rel=\"noopener noreferrer\">Carte<\/a><\/p>\n<p class=\"secondary-anim\">+44 (0)20 3909 7700<br \/>\n<a href=\"mailto:info@biglight.com\">info@biglight.com<\/a><\/p>\n<p><!--contentpartdivider--><\/p>\n<h2>Emploi<\/h2>\n<p>Pour toute candidature d&#8217;emploi ou de stages, contactez-nous \u00e0 l&rsquo;adresse suivante : <a href=\"mailto:careers@biglight.com\">careers@biglight.com<\/a>.<\/p>\n<h2>Confidentialit\u00e9<\/h2>\n<p>Pour lire notre politique de gestion des donn\u00e9es, cliquez <a href=\"https:\/\/www.biglight.com\/privacy-policy\/\">ici<\/a>.<br \/>\n<!--contentpartdivider--><\/p>\n<h2>Scenarios<\/h2>\n<p>Nous n&rsquo;acceptons pas de scenarios ou de bande-d\u00e9mo \u00ab\u00a0spontan\u00e9s\u00a0\u00bb. Pour la protection de chacun, tout document re\u00e7u sans avoir \u00e9t\u00e9 sollicit\u00e9 sera d\u00e9truit sans lecture pr\u00e9alable.<\/p>\n","protected":false},"excerpt":{"rendered":"<p>Une soci\u00e9t\u00e9 de production ind\u00e9pendante bas\u00e9e \u00e0 Paris et \u00e0 Londres, produisant de la cr\u00e9ation originale de fiction pour un public international.<\/p>\n","protected":false},"author":1,"featured_media":446,"parent":0,"menu_order":5,"comment_status":"closed","ping_status":"closed","template":"page-four-column.php","meta":{"_acf_changed":false,"footnotes":""},"class_list":["post-544","page","type-page","status-publish","has-post-thumbnail","hentry","has-content-parts","content-parts-3"],"acf":[],"yoast_head":"<!-- This site is optimized with the Yoast SEO Premium plugin v27.0 (Yoast SEO v27.5) - https:\/\/yoast.com\/product\/yoast-seo-premium-wordpress\/ -->\n<title>Contacts - Big Light Productions<\/title>\n<meta name=\"description\" content=\"Une soci\u00e9t\u00e9 de production ind\u00e9pendante bas\u00e9e \u00e0 Paris et \u00e0 Londres, produisant de la cr\u00e9ation originale de fiction pour un public international.\" \/>\n<meta name=\"robots\" content=\"index, follow, max-snippet:-1, max-image-preview:large, max-video-preview:-1\" \/>\n<link rel=\"canonical\" href=\"https:\/\/www.biglight.com\/fr\/contact\/\" \/>\n<meta property=\"og:locale\" content=\"fr_FR\" \/>\n<meta property=\"og:type\" content=\"article\" \/>\n<meta property=\"og:title\" content=\"Contacts\" \/>\n<meta property=\"og:description\" content=\"Une soci\u00e9t\u00e9 de production ind\u00e9pendante bas\u00e9e \u00e0 Paris et \u00e0 Londres, produisant de la cr\u00e9ation originale de fiction pour un public international.\" \/>\n<meta property=\"og:url\" content=\"https:\/\/www.biglight.com\/fr\/contact\/\" \/>\n<meta property=\"og:site_name\" content=\"Big Light Productions\" \/>\n<meta property=\"article:publisher\" content=\"https:\/\/www.facebook.com\/biglightprod\" \/>\n<meta property=\"article:modified_time\" content=\"2021-10-08T11:24:53+00:00\" \/>\n<meta property=\"og:image\" content=\"https:\/\/www.biglight.com\/wp-content\/uploads\/2017\/06\/BigLightProductions-contact.jpg\" \/>\n\t<meta property=\"og:image:width\" content=\"3000\" \/>\n\t<meta property=\"og:image:height\" content=\"1693\" \/>\n\t<meta property=\"og:image:type\" content=\"image\/jpeg\" \/>\n<meta name=\"twitter:card\" content=\"summary_large_image\" \/>\n<meta name=\"twitter:site\" content=\"@BigLightProds\" \/>\n<script type=\"application\/ld+json\" class=\"yoast-schema-graph\">{\"@context\":\"https:\\\/\\\/schema.org\",\"@graph\":[{\"@type\":\"WebPage\",\"@id\":\"https:\\\/\\\/www.biglight.com\\\/fr\\\/contact\\\/\",\"url\":\"https:\\\/\\\/www.biglight.com\\\/fr\\\/contact\\\/\",\"name\":\"Contacts - Big Light Productions\",\"isPartOf\":{\"@id\":\"https:\\\/\\\/www.biglight.com\\\/#website\"},\"primaryImageOfPage\":{\"@id\":\"https:\\\/\\\/www.biglight.com\\\/fr\\\/contact\\\/#primaryimage\"},\"image\":{\"@id\":\"https:\\\/\\\/www.biglight.com\\\/fr\\\/contact\\\/#primaryimage\"},\"thumbnailUrl\":\"https:\\\/\\\/www.biglight.com\\\/wp-content\\\/uploads\\\/2017\\\/06\\\/BigLightProductions-contact.jpg\",\"datePublished\":\"2017-10-27T10:00:19+00:00\",\"dateModified\":\"2021-10-08T11:24:53+00:00\",\"description\":\"Une soci\u00e9t\u00e9 de production ind\u00e9pendante bas\u00e9e \u00e0 Paris et \u00e0 Londres, produisant de la cr\u00e9ation originale de fiction pour un public international.\",\"breadcrumb\":{\"@id\":\"https:\\\/\\\/www.biglight.com\\\/fr\\\/contact\\\/#breadcrumb\"},\"inLanguage\":\"fr-FR\",\"potentialAction\":[{\"@type\":\"ReadAction\",\"target\":[\"https:\\\/\\\/www.biglight.com\\\/fr\\\/contact\\\/\"]}]},{\"@type\":\"ImageObject\",\"inLanguage\":\"fr-FR\",\"@id\":\"https:\\\/\\\/www.biglight.com\\\/fr\\\/contact\\\/#primaryimage\",\"url\":\"https:\\\/\\\/www.biglight.com\\\/wp-content\\\/uploads\\\/2017\\\/06\\\/BigLightProductions-contact.jpg\",\"contentUrl\":\"https:\\\/\\\/www.biglight.com\\\/wp-content\\\/uploads\\\/2017\\\/06\\\/BigLightProductions-contact.jpg\",\"width\":3000,\"height\":1693},{\"@type\":\"BreadcrumbList\",\"@id\":\"https:\\\/\\\/www.biglight.com\\\/fr\\\/contact\\\/#breadcrumb\",\"itemListElement\":[{\"@type\":\"ListItem\",\"position\":1,\"name\":\"Home\",\"item\":\"https:\\\/\\\/www.biglight.com\\\/fr\\\/a-propos\\\/\"},{\"@type\":\"ListItem\",\"position\":2,\"name\":\"Contacts\"}]},{\"@type\":\"WebSite\",\"@id\":\"https:\\\/\\\/www.biglight.com\\\/#website\",\"url\":\"https:\\\/\\\/www.biglight.com\\\/\",\"name\":\"Big Light Productions\",\"description\":\"London and Paris Une soci\u00e9t\u00e9 de production t\u00e9l\u00e9visuelle bas\u00e9e entre Paris et Londres\",\"publisher\":{\"@id\":\"https:\\\/\\\/www.biglight.com\\\/#organization\"},\"potentialAction\":[{\"@type\":\"SearchAction\",\"target\":{\"@type\":\"EntryPoint\",\"urlTemplate\":\"https:\\\/\\\/www.biglight.com\\\/?s={search_term_string}\"},\"query-input\":{\"@type\":\"PropertyValueSpecification\",\"valueRequired\":true,\"valueName\":\"search_term_string\"}}],\"inLanguage\":\"fr-FR\"},{\"@type\":\"Organization\",\"@id\":\"https:\\\/\\\/www.biglight.com\\\/#organization\",\"name\":\"Big Light Productions\",\"url\":\"https:\\\/\\\/www.biglight.com\\\/\",\"logo\":{\"@type\":\"ImageObject\",\"inLanguage\":\"fr-FR\",\"@id\":\"https:\\\/\\\/www.biglight.com\\\/#\\\/schema\\\/logo\\\/image\\\/\",\"url\":\"https:\\\/\\\/www.biglight.com\\\/wp-content\\\/uploads\\\/2017\\\/10\\\/Big-Light-Logo.png\",\"contentUrl\":\"https:\\\/\\\/www.biglight.com\\\/wp-content\\\/uploads\\\/2017\\\/10\\\/Big-Light-Logo.png\",\"width\":474,\"height\":499,\"caption\":\"Big Light Productions\"},\"image\":{\"@id\":\"https:\\\/\\\/www.biglight.com\\\/#\\\/schema\\\/logo\\\/image\\\/\"},\"sameAs\":[\"https:\\\/\\\/www.facebook.com\\\/biglightprod\",\"https:\\\/\\\/x.com\\\/BigLightProds\",\"https:\\\/\\\/www.instagram.com\\\/big.light.productions\\\/\",\"https:\\\/\\\/www.youtube.com\\\/channel\\\/UCXo4D51D5lV2f-HDRgKhzng\"]}]}<\/script>\n<!-- \/ Yoast SEO Premium plugin. -->","yoast_head_json":{"title":"Contacts - Big Light Productions","description":"Une soci\u00e9t\u00e9 de production ind\u00e9pendante bas\u00e9e \u00e0 Paris et \u00e0 Londres, produisant de la cr\u00e9ation originale de fiction pour un public international.","robots":{"index":"index","follow":"follow","max-snippet":"max-snippet:-1","max-image-preview":"max-image-preview:large","max-video-preview":"max-video-preview:-1"},"canonical":"https:\/\/www.biglight.com\/fr\/contact\/","og_locale":"fr_FR","og_type":"article","og_title":"Contacts","og_description":"Une soci\u00e9t\u00e9 de production ind\u00e9pendante bas\u00e9e \u00e0 Paris et \u00e0 Londres, produisant de la cr\u00e9ation originale de fiction pour un public international.","og_url":"https:\/\/www.biglight.com\/fr\/contact\/","og_site_name":"Big Light Productions","article_publisher":"https:\/\/www.facebook.com\/biglightprod","article_modified_time":"2021-10-08T11:24:53+00:00","og_image":[{"width":3000,"height":1693,"url":"https:\/\/www.biglight.com\/wp-content\/uploads\/2017\/06\/BigLightProductions-contact.jpg","type":"image\/jpeg"}],"twitter_card":"summary_large_image","twitter_site":"@BigLightProds","schema":{"@context":"https:\/\/schema.org","@graph":[{"@type":"WebPage","@id":"https:\/\/www.biglight.com\/fr\/contact\/","url":"https:\/\/www.biglight.com\/fr\/contact\/","name":"Contacts - Big Light Productions","isPartOf":{"@id":"https:\/\/www.biglight.com\/#website"},"primaryImageOfPage":{"@id":"https:\/\/www.biglight.com\/fr\/contact\/#primaryimage"},"image":{"@id":"https:\/\/www.biglight.com\/fr\/contact\/#primaryimage"},"thumbnailUrl":"https:\/\/www.biglight.com\/wp-content\/uploads\/2017\/06\/BigLightProductions-contact.jpg","datePublished":"2017-10-27T10:00:19+00:00","dateModified":"2021-10-08T11:24:53+00:00","description":"Une soci\u00e9t\u00e9 de production ind\u00e9pendante bas\u00e9e \u00e0 Paris et \u00e0 Londres, produisant de la cr\u00e9ation originale de fiction pour un public international.","breadcrumb":{"@id":"https:\/\/www.biglight.com\/fr\/contact\/#breadcrumb"},"inLanguage":"fr-FR","potentialAction":[{"@type":"ReadAction","target":["https:\/\/www.biglight.com\/fr\/contact\/"]}]},{"@type":"ImageObject","inLanguage":"fr-FR","@id":"https:\/\/www.biglight.com\/fr\/contact\/#primaryimage","url":"https:\/\/www.biglight.com\/wp-content\/uploads\/2017\/06\/BigLightProductions-contact.jpg","contentUrl":"https:\/\/www.biglight.com\/wp-content\/uploads\/2017\/06\/BigLightProductions-contact.jpg","width":3000,"height":1693},{"@type":"BreadcrumbList","@id":"https:\/\/www.biglight.com\/fr\/contact\/#breadcrumb","itemListElement":[{"@type":"ListItem","position":1,"name":"Home","item":"https:\/\/www.biglight.com\/fr\/a-propos\/"},{"@type":"ListItem","position":2,"name":"Contacts"}]},{"@type":"WebSite","@id":"https:\/\/www.biglight.com\/#website","url":"https:\/\/www.biglight.com\/","name":"Big Light Productions","description":"London and Paris Une soci\u00e9t\u00e9 de production t\u00e9l\u00e9visuelle bas\u00e9e entre Paris et Londres","publisher":{"@id":"https:\/\/www.biglight.com\/#organization"},"potentialAction":[{"@type":"SearchAction","target":{"@type":"EntryPoint","urlTemplate":"https:\/\/www.biglight.com\/?s={search_term_string}"},"query-input":{"@type":"PropertyValueSpecification","valueRequired":true,"valueName":"search_term_string"}}],"inLanguage":"fr-FR"},{"@type":"Organization","@id":"https:\/\/www.biglight.com\/#organization","name":"Big Light Productions","url":"https:\/\/www.biglight.com\/","logo":{"@type":"ImageObject","inLanguage":"fr-FR","@id":"https:\/\/www.biglight.com\/#\/schema\/logo\/image\/","url":"https:\/\/www.biglight.com\/wp-content\/uploads\/2017\/10\/Big-Light-Logo.png","contentUrl":"https:\/\/www.biglight.com\/wp-content\/uploads\/2017\/10\/Big-Light-Logo.png","width":474,"height":499,"caption":"Big Light Productions"},"image":{"@id":"https:\/\/www.biglight.com\/#\/schema\/logo\/image\/"},"sameAs":["https:\/\/www.facebook.com\/biglightprod","https:\/\/x.com\/BigLightProds","https:\/\/www.instagram.com\/big.light.productions\/","https:\/\/www.youtube.com\/channel\/UCXo4D51D5lV2f-HDRgKhzng"]}]}},"_links":{"self":[{"href":"https:\/\/www.biglight.com\/fr\/wp-json\/wp\/v2\/pages\/544","targetHints":{"allow":["GET"]}}],"collection":[{"href":"https:\/\/www.biglight.com\/fr\/wp-json\/wp\/v2\/pages"}],"about":[{"href":"https:\/\/www.biglight.com\/fr\/wp-json\/wp\/v2\/types\/page"}],"author":[{"embeddable":true,"href":"https:\/\/www.biglight.com\/fr\/wp-json\/wp\/v2\/users\/1"}],"replies":[{"embeddable":true,"href":"https:\/\/www.biglight.com\/fr\/wp-json\/wp\/v2\/comments?post=544"}],"version-history":[{"count":11,"href":"https:\/\/www.biglight.com\/fr\/wp-json\/wp\/v2\/pages\/544\/revisions"}],"predecessor-version":[{"id":2572,"href":"https:\/\/www.biglight.com\/fr\/wp-json\/wp\/v2\/pages\/544\/revisions\/2572"}],"wp:featuredmedia":[{"embeddable":true,"href":"https:\/\/www.biglight.com\/fr\/wp-json\/wp\/v2\/media\/446"}],"wp:attachment":[{"href":"https:\/\/www.biglight.com\/fr\/wp-json\/wp\/v2\/media?parent=544"}],"curies":[{"name":"wp","href":"https:\/\/api.w.org\/{rel}","templated":true}]}}