{"id":543,"date":"2017-10-26T13:00:57","date_gmt":"2017-10-26T13:00:57","guid":{"rendered":"https:\/\/www.biglight.com\/work\/the-man-in-the-high-castle\/"},"modified":"2019-12-31T00:59:49","modified_gmt":"2019-12-31T00:59:49","slug":"the-man-in-the-high-castle","status":"publish","type":"page","link":"https:\/\/www.biglight.com\/fr\/work\/the-man-in-the-high-castle\/","title":{"rendered":"Le Ma\u00eetre du Haut Ch\u00e2teau"},"content":{"rendered":"<h2>2015 &#8211;<\/h2>\n<h3>Avec <a href=\"http:\/\/www.imdb.com\/name\/nm1111968\" target=\"_blank\" rel=\"noopener noreferrer\">Alexa Davalos<\/a>, <a href=\"http:\/\/www.imdb.com\/name\/nm1140344\" target=\"_blank\" rel=\"noopener noreferrer\">Rupert Evans<\/a>, <a href=\"http:\/\/www.imdb.com\/name\/nm3312554\" target=\"_blank\" rel=\"noopener noreferrer\">Luke Kleintank<\/a> &amp; <a href=\"http:\/\/www.imdb.com\/name\/nm0001722\/\" target=\"_blank\" rel=\"noopener noreferrer\">Rufus Sewell<\/a><\/h3>\n<p>Une s\u00e9rie produite en partenariat avec <a href=\"http:\/\/www.philipkdickesp.com\" target=\"_blank\" rel=\"noopener noreferrer\">Electric Shepherd<\/a>, <a href=\"http:\/\/www.headline-pictures.co.uk\" target=\"_blank\" rel=\"noopener noreferrer\">Headline Pictures<\/a>, <a href=\"https:\/\/www.picrow.com\" target=\"_blank\" rel=\"noopener noreferrer\">Picrow<\/a>, <a href=\"http:\/\/thunderbird.tv\" target=\"_blank\" rel=\"noopener noreferrer\">Reunion<\/a> &amp; <a href=\"http:\/\/www.scottfree.com\" target=\"_blank\" rel=\"noopener noreferrer\">Scott Free Productions<\/a><br \/>\nDiffus\u00e9e sur <a href=\"https:\/\/www.amazon.co.uk\/Man-High-Castle-Season\/dp\/B01IRZALAS\" target=\"_blank\" rel=\"noopener noreferrer\">Amazon Prime<\/a><\/p>\n<p><!--contentpartdivider--><\/p>\n<p>Adapt\u00e9 du roman de Philip K. Dick de 1962 mettant en sc\u00e8ne une version alternative de l&rsquo;Histoire, <em>Le Ma\u00eetre du Haut Ch\u00e2teau<\/em>\u00a0explore ce qu&rsquo;il se serait pass\u00e9 si les puissances Alli\u00e9es avaient perdu la Seconde Guerre mondiale. Les Etats-Unis sont occup\u00e9s et divis\u00e9s entre le Japon imperial et l&rsquo;Allemagne nazie, devenus les deux puissances mondiales dominantes. Les Rocheuses sont devenues une \u00ab\u00a0zone neutre\u00a0\u00bb et un terrain fertile pour une r\u00e9bellion, men\u00e9e par un personnage myst\u00e9rieux connu sous le nom de \u00ab\u00a0Le Ma\u00eetre du Haut Ch\u00e2teau\u00a0\u00bb. Apr\u00e8s qu&rsquo;un film secret laissant entrevoir une Histoire diff\u00e9rente ait fait surface, les citoyens commencent \u00e0 remettre en question leur pass\u00e9, la r\u00e9alit\u00e9 et l&rsquo;information diffus\u00e9e par le gouvernement.<\/p>\n<p>D\u00e8s ses d\u00e9buts, la s\u00e9rie est rapidement devenue la cr\u00e9ation originale d&rsquo;Amazon la plus populaire. La saison 1 a \u00e9t\u00e9 nomin\u00e9e pour 4 Emmy Awards et a gagn\u00e9 la r\u00e9compense de la meilleure photographie et du meilleur g\u00e9n\u00e9rique. <em>Le Ma\u00eetre du Haut Ch\u00e2teau<\/em>\u00a0a \u00e9galement remport\u00e9 le prix de la meilleure nouvelle s\u00e9rie au Roma Fiction Fest (2015). La saison 2 a commenc\u00e9 sa diffusion en d\u00e9cembre 2016 et la saison 3, en octobre 2018.<\/p>\n<ul class=\"more-link animation-element slide-up-sm\">\n<li><a class=\"watch-icon\" href=\"#\" rel=\"noopener noreferrer\" data-toggle=\"modal\" data-target=\"#trailerVideo\">Bande-annonce<\/a><\/li>\n<li><a class=\"external-icon\" href=\"http:\/\/www.imdb.com\/title\/tt1740299\/fullcredits\" target=\"_blank\" rel=\"noopener noreferrer\">G\u00e9n\u00e9rique<\/a><\/li>\n<\/ul>\n","protected":false},"excerpt":{"rendered":"<p>Adapt\u00e9 du roman de Philip K. Dick de 1962 mettant en sc\u00e8ne une version alternative de l&rsquo;Histoire, The Man in the High Castle explore ce qu&rsquo;il se serait pass\u00e9 si les puissances Alli\u00e9es avaient perdu la Seconde Guerre mondiale. D\u00e8s ses d\u00e9buts, la s\u00e9rie est rapidement devenue la cr\u00e9ation originale d&rsquo;Amazon la plus populaire. <\/p>\n","protected":false},"author":1,"featured_media":455,"parent":541,"menu_order":4,"comment_status":"closed","ping_status":"closed","template":"page-work.php","meta":{"_acf_changed":false,"footnotes":""},"class_list":["post-543","page","type-page","status-publish","has-post-thumbnail","hentry","has-content-parts","content-parts-2"],"acf":[],"yoast_head":"<!-- This site is optimized with the Yoast SEO Premium plugin v27.0 (Yoast SEO v27.5) - https:\/\/yoast.com\/product\/yoast-seo-premium-wordpress\/ -->\n<title>Le Ma\u00eetre du Haut Ch\u00e2teau - Big Light Productions<\/title>\n<meta name=\"description\" content=\"Adapt\u00e9 du roman de Philip K. Dick de 1962 mettant en sc\u00e8ne une version alternative de l&#039;Histoire, The Man in the High Castle explore ce qu&#039;il se serait pass\u00e9 si les puissances Alli\u00e9es avaient perdu la Seconde Guerre mondiale. D\u00e8s ses d\u00e9buts, la s\u00e9rie est rapidement devenue la cr\u00e9ation originale d&#039;Amazon la plus populaire.\" \/>\n<meta name=\"robots\" content=\"index, follow, max-snippet:-1, max-image-preview:large, max-video-preview:-1\" \/>\n<link rel=\"canonical\" href=\"https:\/\/www.biglight.com\/fr\/work\/the-man-in-the-high-castle\/\" \/>\n<meta property=\"og:locale\" content=\"fr_FR\" \/>\n<meta property=\"og:type\" content=\"article\" \/>\n<meta property=\"og:title\" content=\"Le Ma\u00eetre du Haut Ch\u00e2teau\" \/>\n<meta property=\"og:description\" content=\"Adapt\u00e9 du roman de Philip K. Dick de 1962 mettant en sc\u00e8ne une version alternative de l&#039;Histoire, The Man in the High Castle explore ce qu&#039;il se serait pass\u00e9 si les puissances Alli\u00e9es avaient perdu la Seconde Guerre mondiale. D\u00e8s ses d\u00e9buts, la s\u00e9rie est rapidement devenue la cr\u00e9ation originale d&#039;Amazon la plus populaire.\" \/>\n<meta property=\"og:url\" content=\"https:\/\/www.biglight.com\/fr\/work\/the-man-in-the-high-castle\/\" \/>\n<meta property=\"og:site_name\" content=\"Big Light Productions\" \/>\n<meta property=\"article:publisher\" content=\"https:\/\/www.facebook.com\/biglightprod\" \/>\n<meta property=\"article:modified_time\" content=\"2019-12-31T00:59:49+00:00\" \/>\n<meta property=\"og:image\" content=\"https:\/\/www.biglight.com\/wp-content\/uploads\/2017\/10\/MITHC_webphoto3-1400x933.jpg\" \/>\n\t<meta property=\"og:image:width\" content=\"1400\" \/>\n\t<meta property=\"og:image:height\" content=\"933\" \/>\n\t<meta property=\"og:image:type\" content=\"image\/jpeg\" \/>\n<meta name=\"twitter:card\" content=\"summary_large_image\" \/>\n<meta name=\"twitter:site\" content=\"@BigLightProds\" \/>\n<script type=\"application\/ld+json\" class=\"yoast-schema-graph\">{\"@context\":\"https:\\\/\\\/schema.org\",\"@graph\":[{\"@type\":\"WebPage\",\"@id\":\"https:\\\/\\\/www.biglight.com\\\/fr\\\/work\\\/the-man-in-the-high-castle\\\/\",\"url\":\"https:\\\/\\\/www.biglight.com\\\/fr\\\/work\\\/the-man-in-the-high-castle\\\/\",\"name\":\"Le Ma\u00eetre du Haut Ch\u00e2teau - Big Light Productions\",\"isPartOf\":{\"@id\":\"https:\\\/\\\/www.biglight.com\\\/#website\"},\"primaryImageOfPage\":{\"@id\":\"https:\\\/\\\/www.biglight.com\\\/fr\\\/work\\\/the-man-in-the-high-castle\\\/#primaryimage\"},\"image\":{\"@id\":\"https:\\\/\\\/www.biglight.com\\\/fr\\\/work\\\/the-man-in-the-high-castle\\\/#primaryimage\"},\"thumbnailUrl\":\"https:\\\/\\\/www.biglight.com\\\/wp-content\\\/uploads\\\/2017\\\/06\\\/BigLightProductions-The-Man-in-the-High-Castle.jpg\",\"datePublished\":\"2017-10-26T13:00:57+00:00\",\"dateModified\":\"2019-12-31T00:59:49+00:00\",\"description\":\"Adapt\u00e9 du roman de Philip K. Dick de 1962 mettant en sc\u00e8ne une version alternative de l'Histoire, The Man in the High Castle explore ce qu'il se serait pass\u00e9 si les puissances Alli\u00e9es avaient perdu la Seconde Guerre mondiale. D\u00e8s ses d\u00e9buts, la s\u00e9rie est rapidement devenue la cr\u00e9ation originale d'Amazon la plus populaire.\",\"breadcrumb\":{\"@id\":\"https:\\\/\\\/www.biglight.com\\\/fr\\\/work\\\/the-man-in-the-high-castle\\\/#breadcrumb\"},\"inLanguage\":\"fr-FR\",\"potentialAction\":[{\"@type\":\"ReadAction\",\"target\":[\"https:\\\/\\\/www.biglight.com\\\/fr\\\/work\\\/the-man-in-the-high-castle\\\/\"]}]},{\"@type\":\"ImageObject\",\"inLanguage\":\"fr-FR\",\"@id\":\"https:\\\/\\\/www.biglight.com\\\/fr\\\/work\\\/the-man-in-the-high-castle\\\/#primaryimage\",\"url\":\"https:\\\/\\\/www.biglight.com\\\/wp-content\\\/uploads\\\/2017\\\/06\\\/BigLightProductions-The-Man-in-the-High-Castle.jpg\",\"contentUrl\":\"https:\\\/\\\/www.biglight.com\\\/wp-content\\\/uploads\\\/2017\\\/06\\\/BigLightProductions-The-Man-in-the-High-Castle.jpg\",\"width\":3000,\"height\":1693},{\"@type\":\"BreadcrumbList\",\"@id\":\"https:\\\/\\\/www.biglight.com\\\/fr\\\/work\\\/the-man-in-the-high-castle\\\/#breadcrumb\",\"itemListElement\":[{\"@type\":\"ListItem\",\"position\":1,\"name\":\"Home\",\"item\":\"https:\\\/\\\/www.biglight.com\\\/fr\\\/a-propos\\\/\"},{\"@type\":\"ListItem\",\"position\":2,\"name\":\"Notre travail\",\"item\":\"https:\\\/\\\/www.biglight.com\\\/fr\\\/work\\\/\"},{\"@type\":\"ListItem\",\"position\":3,\"name\":\"Le Ma\u00eetre du Haut Ch\u00e2teau\"}]},{\"@type\":\"WebSite\",\"@id\":\"https:\\\/\\\/www.biglight.com\\\/#website\",\"url\":\"https:\\\/\\\/www.biglight.com\\\/\",\"name\":\"Big Light Productions\",\"description\":\"London and Paris Une soci\u00e9t\u00e9 de production t\u00e9l\u00e9visuelle bas\u00e9e entre Paris et Londres\",\"publisher\":{\"@id\":\"https:\\\/\\\/www.biglight.com\\\/#organization\"},\"potentialAction\":[{\"@type\":\"SearchAction\",\"target\":{\"@type\":\"EntryPoint\",\"urlTemplate\":\"https:\\\/\\\/www.biglight.com\\\/?s={search_term_string}\"},\"query-input\":{\"@type\":\"PropertyValueSpecification\",\"valueRequired\":true,\"valueName\":\"search_term_string\"}}],\"inLanguage\":\"fr-FR\"},{\"@type\":\"Organization\",\"@id\":\"https:\\\/\\\/www.biglight.com\\\/#organization\",\"name\":\"Big Light Productions\",\"url\":\"https:\\\/\\\/www.biglight.com\\\/\",\"logo\":{\"@type\":\"ImageObject\",\"inLanguage\":\"fr-FR\",\"@id\":\"https:\\\/\\\/www.biglight.com\\\/#\\\/schema\\\/logo\\\/image\\\/\",\"url\":\"https:\\\/\\\/www.biglight.com\\\/wp-content\\\/uploads\\\/2017\\\/10\\\/Big-Light-Logo.png\",\"contentUrl\":\"https:\\\/\\\/www.biglight.com\\\/wp-content\\\/uploads\\\/2017\\\/10\\\/Big-Light-Logo.png\",\"width\":474,\"height\":499,\"caption\":\"Big Light Productions\"},\"image\":{\"@id\":\"https:\\\/\\\/www.biglight.com\\\/#\\\/schema\\\/logo\\\/image\\\/\"},\"sameAs\":[\"https:\\\/\\\/www.facebook.com\\\/biglightprod\",\"https:\\\/\\\/x.com\\\/BigLightProds\",\"https:\\\/\\\/www.instagram.com\\\/big.light.productions\\\/\",\"https:\\\/\\\/www.youtube.com\\\/channel\\\/UCXo4D51D5lV2f-HDRgKhzng\"]}]}<\/script>\n<!-- \/ Yoast SEO Premium plugin. -->","yoast_head_json":{"title":"Le Ma\u00eetre du Haut Ch\u00e2teau - Big Light Productions","description":"Adapt\u00e9 du roman de Philip K. Dick de 1962 mettant en sc\u00e8ne une version alternative de l'Histoire, The Man in the High Castle explore ce qu'il se serait pass\u00e9 si les puissances Alli\u00e9es avaient perdu la Seconde Guerre mondiale. D\u00e8s ses d\u00e9buts, la s\u00e9rie est rapidement devenue la cr\u00e9ation originale d'Amazon la plus populaire.","robots":{"index":"index","follow":"follow","max-snippet":"max-snippet:-1","max-image-preview":"max-image-preview:large","max-video-preview":"max-video-preview:-1"},"canonical":"https:\/\/www.biglight.com\/fr\/work\/the-man-in-the-high-castle\/","og_locale":"fr_FR","og_type":"article","og_title":"Le Ma\u00eetre du Haut Ch\u00e2teau","og_description":"Adapt\u00e9 du roman de Philip K. Dick de 1962 mettant en sc\u00e8ne une version alternative de l'Histoire, The Man in the High Castle explore ce qu'il se serait pass\u00e9 si les puissances Alli\u00e9es avaient perdu la Seconde Guerre mondiale. D\u00e8s ses d\u00e9buts, la s\u00e9rie est rapidement devenue la cr\u00e9ation originale d'Amazon la plus populaire.","og_url":"https:\/\/www.biglight.com\/fr\/work\/the-man-in-the-high-castle\/","og_site_name":"Big Light Productions","article_publisher":"https:\/\/www.facebook.com\/biglightprod","article_modified_time":"2019-12-31T00:59:49+00:00","og_image":[{"width":1400,"height":933,"url":"https:\/\/www.biglight.com\/wp-content\/uploads\/2017\/10\/MITHC_webphoto3-1400x933.jpg","type":"image\/jpeg"}],"twitter_card":"summary_large_image","twitter_site":"@BigLightProds","schema":{"@context":"https:\/\/schema.org","@graph":[{"@type":"WebPage","@id":"https:\/\/www.biglight.com\/fr\/work\/the-man-in-the-high-castle\/","url":"https:\/\/www.biglight.com\/fr\/work\/the-man-in-the-high-castle\/","name":"Le Ma\u00eetre du Haut Ch\u00e2teau - Big Light Productions","isPartOf":{"@id":"https:\/\/www.biglight.com\/#website"},"primaryImageOfPage":{"@id":"https:\/\/www.biglight.com\/fr\/work\/the-man-in-the-high-castle\/#primaryimage"},"image":{"@id":"https:\/\/www.biglight.com\/fr\/work\/the-man-in-the-high-castle\/#primaryimage"},"thumbnailUrl":"https:\/\/www.biglight.com\/wp-content\/uploads\/2017\/06\/BigLightProductions-The-Man-in-the-High-Castle.jpg","datePublished":"2017-10-26T13:00:57+00:00","dateModified":"2019-12-31T00:59:49+00:00","description":"Adapt\u00e9 du roman de Philip K. Dick de 1962 mettant en sc\u00e8ne une version alternative de l'Histoire, The Man in the High Castle explore ce qu'il se serait pass\u00e9 si les puissances Alli\u00e9es avaient perdu la Seconde Guerre mondiale. D\u00e8s ses d\u00e9buts, la s\u00e9rie est rapidement devenue la cr\u00e9ation originale d'Amazon la plus populaire.","breadcrumb":{"@id":"https:\/\/www.biglight.com\/fr\/work\/the-man-in-the-high-castle\/#breadcrumb"},"inLanguage":"fr-FR","potentialAction":[{"@type":"ReadAction","target":["https:\/\/www.biglight.com\/fr\/work\/the-man-in-the-high-castle\/"]}]},{"@type":"ImageObject","inLanguage":"fr-FR","@id":"https:\/\/www.biglight.com\/fr\/work\/the-man-in-the-high-castle\/#primaryimage","url":"https:\/\/www.biglight.com\/wp-content\/uploads\/2017\/06\/BigLightProductions-The-Man-in-the-High-Castle.jpg","contentUrl":"https:\/\/www.biglight.com\/wp-content\/uploads\/2017\/06\/BigLightProductions-The-Man-in-the-High-Castle.jpg","width":3000,"height":1693},{"@type":"BreadcrumbList","@id":"https:\/\/www.biglight.com\/fr\/work\/the-man-in-the-high-castle\/#breadcrumb","itemListElement":[{"@type":"ListItem","position":1,"name":"Home","item":"https:\/\/www.biglight.com\/fr\/a-propos\/"},{"@type":"ListItem","position":2,"name":"Notre travail","item":"https:\/\/www.biglight.com\/fr\/work\/"},{"@type":"ListItem","position":3,"name":"Le Ma\u00eetre du Haut Ch\u00e2teau"}]},{"@type":"WebSite","@id":"https:\/\/www.biglight.com\/#website","url":"https:\/\/www.biglight.com\/","name":"Big Light Productions","description":"London and Paris Une soci\u00e9t\u00e9 de production t\u00e9l\u00e9visuelle bas\u00e9e entre Paris et Londres","publisher":{"@id":"https:\/\/www.biglight.com\/#organization"},"potentialAction":[{"@type":"SearchAction","target":{"@type":"EntryPoint","urlTemplate":"https:\/\/www.biglight.com\/?s={search_term_string}"},"query-input":{"@type":"PropertyValueSpecification","valueRequired":true,"valueName":"search_term_string"}}],"inLanguage":"fr-FR"},{"@type":"Organization","@id":"https:\/\/www.biglight.com\/#organization","name":"Big Light Productions","url":"https:\/\/www.biglight.com\/","logo":{"@type":"ImageObject","inLanguage":"fr-FR","@id":"https:\/\/www.biglight.com\/#\/schema\/logo\/image\/","url":"https:\/\/www.biglight.com\/wp-content\/uploads\/2017\/10\/Big-Light-Logo.png","contentUrl":"https:\/\/www.biglight.com\/wp-content\/uploads\/2017\/10\/Big-Light-Logo.png","width":474,"height":499,"caption":"Big Light Productions"},"image":{"@id":"https:\/\/www.biglight.com\/#\/schema\/logo\/image\/"},"sameAs":["https:\/\/www.facebook.com\/biglightprod","https:\/\/x.com\/BigLightProds","https:\/\/www.instagram.com\/big.light.productions\/","https:\/\/www.youtube.com\/channel\/UCXo4D51D5lV2f-HDRgKhzng"]}]}},"_links":{"self":[{"href":"https:\/\/www.biglight.com\/fr\/wp-json\/wp\/v2\/pages\/543","targetHints":{"allow":["GET"]}}],"collection":[{"href":"https:\/\/www.biglight.com\/fr\/wp-json\/wp\/v2\/pages"}],"about":[{"href":"https:\/\/www.biglight.com\/fr\/wp-json\/wp\/v2\/types\/page"}],"author":[{"embeddable":true,"href":"https:\/\/www.biglight.com\/fr\/wp-json\/wp\/v2\/users\/1"}],"replies":[{"embeddable":true,"href":"https:\/\/www.biglight.com\/fr\/wp-json\/wp\/v2\/comments?post=543"}],"version-history":[{"count":11,"href":"https:\/\/www.biglight.com\/fr\/wp-json\/wp\/v2\/pages\/543\/revisions"}],"predecessor-version":[{"id":1999,"href":"https:\/\/www.biglight.com\/fr\/wp-json\/wp\/v2\/pages\/543\/revisions\/1999"}],"up":[{"embeddable":true,"href":"https:\/\/www.biglight.com\/fr\/wp-json\/wp\/v2\/pages\/541"}],"wp:featuredmedia":[{"embeddable":true,"href":"https:\/\/www.biglight.com\/fr\/wp-json\/wp\/v2\/media\/455"}],"wp:attachment":[{"href":"https:\/\/www.biglight.com\/fr\/wp-json\/wp\/v2\/media?parent=543"}],"curies":[{"name":"wp","href":"https:\/\/api.w.org\/{rel}","templated":true}]}}