{"id":541,"date":"2017-10-28T22:00:46","date_gmt":"2017-10-28T22:00:46","guid":{"rendered":"https:\/\/www.biglight.com\/work\/"},"modified":"2019-12-31T00:38:41","modified_gmt":"2019-12-31T00:38:41","slug":"work","status":"publish","type":"page","link":"https:\/\/www.biglight.com\/fr\/work\/","title":{"rendered":"Notre travail"},"content":{"rendered":"<p>Les M\u00e9dicis : Ma\u00eetres de Florence<br \/>\nThe Indian Detective<br \/>\nRansom<br \/>\nLe Ma\u00eetre du Haut Ch\u00e2teau<br \/>\nCrossing Lines : Saison 3<br \/>\nLe Transporteur : Saison 2<br \/>\nHunted<\/p>\n","protected":false},"excerpt":{"rendered":"<p>Big Light Productions cr\u00e9e de la fiction originale de t\u00e9l\u00e9vision tourn\u00e9e vers l\u2019international. Ses cr\u00e9ations incluent la s\u00e9rie diffus\u00e9e sur Amazon et r\u00e9compens\u00e9e aux Emmys \u00ab\u00a0The Man In The High Castle\u00a0\u00bb, mais aussi \u201cRansom\u00a0\u00bb, \u00ab\u00a0The Indian Detective\u00a0\u00bb pour CTV et Netflix, et  enfin \u00ab\u00a0Les M\u00e9dicis : Ma\u00eetres de Florence\u00a0\u00bb pour Rai et Netflix.<\/p>\n","protected":false},"author":1,"featured_media":470,"parent":0,"menu_order":1,"comment_status":"closed","ping_status":"closed","template":"page-works-all.php","meta":{"_acf_changed":false,"footnotes":""},"class_list":["post-541","page","type-page","status-publish","has-post-thumbnail","hentry","no-content-parts"],"acf":[],"yoast_head":"<!-- This site is optimized with the Yoast SEO Premium plugin v27.0 (Yoast SEO v27.5) - https:\/\/yoast.com\/product\/yoast-seo-premium-wordpress\/ -->\n<title>Notre travail - Big Light Productions<\/title>\n<meta name=\"description\" content=\"Big Light Productions cr\u00e9e de la fiction originale de t\u00e9l\u00e9vision tourn\u00e9e vers l\u2019international. Ses cr\u00e9ations incluent la s\u00e9rie diffus\u00e9e sur Amazon et r\u00e9compens\u00e9e aux Emmys &quot;The Man In The High Castle&quot;, mais aussi \u201cRansom&quot;, &quot;The Indian Detective&quot; pour CTV et Netflix, et enfin &quot;Les M\u00e9dicis : Ma\u00eetres de Florence&quot; pour Rai et Netflix.\" \/>\n<meta name=\"robots\" content=\"index, follow, max-snippet:-1, max-image-preview:large, max-video-preview:-1\" \/>\n<link rel=\"canonical\" href=\"https:\/\/www.biglight.com\/fr\/work\/\" \/>\n<meta property=\"og:locale\" content=\"fr_FR\" \/>\n<meta property=\"og:type\" content=\"article\" \/>\n<meta property=\"og:title\" content=\"Notre travail\" \/>\n<meta property=\"og:description\" content=\"Big Light Productions cr\u00e9e de la fiction originale de t\u00e9l\u00e9vision tourn\u00e9e vers l\u2019international. Ses cr\u00e9ations incluent la s\u00e9rie diffus\u00e9e sur Amazon et r\u00e9compens\u00e9e aux Emmys &quot;The Man In The High Castle&quot;, mais aussi \u201cRansom&quot;, &quot;The Indian Detective&quot; pour CTV et Netflix, et enfin &quot;Les M\u00e9dicis : Ma\u00eetres de Florence&quot; pour Rai et Netflix.\" \/>\n<meta property=\"og:url\" content=\"https:\/\/www.biglight.com\/fr\/work\/\" \/>\n<meta property=\"og:site_name\" content=\"Big Light Productions\" \/>\n<meta property=\"article:publisher\" content=\"https:\/\/www.facebook.com\/biglightprod\" \/>\n<meta property=\"article:modified_time\" content=\"2019-12-31T00:38:41+00:00\" \/>\n<meta property=\"og:image\" content=\"https:\/\/www.biglight.com\/wp-content\/uploads\/2017\/06\/BigLightProductions-Medici-Masters-of-Florence-1.jpg\" \/>\n\t<meta property=\"og:image:width\" content=\"3000\" \/>\n\t<meta property=\"og:image:height\" content=\"1693\" \/>\n\t<meta property=\"og:image:type\" content=\"image\/jpeg\" \/>\n<meta name=\"twitter:card\" content=\"summary_large_image\" \/>\n<meta name=\"twitter:site\" content=\"@BigLightProds\" \/>\n<script type=\"application\/ld+json\" class=\"yoast-schema-graph\">{\"@context\":\"https:\\\/\\\/schema.org\",\"@graph\":[{\"@type\":\"WebPage\",\"@id\":\"https:\\\/\\\/www.biglight.com\\\/fr\\\/work\\\/\",\"url\":\"https:\\\/\\\/www.biglight.com\\\/fr\\\/work\\\/\",\"name\":\"Notre travail - Big Light Productions\",\"isPartOf\":{\"@id\":\"https:\\\/\\\/www.biglight.com\\\/#website\"},\"primaryImageOfPage\":{\"@id\":\"https:\\\/\\\/www.biglight.com\\\/fr\\\/work\\\/#primaryimage\"},\"image\":{\"@id\":\"https:\\\/\\\/www.biglight.com\\\/fr\\\/work\\\/#primaryimage\"},\"thumbnailUrl\":\"https:\\\/\\\/www.biglight.com\\\/wp-content\\\/uploads\\\/2017\\\/06\\\/BigLightProductions-home.jpg\",\"datePublished\":\"2017-10-28T22:00:46+00:00\",\"dateModified\":\"2019-12-31T00:38:41+00:00\",\"description\":\"Big Light Productions cr\u00e9e de la fiction originale de t\u00e9l\u00e9vision tourn\u00e9e vers l\u2019international. Ses cr\u00e9ations incluent la s\u00e9rie diffus\u00e9e sur Amazon et r\u00e9compens\u00e9e aux Emmys \\\"The Man In The High Castle\\\", mais aussi \u201cRansom\\\", \\\"The Indian Detective\\\" pour CTV et Netflix, et enfin \\\"Les M\u00e9dicis : Ma\u00eetres de Florence\\\" pour Rai et Netflix.\",\"breadcrumb\":{\"@id\":\"https:\\\/\\\/www.biglight.com\\\/fr\\\/work\\\/#breadcrumb\"},\"inLanguage\":\"fr-FR\",\"potentialAction\":[{\"@type\":\"ReadAction\",\"target\":[\"https:\\\/\\\/www.biglight.com\\\/fr\\\/work\\\/\"]}]},{\"@type\":\"ImageObject\",\"inLanguage\":\"fr-FR\",\"@id\":\"https:\\\/\\\/www.biglight.com\\\/fr\\\/work\\\/#primaryimage\",\"url\":\"https:\\\/\\\/www.biglight.com\\\/wp-content\\\/uploads\\\/2017\\\/06\\\/BigLightProductions-home.jpg\",\"contentUrl\":\"https:\\\/\\\/www.biglight.com\\\/wp-content\\\/uploads\\\/2017\\\/06\\\/BigLightProductions-home.jpg\",\"width\":3000,\"height\":1693},{\"@type\":\"BreadcrumbList\",\"@id\":\"https:\\\/\\\/www.biglight.com\\\/fr\\\/work\\\/#breadcrumb\",\"itemListElement\":[{\"@type\":\"ListItem\",\"position\":1,\"name\":\"Home\",\"item\":\"https:\\\/\\\/www.biglight.com\\\/fr\\\/a-propos\\\/\"},{\"@type\":\"ListItem\",\"position\":2,\"name\":\"Notre travail\"}]},{\"@type\":\"WebSite\",\"@id\":\"https:\\\/\\\/www.biglight.com\\\/#website\",\"url\":\"https:\\\/\\\/www.biglight.com\\\/\",\"name\":\"Big Light Productions\",\"description\":\"London and Paris Une soci\u00e9t\u00e9 de production t\u00e9l\u00e9visuelle bas\u00e9e entre Paris et Londres\",\"publisher\":{\"@id\":\"https:\\\/\\\/www.biglight.com\\\/#organization\"},\"potentialAction\":[{\"@type\":\"SearchAction\",\"target\":{\"@type\":\"EntryPoint\",\"urlTemplate\":\"https:\\\/\\\/www.biglight.com\\\/?s={search_term_string}\"},\"query-input\":{\"@type\":\"PropertyValueSpecification\",\"valueRequired\":true,\"valueName\":\"search_term_string\"}}],\"inLanguage\":\"fr-FR\"},{\"@type\":\"Organization\",\"@id\":\"https:\\\/\\\/www.biglight.com\\\/#organization\",\"name\":\"Big Light Productions\",\"url\":\"https:\\\/\\\/www.biglight.com\\\/\",\"logo\":{\"@type\":\"ImageObject\",\"inLanguage\":\"fr-FR\",\"@id\":\"https:\\\/\\\/www.biglight.com\\\/#\\\/schema\\\/logo\\\/image\\\/\",\"url\":\"https:\\\/\\\/www.biglight.com\\\/wp-content\\\/uploads\\\/2017\\\/10\\\/Big-Light-Logo.png\",\"contentUrl\":\"https:\\\/\\\/www.biglight.com\\\/wp-content\\\/uploads\\\/2017\\\/10\\\/Big-Light-Logo.png\",\"width\":474,\"height\":499,\"caption\":\"Big Light Productions\"},\"image\":{\"@id\":\"https:\\\/\\\/www.biglight.com\\\/#\\\/schema\\\/logo\\\/image\\\/\"},\"sameAs\":[\"https:\\\/\\\/www.facebook.com\\\/biglightprod\",\"https:\\\/\\\/x.com\\\/BigLightProds\",\"https:\\\/\\\/www.instagram.com\\\/big.light.productions\\\/\",\"https:\\\/\\\/www.youtube.com\\\/channel\\\/UCXo4D51D5lV2f-HDRgKhzng\"]}]}<\/script>\n<!-- \/ Yoast SEO Premium plugin. -->","yoast_head_json":{"title":"Notre travail - Big Light Productions","description":"Big Light Productions cr\u00e9e de la fiction originale de t\u00e9l\u00e9vision tourn\u00e9e vers l\u2019international. Ses cr\u00e9ations incluent la s\u00e9rie diffus\u00e9e sur Amazon et r\u00e9compens\u00e9e aux Emmys \"The Man In The High Castle\", mais aussi \u201cRansom\", \"The Indian Detective\" pour CTV et Netflix, et enfin \"Les M\u00e9dicis : Ma\u00eetres de Florence\" pour Rai et Netflix.","robots":{"index":"index","follow":"follow","max-snippet":"max-snippet:-1","max-image-preview":"max-image-preview:large","max-video-preview":"max-video-preview:-1"},"canonical":"https:\/\/www.biglight.com\/fr\/work\/","og_locale":"fr_FR","og_type":"article","og_title":"Notre travail","og_description":"Big Light Productions cr\u00e9e de la fiction originale de t\u00e9l\u00e9vision tourn\u00e9e vers l\u2019international. Ses cr\u00e9ations incluent la s\u00e9rie diffus\u00e9e sur Amazon et r\u00e9compens\u00e9e aux Emmys \"The Man In The High Castle\", mais aussi \u201cRansom\", \"The Indian Detective\" pour CTV et Netflix, et enfin \"Les M\u00e9dicis : Ma\u00eetres de Florence\" pour Rai et Netflix.","og_url":"https:\/\/www.biglight.com\/fr\/work\/","og_site_name":"Big Light Productions","article_publisher":"https:\/\/www.facebook.com\/biglightprod","article_modified_time":"2019-12-31T00:38:41+00:00","og_image":[{"width":3000,"height":1693,"url":"https:\/\/www.biglight.com\/wp-content\/uploads\/2017\/06\/BigLightProductions-Medici-Masters-of-Florence-1.jpg","type":"image\/jpeg"}],"twitter_card":"summary_large_image","twitter_site":"@BigLightProds","schema":{"@context":"https:\/\/schema.org","@graph":[{"@type":"WebPage","@id":"https:\/\/www.biglight.com\/fr\/work\/","url":"https:\/\/www.biglight.com\/fr\/work\/","name":"Notre travail - Big Light Productions","isPartOf":{"@id":"https:\/\/www.biglight.com\/#website"},"primaryImageOfPage":{"@id":"https:\/\/www.biglight.com\/fr\/work\/#primaryimage"},"image":{"@id":"https:\/\/www.biglight.com\/fr\/work\/#primaryimage"},"thumbnailUrl":"https:\/\/www.biglight.com\/wp-content\/uploads\/2017\/06\/BigLightProductions-home.jpg","datePublished":"2017-10-28T22:00:46+00:00","dateModified":"2019-12-31T00:38:41+00:00","description":"Big Light Productions cr\u00e9e de la fiction originale de t\u00e9l\u00e9vision tourn\u00e9e vers l\u2019international. Ses cr\u00e9ations incluent la s\u00e9rie diffus\u00e9e sur Amazon et r\u00e9compens\u00e9e aux Emmys \"The Man In The High Castle\", mais aussi \u201cRansom\", \"The Indian Detective\" pour CTV et Netflix, et enfin \"Les M\u00e9dicis : Ma\u00eetres de Florence\" pour Rai et Netflix.","breadcrumb":{"@id":"https:\/\/www.biglight.com\/fr\/work\/#breadcrumb"},"inLanguage":"fr-FR","potentialAction":[{"@type":"ReadAction","target":["https:\/\/www.biglight.com\/fr\/work\/"]}]},{"@type":"ImageObject","inLanguage":"fr-FR","@id":"https:\/\/www.biglight.com\/fr\/work\/#primaryimage","url":"https:\/\/www.biglight.com\/wp-content\/uploads\/2017\/06\/BigLightProductions-home.jpg","contentUrl":"https:\/\/www.biglight.com\/wp-content\/uploads\/2017\/06\/BigLightProductions-home.jpg","width":3000,"height":1693},{"@type":"BreadcrumbList","@id":"https:\/\/www.biglight.com\/fr\/work\/#breadcrumb","itemListElement":[{"@type":"ListItem","position":1,"name":"Home","item":"https:\/\/www.biglight.com\/fr\/a-propos\/"},{"@type":"ListItem","position":2,"name":"Notre travail"}]},{"@type":"WebSite","@id":"https:\/\/www.biglight.com\/#website","url":"https:\/\/www.biglight.com\/","name":"Big Light Productions","description":"London and Paris Une soci\u00e9t\u00e9 de production t\u00e9l\u00e9visuelle bas\u00e9e entre Paris et Londres","publisher":{"@id":"https:\/\/www.biglight.com\/#organization"},"potentialAction":[{"@type":"SearchAction","target":{"@type":"EntryPoint","urlTemplate":"https:\/\/www.biglight.com\/?s={search_term_string}"},"query-input":{"@type":"PropertyValueSpecification","valueRequired":true,"valueName":"search_term_string"}}],"inLanguage":"fr-FR"},{"@type":"Organization","@id":"https:\/\/www.biglight.com\/#organization","name":"Big Light Productions","url":"https:\/\/www.biglight.com\/","logo":{"@type":"ImageObject","inLanguage":"fr-FR","@id":"https:\/\/www.biglight.com\/#\/schema\/logo\/image\/","url":"https:\/\/www.biglight.com\/wp-content\/uploads\/2017\/10\/Big-Light-Logo.png","contentUrl":"https:\/\/www.biglight.com\/wp-content\/uploads\/2017\/10\/Big-Light-Logo.png","width":474,"height":499,"caption":"Big Light Productions"},"image":{"@id":"https:\/\/www.biglight.com\/#\/schema\/logo\/image\/"},"sameAs":["https:\/\/www.facebook.com\/biglightprod","https:\/\/x.com\/BigLightProds","https:\/\/www.instagram.com\/big.light.productions\/","https:\/\/www.youtube.com\/channel\/UCXo4D51D5lV2f-HDRgKhzng"]}]}},"_links":{"self":[{"href":"https:\/\/www.biglight.com\/fr\/wp-json\/wp\/v2\/pages\/541","targetHints":{"allow":["GET"]}}],"collection":[{"href":"https:\/\/www.biglight.com\/fr\/wp-json\/wp\/v2\/pages"}],"about":[{"href":"https:\/\/www.biglight.com\/fr\/wp-json\/wp\/v2\/types\/page"}],"author":[{"embeddable":true,"href":"https:\/\/www.biglight.com\/fr\/wp-json\/wp\/v2\/users\/1"}],"replies":[{"embeddable":true,"href":"https:\/\/www.biglight.com\/fr\/wp-json\/wp\/v2\/comments?post=541"}],"version-history":[{"count":6,"href":"https:\/\/www.biglight.com\/fr\/wp-json\/wp\/v2\/pages\/541\/revisions"}],"predecessor-version":[{"id":1992,"href":"https:\/\/www.biglight.com\/fr\/wp-json\/wp\/v2\/pages\/541\/revisions\/1992"}],"wp:featuredmedia":[{"embeddable":true,"href":"https:\/\/www.biglight.com\/fr\/wp-json\/wp\/v2\/media\/470"}],"wp:attachment":[{"href":"https:\/\/www.biglight.com\/fr\/wp-json\/wp\/v2\/media?parent=541"}],"curies":[{"name":"wp","href":"https:\/\/api.w.org\/{rel}","templated":true}]}}