{"id":540,"date":"2017-10-26T16:00:33","date_gmt":"2017-10-26T16:00:33","guid":{"rendered":"https:\/\/www.biglight.com\/medici-masters-of-florence\/"},"modified":"2019-12-31T01:15:14","modified_gmt":"2019-12-31T01:15:14","slug":"medici-masters-of-florence","status":"publish","type":"page","link":"https:\/\/www.biglight.com\/fr\/work\/medici-masters-of-florence\/","title":{"rendered":"Les M\u00e9dicis : Ma\u00eetres de Florence"},"content":{"rendered":"<h2>2016<\/h2>\n<h3>Avec <a href=\"http:\/\/www.imdb.com\/name\/nm0534635\" target=\"_blank\" rel=\"noopener noreferrer\">Richard Madden<\/a> &amp; <a href=\"http:\/\/www.imdb.com\/name\/nm0000163\" target=\"_blank\" rel=\"noopener noreferrer\">Dustin Hoffman<\/a><\/h3>\n<p>Une s\u00e9rie produite en partenariat avec <a href=\"http:\/\/www.luxvide.it\" target=\"_blank\" rel=\"noopener noreferrer\">Lux Vide<\/a> &amp; <a href=\"http:\/\/www.wildbunch.biz\" target=\"_blank\" rel=\"noopener noreferrer\">Wild Bunch TV<\/a><br \/>\nDiffus\u00e9e sur <a href=\"http:\/\/www.rai.it\" target=\"_blank\" rel=\"noopener noreferrer\">RAI<\/a>, <a href=\"https:\/\/www.netflix.com\" target=\"_blank\" rel=\"noopener noreferrer\">Netflix<\/a>, <a href=\"https:\/\/play.sfr.fr\" target=\"_blank\" rel=\"noopener noreferrer\">SFR Play<\/a> &amp; <a href=\"http:\/\/www.movistar.es\/particulares\/movistarplus\" target=\"_blank\" rel=\"noopener noreferrer\">Movistar+<\/a><\/p>\n<p><!--contentpartdivider--><\/p>\n<p><em>Les M\u00e9dicis<\/em> est une s\u00e9rie dramatique sur fond politique et familial, situ\u00e9e dans la Florence du 15\u00e8me si\u00e8cle. Cosimo de M\u00e9dici se retrouve \u00e0 la t\u00eate d&rsquo;une grande fortune issue de la dynastie familiale apr\u00e8s que son p\u00e8re, Giovanni (Hoffman), soit assassin\u00e9. Cosimo doit alors d\u00e9couvrir le tueur pour prot\u00e9ger l&rsquo;h\u00e9ritage et le pouvoir de sa famille. D\u00e9crivant la mont\u00e9e au pouvoir de la famille des M\u00e9dicis et la venue de la Renaissance italienne, la s\u00e9rie montre comment l&rsquo;ascension de la famille de simples marchants aux plus grandes sph\u00e8res d&rsquo;influence, d\u00e9clencha une r\u00e9volution culturelle et \u00e9conomique, aboutissant \u00e9galement \u00e0 l&rsquo;\u00e9tablissement d&rsquo;une longue liste d&rsquo;ennemis jur\u00e9s.<\/p>\n<p>La diffusion de la saison 1 sur Rai a attir\u00e9 un record historique de 7 millions de t\u00e9l\u00e9spectateurs en Italie, devenant la s\u00e9rie la plus regard\u00e9e dans ce pays. Elle s&rsquo;est depusi \u00e9tendue sur plus de 30 territoires \u00e0 travers le monde. La saison 2, actuellement en post-production, sera diffus\u00e9e au cours de l&rsquo;ann\u00e9e.<\/p>\n<ul class=\"more-link animation-element slide-up-sm\">\n<li><a class=\"watch-icon\" href=\"#\" rel=\"noopener noreferrer\" data-toggle=\"modal\" data-target=\"#trailerVideo\">Bande-annonce<\/a><\/li>\n<li><a class=\"external-icon\" href=\"http:\/\/www.imdb.com\/title\/tt5057130\/fullcredits\" target=\"_blank\" rel=\"noopener noreferrer\">G\u00e9n\u00e9rique<\/a><\/li>\n<\/ul>\n","protected":false},"excerpt":{"rendered":"<p><em>Les M\u00e9dicis<\/em> est une s\u00e9rie dramatique sur fond politique et familial, situ\u00e9e dans la Florence du 15\u00e8me si\u00e8cle. La diffusion de la saison 1 sur Rai a attir\u00e9 un record historique de 7 millions de t\u00e9l\u00e9spectateurs en Italie, devenant la s\u00e9rie la plus regard\u00e9e dans ce pays.<\/p>\n","protected":false},"author":1,"featured_media":493,"parent":541,"menu_order":7,"comment_status":"closed","ping_status":"closed","template":"page-work.php","meta":{"_acf_changed":false,"footnotes":""},"class_list":["post-540","page","type-page","status-publish","has-post-thumbnail","hentry","has-content-parts","content-parts-2"],"acf":[],"yoast_head":"<!-- This site is optimized with the Yoast SEO Premium plugin v27.0 (Yoast SEO v27.3) - https:\/\/yoast.com\/product\/yoast-seo-premium-wordpress\/ -->\n<title>Les M\u00e9dicis : Ma\u00eetres de Florence - Big Light Productions<\/title>\n<meta name=\"description\" content=\"Les M\u00e9dicis est une s\u00e9rie dramatique sur fond politique et familial, situ\u00e9e dans la Florence du 15\u00e8me si\u00e8cle. La diffusion de la saison 1 sur Rai a attir\u00e9 un record historique de 7 millions de t\u00e9l\u00e9spectateurs en Italie, devenant la s\u00e9rie la plus regard\u00e9e dans ce pays.\" \/>\n<meta name=\"robots\" content=\"index, follow, max-snippet:-1, max-image-preview:large, max-video-preview:-1\" \/>\n<link rel=\"canonical\" href=\"https:\/\/www.biglight.com\/fr\/work\/medici-masters-of-florence\/\" \/>\n<meta property=\"og:locale\" content=\"fr_FR\" \/>\n<meta property=\"og:type\" content=\"article\" \/>\n<meta property=\"og:title\" content=\"Les M\u00e9dicis : Ma\u00eetres de Florence\" \/>\n<meta property=\"og:description\" content=\"Les M\u00e9dicis est une s\u00e9rie dramatique sur fond politique et familial, situ\u00e9e dans la Florence du 15\u00e8me si\u00e8cle. La diffusion de la saison 1 sur Rai a attir\u00e9 un record historique de 7 millions de t\u00e9l\u00e9spectateurs en Italie, devenant la s\u00e9rie la plus regard\u00e9e dans ce pays.\" \/>\n<meta property=\"og:url\" content=\"https:\/\/www.biglight.com\/fr\/work\/medici-masters-of-florence\/\" \/>\n<meta property=\"og:site_name\" content=\"Big Light Productions\" \/>\n<meta property=\"article:publisher\" content=\"https:\/\/www.facebook.com\/biglightprod\" \/>\n<meta property=\"article:modified_time\" content=\"2019-12-31T01:15:14+00:00\" \/>\n<meta property=\"og:image\" content=\"https:\/\/www.biglight.com\/wp-content\/uploads\/2017\/10\/Medici_Dustin-Hoffman.jpg\" \/>\n\t<meta property=\"og:image:width\" content=\"3000\" \/>\n\t<meta property=\"og:image:height\" content=\"2000\" \/>\n\t<meta property=\"og:image:type\" content=\"image\/jpeg\" \/>\n<meta name=\"twitter:card\" content=\"summary_large_image\" \/>\n<meta name=\"twitter:site\" content=\"@BigLightProds\" \/>\n<script type=\"application\/ld+json\" class=\"yoast-schema-graph\">{\"@context\":\"https:\\\/\\\/schema.org\",\"@graph\":[{\"@type\":\"WebPage\",\"@id\":\"https:\\\/\\\/www.biglight.com\\\/fr\\\/work\\\/medici-masters-of-florence\\\/\",\"url\":\"https:\\\/\\\/www.biglight.com\\\/fr\\\/work\\\/medici-masters-of-florence\\\/\",\"name\":\"Les M\u00e9dicis : Ma\u00eetres de Florence - Big Light Productions\",\"isPartOf\":{\"@id\":\"https:\\\/\\\/www.biglight.com\\\/#website\"},\"primaryImageOfPage\":{\"@id\":\"https:\\\/\\\/www.biglight.com\\\/fr\\\/work\\\/medici-masters-of-florence\\\/#primaryimage\"},\"image\":{\"@id\":\"https:\\\/\\\/www.biglight.com\\\/fr\\\/work\\\/medici-masters-of-florence\\\/#primaryimage\"},\"thumbnailUrl\":\"https:\\\/\\\/www.biglight.com\\\/wp-content\\\/uploads\\\/2017\\\/06\\\/BigLightProductions-Medici-Masters-of-Florence-1.jpg\",\"datePublished\":\"2017-10-26T16:00:33+00:00\",\"dateModified\":\"2019-12-31T01:15:14+00:00\",\"description\":\"Les M\u00e9dicis est une s\u00e9rie dramatique sur fond politique et familial, situ\u00e9e dans la Florence du 15\u00e8me si\u00e8cle. La diffusion de la saison 1 sur Rai a attir\u00e9 un record historique de 7 millions de t\u00e9l\u00e9spectateurs en Italie, devenant la s\u00e9rie la plus regard\u00e9e dans ce pays.\",\"breadcrumb\":{\"@id\":\"https:\\\/\\\/www.biglight.com\\\/fr\\\/work\\\/medici-masters-of-florence\\\/#breadcrumb\"},\"inLanguage\":\"fr-FR\",\"potentialAction\":[{\"@type\":\"ReadAction\",\"target\":[\"https:\\\/\\\/www.biglight.com\\\/fr\\\/work\\\/medici-masters-of-florence\\\/\"]}]},{\"@type\":\"ImageObject\",\"inLanguage\":\"fr-FR\",\"@id\":\"https:\\\/\\\/www.biglight.com\\\/fr\\\/work\\\/medici-masters-of-florence\\\/#primaryimage\",\"url\":\"https:\\\/\\\/www.biglight.com\\\/wp-content\\\/uploads\\\/2017\\\/06\\\/BigLightProductions-Medici-Masters-of-Florence-1.jpg\",\"contentUrl\":\"https:\\\/\\\/www.biglight.com\\\/wp-content\\\/uploads\\\/2017\\\/06\\\/BigLightProductions-Medici-Masters-of-Florence-1.jpg\",\"width\":3000,\"height\":1693},{\"@type\":\"BreadcrumbList\",\"@id\":\"https:\\\/\\\/www.biglight.com\\\/fr\\\/work\\\/medici-masters-of-florence\\\/#breadcrumb\",\"itemListElement\":[{\"@type\":\"ListItem\",\"position\":1,\"name\":\"Home\",\"item\":\"https:\\\/\\\/www.biglight.com\\\/fr\\\/a-propos\\\/\"},{\"@type\":\"ListItem\",\"position\":2,\"name\":\"Notre travail\",\"item\":\"https:\\\/\\\/www.biglight.com\\\/fr\\\/work\\\/\"},{\"@type\":\"ListItem\",\"position\":3,\"name\":\"Les M\u00e9dicis : Ma\u00eetres de Florence\"}]},{\"@type\":\"WebSite\",\"@id\":\"https:\\\/\\\/www.biglight.com\\\/#website\",\"url\":\"https:\\\/\\\/www.biglight.com\\\/\",\"name\":\"Big Light Productions\",\"description\":\"London and Paris Une soci\u00e9t\u00e9 de production t\u00e9l\u00e9visuelle bas\u00e9e entre Paris et Londres\",\"publisher\":{\"@id\":\"https:\\\/\\\/www.biglight.com\\\/#organization\"},\"potentialAction\":[{\"@type\":\"SearchAction\",\"target\":{\"@type\":\"EntryPoint\",\"urlTemplate\":\"https:\\\/\\\/www.biglight.com\\\/?s={search_term_string}\"},\"query-input\":{\"@type\":\"PropertyValueSpecification\",\"valueRequired\":true,\"valueName\":\"search_term_string\"}}],\"inLanguage\":\"fr-FR\"},{\"@type\":\"Organization\",\"@id\":\"https:\\\/\\\/www.biglight.com\\\/#organization\",\"name\":\"Big Light Productions\",\"url\":\"https:\\\/\\\/www.biglight.com\\\/\",\"logo\":{\"@type\":\"ImageObject\",\"inLanguage\":\"fr-FR\",\"@id\":\"https:\\\/\\\/www.biglight.com\\\/#\\\/schema\\\/logo\\\/image\\\/\",\"url\":\"https:\\\/\\\/www.biglight.com\\\/wp-content\\\/uploads\\\/2017\\\/10\\\/Big-Light-Logo.png\",\"contentUrl\":\"https:\\\/\\\/www.biglight.com\\\/wp-content\\\/uploads\\\/2017\\\/10\\\/Big-Light-Logo.png\",\"width\":474,\"height\":499,\"caption\":\"Big Light Productions\"},\"image\":{\"@id\":\"https:\\\/\\\/www.biglight.com\\\/#\\\/schema\\\/logo\\\/image\\\/\"},\"sameAs\":[\"https:\\\/\\\/www.facebook.com\\\/biglightprod\",\"https:\\\/\\\/x.com\\\/BigLightProds\",\"https:\\\/\\\/www.instagram.com\\\/big.light.productions\\\/\",\"https:\\\/\\\/www.youtube.com\\\/channel\\\/UCXo4D51D5lV2f-HDRgKhzng\"]}]}<\/script>\n<!-- \/ Yoast SEO Premium plugin. -->","yoast_head_json":{"title":"Les M\u00e9dicis : Ma\u00eetres de Florence - Big Light Productions","description":"Les M\u00e9dicis est une s\u00e9rie dramatique sur fond politique et familial, situ\u00e9e dans la Florence du 15\u00e8me si\u00e8cle. La diffusion de la saison 1 sur Rai a attir\u00e9 un record historique de 7 millions de t\u00e9l\u00e9spectateurs en Italie, devenant la s\u00e9rie la plus regard\u00e9e dans ce pays.","robots":{"index":"index","follow":"follow","max-snippet":"max-snippet:-1","max-image-preview":"max-image-preview:large","max-video-preview":"max-video-preview:-1"},"canonical":"https:\/\/www.biglight.com\/fr\/work\/medici-masters-of-florence\/","og_locale":"fr_FR","og_type":"article","og_title":"Les M\u00e9dicis : Ma\u00eetres de Florence","og_description":"Les M\u00e9dicis est une s\u00e9rie dramatique sur fond politique et familial, situ\u00e9e dans la Florence du 15\u00e8me si\u00e8cle. La diffusion de la saison 1 sur Rai a attir\u00e9 un record historique de 7 millions de t\u00e9l\u00e9spectateurs en Italie, devenant la s\u00e9rie la plus regard\u00e9e dans ce pays.","og_url":"https:\/\/www.biglight.com\/fr\/work\/medici-masters-of-florence\/","og_site_name":"Big Light Productions","article_publisher":"https:\/\/www.facebook.com\/biglightprod","article_modified_time":"2019-12-31T01:15:14+00:00","og_image":[{"width":3000,"height":2000,"url":"https:\/\/www.biglight.com\/wp-content\/uploads\/2017\/10\/Medici_Dustin-Hoffman.jpg","type":"image\/jpeg"}],"twitter_card":"summary_large_image","twitter_site":"@BigLightProds","schema":{"@context":"https:\/\/schema.org","@graph":[{"@type":"WebPage","@id":"https:\/\/www.biglight.com\/fr\/work\/medici-masters-of-florence\/","url":"https:\/\/www.biglight.com\/fr\/work\/medici-masters-of-florence\/","name":"Les M\u00e9dicis : Ma\u00eetres de Florence - Big Light Productions","isPartOf":{"@id":"https:\/\/www.biglight.com\/#website"},"primaryImageOfPage":{"@id":"https:\/\/www.biglight.com\/fr\/work\/medici-masters-of-florence\/#primaryimage"},"image":{"@id":"https:\/\/www.biglight.com\/fr\/work\/medici-masters-of-florence\/#primaryimage"},"thumbnailUrl":"https:\/\/www.biglight.com\/wp-content\/uploads\/2017\/06\/BigLightProductions-Medici-Masters-of-Florence-1.jpg","datePublished":"2017-10-26T16:00:33+00:00","dateModified":"2019-12-31T01:15:14+00:00","description":"Les M\u00e9dicis est une s\u00e9rie dramatique sur fond politique et familial, situ\u00e9e dans la Florence du 15\u00e8me si\u00e8cle. La diffusion de la saison 1 sur Rai a attir\u00e9 un record historique de 7 millions de t\u00e9l\u00e9spectateurs en Italie, devenant la s\u00e9rie la plus regard\u00e9e dans ce pays.","breadcrumb":{"@id":"https:\/\/www.biglight.com\/fr\/work\/medici-masters-of-florence\/#breadcrumb"},"inLanguage":"fr-FR","potentialAction":[{"@type":"ReadAction","target":["https:\/\/www.biglight.com\/fr\/work\/medici-masters-of-florence\/"]}]},{"@type":"ImageObject","inLanguage":"fr-FR","@id":"https:\/\/www.biglight.com\/fr\/work\/medici-masters-of-florence\/#primaryimage","url":"https:\/\/www.biglight.com\/wp-content\/uploads\/2017\/06\/BigLightProductions-Medici-Masters-of-Florence-1.jpg","contentUrl":"https:\/\/www.biglight.com\/wp-content\/uploads\/2017\/06\/BigLightProductions-Medici-Masters-of-Florence-1.jpg","width":3000,"height":1693},{"@type":"BreadcrumbList","@id":"https:\/\/www.biglight.com\/fr\/work\/medici-masters-of-florence\/#breadcrumb","itemListElement":[{"@type":"ListItem","position":1,"name":"Home","item":"https:\/\/www.biglight.com\/fr\/a-propos\/"},{"@type":"ListItem","position":2,"name":"Notre travail","item":"https:\/\/www.biglight.com\/fr\/work\/"},{"@type":"ListItem","position":3,"name":"Les M\u00e9dicis : Ma\u00eetres de Florence"}]},{"@type":"WebSite","@id":"https:\/\/www.biglight.com\/#website","url":"https:\/\/www.biglight.com\/","name":"Big Light Productions","description":"London and Paris Une soci\u00e9t\u00e9 de production t\u00e9l\u00e9visuelle bas\u00e9e entre Paris et Londres","publisher":{"@id":"https:\/\/www.biglight.com\/#organization"},"potentialAction":[{"@type":"SearchAction","target":{"@type":"EntryPoint","urlTemplate":"https:\/\/www.biglight.com\/?s={search_term_string}"},"query-input":{"@type":"PropertyValueSpecification","valueRequired":true,"valueName":"search_term_string"}}],"inLanguage":"fr-FR"},{"@type":"Organization","@id":"https:\/\/www.biglight.com\/#organization","name":"Big Light Productions","url":"https:\/\/www.biglight.com\/","logo":{"@type":"ImageObject","inLanguage":"fr-FR","@id":"https:\/\/www.biglight.com\/#\/schema\/logo\/image\/","url":"https:\/\/www.biglight.com\/wp-content\/uploads\/2017\/10\/Big-Light-Logo.png","contentUrl":"https:\/\/www.biglight.com\/wp-content\/uploads\/2017\/10\/Big-Light-Logo.png","width":474,"height":499,"caption":"Big Light Productions"},"image":{"@id":"https:\/\/www.biglight.com\/#\/schema\/logo\/image\/"},"sameAs":["https:\/\/www.facebook.com\/biglightprod","https:\/\/x.com\/BigLightProds","https:\/\/www.instagram.com\/big.light.productions\/","https:\/\/www.youtube.com\/channel\/UCXo4D51D5lV2f-HDRgKhzng"]}]}},"_links":{"self":[{"href":"https:\/\/www.biglight.com\/fr\/wp-json\/wp\/v2\/pages\/540","targetHints":{"allow":["GET"]}}],"collection":[{"href":"https:\/\/www.biglight.com\/fr\/wp-json\/wp\/v2\/pages"}],"about":[{"href":"https:\/\/www.biglight.com\/fr\/wp-json\/wp\/v2\/types\/page"}],"author":[{"embeddable":true,"href":"https:\/\/www.biglight.com\/fr\/wp-json\/wp\/v2\/users\/1"}],"replies":[{"embeddable":true,"href":"https:\/\/www.biglight.com\/fr\/wp-json\/wp\/v2\/comments?post=540"}],"version-history":[{"count":8,"href":"https:\/\/www.biglight.com\/fr\/wp-json\/wp\/v2\/pages\/540\/revisions"}],"predecessor-version":[{"id":2286,"href":"https:\/\/www.biglight.com\/fr\/wp-json\/wp\/v2\/pages\/540\/revisions\/2286"}],"up":[{"embeddable":true,"href":"https:\/\/www.biglight.com\/fr\/wp-json\/wp\/v2\/pages\/541"}],"wp:featuredmedia":[{"embeddable":true,"href":"https:\/\/www.biglight.com\/fr\/wp-json\/wp\/v2\/media\/493"}],"wp:attachment":[{"href":"https:\/\/www.biglight.com\/fr\/wp-json\/wp\/v2\/media?parent=540"}],"curies":[{"name":"wp","href":"https:\/\/api.w.org\/{rel}","templated":true}]}}