{"id":539,"date":"2017-10-26T12:00:12","date_gmt":"2017-10-26T12:00:12","guid":{"rendered":"https:\/\/www.biglight.com\/crossing-lines\/"},"modified":"2019-12-31T01:18:27","modified_gmt":"2019-12-31T01:18:27","slug":"crossing-lines","status":"publish","type":"page","link":"https:\/\/www.biglight.com\/fr\/work\/crossing-lines\/","title":{"rendered":"Crossing Lines : Saison 3"},"content":{"rendered":"<h2>2015<\/h2>\n<h3>Avec <a href=\"http:\/\/www.imdb.com\/name\/nm0000661\" target=\"_blank\" rel=\"noopener noreferrer\">Donald Sutherland<\/a>, <a href=\"http:\/\/www.imdb.com\/name\/nm0593310\" target=\"_blank\" rel=\"noopener noreferrer\">Elizabeth Michell<\/a> &amp; <a href=\"http:\/\/www.imdb.com\/name\/nm0899681\" target=\"_blank\" rel=\"noopener noreferrer\">Goran Visnjic<\/a><\/h3>\n<p>Une s\u00e9rie produite en partenariat avec <a href=\"http:\/\/studiocanal.com\" target=\"_blank\" rel=\"noopener noreferrer\">Studio Canal<\/a>\/<a href=\"http:\/\/www.tandempro.tv\" target=\"_blank\" rel=\"noopener noreferrer\">Tandem<\/a><br \/>\nDiffus\u00e9e sur <a href=\"https:\/\/www.sat1.de\" target=\"_blank\" rel=\"noopener noreferrer\">Sat. 1<\/a>, <a href=\"https:\/\/www.axn.com\" target=\"_blank\" rel=\"noopener noreferrer\">AXN<\/a> &amp; <a href=\"https:\/\/www.tf1.fr\" target=\"_blank\" rel=\"noopener noreferrer\">TF1<\/a><\/p>\n<p><!--contentpartdivider--><br \/>\n<em>Crossing Lines<\/em> est un thriller policier au rythme soutenu, centr\u00e9 autour d\u2019une \u00e9quipe sp\u00e9ciale d\u2019enqu\u00eates criminelles de la Cour P\u00e9nale Internationale. Fonctionnant comme un FBI europ\u00e9en, l\u2019unit\u00e9 enqu\u00eate sur les meurtres commis en s\u00e9rie \u00e0 travers les fronti\u00e8res de l\u2019Europe, traquant les criminels internationaux pour les traduire en justice. La saison 3 voit Michael Dorn (Sutherland) remettre son \u00e9quipe sur pied afin d\u2019enqu\u00eater sur l\u2019enl\u00e8vement d\u2019un procureur. R\u00e9unissant des outsiders en qu\u00eate leur identit\u00e9 malmen\u00e9e, la 3\u00e8me saison a \u00e9t\u00e9 la plus ambitieuse \u00e0 ce jour.<\/p>\n<ul class=\"more-link animation-element slide-up-sm\">\n<li><a class=\"external-icon\" href=\"http:\/\/www.imdb.com\/title\/tt2427220\/fullcredits\" target=\"_blank\" rel=\"noopener noreferrer\">G\u00e9n\u00e9rique<\/a><\/li>\n<\/ul>\n","protected":false},"excerpt":{"rendered":"<p>Crossing Lines est un thriller policier au rythme soutenu, centr\u00e9 autour d\u2019une \u00e9quipe sp\u00e9ciale d\u2019enqu\u00eates criminelles de la Cour P\u00e9nale Internationale. Fonctionnant comme un FBI europ\u00e9en, l\u2019unit\u00e9 enqu\u00eate sur les meurtres commis en s\u00e9rie \u00e0 travers les fronti\u00e8res de l\u2019Europe, traquant les criminels internationaux pour les traduire en justice.<\/p>\n","protected":false},"author":1,"featured_media":447,"parent":541,"menu_order":8,"comment_status":"closed","ping_status":"closed","template":"page-work.php","meta":{"_acf_changed":false,"footnotes":""},"class_list":["post-539","page","type-page","status-publish","has-post-thumbnail","hentry","has-content-parts","content-parts-2"],"acf":[],"yoast_head":"<!-- This site is optimized with the Yoast SEO Premium plugin v27.0 (Yoast SEO v27.3) - https:\/\/yoast.com\/product\/yoast-seo-premium-wordpress\/ -->\n<title>Crossing Lines : Saison 3 - Big Light Productions<\/title>\n<meta name=\"description\" content=\"Crossing Lines est un thriller policier au rythme soutenu, centr\u00e9 autour d\u2019une \u00e9quipe sp\u00e9ciale d\u2019enqu\u00eates criminelles de la Cour P\u00e9nale Internationale. Fonctionnant comme un FBI europ\u00e9en, l\u2019unit\u00e9 enqu\u00eate sur les meurtres commis en s\u00e9rie \u00e0 travers les fronti\u00e8res de l\u2019Europe, traquant les criminels internationaux pour les traduire en justice.\" \/>\n<meta name=\"robots\" content=\"index, follow, max-snippet:-1, max-image-preview:large, max-video-preview:-1\" \/>\n<link rel=\"canonical\" href=\"https:\/\/www.biglight.com\/fr\/work\/crossing-lines\/\" \/>\n<meta property=\"og:locale\" content=\"fr_FR\" \/>\n<meta property=\"og:type\" content=\"article\" \/>\n<meta property=\"og:title\" content=\"Crossing Lines : Saison 3\" \/>\n<meta property=\"og:description\" content=\"Crossing Lines est un thriller policier au rythme soutenu, centr\u00e9 autour d\u2019une \u00e9quipe sp\u00e9ciale d\u2019enqu\u00eates criminelles de la Cour P\u00e9nale Internationale. Fonctionnant comme un FBI europ\u00e9en, l\u2019unit\u00e9 enqu\u00eate sur les meurtres commis en s\u00e9rie \u00e0 travers les fronti\u00e8res de l\u2019Europe, traquant les criminels internationaux pour les traduire en justice.\" \/>\n<meta property=\"og:url\" content=\"https:\/\/www.biglight.com\/fr\/work\/crossing-lines\/\" \/>\n<meta property=\"og:site_name\" content=\"Big Light Productions\" \/>\n<meta property=\"article:publisher\" content=\"https:\/\/www.facebook.com\/biglightprod\" \/>\n<meta property=\"article:modified_time\" content=\"2019-12-31T01:18:27+00:00\" \/>\n<meta property=\"og:image\" content=\"https:\/\/www.biglight.com\/wp-content\/uploads\/2017\/06\/BigLightProductions-Crossing-Lines.jpg\" \/>\n\t<meta property=\"og:image:width\" content=\"3000\" \/>\n\t<meta property=\"og:image:height\" content=\"1693\" \/>\n\t<meta property=\"og:image:type\" content=\"image\/jpeg\" \/>\n<meta name=\"twitter:card\" content=\"summary_large_image\" \/>\n<meta name=\"twitter:site\" content=\"@BigLightProds\" \/>\n<script type=\"application\/ld+json\" class=\"yoast-schema-graph\">{\"@context\":\"https:\\\/\\\/schema.org\",\"@graph\":[{\"@type\":\"WebPage\",\"@id\":\"https:\\\/\\\/www.biglight.com\\\/fr\\\/work\\\/crossing-lines\\\/\",\"url\":\"https:\\\/\\\/www.biglight.com\\\/fr\\\/work\\\/crossing-lines\\\/\",\"name\":\"Crossing Lines : Saison 3 - Big Light Productions\",\"isPartOf\":{\"@id\":\"https:\\\/\\\/www.biglight.com\\\/#website\"},\"primaryImageOfPage\":{\"@id\":\"https:\\\/\\\/www.biglight.com\\\/fr\\\/work\\\/crossing-lines\\\/#primaryimage\"},\"image\":{\"@id\":\"https:\\\/\\\/www.biglight.com\\\/fr\\\/work\\\/crossing-lines\\\/#primaryimage\"},\"thumbnailUrl\":\"https:\\\/\\\/www.biglight.com\\\/wp-content\\\/uploads\\\/2017\\\/06\\\/BigLightProductions-Crossing-Lines.jpg\",\"datePublished\":\"2017-10-26T12:00:12+00:00\",\"dateModified\":\"2019-12-31T01:18:27+00:00\",\"description\":\"Crossing Lines est un thriller policier au rythme soutenu, centr\u00e9 autour d\u2019une \u00e9quipe sp\u00e9ciale d\u2019enqu\u00eates criminelles de la Cour P\u00e9nale Internationale. Fonctionnant comme un FBI europ\u00e9en, l\u2019unit\u00e9 enqu\u00eate sur les meurtres commis en s\u00e9rie \u00e0 travers les fronti\u00e8res de l\u2019Europe, traquant les criminels internationaux pour les traduire en justice.\",\"breadcrumb\":{\"@id\":\"https:\\\/\\\/www.biglight.com\\\/fr\\\/work\\\/crossing-lines\\\/#breadcrumb\"},\"inLanguage\":\"fr-FR\",\"potentialAction\":[{\"@type\":\"ReadAction\",\"target\":[\"https:\\\/\\\/www.biglight.com\\\/fr\\\/work\\\/crossing-lines\\\/\"]}]},{\"@type\":\"ImageObject\",\"inLanguage\":\"fr-FR\",\"@id\":\"https:\\\/\\\/www.biglight.com\\\/fr\\\/work\\\/crossing-lines\\\/#primaryimage\",\"url\":\"https:\\\/\\\/www.biglight.com\\\/wp-content\\\/uploads\\\/2017\\\/06\\\/BigLightProductions-Crossing-Lines.jpg\",\"contentUrl\":\"https:\\\/\\\/www.biglight.com\\\/wp-content\\\/uploads\\\/2017\\\/06\\\/BigLightProductions-Crossing-Lines.jpg\",\"width\":3000,\"height\":1693},{\"@type\":\"BreadcrumbList\",\"@id\":\"https:\\\/\\\/www.biglight.com\\\/fr\\\/work\\\/crossing-lines\\\/#breadcrumb\",\"itemListElement\":[{\"@type\":\"ListItem\",\"position\":1,\"name\":\"Home\",\"item\":\"https:\\\/\\\/www.biglight.com\\\/fr\\\/a-propos\\\/\"},{\"@type\":\"ListItem\",\"position\":2,\"name\":\"Notre travail\",\"item\":\"https:\\\/\\\/www.biglight.com\\\/fr\\\/work\\\/\"},{\"@type\":\"ListItem\",\"position\":3,\"name\":\"Crossing Lines : Saison 3\"}]},{\"@type\":\"WebSite\",\"@id\":\"https:\\\/\\\/www.biglight.com\\\/#website\",\"url\":\"https:\\\/\\\/www.biglight.com\\\/\",\"name\":\"Big Light Productions\",\"description\":\"London and Paris Une soci\u00e9t\u00e9 de production t\u00e9l\u00e9visuelle bas\u00e9e entre Paris et Londres\",\"publisher\":{\"@id\":\"https:\\\/\\\/www.biglight.com\\\/#organization\"},\"potentialAction\":[{\"@type\":\"SearchAction\",\"target\":{\"@type\":\"EntryPoint\",\"urlTemplate\":\"https:\\\/\\\/www.biglight.com\\\/?s={search_term_string}\"},\"query-input\":{\"@type\":\"PropertyValueSpecification\",\"valueRequired\":true,\"valueName\":\"search_term_string\"}}],\"inLanguage\":\"fr-FR\"},{\"@type\":\"Organization\",\"@id\":\"https:\\\/\\\/www.biglight.com\\\/#organization\",\"name\":\"Big Light Productions\",\"url\":\"https:\\\/\\\/www.biglight.com\\\/\",\"logo\":{\"@type\":\"ImageObject\",\"inLanguage\":\"fr-FR\",\"@id\":\"https:\\\/\\\/www.biglight.com\\\/#\\\/schema\\\/logo\\\/image\\\/\",\"url\":\"https:\\\/\\\/www.biglight.com\\\/wp-content\\\/uploads\\\/2017\\\/10\\\/Big-Light-Logo.png\",\"contentUrl\":\"https:\\\/\\\/www.biglight.com\\\/wp-content\\\/uploads\\\/2017\\\/10\\\/Big-Light-Logo.png\",\"width\":474,\"height\":499,\"caption\":\"Big Light Productions\"},\"image\":{\"@id\":\"https:\\\/\\\/www.biglight.com\\\/#\\\/schema\\\/logo\\\/image\\\/\"},\"sameAs\":[\"https:\\\/\\\/www.facebook.com\\\/biglightprod\",\"https:\\\/\\\/x.com\\\/BigLightProds\",\"https:\\\/\\\/www.instagram.com\\\/big.light.productions\\\/\",\"https:\\\/\\\/www.youtube.com\\\/channel\\\/UCXo4D51D5lV2f-HDRgKhzng\"]}]}<\/script>\n<!-- \/ Yoast SEO Premium plugin. -->","yoast_head_json":{"title":"Crossing Lines : Saison 3 - Big Light Productions","description":"Crossing Lines est un thriller policier au rythme soutenu, centr\u00e9 autour d\u2019une \u00e9quipe sp\u00e9ciale d\u2019enqu\u00eates criminelles de la Cour P\u00e9nale Internationale. Fonctionnant comme un FBI europ\u00e9en, l\u2019unit\u00e9 enqu\u00eate sur les meurtres commis en s\u00e9rie \u00e0 travers les fronti\u00e8res de l\u2019Europe, traquant les criminels internationaux pour les traduire en justice.","robots":{"index":"index","follow":"follow","max-snippet":"max-snippet:-1","max-image-preview":"max-image-preview:large","max-video-preview":"max-video-preview:-1"},"canonical":"https:\/\/www.biglight.com\/fr\/work\/crossing-lines\/","og_locale":"fr_FR","og_type":"article","og_title":"Crossing Lines : Saison 3","og_description":"Crossing Lines est un thriller policier au rythme soutenu, centr\u00e9 autour d\u2019une \u00e9quipe sp\u00e9ciale d\u2019enqu\u00eates criminelles de la Cour P\u00e9nale Internationale. Fonctionnant comme un FBI europ\u00e9en, l\u2019unit\u00e9 enqu\u00eate sur les meurtres commis en s\u00e9rie \u00e0 travers les fronti\u00e8res de l\u2019Europe, traquant les criminels internationaux pour les traduire en justice.","og_url":"https:\/\/www.biglight.com\/fr\/work\/crossing-lines\/","og_site_name":"Big Light Productions","article_publisher":"https:\/\/www.facebook.com\/biglightprod","article_modified_time":"2019-12-31T01:18:27+00:00","og_image":[{"width":3000,"height":1693,"url":"https:\/\/www.biglight.com\/wp-content\/uploads\/2017\/06\/BigLightProductions-Crossing-Lines.jpg","type":"image\/jpeg"}],"twitter_card":"summary_large_image","twitter_site":"@BigLightProds","schema":{"@context":"https:\/\/schema.org","@graph":[{"@type":"WebPage","@id":"https:\/\/www.biglight.com\/fr\/work\/crossing-lines\/","url":"https:\/\/www.biglight.com\/fr\/work\/crossing-lines\/","name":"Crossing Lines : Saison 3 - Big Light Productions","isPartOf":{"@id":"https:\/\/www.biglight.com\/#website"},"primaryImageOfPage":{"@id":"https:\/\/www.biglight.com\/fr\/work\/crossing-lines\/#primaryimage"},"image":{"@id":"https:\/\/www.biglight.com\/fr\/work\/crossing-lines\/#primaryimage"},"thumbnailUrl":"https:\/\/www.biglight.com\/wp-content\/uploads\/2017\/06\/BigLightProductions-Crossing-Lines.jpg","datePublished":"2017-10-26T12:00:12+00:00","dateModified":"2019-12-31T01:18:27+00:00","description":"Crossing Lines est un thriller policier au rythme soutenu, centr\u00e9 autour d\u2019une \u00e9quipe sp\u00e9ciale d\u2019enqu\u00eates criminelles de la Cour P\u00e9nale Internationale. Fonctionnant comme un FBI europ\u00e9en, l\u2019unit\u00e9 enqu\u00eate sur les meurtres commis en s\u00e9rie \u00e0 travers les fronti\u00e8res de l\u2019Europe, traquant les criminels internationaux pour les traduire en justice.","breadcrumb":{"@id":"https:\/\/www.biglight.com\/fr\/work\/crossing-lines\/#breadcrumb"},"inLanguage":"fr-FR","potentialAction":[{"@type":"ReadAction","target":["https:\/\/www.biglight.com\/fr\/work\/crossing-lines\/"]}]},{"@type":"ImageObject","inLanguage":"fr-FR","@id":"https:\/\/www.biglight.com\/fr\/work\/crossing-lines\/#primaryimage","url":"https:\/\/www.biglight.com\/wp-content\/uploads\/2017\/06\/BigLightProductions-Crossing-Lines.jpg","contentUrl":"https:\/\/www.biglight.com\/wp-content\/uploads\/2017\/06\/BigLightProductions-Crossing-Lines.jpg","width":3000,"height":1693},{"@type":"BreadcrumbList","@id":"https:\/\/www.biglight.com\/fr\/work\/crossing-lines\/#breadcrumb","itemListElement":[{"@type":"ListItem","position":1,"name":"Home","item":"https:\/\/www.biglight.com\/fr\/a-propos\/"},{"@type":"ListItem","position":2,"name":"Notre travail","item":"https:\/\/www.biglight.com\/fr\/work\/"},{"@type":"ListItem","position":3,"name":"Crossing Lines : Saison 3"}]},{"@type":"WebSite","@id":"https:\/\/www.biglight.com\/#website","url":"https:\/\/www.biglight.com\/","name":"Big Light Productions","description":"London and Paris Une soci\u00e9t\u00e9 de production t\u00e9l\u00e9visuelle bas\u00e9e entre Paris et Londres","publisher":{"@id":"https:\/\/www.biglight.com\/#organization"},"potentialAction":[{"@type":"SearchAction","target":{"@type":"EntryPoint","urlTemplate":"https:\/\/www.biglight.com\/?s={search_term_string}"},"query-input":{"@type":"PropertyValueSpecification","valueRequired":true,"valueName":"search_term_string"}}],"inLanguage":"fr-FR"},{"@type":"Organization","@id":"https:\/\/www.biglight.com\/#organization","name":"Big Light Productions","url":"https:\/\/www.biglight.com\/","logo":{"@type":"ImageObject","inLanguage":"fr-FR","@id":"https:\/\/www.biglight.com\/#\/schema\/logo\/image\/","url":"https:\/\/www.biglight.com\/wp-content\/uploads\/2017\/10\/Big-Light-Logo.png","contentUrl":"https:\/\/www.biglight.com\/wp-content\/uploads\/2017\/10\/Big-Light-Logo.png","width":474,"height":499,"caption":"Big Light Productions"},"image":{"@id":"https:\/\/www.biglight.com\/#\/schema\/logo\/image\/"},"sameAs":["https:\/\/www.facebook.com\/biglightprod","https:\/\/x.com\/BigLightProds","https:\/\/www.instagram.com\/big.light.productions\/","https:\/\/www.youtube.com\/channel\/UCXo4D51D5lV2f-HDRgKhzng"]}]}},"_links":{"self":[{"href":"https:\/\/www.biglight.com\/fr\/wp-json\/wp\/v2\/pages\/539","targetHints":{"allow":["GET"]}}],"collection":[{"href":"https:\/\/www.biglight.com\/fr\/wp-json\/wp\/v2\/pages"}],"about":[{"href":"https:\/\/www.biglight.com\/fr\/wp-json\/wp\/v2\/types\/page"}],"author":[{"embeddable":true,"href":"https:\/\/www.biglight.com\/fr\/wp-json\/wp\/v2\/users\/1"}],"replies":[{"embeddable":true,"href":"https:\/\/www.biglight.com\/fr\/wp-json\/wp\/v2\/comments?post=539"}],"version-history":[{"count":8,"href":"https:\/\/www.biglight.com\/fr\/wp-json\/wp\/v2\/pages\/539\/revisions"}],"predecessor-version":[{"id":1993,"href":"https:\/\/www.biglight.com\/fr\/wp-json\/wp\/v2\/pages\/539\/revisions\/1993"}],"up":[{"embeddable":true,"href":"https:\/\/www.biglight.com\/fr\/wp-json\/wp\/v2\/pages\/541"}],"wp:featuredmedia":[{"embeddable":true,"href":"https:\/\/www.biglight.com\/fr\/wp-json\/wp\/v2\/media\/447"}],"wp:attachment":[{"href":"https:\/\/www.biglight.com\/fr\/wp-json\/wp\/v2\/media?parent=539"}],"curies":[{"name":"wp","href":"https:\/\/api.w.org\/{rel}","templated":true}]}}