{"id":538,"date":"2017-10-26T10:00:43","date_gmt":"2017-10-26T10:00:43","guid":{"rendered":"https:\/\/www.biglight.com\/hunted\/"},"modified":"2018-10-11T16:39:28","modified_gmt":"2018-10-11T16:39:28","slug":"hunted","status":"publish","type":"page","link":"https:\/\/www.biglight.com\/fr\/work\/hunted\/","title":{"rendered":"Hunted"},"content":{"rendered":"<h2>2012<\/h2>\n<h3>Avec <a href=\"http:\/\/www.imdb.com\/name\/nm0313534\" target=\"_blank\">Melissa George<\/a><\/h3>\n<p>Une s\u00e9rie produite en partenariat avec <a href=\"http:\/\/www.kudos.co.uk\" target=\"_blank\">Kudos<\/a> &amp; <a href=\"http:\/\/www.bbc.co.uk\" target=\"_blank\">BBC<\/a><br \/>\nDiffus\u00e9e sur <a href=\"http:\/\/www.bbc.co.uk\" target=\"_blank\">BBC<\/a> &amp; <a href=\"http:\/\/www.hbo.com\">HBO<\/a>\/<a href=\"https:\/\/www.cinemax.com\" target=\"_blank\">Cinemax<\/a><\/p>\n<p><!--contentpartdivider--><\/p>\n<p>Sam Hunter (George) est le meilleur atout de la firme d&rsquo;espionnage priv\u00e9e Byzantium. Un an apr\u00e8s sa disparition lors d&rsquo;une mission au Maroc, Sam, remise de ses blessures, se remet au travail, d\u00e9termin\u00e9e \u00e0 d\u00e9couvrir l&rsquo;identit\u00e9 de celui qui a tent\u00e9 de l&rsquo;assassiner. Son enqu\u00eate l&rsquo;aspire peu \u00e0 peu dans un monde dangereux, o\u00f9 les grandes corporations contr\u00f4lent les gouvernements, et o\u00f9 l&rsquo;on ne peut se fier \u00e0 personne. Plong\u00e9e dans les bribes son pass\u00e9, Sam commence \u00e0 rassembler les pi\u00e8ces du puzzle et entrevoit l\u2019identit\u00e9 et les raisons de celui qui a tent\u00e9 de la faire dispara\u00eetre.<\/p>\n<p><em>Hunted<\/em> a remport\u00e9 le prix de la meilleure photographie de l&rsquo;American Society of Cinematographers (ASC) and a \u00e9t\u00e9 nomin\u00e9e aux BAFTA en 2013.<\/p>\n<ul class=\"more-link animation-element slide-up-sm\">\n<li><a class=\"watch-icon\" href=\"#\" data-toggle=\"modal\" data-target=\"#trailerVideo\">Bande-annonce<\/a><\/li>\n<li><a class=\"external-icon\" href=\"http:\/\/www.imdb.com\/title\/tt2069449\/fullcredits\" target=\"_blank\">G\u00e9n\u00e9rique<\/a><\/li>\n<\/ul>\n","protected":false},"excerpt":{"rendered":"<p>Sam Hunter (George) est le meilleur atout de la firme d&rsquo;espionnage priv\u00e9e Byzantium. Un an apr\u00e8s sa disparition lors d&rsquo;une mission au Maroc, Sam, remise de ses blessures, se remet au travail, d\u00e9termin\u00e9e \u00e0 d\u00e9couvrir l&rsquo;identit\u00e9 de celui qui a tent\u00e9 de l&rsquo;assassiner. <\/p>\n","protected":false},"author":1,"featured_media":448,"parent":541,"menu_order":10,"comment_status":"closed","ping_status":"closed","template":"page-work.php","meta":{"_acf_changed":false,"footnotes":""},"class_list":["post-538","page","type-page","status-publish","has-post-thumbnail","hentry","has-content-parts","content-parts-2"],"acf":[],"yoast_head":"<!-- This site is optimized with the Yoast SEO Premium plugin v27.0 (Yoast SEO v27.6) - https:\/\/yoast.com\/product\/yoast-seo-premium-wordpress\/ -->\n<title>Hunted - Big Light Productions<\/title>\n<meta name=\"description\" content=\"Sam Hunter (George) est le meilleur atout de la firme d&#039;espionnage priv\u00e9e Byzantium. Un an apr\u00e8s sa disparition lors d&#039;une mission au Maroc, Sam, remise de ses blessures, se remet au travail, d\u00e9termin\u00e9e \u00e0 d\u00e9couvrir l&#039;identit\u00e9 de celui qui a tent\u00e9 de l&#039;assassiner.\" \/>\n<meta name=\"robots\" content=\"index, follow, max-snippet:-1, max-image-preview:large, max-video-preview:-1\" \/>\n<link rel=\"canonical\" href=\"https:\/\/www.biglight.com\/fr\/work\/hunted\/\" \/>\n<meta property=\"og:locale\" content=\"fr_FR\" \/>\n<meta property=\"og:type\" content=\"article\" \/>\n<meta property=\"og:title\" content=\"Hunted\" \/>\n<meta property=\"og:description\" content=\"Sam Hunter (George) est le meilleur atout de la firme d&#039;espionnage priv\u00e9e Byzantium. Un an apr\u00e8s sa disparition lors d&#039;une mission au Maroc, Sam, remise de ses blessures, se remet au travail, d\u00e9termin\u00e9e \u00e0 d\u00e9couvrir l&#039;identit\u00e9 de celui qui a tent\u00e9 de l&#039;assassiner.\" \/>\n<meta property=\"og:url\" content=\"https:\/\/www.biglight.com\/fr\/work\/hunted\/\" \/>\n<meta property=\"og:site_name\" content=\"Big Light Productions\" \/>\n<meta property=\"article:publisher\" content=\"https:\/\/www.facebook.com\/biglightprod\" \/>\n<meta property=\"article:modified_time\" content=\"2018-10-11T16:39:28+00:00\" \/>\n<meta property=\"og:image\" content=\"https:\/\/www.biglight.com\/wp-content\/uploads\/2017\/06\/BigLightProductions-Hunted.jpg\" \/>\n\t<meta property=\"og:image:width\" content=\"3000\" \/>\n\t<meta property=\"og:image:height\" content=\"1693\" \/>\n\t<meta property=\"og:image:type\" content=\"image\/jpeg\" \/>\n<meta name=\"twitter:card\" content=\"summary_large_image\" \/>\n<meta name=\"twitter:site\" content=\"@BigLightProds\" \/>\n<script type=\"application\/ld+json\" class=\"yoast-schema-graph\">{\"@context\":\"https:\\\/\\\/schema.org\",\"@graph\":[{\"@type\":\"WebPage\",\"@id\":\"https:\\\/\\\/www.biglight.com\\\/fr\\\/work\\\/hunted\\\/\",\"url\":\"https:\\\/\\\/www.biglight.com\\\/fr\\\/work\\\/hunted\\\/\",\"name\":\"Hunted - Big Light Productions\",\"isPartOf\":{\"@id\":\"https:\\\/\\\/www.biglight.com\\\/#website\"},\"primaryImageOfPage\":{\"@id\":\"https:\\\/\\\/www.biglight.com\\\/fr\\\/work\\\/hunted\\\/#primaryimage\"},\"image\":{\"@id\":\"https:\\\/\\\/www.biglight.com\\\/fr\\\/work\\\/hunted\\\/#primaryimage\"},\"thumbnailUrl\":\"https:\\\/\\\/www.biglight.com\\\/wp-content\\\/uploads\\\/2017\\\/06\\\/BigLightProductions-Hunted.jpg\",\"datePublished\":\"2017-10-26T10:00:43+00:00\",\"dateModified\":\"2018-10-11T16:39:28+00:00\",\"description\":\"Sam Hunter (George) est le meilleur atout de la firme d'espionnage priv\u00e9e Byzantium. Un an apr\u00e8s sa disparition lors d'une mission au Maroc, Sam, remise de ses blessures, se remet au travail, d\u00e9termin\u00e9e \u00e0 d\u00e9couvrir l'identit\u00e9 de celui qui a tent\u00e9 de l'assassiner.\",\"breadcrumb\":{\"@id\":\"https:\\\/\\\/www.biglight.com\\\/fr\\\/work\\\/hunted\\\/#breadcrumb\"},\"inLanguage\":\"fr-FR\",\"potentialAction\":[{\"@type\":\"ReadAction\",\"target\":[\"https:\\\/\\\/www.biglight.com\\\/fr\\\/work\\\/hunted\\\/\"]}]},{\"@type\":\"ImageObject\",\"inLanguage\":\"fr-FR\",\"@id\":\"https:\\\/\\\/www.biglight.com\\\/fr\\\/work\\\/hunted\\\/#primaryimage\",\"url\":\"https:\\\/\\\/www.biglight.com\\\/wp-content\\\/uploads\\\/2017\\\/06\\\/BigLightProductions-Hunted.jpg\",\"contentUrl\":\"https:\\\/\\\/www.biglight.com\\\/wp-content\\\/uploads\\\/2017\\\/06\\\/BigLightProductions-Hunted.jpg\",\"width\":3000,\"height\":1693},{\"@type\":\"BreadcrumbList\",\"@id\":\"https:\\\/\\\/www.biglight.com\\\/fr\\\/work\\\/hunted\\\/#breadcrumb\",\"itemListElement\":[{\"@type\":\"ListItem\",\"position\":1,\"name\":\"Home\",\"item\":\"https:\\\/\\\/www.biglight.com\\\/fr\\\/a-propos\\\/\"},{\"@type\":\"ListItem\",\"position\":2,\"name\":\"Notre travail\",\"item\":\"https:\\\/\\\/www.biglight.com\\\/fr\\\/work\\\/\"},{\"@type\":\"ListItem\",\"position\":3,\"name\":\"Hunted\"}]},{\"@type\":\"WebSite\",\"@id\":\"https:\\\/\\\/www.biglight.com\\\/#website\",\"url\":\"https:\\\/\\\/www.biglight.com\\\/\",\"name\":\"Big Light Productions\",\"description\":\"London and Paris Une soci\u00e9t\u00e9 de production t\u00e9l\u00e9visuelle bas\u00e9e entre Paris et Londres\",\"publisher\":{\"@id\":\"https:\\\/\\\/www.biglight.com\\\/#organization\"},\"potentialAction\":[{\"@type\":\"SearchAction\",\"target\":{\"@type\":\"EntryPoint\",\"urlTemplate\":\"https:\\\/\\\/www.biglight.com\\\/?s={search_term_string}\"},\"query-input\":{\"@type\":\"PropertyValueSpecification\",\"valueRequired\":true,\"valueName\":\"search_term_string\"}}],\"inLanguage\":\"fr-FR\"},{\"@type\":\"Organization\",\"@id\":\"https:\\\/\\\/www.biglight.com\\\/#organization\",\"name\":\"Big Light Productions\",\"url\":\"https:\\\/\\\/www.biglight.com\\\/\",\"logo\":{\"@type\":\"ImageObject\",\"inLanguage\":\"fr-FR\",\"@id\":\"https:\\\/\\\/www.biglight.com\\\/#\\\/schema\\\/logo\\\/image\\\/\",\"url\":\"https:\\\/\\\/www.biglight.com\\\/wp-content\\\/uploads\\\/2017\\\/10\\\/Big-Light-Logo.png\",\"contentUrl\":\"https:\\\/\\\/www.biglight.com\\\/wp-content\\\/uploads\\\/2017\\\/10\\\/Big-Light-Logo.png\",\"width\":474,\"height\":499,\"caption\":\"Big Light Productions\"},\"image\":{\"@id\":\"https:\\\/\\\/www.biglight.com\\\/#\\\/schema\\\/logo\\\/image\\\/\"},\"sameAs\":[\"https:\\\/\\\/www.facebook.com\\\/biglightprod\",\"https:\\\/\\\/x.com\\\/BigLightProds\",\"https:\\\/\\\/www.instagram.com\\\/big.light.productions\\\/\",\"https:\\\/\\\/www.youtube.com\\\/channel\\\/UCXo4D51D5lV2f-HDRgKhzng\"]}]}<\/script>\n<!-- \/ Yoast SEO Premium plugin. -->","yoast_head_json":{"title":"Hunted - Big Light Productions","description":"Sam Hunter (George) est le meilleur atout de la firme d'espionnage priv\u00e9e Byzantium. Un an apr\u00e8s sa disparition lors d'une mission au Maroc, Sam, remise de ses blessures, se remet au travail, d\u00e9termin\u00e9e \u00e0 d\u00e9couvrir l'identit\u00e9 de celui qui a tent\u00e9 de l'assassiner.","robots":{"index":"index","follow":"follow","max-snippet":"max-snippet:-1","max-image-preview":"max-image-preview:large","max-video-preview":"max-video-preview:-1"},"canonical":"https:\/\/www.biglight.com\/fr\/work\/hunted\/","og_locale":"fr_FR","og_type":"article","og_title":"Hunted","og_description":"Sam Hunter (George) est le meilleur atout de la firme d'espionnage priv\u00e9e Byzantium. Un an apr\u00e8s sa disparition lors d'une mission au Maroc, Sam, remise de ses blessures, se remet au travail, d\u00e9termin\u00e9e \u00e0 d\u00e9couvrir l'identit\u00e9 de celui qui a tent\u00e9 de l'assassiner.","og_url":"https:\/\/www.biglight.com\/fr\/work\/hunted\/","og_site_name":"Big Light Productions","article_publisher":"https:\/\/www.facebook.com\/biglightprod","article_modified_time":"2018-10-11T16:39:28+00:00","og_image":[{"width":3000,"height":1693,"url":"https:\/\/www.biglight.com\/wp-content\/uploads\/2017\/06\/BigLightProductions-Hunted.jpg","type":"image\/jpeg"}],"twitter_card":"summary_large_image","twitter_site":"@BigLightProds","schema":{"@context":"https:\/\/schema.org","@graph":[{"@type":"WebPage","@id":"https:\/\/www.biglight.com\/fr\/work\/hunted\/","url":"https:\/\/www.biglight.com\/fr\/work\/hunted\/","name":"Hunted - Big Light Productions","isPartOf":{"@id":"https:\/\/www.biglight.com\/#website"},"primaryImageOfPage":{"@id":"https:\/\/www.biglight.com\/fr\/work\/hunted\/#primaryimage"},"image":{"@id":"https:\/\/www.biglight.com\/fr\/work\/hunted\/#primaryimage"},"thumbnailUrl":"https:\/\/www.biglight.com\/wp-content\/uploads\/2017\/06\/BigLightProductions-Hunted.jpg","datePublished":"2017-10-26T10:00:43+00:00","dateModified":"2018-10-11T16:39:28+00:00","description":"Sam Hunter (George) est le meilleur atout de la firme d'espionnage priv\u00e9e Byzantium. Un an apr\u00e8s sa disparition lors d'une mission au Maroc, Sam, remise de ses blessures, se remet au travail, d\u00e9termin\u00e9e \u00e0 d\u00e9couvrir l'identit\u00e9 de celui qui a tent\u00e9 de l'assassiner.","breadcrumb":{"@id":"https:\/\/www.biglight.com\/fr\/work\/hunted\/#breadcrumb"},"inLanguage":"fr-FR","potentialAction":[{"@type":"ReadAction","target":["https:\/\/www.biglight.com\/fr\/work\/hunted\/"]}]},{"@type":"ImageObject","inLanguage":"fr-FR","@id":"https:\/\/www.biglight.com\/fr\/work\/hunted\/#primaryimage","url":"https:\/\/www.biglight.com\/wp-content\/uploads\/2017\/06\/BigLightProductions-Hunted.jpg","contentUrl":"https:\/\/www.biglight.com\/wp-content\/uploads\/2017\/06\/BigLightProductions-Hunted.jpg","width":3000,"height":1693},{"@type":"BreadcrumbList","@id":"https:\/\/www.biglight.com\/fr\/work\/hunted\/#breadcrumb","itemListElement":[{"@type":"ListItem","position":1,"name":"Home","item":"https:\/\/www.biglight.com\/fr\/a-propos\/"},{"@type":"ListItem","position":2,"name":"Notre travail","item":"https:\/\/www.biglight.com\/fr\/work\/"},{"@type":"ListItem","position":3,"name":"Hunted"}]},{"@type":"WebSite","@id":"https:\/\/www.biglight.com\/#website","url":"https:\/\/www.biglight.com\/","name":"Big Light Productions","description":"London and Paris Une soci\u00e9t\u00e9 de production t\u00e9l\u00e9visuelle bas\u00e9e entre Paris et Londres","publisher":{"@id":"https:\/\/www.biglight.com\/#organization"},"potentialAction":[{"@type":"SearchAction","target":{"@type":"EntryPoint","urlTemplate":"https:\/\/www.biglight.com\/?s={search_term_string}"},"query-input":{"@type":"PropertyValueSpecification","valueRequired":true,"valueName":"search_term_string"}}],"inLanguage":"fr-FR"},{"@type":"Organization","@id":"https:\/\/www.biglight.com\/#organization","name":"Big Light Productions","url":"https:\/\/www.biglight.com\/","logo":{"@type":"ImageObject","inLanguage":"fr-FR","@id":"https:\/\/www.biglight.com\/#\/schema\/logo\/image\/","url":"https:\/\/www.biglight.com\/wp-content\/uploads\/2017\/10\/Big-Light-Logo.png","contentUrl":"https:\/\/www.biglight.com\/wp-content\/uploads\/2017\/10\/Big-Light-Logo.png","width":474,"height":499,"caption":"Big Light Productions"},"image":{"@id":"https:\/\/www.biglight.com\/#\/schema\/logo\/image\/"},"sameAs":["https:\/\/www.facebook.com\/biglightprod","https:\/\/x.com\/BigLightProds","https:\/\/www.instagram.com\/big.light.productions\/","https:\/\/www.youtube.com\/channel\/UCXo4D51D5lV2f-HDRgKhzng"]}]}},"_links":{"self":[{"href":"https:\/\/www.biglight.com\/fr\/wp-json\/wp\/v2\/pages\/538","targetHints":{"allow":["GET"]}}],"collection":[{"href":"https:\/\/www.biglight.com\/fr\/wp-json\/wp\/v2\/pages"}],"about":[{"href":"https:\/\/www.biglight.com\/fr\/wp-json\/wp\/v2\/types\/page"}],"author":[{"embeddable":true,"href":"https:\/\/www.biglight.com\/fr\/wp-json\/wp\/v2\/users\/1"}],"replies":[{"embeddable":true,"href":"https:\/\/www.biglight.com\/fr\/wp-json\/wp\/v2\/comments?post=538"}],"version-history":[{"count":7,"href":"https:\/\/www.biglight.com\/fr\/wp-json\/wp\/v2\/pages\/538\/revisions"}],"predecessor-version":[{"id":995,"href":"https:\/\/www.biglight.com\/fr\/wp-json\/wp\/v2\/pages\/538\/revisions\/995"}],"up":[{"embeddable":true,"href":"https:\/\/www.biglight.com\/fr\/wp-json\/wp\/v2\/pages\/541"}],"wp:featuredmedia":[{"embeddable":true,"href":"https:\/\/www.biglight.com\/fr\/wp-json\/wp\/v2\/media\/448"}],"wp:attachment":[{"href":"https:\/\/www.biglight.com\/fr\/wp-json\/wp\/v2\/media?parent=538"}],"curies":[{"name":"wp","href":"https:\/\/api.w.org\/{rel}","templated":true}]}}