{"id":537,"date":"2017-10-26T15:23:53","date_gmt":"2017-10-26T15:23:53","guid":{"rendered":"https:\/\/www.biglight.com\/the-indian-detective\/"},"modified":"2019-12-31T01:07:35","modified_gmt":"2019-12-31T01:07:35","slug":"the-indian-detective","status":"publish","type":"page","link":"https:\/\/www.biglight.com\/fr\/work\/the-indian-detective\/","title":{"rendered":"The Indian Detective"},"content":{"rendered":"<h2>2017<\/h2>\n<h3>Avec <a href=\"http:\/\/www.imdb.com\/name\/nm0992289\" target=\"_blank\" rel=\"noopener noreferrer\">Russell Peters<\/a> &amp; <a href=\"http:\/\/www.imdb.com\/name\/nm0000638\" target=\"_blank\" rel=\"noopener noreferrer\">William Shatner<\/a><\/h3>\n<p>Une s\u00e9rie produite en partenariat avec <a href=\"http:\/\/www.blueicepics.com\" target=\"_blank\" rel=\"noopener noreferrer\">Blue Ice Pictures<\/a> &amp; <a href=\"http:\/\/www.wonderfilmproductions.com\" target=\"_blank\" rel=\"noopener noreferrer\">Wonder Films<\/a><br \/>\nDiffus\u00e9e sur <a href=\"http:\/\/www.bellmedia.ca\" target=\"_blank\" rel=\"noopener noreferrer\">Bell Media<\/a>\/<a href=\"https:\/\/www.ctv.ca\" target=\"_blank\" rel=\"noopener noreferrer\">CTV<\/a> &amp; <a href=\"http:\/\/www.netflix.com\" target=\"_blank\" rel=\"noopener noreferrer\">Netflix<\/a><\/p>\n<p><!--contentpartdivider--><\/p>\n<p>Doug D&rsquo;Mello est un flic de Toronto d&rsquo;origine indienne, dont le r\u00eave d&rsquo;int\u00e9grer la brigade criminelle est soudainement bris\u00e9 lorsqu&rsquo;il est injustement mis-\u00e0-pied. Alors en cong\u00e9s, D&rsquo;Mello rend visite \u00e0 son p\u00e8re \u00e0 Mumbai, o\u00f9 il se laisse entra\u00eener dans une affaire de fait divers et tombe amoureux d&rsquo;une avocate r\u00e9put\u00e9e. Alors qu&rsquo;une dangereuse enqu\u00eate se d\u00e9voile, D&rsquo;Mello se retrouve aussi en prises avec le choc culturel que suscite sa pr\u00e9sence dans un pays o\u00f9, malgr\u00e9 ses origines, il reste un outsider.<\/p>\n<p><em>The Indian Detective<\/em> est une com\u00e9die dramatique avec une star du genre, Russell Peters, trois fois list\u00e9 par Forbes magazine dans son Top 10 des comiques les plus banquables. La premi\u00e8re saison a \u00e9t\u00e9 diffus\u00e9e en Automne 2017. La meilleure sortie au Canada depuis deux ans, elle a \u00e9t\u00e9 la deuxi\u00e8me s\u00e9rie la plus regard\u00e9e le jour de sa premi\u00e8re sur CTV, avec 1.6 million de t\u00e9l\u00e9spectateurs.<\/p>\n<ul class=\"more-link animation-element slide-up-sm\">\n<li><a class=\"external-icon\" href=\"http:\/\/www.imdb.com\/title\/tt5797220\/fullcredits\" target=\"_blank\" rel=\"noopener noreferrer\">G\u00e9n\u00e9rique<\/a><\/li>\n<\/ul>\n","protected":false},"excerpt":{"rendered":"<p>The Indian Detective est une com\u00e9die dramatique avec une star du genre, Russell Peters. Doug D&rsquo;Mello est un flic de Toronto d&rsquo;origine indienne, dont le r\u00eave d&rsquo;int\u00e9grer la brigade criminelle est soudainement bris\u00e9 lorsqu&rsquo;il est injustement mis-\u00e0-pied.<\/p>\n","protected":false},"author":1,"featured_media":1203,"parent":541,"menu_order":6,"comment_status":"closed","ping_status":"closed","template":"page-work.php","meta":{"_acf_changed":false,"footnotes":""},"class_list":["post-537","page","type-page","status-publish","has-post-thumbnail","hentry","has-content-parts","content-parts-2"],"acf":[],"yoast_head":"<!-- This site is optimized with the Yoast SEO Premium plugin v27.0 (Yoast SEO v27.5) - https:\/\/yoast.com\/product\/yoast-seo-premium-wordpress\/ -->\n<title>The Indian Detective - Big Light Productions<\/title>\n<meta name=\"description\" content=\"The Indian Detective est une com\u00e9die dramatique avec une star du genre, Russell Peters. Doug D&#039;Mello est un flic de Toronto d&#039;origine indienne, dont le r\u00eave d&#039;int\u00e9grer la brigade criminelle est soudainement bris\u00e9 lorsqu&#039;il est injustement mis-\u00e0-pied.\" \/>\n<meta name=\"robots\" content=\"index, follow, max-snippet:-1, max-image-preview:large, max-video-preview:-1\" \/>\n<link rel=\"canonical\" href=\"https:\/\/www.biglight.com\/fr\/work\/the-indian-detective\/\" \/>\n<meta property=\"og:locale\" content=\"fr_FR\" \/>\n<meta property=\"og:type\" content=\"article\" \/>\n<meta property=\"og:title\" content=\"The Indian Detective\" \/>\n<meta property=\"og:description\" content=\"The Indian Detective est une com\u00e9die dramatique avec une star du genre, Russell Peters. Doug D&#039;Mello est un flic de Toronto d&#039;origine indienne, dont le r\u00eave d&#039;int\u00e9grer la brigade criminelle est soudainement bris\u00e9 lorsqu&#039;il est injustement mis-\u00e0-pied.\" \/>\n<meta property=\"og:url\" content=\"https:\/\/www.biglight.com\/fr\/work\/the-indian-detective\/\" \/>\n<meta property=\"og:site_name\" content=\"Big Light Productions\" \/>\n<meta property=\"article:publisher\" content=\"https:\/\/www.facebook.com\/biglightprod\" \/>\n<meta property=\"article:modified_time\" content=\"2019-12-31T01:07:35+00:00\" \/>\n<meta property=\"og:image\" content=\"https:\/\/www.biglight.com\/wp-content\/uploads\/2017\/10\/BigLightProductions-The-Indian-Detective-2-1-1400x790.jpg\" \/>\n\t<meta property=\"og:image:width\" content=\"1400\" \/>\n\t<meta property=\"og:image:height\" content=\"790\" \/>\n\t<meta property=\"og:image:type\" content=\"image\/jpeg\" \/>\n<meta name=\"twitter:card\" content=\"summary_large_image\" \/>\n<meta name=\"twitter:site\" content=\"@BigLightProds\" \/>\n<script type=\"application\/ld+json\" class=\"yoast-schema-graph\">{\"@context\":\"https:\\\/\\\/schema.org\",\"@graph\":[{\"@type\":\"WebPage\",\"@id\":\"https:\\\/\\\/www.biglight.com\\\/fr\\\/work\\\/the-indian-detective\\\/\",\"url\":\"https:\\\/\\\/www.biglight.com\\\/fr\\\/work\\\/the-indian-detective\\\/\",\"name\":\"The Indian Detective - Big Light Productions\",\"isPartOf\":{\"@id\":\"https:\\\/\\\/www.biglight.com\\\/#website\"},\"primaryImageOfPage\":{\"@id\":\"https:\\\/\\\/www.biglight.com\\\/fr\\\/work\\\/the-indian-detective\\\/#primaryimage\"},\"image\":{\"@id\":\"https:\\\/\\\/www.biglight.com\\\/fr\\\/work\\\/the-indian-detective\\\/#primaryimage\"},\"thumbnailUrl\":\"https:\\\/\\\/www.biglight.com\\\/wp-content\\\/uploads\\\/2017\\\/10\\\/BigLightProductions-The-Indian-Detective-2-1.jpg\",\"datePublished\":\"2017-10-26T15:23:53+00:00\",\"dateModified\":\"2019-12-31T01:07:35+00:00\",\"description\":\"The Indian Detective est une com\u00e9die dramatique avec une star du genre, Russell Peters. Doug D'Mello est un flic de Toronto d'origine indienne, dont le r\u00eave d'int\u00e9grer la brigade criminelle est soudainement bris\u00e9 lorsqu'il est injustement mis-\u00e0-pied.\",\"breadcrumb\":{\"@id\":\"https:\\\/\\\/www.biglight.com\\\/fr\\\/work\\\/the-indian-detective\\\/#breadcrumb\"},\"inLanguage\":\"fr-FR\",\"potentialAction\":[{\"@type\":\"ReadAction\",\"target\":[\"https:\\\/\\\/www.biglight.com\\\/fr\\\/work\\\/the-indian-detective\\\/\"]}]},{\"@type\":\"ImageObject\",\"inLanguage\":\"fr-FR\",\"@id\":\"https:\\\/\\\/www.biglight.com\\\/fr\\\/work\\\/the-indian-detective\\\/#primaryimage\",\"url\":\"https:\\\/\\\/www.biglight.com\\\/wp-content\\\/uploads\\\/2017\\\/10\\\/BigLightProductions-The-Indian-Detective-2-1.jpg\",\"contentUrl\":\"https:\\\/\\\/www.biglight.com\\\/wp-content\\\/uploads\\\/2017\\\/10\\\/BigLightProductions-The-Indian-Detective-2-1.jpg\",\"width\":3000,\"height\":1693},{\"@type\":\"BreadcrumbList\",\"@id\":\"https:\\\/\\\/www.biglight.com\\\/fr\\\/work\\\/the-indian-detective\\\/#breadcrumb\",\"itemListElement\":[{\"@type\":\"ListItem\",\"position\":1,\"name\":\"Home\",\"item\":\"https:\\\/\\\/www.biglight.com\\\/fr\\\/a-propos\\\/\"},{\"@type\":\"ListItem\",\"position\":2,\"name\":\"Notre travail\",\"item\":\"https:\\\/\\\/www.biglight.com\\\/fr\\\/work\\\/\"},{\"@type\":\"ListItem\",\"position\":3,\"name\":\"The Indian Detective\"}]},{\"@type\":\"WebSite\",\"@id\":\"https:\\\/\\\/www.biglight.com\\\/#website\",\"url\":\"https:\\\/\\\/www.biglight.com\\\/\",\"name\":\"Big Light Productions\",\"description\":\"London and Paris Une soci\u00e9t\u00e9 de production t\u00e9l\u00e9visuelle bas\u00e9e entre Paris et Londres\",\"publisher\":{\"@id\":\"https:\\\/\\\/www.biglight.com\\\/#organization\"},\"potentialAction\":[{\"@type\":\"SearchAction\",\"target\":{\"@type\":\"EntryPoint\",\"urlTemplate\":\"https:\\\/\\\/www.biglight.com\\\/?s={search_term_string}\"},\"query-input\":{\"@type\":\"PropertyValueSpecification\",\"valueRequired\":true,\"valueName\":\"search_term_string\"}}],\"inLanguage\":\"fr-FR\"},{\"@type\":\"Organization\",\"@id\":\"https:\\\/\\\/www.biglight.com\\\/#organization\",\"name\":\"Big Light Productions\",\"url\":\"https:\\\/\\\/www.biglight.com\\\/\",\"logo\":{\"@type\":\"ImageObject\",\"inLanguage\":\"fr-FR\",\"@id\":\"https:\\\/\\\/www.biglight.com\\\/#\\\/schema\\\/logo\\\/image\\\/\",\"url\":\"https:\\\/\\\/www.biglight.com\\\/wp-content\\\/uploads\\\/2017\\\/10\\\/Big-Light-Logo.png\",\"contentUrl\":\"https:\\\/\\\/www.biglight.com\\\/wp-content\\\/uploads\\\/2017\\\/10\\\/Big-Light-Logo.png\",\"width\":474,\"height\":499,\"caption\":\"Big Light Productions\"},\"image\":{\"@id\":\"https:\\\/\\\/www.biglight.com\\\/#\\\/schema\\\/logo\\\/image\\\/\"},\"sameAs\":[\"https:\\\/\\\/www.facebook.com\\\/biglightprod\",\"https:\\\/\\\/x.com\\\/BigLightProds\",\"https:\\\/\\\/www.instagram.com\\\/big.light.productions\\\/\",\"https:\\\/\\\/www.youtube.com\\\/channel\\\/UCXo4D51D5lV2f-HDRgKhzng\"]}]}<\/script>\n<!-- \/ Yoast SEO Premium plugin. -->","yoast_head_json":{"title":"The Indian Detective - Big Light Productions","description":"The Indian Detective est une com\u00e9die dramatique avec une star du genre, Russell Peters. Doug D'Mello est un flic de Toronto d'origine indienne, dont le r\u00eave d'int\u00e9grer la brigade criminelle est soudainement bris\u00e9 lorsqu'il est injustement mis-\u00e0-pied.","robots":{"index":"index","follow":"follow","max-snippet":"max-snippet:-1","max-image-preview":"max-image-preview:large","max-video-preview":"max-video-preview:-1"},"canonical":"https:\/\/www.biglight.com\/fr\/work\/the-indian-detective\/","og_locale":"fr_FR","og_type":"article","og_title":"The Indian Detective","og_description":"The Indian Detective est une com\u00e9die dramatique avec une star du genre, Russell Peters. Doug D'Mello est un flic de Toronto d'origine indienne, dont le r\u00eave d'int\u00e9grer la brigade criminelle est soudainement bris\u00e9 lorsqu'il est injustement mis-\u00e0-pied.","og_url":"https:\/\/www.biglight.com\/fr\/work\/the-indian-detective\/","og_site_name":"Big Light Productions","article_publisher":"https:\/\/www.facebook.com\/biglightprod","article_modified_time":"2019-12-31T01:07:35+00:00","og_image":[{"width":1400,"height":790,"url":"https:\/\/www.biglight.com\/wp-content\/uploads\/2017\/10\/BigLightProductions-The-Indian-Detective-2-1-1400x790.jpg","type":"image\/jpeg"}],"twitter_card":"summary_large_image","twitter_site":"@BigLightProds","schema":{"@context":"https:\/\/schema.org","@graph":[{"@type":"WebPage","@id":"https:\/\/www.biglight.com\/fr\/work\/the-indian-detective\/","url":"https:\/\/www.biglight.com\/fr\/work\/the-indian-detective\/","name":"The Indian Detective - Big Light Productions","isPartOf":{"@id":"https:\/\/www.biglight.com\/#website"},"primaryImageOfPage":{"@id":"https:\/\/www.biglight.com\/fr\/work\/the-indian-detective\/#primaryimage"},"image":{"@id":"https:\/\/www.biglight.com\/fr\/work\/the-indian-detective\/#primaryimage"},"thumbnailUrl":"https:\/\/www.biglight.com\/wp-content\/uploads\/2017\/10\/BigLightProductions-The-Indian-Detective-2-1.jpg","datePublished":"2017-10-26T15:23:53+00:00","dateModified":"2019-12-31T01:07:35+00:00","description":"The Indian Detective est une com\u00e9die dramatique avec une star du genre, Russell Peters. Doug D'Mello est un flic de Toronto d'origine indienne, dont le r\u00eave d'int\u00e9grer la brigade criminelle est soudainement bris\u00e9 lorsqu'il est injustement mis-\u00e0-pied.","breadcrumb":{"@id":"https:\/\/www.biglight.com\/fr\/work\/the-indian-detective\/#breadcrumb"},"inLanguage":"fr-FR","potentialAction":[{"@type":"ReadAction","target":["https:\/\/www.biglight.com\/fr\/work\/the-indian-detective\/"]}]},{"@type":"ImageObject","inLanguage":"fr-FR","@id":"https:\/\/www.biglight.com\/fr\/work\/the-indian-detective\/#primaryimage","url":"https:\/\/www.biglight.com\/wp-content\/uploads\/2017\/10\/BigLightProductions-The-Indian-Detective-2-1.jpg","contentUrl":"https:\/\/www.biglight.com\/wp-content\/uploads\/2017\/10\/BigLightProductions-The-Indian-Detective-2-1.jpg","width":3000,"height":1693},{"@type":"BreadcrumbList","@id":"https:\/\/www.biglight.com\/fr\/work\/the-indian-detective\/#breadcrumb","itemListElement":[{"@type":"ListItem","position":1,"name":"Home","item":"https:\/\/www.biglight.com\/fr\/a-propos\/"},{"@type":"ListItem","position":2,"name":"Notre travail","item":"https:\/\/www.biglight.com\/fr\/work\/"},{"@type":"ListItem","position":3,"name":"The Indian Detective"}]},{"@type":"WebSite","@id":"https:\/\/www.biglight.com\/#website","url":"https:\/\/www.biglight.com\/","name":"Big Light Productions","description":"London and Paris Une soci\u00e9t\u00e9 de production t\u00e9l\u00e9visuelle bas\u00e9e entre Paris et Londres","publisher":{"@id":"https:\/\/www.biglight.com\/#organization"},"potentialAction":[{"@type":"SearchAction","target":{"@type":"EntryPoint","urlTemplate":"https:\/\/www.biglight.com\/?s={search_term_string}"},"query-input":{"@type":"PropertyValueSpecification","valueRequired":true,"valueName":"search_term_string"}}],"inLanguage":"fr-FR"},{"@type":"Organization","@id":"https:\/\/www.biglight.com\/#organization","name":"Big Light Productions","url":"https:\/\/www.biglight.com\/","logo":{"@type":"ImageObject","inLanguage":"fr-FR","@id":"https:\/\/www.biglight.com\/#\/schema\/logo\/image\/","url":"https:\/\/www.biglight.com\/wp-content\/uploads\/2017\/10\/Big-Light-Logo.png","contentUrl":"https:\/\/www.biglight.com\/wp-content\/uploads\/2017\/10\/Big-Light-Logo.png","width":474,"height":499,"caption":"Big Light Productions"},"image":{"@id":"https:\/\/www.biglight.com\/#\/schema\/logo\/image\/"},"sameAs":["https:\/\/www.facebook.com\/biglightprod","https:\/\/x.com\/BigLightProds","https:\/\/www.instagram.com\/big.light.productions\/","https:\/\/www.youtube.com\/channel\/UCXo4D51D5lV2f-HDRgKhzng"]}]}},"_links":{"self":[{"href":"https:\/\/www.biglight.com\/fr\/wp-json\/wp\/v2\/pages\/537","targetHints":{"allow":["GET"]}}],"collection":[{"href":"https:\/\/www.biglight.com\/fr\/wp-json\/wp\/v2\/pages"}],"about":[{"href":"https:\/\/www.biglight.com\/fr\/wp-json\/wp\/v2\/types\/page"}],"author":[{"embeddable":true,"href":"https:\/\/www.biglight.com\/fr\/wp-json\/wp\/v2\/users\/1"}],"replies":[{"embeddable":true,"href":"https:\/\/www.biglight.com\/fr\/wp-json\/wp\/v2\/comments?post=537"}],"version-history":[{"count":11,"href":"https:\/\/www.biglight.com\/fr\/wp-json\/wp\/v2\/pages\/537\/revisions"}],"predecessor-version":[{"id":2282,"href":"https:\/\/www.biglight.com\/fr\/wp-json\/wp\/v2\/pages\/537\/revisions\/2282"}],"up":[{"embeddable":true,"href":"https:\/\/www.biglight.com\/fr\/wp-json\/wp\/v2\/pages\/541"}],"wp:featuredmedia":[{"embeddable":true,"href":"https:\/\/www.biglight.com\/fr\/wp-json\/wp\/v2\/media\/1203"}],"wp:attachment":[{"href":"https:\/\/www.biglight.com\/fr\/wp-json\/wp\/v2\/media?parent=537"}],"curies":[{"name":"wp","href":"https:\/\/api.w.org\/{rel}","templated":true}]}}