{"id":536,"date":"2017-10-26T14:25:18","date_gmt":"2017-10-26T14:25:18","guid":{"rendered":"https:\/\/www.biglight.com\/ransom\/"},"modified":"2019-12-31T01:03:25","modified_gmt":"2019-12-31T01:03:25","slug":"ransom","status":"publish","type":"page","link":"https:\/\/www.biglight.com\/fr\/work\/ransom\/","title":{"rendered":"Ransom"},"content":{"rendered":"<h2>2017 &#8211; 2019<\/h2>\n<h3>Avec\u00a0<a href=\"http:\/\/www.imdb.com\/name\/nm1074361\" target=\"_blank\" rel=\"noopener noreferrer\">Luke Roberts<\/a>, <a href=\"https:\/\/www.imdb.com\/name\/nm1345890\/?ref_=fn_al_nm_1\">Nazneen Contractor<\/a>, <a href=\"https:\/\/www.imdb.com\/name\/nm1564963\/?ref_=nv_sr_1\">Brandon Jay McLaren<\/a>, <a href=\"http:\/\/www.imdb.com\/name\/nm2497366\" target=\"_blank\" rel=\"noopener noreferrer\">Sarah Greene<\/a> &amp; <a href=\"https:\/\/www.imdb.com\/name\/nm0495716\/\" target=\"_blank\" rel=\"noopener noreferrer\">Karen LeBlanc<\/a><\/h3>\n<p>Une s\u00e9rie produite en partenariat avec <a href=\"https:\/\/www.entertainmentone.com\" target=\"_blank\" rel=\"noopener noreferrer\">eOne<\/a>, <a href=\"https:\/\/www.siennafilms.com\" target=\"_blank\" rel=\"noopener noreferrer\">Sienna<\/a> &amp; <a href=\"http:\/\/www.wildcatsproductions.fr\" target=\"_blank\" rel=\"noopener noreferrer\">WildCats<\/a><br \/>\nLes saisons 1 &amp; 2 diffus\u00e9es sur <a href=\"http:\/\/www.cbs.com\" target=\"_blank\" rel=\"noopener noreferrer\">CBS<\/a>, <a href=\"http:\/\/www.corusent.com\" target=\"_blank\" rel=\"noopener noreferrer\">Corus<\/a>\/<a href=\"https:\/\/www.globaltv.com\" target=\"_blank\" rel=\"noopener noreferrer\">Global<\/a>, <a href=\"https:\/\/www.tf1.fr\" target=\"_blank\" rel=\"noopener noreferrer\">TF1<\/a>, <a href=\"https:\/\/www.vox.de\" target=\"_blank\" rel=\"noopener noreferrer\">Vox<\/a>\/<a href=\"https:\/\/www.rtl.de\" target=\"_blank\" rel=\"noopener noreferrer\">RTL,<\/a>\u00a0<a href=\"http:\/\/www.universaltv.co.uk\" target=\"_blank\" rel=\"noopener noreferrer\">Universal TV UK,<\/a> Universal TV LA &amp; Brasil\u00a0&amp;\u00a0<a href=\"http:\/\/www.amctv.es\" target=\"_blank\" rel=\"noopener noreferrer\">AMC Espa\u00f1a<\/a><\/p>\n<p><!--contentpartdivider--><\/p>\n<p>Inspir\u00e9 de la vie d&rsquo;un n\u00e9gociateur sp\u00e9cialis\u00e9 en crises et prises d&rsquo;otages, <em>Ransom<\/em> suit le parcours d&rsquo;Eric Beaumont (Roberts), dont l&rsquo;\u00e9quipe est appel\u00e9e pour sauver des vies l\u00e0 o\u00f9 tous les autres ont \u00e9chou\u00e9. Eric comprend les criminels mieux qu&rsquo;eux-m\u00eames ne se connaissent, et utilise son approche du comportement humain pour r\u00e9soudre les cas de ran\u00e7ons et de kidnappings les plus difficiles. M\u00eame confront\u00e9 aux criminels les plus dangereux, Eric refuse tout recours \u00e0 la violence. Et pourtant, ses pouvoirs de persuasion et de manipulation d\u00e9teignent sur sa vie priv\u00e9e et compliquent ses relations avec sa famille, ses amis et m\u00eame ses coll\u00e8gues. Eric est-il toujours lui-m\u00eame, ou qui devient-il lorsqu&rsquo;il veut atteindre ses objectifs ?<\/p>\n<p><em>Ransom<\/em> a \u00e9t\u00e9 la nouvelle fiction la mieux not\u00e9e de VOX en Allemagne pendant plus de 15 mois. La premi\u00e8re diffusion sur TF1 a rassembl\u00e9 plus de 4 millions de t\u00e9l\u00e9spectateurs, soit 25% de parts d&rsquo;audimat. La deuxi\u00e8me saison a commenc\u00e9 sa diffusion en 2018 et la troisi\u00e8me saison en 2019 sur CBS et Global TV.<\/p>\n<ul class=\"more-link animation-element slide-up-sm\">\n<li><a class=\"watch-icon\" href=\"#\" rel=\"noopener noreferrer\" data-toggle=\"modal\" data-target=\"#trailerVideo\">Bande-annonce<\/a><\/li>\n<li><a class=\"external-icon\" href=\"http:\/\/www.imdb.com\/title\/tt5809150\/fullcredits\" target=\"_blank\" rel=\"noopener noreferrer\">G\u00e9n\u00e9rique<\/a><\/li>\n<\/ul>\n","protected":false},"excerpt":{"rendered":"<p>Inspir\u00e9 de la vie d&rsquo;un n\u00e9gociateur sp\u00e9cialis\u00e9 en crises et prises d&rsquo;otages, Ransom suit le parcours d&rsquo;Eric Beaumont, dont l&rsquo;\u00e9quipe est appel\u00e9 pour sauver des vies l\u00e0 o\u00f9 tous les autres ont \u00e9chou\u00e9. Ransom a \u00e9t\u00e9 la nouvelle fiction la mieux not\u00e9e de VOX en Allemagne pendant plus de 15 mois. <\/p>\n","protected":false},"author":1,"featured_media":1959,"parent":541,"menu_order":5,"comment_status":"closed","ping_status":"closed","template":"page-work.php","meta":{"_acf_changed":false,"footnotes":""},"class_list":["post-536","page","type-page","status-publish","has-post-thumbnail","hentry","has-content-parts","content-parts-2"],"acf":[],"yoast_head":"<!-- This site is optimized with the Yoast SEO Premium plugin v27.0 (Yoast SEO v27.5) - https:\/\/yoast.com\/product\/yoast-seo-premium-wordpress\/ -->\n<title>Ransom - Big Light Productions<\/title>\n<meta name=\"description\" content=\"Inspir\u00e9 de la vie d&#039;un n\u00e9gociateur sp\u00e9cialis\u00e9 en crises et prises d&#039;otages, Ransom suit le parcours d&#039;Eric Beaumont, dont l&#039;\u00e9quipe est appel\u00e9 pour sauver des vies l\u00e0 o\u00f9 tous les autres ont \u00e9chou\u00e9. Ransom a \u00e9t\u00e9 la nouvelle fiction la mieux not\u00e9e de VOX en Allemagne pendant plus de 15 mois.\" \/>\n<meta name=\"robots\" content=\"index, follow, max-snippet:-1, max-image-preview:large, max-video-preview:-1\" \/>\n<link rel=\"canonical\" href=\"https:\/\/www.biglight.com\/fr\/work\/ransom\/\" \/>\n<meta property=\"og:locale\" content=\"fr_FR\" \/>\n<meta property=\"og:type\" content=\"article\" \/>\n<meta property=\"og:title\" content=\"Ransom\" \/>\n<meta property=\"og:description\" content=\"Inspir\u00e9 de la vie d&#039;un n\u00e9gociateur sp\u00e9cialis\u00e9 en crises et prises d&#039;otages, Ransom suit le parcours d&#039;Eric Beaumont, dont l&#039;\u00e9quipe est appel\u00e9 pour sauver des vies l\u00e0 o\u00f9 tous les autres ont \u00e9chou\u00e9. Ransom a \u00e9t\u00e9 la nouvelle fiction la mieux not\u00e9e de VOX en Allemagne pendant plus de 15 mois.\" \/>\n<meta property=\"og:url\" content=\"https:\/\/www.biglight.com\/fr\/work\/ransom\/\" \/>\n<meta property=\"og:site_name\" content=\"Big Light Productions\" \/>\n<meta property=\"article:publisher\" content=\"https:\/\/www.facebook.com\/biglightprod\" \/>\n<meta property=\"article:modified_time\" content=\"2019-12-31T01:03:25+00:00\" \/>\n<meta property=\"og:image\" content=\"https:\/\/www.biglight.com\/wp-content\/uploads\/2019\/06\/SMALL007_J4511_Ransom_S3_KeyArt_ea01_CQ01B_4_F.jpg\" \/>\n\t<meta property=\"og:image:width\" content=\"1500\" \/>\n\t<meta property=\"og:image:height\" content=\"1067\" \/>\n\t<meta property=\"og:image:type\" content=\"image\/jpeg\" \/>\n<meta name=\"twitter:card\" content=\"summary_large_image\" \/>\n<meta name=\"twitter:site\" content=\"@BigLightProds\" \/>\n<script type=\"application\/ld+json\" class=\"yoast-schema-graph\">{\"@context\":\"https:\\\/\\\/schema.org\",\"@graph\":[{\"@type\":\"WebPage\",\"@id\":\"https:\\\/\\\/www.biglight.com\\\/fr\\\/work\\\/ransom\\\/\",\"url\":\"https:\\\/\\\/www.biglight.com\\\/fr\\\/work\\\/ransom\\\/\",\"name\":\"Ransom - Big Light Productions\",\"isPartOf\":{\"@id\":\"https:\\\/\\\/www.biglight.com\\\/#website\"},\"primaryImageOfPage\":{\"@id\":\"https:\\\/\\\/www.biglight.com\\\/fr\\\/work\\\/ransom\\\/#primaryimage\"},\"image\":{\"@id\":\"https:\\\/\\\/www.biglight.com\\\/fr\\\/work\\\/ransom\\\/#primaryimage\"},\"thumbnailUrl\":\"https:\\\/\\\/www.biglight.com\\\/wp-content\\\/uploads\\\/2019\\\/06\\\/SMALL007_J4511_Ransom_S3_KeyArt_ea01_CQ01B_4_F.jpg\",\"datePublished\":\"2017-10-26T14:25:18+00:00\",\"dateModified\":\"2019-12-31T01:03:25+00:00\",\"description\":\"Inspir\u00e9 de la vie d'un n\u00e9gociateur sp\u00e9cialis\u00e9 en crises et prises d'otages, Ransom suit le parcours d'Eric Beaumont, dont l'\u00e9quipe est appel\u00e9 pour sauver des vies l\u00e0 o\u00f9 tous les autres ont \u00e9chou\u00e9. Ransom a \u00e9t\u00e9 la nouvelle fiction la mieux not\u00e9e de VOX en Allemagne pendant plus de 15 mois.\",\"breadcrumb\":{\"@id\":\"https:\\\/\\\/www.biglight.com\\\/fr\\\/work\\\/ransom\\\/#breadcrumb\"},\"inLanguage\":\"fr-FR\",\"potentialAction\":[{\"@type\":\"ReadAction\",\"target\":[\"https:\\\/\\\/www.biglight.com\\\/fr\\\/work\\\/ransom\\\/\"]}]},{\"@type\":\"ImageObject\",\"inLanguage\":\"fr-FR\",\"@id\":\"https:\\\/\\\/www.biglight.com\\\/fr\\\/work\\\/ransom\\\/#primaryimage\",\"url\":\"https:\\\/\\\/www.biglight.com\\\/wp-content\\\/uploads\\\/2019\\\/06\\\/SMALL007_J4511_Ransom_S3_KeyArt_ea01_CQ01B_4_F.jpg\",\"contentUrl\":\"https:\\\/\\\/www.biglight.com\\\/wp-content\\\/uploads\\\/2019\\\/06\\\/SMALL007_J4511_Ransom_S3_KeyArt_ea01_CQ01B_4_F.jpg\",\"width\":1500,\"height\":1067,\"caption\":\"Ransom poster Art Season 3\"},{\"@type\":\"BreadcrumbList\",\"@id\":\"https:\\\/\\\/www.biglight.com\\\/fr\\\/work\\\/ransom\\\/#breadcrumb\",\"itemListElement\":[{\"@type\":\"ListItem\",\"position\":1,\"name\":\"Home\",\"item\":\"https:\\\/\\\/www.biglight.com\\\/fr\\\/a-propos\\\/\"},{\"@type\":\"ListItem\",\"position\":2,\"name\":\"Notre travail\",\"item\":\"https:\\\/\\\/www.biglight.com\\\/fr\\\/work\\\/\"},{\"@type\":\"ListItem\",\"position\":3,\"name\":\"Ransom\"}]},{\"@type\":\"WebSite\",\"@id\":\"https:\\\/\\\/www.biglight.com\\\/#website\",\"url\":\"https:\\\/\\\/www.biglight.com\\\/\",\"name\":\"Big Light Productions\",\"description\":\"London and Paris Une soci\u00e9t\u00e9 de production t\u00e9l\u00e9visuelle bas\u00e9e entre Paris et Londres\",\"publisher\":{\"@id\":\"https:\\\/\\\/www.biglight.com\\\/#organization\"},\"potentialAction\":[{\"@type\":\"SearchAction\",\"target\":{\"@type\":\"EntryPoint\",\"urlTemplate\":\"https:\\\/\\\/www.biglight.com\\\/?s={search_term_string}\"},\"query-input\":{\"@type\":\"PropertyValueSpecification\",\"valueRequired\":true,\"valueName\":\"search_term_string\"}}],\"inLanguage\":\"fr-FR\"},{\"@type\":\"Organization\",\"@id\":\"https:\\\/\\\/www.biglight.com\\\/#organization\",\"name\":\"Big Light Productions\",\"url\":\"https:\\\/\\\/www.biglight.com\\\/\",\"logo\":{\"@type\":\"ImageObject\",\"inLanguage\":\"fr-FR\",\"@id\":\"https:\\\/\\\/www.biglight.com\\\/#\\\/schema\\\/logo\\\/image\\\/\",\"url\":\"https:\\\/\\\/www.biglight.com\\\/wp-content\\\/uploads\\\/2017\\\/10\\\/Big-Light-Logo.png\",\"contentUrl\":\"https:\\\/\\\/www.biglight.com\\\/wp-content\\\/uploads\\\/2017\\\/10\\\/Big-Light-Logo.png\",\"width\":474,\"height\":499,\"caption\":\"Big Light Productions\"},\"image\":{\"@id\":\"https:\\\/\\\/www.biglight.com\\\/#\\\/schema\\\/logo\\\/image\\\/\"},\"sameAs\":[\"https:\\\/\\\/www.facebook.com\\\/biglightprod\",\"https:\\\/\\\/x.com\\\/BigLightProds\",\"https:\\\/\\\/www.instagram.com\\\/big.light.productions\\\/\",\"https:\\\/\\\/www.youtube.com\\\/channel\\\/UCXo4D51D5lV2f-HDRgKhzng\"]}]}<\/script>\n<!-- \/ Yoast SEO Premium plugin. -->","yoast_head_json":{"title":"Ransom - Big Light Productions","description":"Inspir\u00e9 de la vie d'un n\u00e9gociateur sp\u00e9cialis\u00e9 en crises et prises d'otages, Ransom suit le parcours d'Eric Beaumont, dont l'\u00e9quipe est appel\u00e9 pour sauver des vies l\u00e0 o\u00f9 tous les autres ont \u00e9chou\u00e9. Ransom a \u00e9t\u00e9 la nouvelle fiction la mieux not\u00e9e de VOX en Allemagne pendant plus de 15 mois.","robots":{"index":"index","follow":"follow","max-snippet":"max-snippet:-1","max-image-preview":"max-image-preview:large","max-video-preview":"max-video-preview:-1"},"canonical":"https:\/\/www.biglight.com\/fr\/work\/ransom\/","og_locale":"fr_FR","og_type":"article","og_title":"Ransom","og_description":"Inspir\u00e9 de la vie d'un n\u00e9gociateur sp\u00e9cialis\u00e9 en crises et prises d'otages, Ransom suit le parcours d'Eric Beaumont, dont l'\u00e9quipe est appel\u00e9 pour sauver des vies l\u00e0 o\u00f9 tous les autres ont \u00e9chou\u00e9. Ransom a \u00e9t\u00e9 la nouvelle fiction la mieux not\u00e9e de VOX en Allemagne pendant plus de 15 mois.","og_url":"https:\/\/www.biglight.com\/fr\/work\/ransom\/","og_site_name":"Big Light Productions","article_publisher":"https:\/\/www.facebook.com\/biglightprod","article_modified_time":"2019-12-31T01:03:25+00:00","og_image":[{"width":1500,"height":1067,"url":"https:\/\/www.biglight.com\/wp-content\/uploads\/2019\/06\/SMALL007_J4511_Ransom_S3_KeyArt_ea01_CQ01B_4_F.jpg","type":"image\/jpeg"}],"twitter_card":"summary_large_image","twitter_site":"@BigLightProds","schema":{"@context":"https:\/\/schema.org","@graph":[{"@type":"WebPage","@id":"https:\/\/www.biglight.com\/fr\/work\/ransom\/","url":"https:\/\/www.biglight.com\/fr\/work\/ransom\/","name":"Ransom - Big Light Productions","isPartOf":{"@id":"https:\/\/www.biglight.com\/#website"},"primaryImageOfPage":{"@id":"https:\/\/www.biglight.com\/fr\/work\/ransom\/#primaryimage"},"image":{"@id":"https:\/\/www.biglight.com\/fr\/work\/ransom\/#primaryimage"},"thumbnailUrl":"https:\/\/www.biglight.com\/wp-content\/uploads\/2019\/06\/SMALL007_J4511_Ransom_S3_KeyArt_ea01_CQ01B_4_F.jpg","datePublished":"2017-10-26T14:25:18+00:00","dateModified":"2019-12-31T01:03:25+00:00","description":"Inspir\u00e9 de la vie d'un n\u00e9gociateur sp\u00e9cialis\u00e9 en crises et prises d'otages, Ransom suit le parcours d'Eric Beaumont, dont l'\u00e9quipe est appel\u00e9 pour sauver des vies l\u00e0 o\u00f9 tous les autres ont \u00e9chou\u00e9. Ransom a \u00e9t\u00e9 la nouvelle fiction la mieux not\u00e9e de VOX en Allemagne pendant plus de 15 mois.","breadcrumb":{"@id":"https:\/\/www.biglight.com\/fr\/work\/ransom\/#breadcrumb"},"inLanguage":"fr-FR","potentialAction":[{"@type":"ReadAction","target":["https:\/\/www.biglight.com\/fr\/work\/ransom\/"]}]},{"@type":"ImageObject","inLanguage":"fr-FR","@id":"https:\/\/www.biglight.com\/fr\/work\/ransom\/#primaryimage","url":"https:\/\/www.biglight.com\/wp-content\/uploads\/2019\/06\/SMALL007_J4511_Ransom_S3_KeyArt_ea01_CQ01B_4_F.jpg","contentUrl":"https:\/\/www.biglight.com\/wp-content\/uploads\/2019\/06\/SMALL007_J4511_Ransom_S3_KeyArt_ea01_CQ01B_4_F.jpg","width":1500,"height":1067,"caption":"Ransom poster Art Season 3"},{"@type":"BreadcrumbList","@id":"https:\/\/www.biglight.com\/fr\/work\/ransom\/#breadcrumb","itemListElement":[{"@type":"ListItem","position":1,"name":"Home","item":"https:\/\/www.biglight.com\/fr\/a-propos\/"},{"@type":"ListItem","position":2,"name":"Notre travail","item":"https:\/\/www.biglight.com\/fr\/work\/"},{"@type":"ListItem","position":3,"name":"Ransom"}]},{"@type":"WebSite","@id":"https:\/\/www.biglight.com\/#website","url":"https:\/\/www.biglight.com\/","name":"Big Light Productions","description":"London and Paris Une soci\u00e9t\u00e9 de production t\u00e9l\u00e9visuelle bas\u00e9e entre Paris et Londres","publisher":{"@id":"https:\/\/www.biglight.com\/#organization"},"potentialAction":[{"@type":"SearchAction","target":{"@type":"EntryPoint","urlTemplate":"https:\/\/www.biglight.com\/?s={search_term_string}"},"query-input":{"@type":"PropertyValueSpecification","valueRequired":true,"valueName":"search_term_string"}}],"inLanguage":"fr-FR"},{"@type":"Organization","@id":"https:\/\/www.biglight.com\/#organization","name":"Big Light Productions","url":"https:\/\/www.biglight.com\/","logo":{"@type":"ImageObject","inLanguage":"fr-FR","@id":"https:\/\/www.biglight.com\/#\/schema\/logo\/image\/","url":"https:\/\/www.biglight.com\/wp-content\/uploads\/2017\/10\/Big-Light-Logo.png","contentUrl":"https:\/\/www.biglight.com\/wp-content\/uploads\/2017\/10\/Big-Light-Logo.png","width":474,"height":499,"caption":"Big Light Productions"},"image":{"@id":"https:\/\/www.biglight.com\/#\/schema\/logo\/image\/"},"sameAs":["https:\/\/www.facebook.com\/biglightprod","https:\/\/x.com\/BigLightProds","https:\/\/www.instagram.com\/big.light.productions\/","https:\/\/www.youtube.com\/channel\/UCXo4D51D5lV2f-HDRgKhzng"]}]}},"_links":{"self":[{"href":"https:\/\/www.biglight.com\/fr\/wp-json\/wp\/v2\/pages\/536","targetHints":{"allow":["GET"]}}],"collection":[{"href":"https:\/\/www.biglight.com\/fr\/wp-json\/wp\/v2\/pages"}],"about":[{"href":"https:\/\/www.biglight.com\/fr\/wp-json\/wp\/v2\/types\/page"}],"author":[{"embeddable":true,"href":"https:\/\/www.biglight.com\/fr\/wp-json\/wp\/v2\/users\/1"}],"replies":[{"embeddable":true,"href":"https:\/\/www.biglight.com\/fr\/wp-json\/wp\/v2\/comments?post=536"}],"version-history":[{"count":13,"href":"https:\/\/www.biglight.com\/fr\/wp-json\/wp\/v2\/pages\/536\/revisions"}],"predecessor-version":[{"id":2006,"href":"https:\/\/www.biglight.com\/fr\/wp-json\/wp\/v2\/pages\/536\/revisions\/2006"}],"up":[{"embeddable":true,"href":"https:\/\/www.biglight.com\/fr\/wp-json\/wp\/v2\/pages\/541"}],"wp:featuredmedia":[{"embeddable":true,"href":"https:\/\/www.biglight.com\/fr\/wp-json\/wp\/v2\/media\/1959"}],"wp:attachment":[{"href":"https:\/\/www.biglight.com\/fr\/wp-json\/wp\/v2\/media?parent=536"}],"curies":[{"name":"wp","href":"https:\/\/api.w.org\/{rel}","templated":true}]}}