{"id":2107,"date":"2019-10-29T02:14:30","date_gmt":"2019-10-29T02:14:30","guid":{"rendered":"https:\/\/www.biglight.com\/work\/leonardo\/"},"modified":"2021-04-26T12:04:52","modified_gmt":"2021-04-26T12:04:52","slug":"leonardo","status":"publish","type":"page","link":"https:\/\/www.biglight.com\/fr\/work\/leonardo\/","title":{"rendered":"L\u00e9onard"},"content":{"rendered":"<h2>2021<\/h2>\n<h3>Avec\u00a0<a href=\"https:\/\/www.imdb.com\/name\/nm2636108\/\">Aidan Turner<\/a>, <a href=\"https:\/\/www.imdb.com\/name\/nm0383603\/?ref_=fn_al_nm_1\" target=\"_blank\" rel=\"noopener\">Freddie Highmore<\/a> et Matilda de Angelis<br \/>\nR\u00e9alis\u00e9 par Daniel Percival et Alexis Sweet<br \/>\n\u00c9crit par Gabbie Asher, Frank Spotnitz et Steve Thompson<br \/>\nCr\u00e9e par Frank Spotnitz et Steve Thompson<\/h3>\n<p>Une s\u00e9rie produite avec\u00a0<a href=\"http:\/\/luxvide.it\/en\/index.php\">Lux Vide<\/a>, Sony Pictures Television, RAI, France T\u00e9l\u00e9visions et RTVE<\/p>\n<p><!--contentpartdivider--><\/p>\n<p style=\"text-align: justify;\"><i>L\u00e9onard\u00a0<\/i>est une s\u00e9rie TV en huit episodes racontant l&rsquo;incroyable et authentique histoire du g\u00e9nie de la Renaissance.<\/p>\n<p style=\"text-align: justify;\">N\u00e9 fils ill\u00e9gitime d&rsquo;un notaire de la ville de Vinci, la solitude de son enfance lui laisse un d\u00e9sir irr\u00e9pressible d&rsquo;apprendre et comprendre absolument tout.<\/p>\n<p style=\"text-align: justify;\">Sous la houlette d&rsquo;un inspecteur milanais tenant sa vie entre ses mains, L\u00e9onard devra consentir \u00e0 des sacrifices terribles afin de cr\u00e9er les chef d&rsquo;oeuvres qui chang\u00e8rent le monde \u00e0 jamais.<\/p>\n<p style=\"text-align: justify;\">La premi\u00e8re de la s\u00e9rie sur RAI a attir\u00e9 7 millions de t\u00e9l\u00e9spectateurs et une part d&rsquo;audience de 28,2%.<\/p>\n<ul class=\"more-link animation-element slide-up-sm\">\n<li style=\"list-style-type: none;\">\n<ul class=\"more-link animation-element slide-up-sm\">\n<li><a class=\"external-icon\" href=\"https:\/\/www.imdb.com\/title\/tt7950706\/?ref_=nm_flmg_act_1\" target=\"_blank\" rel=\"noopener noreferrer\">Credits<\/a><\/li>\n<\/ul>\n<\/li>\n<\/ul>\n","protected":false},"excerpt":{"rendered":"<p>L\u00e9onard\u00a0est une s\u00e9rie TV en huit episodes racontant l&rsquo;incroyable et authentique histoire du g\u00e9nie de la Renaissance.<\/p>\n","protected":false},"author":2,"featured_media":2537,"parent":541,"menu_order":2,"comment_status":"closed","ping_status":"closed","template":"page-work.php","meta":{"_acf_changed":false,"footnotes":""},"class_list":["post-2107","page","type-page","status-publish","has-post-thumbnail","hentry","has-content-parts","content-parts-2"],"acf":[],"yoast_head":"<!-- This site is optimized with the Yoast SEO Premium plugin v27.0 (Yoast SEO v27.5) - https:\/\/yoast.com\/product\/yoast-seo-premium-wordpress\/ -->\n<title>L\u00e9onard - Big Light Productions<\/title>\n<meta name=\"description\" content=\"L\u00e9onard\u00a0est une s\u00e9rie TV en huit episodes racontant l&#039;incroyable et authentique histoire du g\u00e9nie de la Renaissance.\" \/>\n<meta name=\"robots\" content=\"index, follow, max-snippet:-1, max-image-preview:large, max-video-preview:-1\" \/>\n<link rel=\"canonical\" href=\"https:\/\/www.biglight.com\/fr\/work\/leonardo\/\" \/>\n<meta property=\"og:locale\" content=\"fr_FR\" \/>\n<meta property=\"og:type\" content=\"article\" \/>\n<meta property=\"og:title\" content=\"L\u00e9onard\" \/>\n<meta property=\"og:description\" content=\"L\u00e9onard est une s\u00e9rie TV en huit episodes racontant l&#039;incroyable et authentique histoire du g\u00e9nie de la Renaissance.\" \/>\n<meta property=\"og:url\" content=\"https:\/\/www.biglight.com\/fr\/work\/leonardo\/\" \/>\n<meta property=\"og:site_name\" content=\"Big Light Productions\" \/>\n<meta property=\"article:publisher\" content=\"https:\/\/www.facebook.com\/biglightprod\" \/>\n<meta property=\"article:modified_time\" content=\"2021-04-26T12:04:52+00:00\" \/>\n<meta property=\"og:image\" content=\"https:\/\/www.biglight.com\/wp-content\/uploads\/2019\/10\/Da_Vinci_Vitruve_Luc_Viatoursmall2-1400x533.png\" \/>\n\t<meta property=\"og:image:width\" content=\"1400\" \/>\n\t<meta property=\"og:image:height\" content=\"533\" \/>\n\t<meta property=\"og:image:type\" content=\"image\/png\" \/>\n<meta name=\"twitter:card\" content=\"summary_large_image\" \/>\n<meta name=\"twitter:site\" content=\"@BigLightProds\" \/>\n<script type=\"application\/ld+json\" class=\"yoast-schema-graph\">{\"@context\":\"https:\\\/\\\/schema.org\",\"@graph\":[{\"@type\":\"WebPage\",\"@id\":\"https:\\\/\\\/www.biglight.com\\\/fr\\\/work\\\/leonardo\\\/\",\"url\":\"https:\\\/\\\/www.biglight.com\\\/fr\\\/work\\\/leonardo\\\/\",\"name\":\"L\u00e9onard - Big Light Productions\",\"isPartOf\":{\"@id\":\"https:\\\/\\\/www.biglight.com\\\/#website\"},\"primaryImageOfPage\":{\"@id\":\"https:\\\/\\\/www.biglight.com\\\/fr\\\/work\\\/leonardo\\\/#primaryimage\"},\"image\":{\"@id\":\"https:\\\/\\\/www.biglight.com\\\/fr\\\/work\\\/leonardo\\\/#primaryimage\"},\"thumbnailUrl\":\"https:\\\/\\\/www.biglight.com\\\/wp-content\\\/uploads\\\/2021\\\/03\\\/Trio-for-BL.png\",\"datePublished\":\"2019-10-29T02:14:30+00:00\",\"dateModified\":\"2021-04-26T12:04:52+00:00\",\"description\":\"L\u00e9onard\u00a0est une s\u00e9rie TV en huit episodes racontant l'incroyable et authentique histoire du g\u00e9nie de la Renaissance.\",\"breadcrumb\":{\"@id\":\"https:\\\/\\\/www.biglight.com\\\/fr\\\/work\\\/leonardo\\\/#breadcrumb\"},\"inLanguage\":\"fr-FR\",\"potentialAction\":[{\"@type\":\"ReadAction\",\"target\":[\"https:\\\/\\\/www.biglight.com\\\/fr\\\/work\\\/leonardo\\\/\"]}]},{\"@type\":\"ImageObject\",\"inLanguage\":\"fr-FR\",\"@id\":\"https:\\\/\\\/www.biglight.com\\\/fr\\\/work\\\/leonardo\\\/#primaryimage\",\"url\":\"https:\\\/\\\/www.biglight.com\\\/wp-content\\\/uploads\\\/2021\\\/03\\\/Trio-for-BL.png\",\"contentUrl\":\"https:\\\/\\\/www.biglight.com\\\/wp-content\\\/uploads\\\/2021\\\/03\\\/Trio-for-BL.png\",\"width\":4192,\"height\":2794},{\"@type\":\"BreadcrumbList\",\"@id\":\"https:\\\/\\\/www.biglight.com\\\/fr\\\/work\\\/leonardo\\\/#breadcrumb\",\"itemListElement\":[{\"@type\":\"ListItem\",\"position\":1,\"name\":\"Home\",\"item\":\"https:\\\/\\\/www.biglight.com\\\/fr\\\/a-propos\\\/\"},{\"@type\":\"ListItem\",\"position\":2,\"name\":\"Notre travail\",\"item\":\"https:\\\/\\\/www.biglight.com\\\/fr\\\/work\\\/\"},{\"@type\":\"ListItem\",\"position\":3,\"name\":\"L\u00e9onard\"}]},{\"@type\":\"WebSite\",\"@id\":\"https:\\\/\\\/www.biglight.com\\\/#website\",\"url\":\"https:\\\/\\\/www.biglight.com\\\/\",\"name\":\"Big Light Productions\",\"description\":\"London and Paris Une soci\u00e9t\u00e9 de production t\u00e9l\u00e9visuelle bas\u00e9e entre Paris et Londres\",\"publisher\":{\"@id\":\"https:\\\/\\\/www.biglight.com\\\/#organization\"},\"potentialAction\":[{\"@type\":\"SearchAction\",\"target\":{\"@type\":\"EntryPoint\",\"urlTemplate\":\"https:\\\/\\\/www.biglight.com\\\/?s={search_term_string}\"},\"query-input\":{\"@type\":\"PropertyValueSpecification\",\"valueRequired\":true,\"valueName\":\"search_term_string\"}}],\"inLanguage\":\"fr-FR\"},{\"@type\":\"Organization\",\"@id\":\"https:\\\/\\\/www.biglight.com\\\/#organization\",\"name\":\"Big Light Productions\",\"url\":\"https:\\\/\\\/www.biglight.com\\\/\",\"logo\":{\"@type\":\"ImageObject\",\"inLanguage\":\"fr-FR\",\"@id\":\"https:\\\/\\\/www.biglight.com\\\/#\\\/schema\\\/logo\\\/image\\\/\",\"url\":\"https:\\\/\\\/www.biglight.com\\\/wp-content\\\/uploads\\\/2017\\\/10\\\/Big-Light-Logo.png\",\"contentUrl\":\"https:\\\/\\\/www.biglight.com\\\/wp-content\\\/uploads\\\/2017\\\/10\\\/Big-Light-Logo.png\",\"width\":474,\"height\":499,\"caption\":\"Big Light Productions\"},\"image\":{\"@id\":\"https:\\\/\\\/www.biglight.com\\\/#\\\/schema\\\/logo\\\/image\\\/\"},\"sameAs\":[\"https:\\\/\\\/www.facebook.com\\\/biglightprod\",\"https:\\\/\\\/x.com\\\/BigLightProds\",\"https:\\\/\\\/www.instagram.com\\\/big.light.productions\\\/\",\"https:\\\/\\\/www.youtube.com\\\/channel\\\/UCXo4D51D5lV2f-HDRgKhzng\"]}]}<\/script>\n<!-- \/ Yoast SEO Premium plugin. -->","yoast_head_json":{"title":"L\u00e9onard - Big Light Productions","description":"L\u00e9onard\u00a0est une s\u00e9rie TV en huit episodes racontant l'incroyable et authentique histoire du g\u00e9nie de la Renaissance.","robots":{"index":"index","follow":"follow","max-snippet":"max-snippet:-1","max-image-preview":"max-image-preview:large","max-video-preview":"max-video-preview:-1"},"canonical":"https:\/\/www.biglight.com\/fr\/work\/leonardo\/","og_locale":"fr_FR","og_type":"article","og_title":"L\u00e9onard","og_description":"L\u00e9onard est une s\u00e9rie TV en huit episodes racontant l'incroyable et authentique histoire du g\u00e9nie de la Renaissance.","og_url":"https:\/\/www.biglight.com\/fr\/work\/leonardo\/","og_site_name":"Big Light Productions","article_publisher":"https:\/\/www.facebook.com\/biglightprod","article_modified_time":"2021-04-26T12:04:52+00:00","og_image":[{"width":1400,"height":533,"url":"https:\/\/www.biglight.com\/wp-content\/uploads\/2019\/10\/Da_Vinci_Vitruve_Luc_Viatoursmall2-1400x533.png","type":"image\/png"}],"twitter_card":"summary_large_image","twitter_site":"@BigLightProds","schema":{"@context":"https:\/\/schema.org","@graph":[{"@type":"WebPage","@id":"https:\/\/www.biglight.com\/fr\/work\/leonardo\/","url":"https:\/\/www.biglight.com\/fr\/work\/leonardo\/","name":"L\u00e9onard - Big Light Productions","isPartOf":{"@id":"https:\/\/www.biglight.com\/#website"},"primaryImageOfPage":{"@id":"https:\/\/www.biglight.com\/fr\/work\/leonardo\/#primaryimage"},"image":{"@id":"https:\/\/www.biglight.com\/fr\/work\/leonardo\/#primaryimage"},"thumbnailUrl":"https:\/\/www.biglight.com\/wp-content\/uploads\/2021\/03\/Trio-for-BL.png","datePublished":"2019-10-29T02:14:30+00:00","dateModified":"2021-04-26T12:04:52+00:00","description":"L\u00e9onard\u00a0est une s\u00e9rie TV en huit episodes racontant l'incroyable et authentique histoire du g\u00e9nie de la Renaissance.","breadcrumb":{"@id":"https:\/\/www.biglight.com\/fr\/work\/leonardo\/#breadcrumb"},"inLanguage":"fr-FR","potentialAction":[{"@type":"ReadAction","target":["https:\/\/www.biglight.com\/fr\/work\/leonardo\/"]}]},{"@type":"ImageObject","inLanguage":"fr-FR","@id":"https:\/\/www.biglight.com\/fr\/work\/leonardo\/#primaryimage","url":"https:\/\/www.biglight.com\/wp-content\/uploads\/2021\/03\/Trio-for-BL.png","contentUrl":"https:\/\/www.biglight.com\/wp-content\/uploads\/2021\/03\/Trio-for-BL.png","width":4192,"height":2794},{"@type":"BreadcrumbList","@id":"https:\/\/www.biglight.com\/fr\/work\/leonardo\/#breadcrumb","itemListElement":[{"@type":"ListItem","position":1,"name":"Home","item":"https:\/\/www.biglight.com\/fr\/a-propos\/"},{"@type":"ListItem","position":2,"name":"Notre travail","item":"https:\/\/www.biglight.com\/fr\/work\/"},{"@type":"ListItem","position":3,"name":"L\u00e9onard"}]},{"@type":"WebSite","@id":"https:\/\/www.biglight.com\/#website","url":"https:\/\/www.biglight.com\/","name":"Big Light Productions","description":"London and Paris Une soci\u00e9t\u00e9 de production t\u00e9l\u00e9visuelle bas\u00e9e entre Paris et Londres","publisher":{"@id":"https:\/\/www.biglight.com\/#organization"},"potentialAction":[{"@type":"SearchAction","target":{"@type":"EntryPoint","urlTemplate":"https:\/\/www.biglight.com\/?s={search_term_string}"},"query-input":{"@type":"PropertyValueSpecification","valueRequired":true,"valueName":"search_term_string"}}],"inLanguage":"fr-FR"},{"@type":"Organization","@id":"https:\/\/www.biglight.com\/#organization","name":"Big Light Productions","url":"https:\/\/www.biglight.com\/","logo":{"@type":"ImageObject","inLanguage":"fr-FR","@id":"https:\/\/www.biglight.com\/#\/schema\/logo\/image\/","url":"https:\/\/www.biglight.com\/wp-content\/uploads\/2017\/10\/Big-Light-Logo.png","contentUrl":"https:\/\/www.biglight.com\/wp-content\/uploads\/2017\/10\/Big-Light-Logo.png","width":474,"height":499,"caption":"Big Light Productions"},"image":{"@id":"https:\/\/www.biglight.com\/#\/schema\/logo\/image\/"},"sameAs":["https:\/\/www.facebook.com\/biglightprod","https:\/\/x.com\/BigLightProds","https:\/\/www.instagram.com\/big.light.productions\/","https:\/\/www.youtube.com\/channel\/UCXo4D51D5lV2f-HDRgKhzng"]}]}},"_links":{"self":[{"href":"https:\/\/www.biglight.com\/fr\/wp-json\/wp\/v2\/pages\/2107","targetHints":{"allow":["GET"]}}],"collection":[{"href":"https:\/\/www.biglight.com\/fr\/wp-json\/wp\/v2\/pages"}],"about":[{"href":"https:\/\/www.biglight.com\/fr\/wp-json\/wp\/v2\/types\/page"}],"author":[{"embeddable":true,"href":"https:\/\/www.biglight.com\/fr\/wp-json\/wp\/v2\/users\/2"}],"replies":[{"embeddable":true,"href":"https:\/\/www.biglight.com\/fr\/wp-json\/wp\/v2\/comments?post=2107"}],"version-history":[{"count":14,"href":"https:\/\/www.biglight.com\/fr\/wp-json\/wp\/v2\/pages\/2107\/revisions"}],"predecessor-version":[{"id":2547,"href":"https:\/\/www.biglight.com\/fr\/wp-json\/wp\/v2\/pages\/2107\/revisions\/2547"}],"up":[{"embeddable":true,"href":"https:\/\/www.biglight.com\/fr\/wp-json\/wp\/v2\/pages\/541"}],"wp:featuredmedia":[{"embeddable":true,"href":"https:\/\/www.biglight.com\/fr\/wp-json\/wp\/v2\/media\/2537"}],"wp:attachment":[{"href":"https:\/\/www.biglight.com\/fr\/wp-json\/wp\/v2\/media?parent=2107"}],"curies":[{"name":"wp","href":"https:\/\/api.w.org\/{rel}","templated":true}]}}