{"id":708,"date":"2017-10-26T10:00:43","date_gmt":"2017-10-26T10:00:43","guid":{"rendered":"https:\/\/www.biglight.com\/work\/hunted\/"},"modified":"2017-11-08T16:47:51","modified_gmt":"2017-11-08T16:47:51","slug":"hunted","status":"publish","type":"page","link":"https:\/\/www.biglight.com\/es\/work\/hunted\/","title":{"rendered":"Hunted"},"content":{"rendered":"<h2>2012<\/h2>\n<h3>Protagoniza <a href=\"http:\/\/www.imdb.com\/name\/nm0313534\" target=\"_blank\" rel=\"noopener\">Melissa George<\/a><\/h3>\n<p>Producida con <a href=\"http:\/\/www.kudos.co.uk\" target=\"_blank\" rel=\"noopener\">Kudos<\/a> &amp; <a href=\"http:\/\/www.bbc.co.uk\" target=\"_blank\" rel=\"noopener\">BBC<\/a><br \/>\nTransmitida a trav\u00e9s de la <a href=\"http:\/\/www.bbc.co.uk\" target=\"_blank\" rel=\"noopener\">BBC<\/a> &amp; <a href=\"http:\/\/www.hbo.com\">HBO<\/a>\/<a href=\"https:\/\/www.cinemax.com\" target=\"_blank\" rel=\"noopener\">Cinemax<\/a><\/p>\n<p><!--contentpartdivider--><\/p>\n<p>Sam Hunter (George) es la mejor agente en la firma privada de espionaje, Byzantium. Un a\u00f1o despu\u00e9s de su desaparici\u00f3n en una misi\u00f3n en Marruecos, Sam regresa a trabajar, determinada a descubrir qui\u00e9n intent\u00f3 asesinarla. Sus investigaciones la llevan a un mundo peligroso, donde corporaciones controlan los gobiernos y no puede confiar en nadie. Es s\u00f3lo cuando Sam es obligada a hurgar en su pasado, cuando ella comienza a encontrar pistas para resolver el misterio de qui\u00e9n est\u00e1 tratando de asesinarla y por qu\u00e9.<\/p>\n<p><em>Hunted<\/em> gan\u00f3 el premio a Mejor Logros en Cinematograf\u00eda en la Sociedad Americana de Cinematografos, y fu\u00e9 nominada al BAFTA en 2013.<\/p>\n<ul class=\"more-link animation-element slide-up-sm\">\n<li><a class=\"watch-icon\" href=\"#\" data-toggle=\"modal\" data-target=\"#trailerVideo\">Trailer<\/a><\/li>\n<li><a class=\"external-icon\" href=\"http:\/\/www.imdb.com\/title\/tt2069449\/fullcredits\" target=\"_blank\" rel=\"noopener\">Cr\u00e9ditos<\/a><\/li>\n<\/ul>\n","protected":false},"excerpt":{"rendered":"<p>Sam Hunter es la mejor agente en la firma privada de espionaje, Byzantium. Un a\u00f1o despu\u00e9s de su desaparici\u00f3n en una misi\u00f3n en Marruecos, Sam regresa a trabajar, determinada a descubrir qui\u00e9n intent\u00f3 asesinarla.<\/p>\n","protected":false},"author":1,"featured_media":710,"parent":692,"menu_order":10,"comment_status":"closed","ping_status":"closed","template":"page-work.php","meta":{"_acf_changed":false,"footnotes":""},"class_list":["post-708","page","type-page","status-publish","has-post-thumbnail","hentry","has-content-parts","content-parts-2"],"acf":[],"yoast_head":"<!-- This site is optimized with the Yoast SEO Premium plugin v27.0 (Yoast SEO v27.5) - https:\/\/yoast.com\/product\/yoast-seo-premium-wordpress\/ -->\n<title>Hunted - Big Light Productions<\/title>\n<meta name=\"description\" content=\"Sam Hunter es la mejor agente en la firma privada de espionaje, Byzantium. Un a\u00f1o despu\u00e9s de su desaparici\u00f3n en una misi\u00f3n en Marruecos, Sam regresa a trabajar, determinada a descubrir qui\u00e9n intent\u00f3 asesinarla.\" \/>\n<meta name=\"robots\" content=\"index, follow, max-snippet:-1, max-image-preview:large, max-video-preview:-1\" \/>\n<link rel=\"canonical\" href=\"https:\/\/www.biglight.com\/es\/work\/hunted\/\" \/>\n<meta property=\"og:locale\" content=\"es_ES\" \/>\n<meta property=\"og:type\" content=\"article\" \/>\n<meta property=\"og:title\" content=\"Hunted\" \/>\n<meta property=\"og:description\" content=\"Sam Hunter es la mejor agente en la firma privada de espionaje, Byzantium. Un a\u00f1o despu\u00e9s de su desaparici\u00f3n en una misi\u00f3n en Marruecos, Sam regresa a trabajar, determinada a descubrir qui\u00e9n intent\u00f3 asesinarla.\" \/>\n<meta property=\"og:url\" content=\"https:\/\/www.biglight.com\/es\/work\/hunted\/\" \/>\n<meta property=\"og:site_name\" content=\"Big Light Productions\" \/>\n<meta property=\"article:publisher\" content=\"https:\/\/www.facebook.com\/biglightprod\" \/>\n<meta property=\"article:modified_time\" content=\"2017-11-08T16:47:51+00:00\" \/>\n<meta property=\"og:image\" content=\"https:\/\/www.biglight.com\/wp-content\/uploads\/2017\/06\/BigLightProductions-Hunted.jpg\" \/>\n\t<meta property=\"og:image:width\" content=\"3000\" \/>\n\t<meta property=\"og:image:height\" content=\"1693\" \/>\n\t<meta property=\"og:image:type\" content=\"image\/jpeg\" \/>\n<meta name=\"twitter:card\" content=\"summary_large_image\" \/>\n<meta name=\"twitter:site\" content=\"@BigLightProds\" \/>\n<script type=\"application\/ld+json\" class=\"yoast-schema-graph\">{\"@context\":\"https:\\\/\\\/schema.org\",\"@graph\":[{\"@type\":\"WebPage\",\"@id\":\"https:\\\/\\\/www.biglight.com\\\/es\\\/work\\\/hunted\\\/\",\"url\":\"https:\\\/\\\/www.biglight.com\\\/es\\\/work\\\/hunted\\\/\",\"name\":\"Hunted - Big Light Productions\",\"isPartOf\":{\"@id\":\"https:\\\/\\\/www.biglight.com\\\/#website\"},\"primaryImageOfPage\":{\"@id\":\"https:\\\/\\\/www.biglight.com\\\/es\\\/work\\\/hunted\\\/#primaryimage\"},\"image\":{\"@id\":\"https:\\\/\\\/www.biglight.com\\\/es\\\/work\\\/hunted\\\/#primaryimage\"},\"thumbnailUrl\":\"https:\\\/\\\/www.biglight.com\\\/wp-content\\\/uploads\\\/2017\\\/06\\\/BigLightProductions-Hunted.jpg\",\"datePublished\":\"2017-10-26T10:00:43+00:00\",\"dateModified\":\"2017-11-08T16:47:51+00:00\",\"description\":\"Sam Hunter es la mejor agente en la firma privada de espionaje, Byzantium. Un a\u00f1o despu\u00e9s de su desaparici\u00f3n en una misi\u00f3n en Marruecos, Sam regresa a trabajar, determinada a descubrir qui\u00e9n intent\u00f3 asesinarla.\",\"breadcrumb\":{\"@id\":\"https:\\\/\\\/www.biglight.com\\\/es\\\/work\\\/hunted\\\/#breadcrumb\"},\"inLanguage\":\"es\",\"potentialAction\":[{\"@type\":\"ReadAction\",\"target\":[\"https:\\\/\\\/www.biglight.com\\\/es\\\/work\\\/hunted\\\/\"]}]},{\"@type\":\"ImageObject\",\"inLanguage\":\"es\",\"@id\":\"https:\\\/\\\/www.biglight.com\\\/es\\\/work\\\/hunted\\\/#primaryimage\",\"url\":\"https:\\\/\\\/www.biglight.com\\\/wp-content\\\/uploads\\\/2017\\\/06\\\/BigLightProductions-Hunted.jpg\",\"contentUrl\":\"https:\\\/\\\/www.biglight.com\\\/wp-content\\\/uploads\\\/2017\\\/06\\\/BigLightProductions-Hunted.jpg\",\"width\":3000,\"height\":1693},{\"@type\":\"BreadcrumbList\",\"@id\":\"https:\\\/\\\/www.biglight.com\\\/es\\\/work\\\/hunted\\\/#breadcrumb\",\"itemListElement\":[{\"@type\":\"ListItem\",\"position\":1,\"name\":\"Home\",\"item\":\"https:\\\/\\\/www.biglight.com\\\/es\\\/inicio\\\/\"},{\"@type\":\"ListItem\",\"position\":2,\"name\":\"Producciones\",\"item\":\"https:\\\/\\\/www.biglight.com\\\/es\\\/work\\\/\"},{\"@type\":\"ListItem\",\"position\":3,\"name\":\"Hunted\"}]},{\"@type\":\"WebSite\",\"@id\":\"https:\\\/\\\/www.biglight.com\\\/#website\",\"url\":\"https:\\\/\\\/www.biglight.com\\\/\",\"name\":\"Big Light Productions\",\"description\":\"Compa\u00f1\u00eda productora de televisi\u00f3n basada en Londres y Par\u00eds\",\"publisher\":{\"@id\":\"https:\\\/\\\/www.biglight.com\\\/#organization\"},\"potentialAction\":[{\"@type\":\"SearchAction\",\"target\":{\"@type\":\"EntryPoint\",\"urlTemplate\":\"https:\\\/\\\/www.biglight.com\\\/?s={search_term_string}\"},\"query-input\":{\"@type\":\"PropertyValueSpecification\",\"valueRequired\":true,\"valueName\":\"search_term_string\"}}],\"inLanguage\":\"es\"},{\"@type\":\"Organization\",\"@id\":\"https:\\\/\\\/www.biglight.com\\\/#organization\",\"name\":\"Big Light Productions\",\"url\":\"https:\\\/\\\/www.biglight.com\\\/\",\"logo\":{\"@type\":\"ImageObject\",\"inLanguage\":\"es\",\"@id\":\"https:\\\/\\\/www.biglight.com\\\/#\\\/schema\\\/logo\\\/image\\\/\",\"url\":\"https:\\\/\\\/www.biglight.com\\\/wp-content\\\/uploads\\\/2017\\\/10\\\/Big-Light-Logo.png\",\"contentUrl\":\"https:\\\/\\\/www.biglight.com\\\/wp-content\\\/uploads\\\/2017\\\/10\\\/Big-Light-Logo.png\",\"width\":474,\"height\":499,\"caption\":\"Big Light Productions\"},\"image\":{\"@id\":\"https:\\\/\\\/www.biglight.com\\\/#\\\/schema\\\/logo\\\/image\\\/\"},\"sameAs\":[\"https:\\\/\\\/www.facebook.com\\\/biglightprod\",\"https:\\\/\\\/x.com\\\/BigLightProds\",\"https:\\\/\\\/www.instagram.com\\\/big.light.productions\\\/\",\"https:\\\/\\\/www.youtube.com\\\/channel\\\/UCXo4D51D5lV2f-HDRgKhzng\"]}]}<\/script>\n<!-- \/ Yoast SEO Premium plugin. -->","yoast_head_json":{"title":"Hunted - Big Light Productions","description":"Sam Hunter es la mejor agente en la firma privada de espionaje, Byzantium. Un a\u00f1o despu\u00e9s de su desaparici\u00f3n en una misi\u00f3n en Marruecos, Sam regresa a trabajar, determinada a descubrir qui\u00e9n intent\u00f3 asesinarla.","robots":{"index":"index","follow":"follow","max-snippet":"max-snippet:-1","max-image-preview":"max-image-preview:large","max-video-preview":"max-video-preview:-1"},"canonical":"https:\/\/www.biglight.com\/es\/work\/hunted\/","og_locale":"es_ES","og_type":"article","og_title":"Hunted","og_description":"Sam Hunter es la mejor agente en la firma privada de espionaje, Byzantium. Un a\u00f1o despu\u00e9s de su desaparici\u00f3n en una misi\u00f3n en Marruecos, Sam regresa a trabajar, determinada a descubrir qui\u00e9n intent\u00f3 asesinarla.","og_url":"https:\/\/www.biglight.com\/es\/work\/hunted\/","og_site_name":"Big Light Productions","article_publisher":"https:\/\/www.facebook.com\/biglightprod","article_modified_time":"2017-11-08T16:47:51+00:00","og_image":[{"width":3000,"height":1693,"url":"https:\/\/www.biglight.com\/wp-content\/uploads\/2017\/06\/BigLightProductions-Hunted.jpg","type":"image\/jpeg"}],"twitter_card":"summary_large_image","twitter_site":"@BigLightProds","schema":{"@context":"https:\/\/schema.org","@graph":[{"@type":"WebPage","@id":"https:\/\/www.biglight.com\/es\/work\/hunted\/","url":"https:\/\/www.biglight.com\/es\/work\/hunted\/","name":"Hunted - Big Light Productions","isPartOf":{"@id":"https:\/\/www.biglight.com\/#website"},"primaryImageOfPage":{"@id":"https:\/\/www.biglight.com\/es\/work\/hunted\/#primaryimage"},"image":{"@id":"https:\/\/www.biglight.com\/es\/work\/hunted\/#primaryimage"},"thumbnailUrl":"https:\/\/www.biglight.com\/wp-content\/uploads\/2017\/06\/BigLightProductions-Hunted.jpg","datePublished":"2017-10-26T10:00:43+00:00","dateModified":"2017-11-08T16:47:51+00:00","description":"Sam Hunter es la mejor agente en la firma privada de espionaje, Byzantium. Un a\u00f1o despu\u00e9s de su desaparici\u00f3n en una misi\u00f3n en Marruecos, Sam regresa a trabajar, determinada a descubrir qui\u00e9n intent\u00f3 asesinarla.","breadcrumb":{"@id":"https:\/\/www.biglight.com\/es\/work\/hunted\/#breadcrumb"},"inLanguage":"es","potentialAction":[{"@type":"ReadAction","target":["https:\/\/www.biglight.com\/es\/work\/hunted\/"]}]},{"@type":"ImageObject","inLanguage":"es","@id":"https:\/\/www.biglight.com\/es\/work\/hunted\/#primaryimage","url":"https:\/\/www.biglight.com\/wp-content\/uploads\/2017\/06\/BigLightProductions-Hunted.jpg","contentUrl":"https:\/\/www.biglight.com\/wp-content\/uploads\/2017\/06\/BigLightProductions-Hunted.jpg","width":3000,"height":1693},{"@type":"BreadcrumbList","@id":"https:\/\/www.biglight.com\/es\/work\/hunted\/#breadcrumb","itemListElement":[{"@type":"ListItem","position":1,"name":"Home","item":"https:\/\/www.biglight.com\/es\/inicio\/"},{"@type":"ListItem","position":2,"name":"Producciones","item":"https:\/\/www.biglight.com\/es\/work\/"},{"@type":"ListItem","position":3,"name":"Hunted"}]},{"@type":"WebSite","@id":"https:\/\/www.biglight.com\/#website","url":"https:\/\/www.biglight.com\/","name":"Big Light Productions","description":"Compa\u00f1\u00eda productora de televisi\u00f3n basada en Londres y Par\u00eds","publisher":{"@id":"https:\/\/www.biglight.com\/#organization"},"potentialAction":[{"@type":"SearchAction","target":{"@type":"EntryPoint","urlTemplate":"https:\/\/www.biglight.com\/?s={search_term_string}"},"query-input":{"@type":"PropertyValueSpecification","valueRequired":true,"valueName":"search_term_string"}}],"inLanguage":"es"},{"@type":"Organization","@id":"https:\/\/www.biglight.com\/#organization","name":"Big Light Productions","url":"https:\/\/www.biglight.com\/","logo":{"@type":"ImageObject","inLanguage":"es","@id":"https:\/\/www.biglight.com\/#\/schema\/logo\/image\/","url":"https:\/\/www.biglight.com\/wp-content\/uploads\/2017\/10\/Big-Light-Logo.png","contentUrl":"https:\/\/www.biglight.com\/wp-content\/uploads\/2017\/10\/Big-Light-Logo.png","width":474,"height":499,"caption":"Big Light Productions"},"image":{"@id":"https:\/\/www.biglight.com\/#\/schema\/logo\/image\/"},"sameAs":["https:\/\/www.facebook.com\/biglightprod","https:\/\/x.com\/BigLightProds","https:\/\/www.instagram.com\/big.light.productions\/","https:\/\/www.youtube.com\/channel\/UCXo4D51D5lV2f-HDRgKhzng"]}]}},"_links":{"self":[{"href":"https:\/\/www.biglight.com\/es\/wp-json\/wp\/v2\/pages\/708","targetHints":{"allow":["GET"]}}],"collection":[{"href":"https:\/\/www.biglight.com\/es\/wp-json\/wp\/v2\/pages"}],"about":[{"href":"https:\/\/www.biglight.com\/es\/wp-json\/wp\/v2\/types\/page"}],"author":[{"embeddable":true,"href":"https:\/\/www.biglight.com\/es\/wp-json\/wp\/v2\/users\/1"}],"replies":[{"embeddable":true,"href":"https:\/\/www.biglight.com\/es\/wp-json\/wp\/v2\/comments?post=708"}],"version-history":[{"count":3,"href":"https:\/\/www.biglight.com\/es\/wp-json\/wp\/v2\/pages\/708\/revisions"}],"predecessor-version":[{"id":1189,"href":"https:\/\/www.biglight.com\/es\/wp-json\/wp\/v2\/pages\/708\/revisions\/1189"}],"up":[{"embeddable":true,"href":"https:\/\/www.biglight.com\/es\/wp-json\/wp\/v2\/pages\/692"}],"wp:featuredmedia":[{"embeddable":true,"href":"https:\/\/www.biglight.com\/es\/wp-json\/wp\/v2\/media\/710"}],"wp:attachment":[{"href":"https:\/\/www.biglight.com\/es\/wp-json\/wp\/v2\/media?parent=708"}],"curies":[{"name":"wp","href":"https:\/\/api.w.org\/{rel}","templated":true}]}}