{"id":706,"date":"2017-10-26T11:00:57","date_gmt":"2017-10-26T11:00:57","guid":{"rendered":"https:\/\/www.biglight.com\/work\/transporter\/"},"modified":"2019-12-31T01:23:48","modified_gmt":"2019-12-31T01:23:48","slug":"transporter","status":"publish","type":"page","link":"https:\/\/www.biglight.com\/es\/work\/transporter\/","title":{"rendered":"Transporter &#8211; Serie 2"},"content":{"rendered":"<h2>2014<\/h2>\n<h3>Protagoniza <a href=\"http:\/\/www.imdb.com\/name\/nm0888496\" target=\"_blank\" rel=\"noopener noreferrer\">Chris Vance<\/a><\/h3>\n<p>Producido con <a href=\"http:\/\/www.atlantique-productions.fr\" target=\"_blank\" rel=\"noopener noreferrer\">Atlantique Productions<\/a><br \/>\nTransmitido a trav\u00e9s de <a href=\"http:\/\/www.tntdrama.com\" target=\"_blank\" rel=\"noopener noreferrer\">TNT<\/a> (USA), <a href=\"http:\/\/www.hbocanada.com\" target=\"_blank\" rel=\"noopener noreferrer\">HBO<\/a> (Canada), <a href=\"https:\/\/www.rtl.de\" target=\"_blank\" rel=\"noopener noreferrer\">RTL<\/a> &amp; <a href=\"https:\/\/www.6play.fr\/m6\" target=\"_blank\" rel=\"noopener noreferrer\">M6<\/a><\/p>\n<p><!--contentpartdivider--><\/p>\n<p>\u201cEl Transportista\u2019\u2019 Frank Martin (Vance) es pagado para recoger y entregar personas o cargamento de cualquier parte del mundo. Tomando solo las m\u00e1s dif\u00edciles asignaciones, Frank est\u00e1 en la cima de su profesi\u00f3n. Ayudado por sus socios, Caterina Boldieu, una oficial de inteligencia retirada, y Jules Faroux, un prodigio de la computaci\u00f3n y la mec\u00e1nica, los diversos paquetes de los transportadores incluyen desde princesas del pop, hasta obras de arte invaluables.<\/p>\n<p><em>Transporter: The Series<\/em> presenta un humor inteligente, locaciones ex\u00f3ticas, acci\u00f3n y suspenso sin l\u00edmites. La premiere Francesa en M6 reuni\u00f3 tres millones de televidentes, con un share de 12.3%.<\/p>\n<ul class=\"more-link animation-element slide-up-sm\">\n<li><a class=\"external-icon\" href=\"http:\/\/www.imdb.com\/title\/tt1885102\/fullcredits\" target=\"_blank\" rel=\"noopener noreferrer\">Cr\u00e9ditos<\/a><\/li>\n<\/ul>\n","protected":false},"excerpt":{"rendered":"<p>Transporter: The Series presenta un humor inteligente, locaciones ex\u00f3ticas, acci\u00f3n y suspenso sin l\u00edmites. \u201cEl Transportista\u2019\u2019 Frank Martin (Vance) es pagado para recoger y entregar personas o cargamento de cualquier parte del mundo. Tomando solo las m\u00e1s dif\u00edciles asignaciones, Frank est\u00e1 en la cima de su profesi\u00f3n.<\/p>\n","protected":false},"author":1,"featured_media":707,"parent":692,"menu_order":9,"comment_status":"closed","ping_status":"closed","template":"page-work.php","meta":{"_acf_changed":false,"footnotes":""},"class_list":["post-706","page","type-page","status-publish","has-post-thumbnail","hentry","has-content-parts","content-parts-2"],"acf":[],"yoast_head":"<!-- This site is optimized with the Yoast SEO Premium plugin v27.0 (Yoast SEO v27.5) - https:\/\/yoast.com\/product\/yoast-seo-premium-wordpress\/ -->\n<title>Transporter - Serie 2 - Big Light Productions<\/title>\n<meta name=\"description\" content=\"Transporter: The Series presenta un humor inteligente, locaciones ex\u00f3ticas, acci\u00f3n y suspenso sin l\u00edmites. \u201cEl Transportista\u2019\u2019 Frank Martin (Vance) es pagado para recoger y entregar personas o cargamento de cualquier parte del mundo. Tomando solo las m\u00e1s dif\u00edciles asignaciones, Frank est\u00e1 en la cima de su profesi\u00f3n.\" \/>\n<meta name=\"robots\" content=\"index, follow, max-snippet:-1, max-image-preview:large, max-video-preview:-1\" \/>\n<link rel=\"canonical\" href=\"https:\/\/www.biglight.com\/es\/work\/transporter\/\" \/>\n<meta property=\"og:locale\" content=\"es_ES\" \/>\n<meta property=\"og:type\" content=\"article\" \/>\n<meta property=\"og:title\" content=\"Transporter - Serie 2\" \/>\n<meta property=\"og:description\" content=\"Transporter: The Series presenta un humor inteligente, locaciones ex\u00f3ticas, acci\u00f3n y suspenso sin l\u00edmites. \u201cEl Transportista\u2019\u2019 Frank Martin (Vance) es pagado para recoger y entregar personas o cargamento de cualquier parte del mundo. Tomando solo las m\u00e1s dif\u00edciles asignaciones, Frank est\u00e1 en la cima de su profesi\u00f3n.\" \/>\n<meta property=\"og:url\" content=\"https:\/\/www.biglight.com\/es\/work\/transporter\/\" \/>\n<meta property=\"og:site_name\" content=\"Big Light Productions\" \/>\n<meta property=\"article:publisher\" content=\"https:\/\/www.facebook.com\/biglightprod\" \/>\n<meta property=\"article:modified_time\" content=\"2019-12-31T01:23:48+00:00\" \/>\n<meta property=\"og:image\" content=\"https:\/\/www.biglight.com\/wp-content\/uploads\/2017\/06\/BigLightProductions-Transporter.jpg\" \/>\n\t<meta property=\"og:image:width\" content=\"3000\" \/>\n\t<meta property=\"og:image:height\" content=\"1693\" \/>\n\t<meta property=\"og:image:type\" content=\"image\/jpeg\" \/>\n<meta name=\"twitter:card\" content=\"summary_large_image\" \/>\n<meta name=\"twitter:site\" content=\"@BigLightProds\" \/>\n<script type=\"application\/ld+json\" class=\"yoast-schema-graph\">{\"@context\":\"https:\\\/\\\/schema.org\",\"@graph\":[{\"@type\":\"WebPage\",\"@id\":\"https:\\\/\\\/www.biglight.com\\\/es\\\/work\\\/transporter\\\/\",\"url\":\"https:\\\/\\\/www.biglight.com\\\/es\\\/work\\\/transporter\\\/\",\"name\":\"Transporter - Serie 2 - Big Light Productions\",\"isPartOf\":{\"@id\":\"https:\\\/\\\/www.biglight.com\\\/#website\"},\"primaryImageOfPage\":{\"@id\":\"https:\\\/\\\/www.biglight.com\\\/es\\\/work\\\/transporter\\\/#primaryimage\"},\"image\":{\"@id\":\"https:\\\/\\\/www.biglight.com\\\/es\\\/work\\\/transporter\\\/#primaryimage\"},\"thumbnailUrl\":\"https:\\\/\\\/www.biglight.com\\\/wp-content\\\/uploads\\\/2017\\\/06\\\/BigLightProductions-Transporter.jpg\",\"datePublished\":\"2017-10-26T11:00:57+00:00\",\"dateModified\":\"2019-12-31T01:23:48+00:00\",\"description\":\"Transporter: The Series presenta un humor inteligente, locaciones ex\u00f3ticas, acci\u00f3n y suspenso sin l\u00edmites. \u201cEl Transportista\u2019\u2019 Frank Martin (Vance) es pagado para recoger y entregar personas o cargamento de cualquier parte del mundo. Tomando solo las m\u00e1s dif\u00edciles asignaciones, Frank est\u00e1 en la cima de su profesi\u00f3n.\",\"breadcrumb\":{\"@id\":\"https:\\\/\\\/www.biglight.com\\\/es\\\/work\\\/transporter\\\/#breadcrumb\"},\"inLanguage\":\"es\",\"potentialAction\":[{\"@type\":\"ReadAction\",\"target\":[\"https:\\\/\\\/www.biglight.com\\\/es\\\/work\\\/transporter\\\/\"]}]},{\"@type\":\"ImageObject\",\"inLanguage\":\"es\",\"@id\":\"https:\\\/\\\/www.biglight.com\\\/es\\\/work\\\/transporter\\\/#primaryimage\",\"url\":\"https:\\\/\\\/www.biglight.com\\\/wp-content\\\/uploads\\\/2017\\\/06\\\/BigLightProductions-Transporter.jpg\",\"contentUrl\":\"https:\\\/\\\/www.biglight.com\\\/wp-content\\\/uploads\\\/2017\\\/06\\\/BigLightProductions-Transporter.jpg\",\"width\":3000,\"height\":1693},{\"@type\":\"BreadcrumbList\",\"@id\":\"https:\\\/\\\/www.biglight.com\\\/es\\\/work\\\/transporter\\\/#breadcrumb\",\"itemListElement\":[{\"@type\":\"ListItem\",\"position\":1,\"name\":\"Home\",\"item\":\"https:\\\/\\\/www.biglight.com\\\/es\\\/inicio\\\/\"},{\"@type\":\"ListItem\",\"position\":2,\"name\":\"Producciones\",\"item\":\"https:\\\/\\\/www.biglight.com\\\/es\\\/work\\\/\"},{\"@type\":\"ListItem\",\"position\":3,\"name\":\"Transporter &#8211; Serie 2\"}]},{\"@type\":\"WebSite\",\"@id\":\"https:\\\/\\\/www.biglight.com\\\/#website\",\"url\":\"https:\\\/\\\/www.biglight.com\\\/\",\"name\":\"Big Light Productions\",\"description\":\"Compa\u00f1\u00eda productora de televisi\u00f3n basada en Londres y Par\u00eds\",\"publisher\":{\"@id\":\"https:\\\/\\\/www.biglight.com\\\/#organization\"},\"potentialAction\":[{\"@type\":\"SearchAction\",\"target\":{\"@type\":\"EntryPoint\",\"urlTemplate\":\"https:\\\/\\\/www.biglight.com\\\/?s={search_term_string}\"},\"query-input\":{\"@type\":\"PropertyValueSpecification\",\"valueRequired\":true,\"valueName\":\"search_term_string\"}}],\"inLanguage\":\"es\"},{\"@type\":\"Organization\",\"@id\":\"https:\\\/\\\/www.biglight.com\\\/#organization\",\"name\":\"Big Light Productions\",\"url\":\"https:\\\/\\\/www.biglight.com\\\/\",\"logo\":{\"@type\":\"ImageObject\",\"inLanguage\":\"es\",\"@id\":\"https:\\\/\\\/www.biglight.com\\\/#\\\/schema\\\/logo\\\/image\\\/\",\"url\":\"https:\\\/\\\/www.biglight.com\\\/wp-content\\\/uploads\\\/2017\\\/10\\\/Big-Light-Logo.png\",\"contentUrl\":\"https:\\\/\\\/www.biglight.com\\\/wp-content\\\/uploads\\\/2017\\\/10\\\/Big-Light-Logo.png\",\"width\":474,\"height\":499,\"caption\":\"Big Light Productions\"},\"image\":{\"@id\":\"https:\\\/\\\/www.biglight.com\\\/#\\\/schema\\\/logo\\\/image\\\/\"},\"sameAs\":[\"https:\\\/\\\/www.facebook.com\\\/biglightprod\",\"https:\\\/\\\/x.com\\\/BigLightProds\",\"https:\\\/\\\/www.instagram.com\\\/big.light.productions\\\/\",\"https:\\\/\\\/www.youtube.com\\\/channel\\\/UCXo4D51D5lV2f-HDRgKhzng\"]}]}<\/script>\n<!-- \/ Yoast SEO Premium plugin. -->","yoast_head_json":{"title":"Transporter - Serie 2 - Big Light Productions","description":"Transporter: The Series presenta un humor inteligente, locaciones ex\u00f3ticas, acci\u00f3n y suspenso sin l\u00edmites. \u201cEl Transportista\u2019\u2019 Frank Martin (Vance) es pagado para recoger y entregar personas o cargamento de cualquier parte del mundo. Tomando solo las m\u00e1s dif\u00edciles asignaciones, Frank est\u00e1 en la cima de su profesi\u00f3n.","robots":{"index":"index","follow":"follow","max-snippet":"max-snippet:-1","max-image-preview":"max-image-preview:large","max-video-preview":"max-video-preview:-1"},"canonical":"https:\/\/www.biglight.com\/es\/work\/transporter\/","og_locale":"es_ES","og_type":"article","og_title":"Transporter - Serie 2","og_description":"Transporter: The Series presenta un humor inteligente, locaciones ex\u00f3ticas, acci\u00f3n y suspenso sin l\u00edmites. \u201cEl Transportista\u2019\u2019 Frank Martin (Vance) es pagado para recoger y entregar personas o cargamento de cualquier parte del mundo. Tomando solo las m\u00e1s dif\u00edciles asignaciones, Frank est\u00e1 en la cima de su profesi\u00f3n.","og_url":"https:\/\/www.biglight.com\/es\/work\/transporter\/","og_site_name":"Big Light Productions","article_publisher":"https:\/\/www.facebook.com\/biglightprod","article_modified_time":"2019-12-31T01:23:48+00:00","og_image":[{"width":3000,"height":1693,"url":"https:\/\/www.biglight.com\/wp-content\/uploads\/2017\/06\/BigLightProductions-Transporter.jpg","type":"image\/jpeg"}],"twitter_card":"summary_large_image","twitter_site":"@BigLightProds","schema":{"@context":"https:\/\/schema.org","@graph":[{"@type":"WebPage","@id":"https:\/\/www.biglight.com\/es\/work\/transporter\/","url":"https:\/\/www.biglight.com\/es\/work\/transporter\/","name":"Transporter - Serie 2 - Big Light Productions","isPartOf":{"@id":"https:\/\/www.biglight.com\/#website"},"primaryImageOfPage":{"@id":"https:\/\/www.biglight.com\/es\/work\/transporter\/#primaryimage"},"image":{"@id":"https:\/\/www.biglight.com\/es\/work\/transporter\/#primaryimage"},"thumbnailUrl":"https:\/\/www.biglight.com\/wp-content\/uploads\/2017\/06\/BigLightProductions-Transporter.jpg","datePublished":"2017-10-26T11:00:57+00:00","dateModified":"2019-12-31T01:23:48+00:00","description":"Transporter: The Series presenta un humor inteligente, locaciones ex\u00f3ticas, acci\u00f3n y suspenso sin l\u00edmites. \u201cEl Transportista\u2019\u2019 Frank Martin (Vance) es pagado para recoger y entregar personas o cargamento de cualquier parte del mundo. Tomando solo las m\u00e1s dif\u00edciles asignaciones, Frank est\u00e1 en la cima de su profesi\u00f3n.","breadcrumb":{"@id":"https:\/\/www.biglight.com\/es\/work\/transporter\/#breadcrumb"},"inLanguage":"es","potentialAction":[{"@type":"ReadAction","target":["https:\/\/www.biglight.com\/es\/work\/transporter\/"]}]},{"@type":"ImageObject","inLanguage":"es","@id":"https:\/\/www.biglight.com\/es\/work\/transporter\/#primaryimage","url":"https:\/\/www.biglight.com\/wp-content\/uploads\/2017\/06\/BigLightProductions-Transporter.jpg","contentUrl":"https:\/\/www.biglight.com\/wp-content\/uploads\/2017\/06\/BigLightProductions-Transporter.jpg","width":3000,"height":1693},{"@type":"BreadcrumbList","@id":"https:\/\/www.biglight.com\/es\/work\/transporter\/#breadcrumb","itemListElement":[{"@type":"ListItem","position":1,"name":"Home","item":"https:\/\/www.biglight.com\/es\/inicio\/"},{"@type":"ListItem","position":2,"name":"Producciones","item":"https:\/\/www.biglight.com\/es\/work\/"},{"@type":"ListItem","position":3,"name":"Transporter &#8211; Serie 2"}]},{"@type":"WebSite","@id":"https:\/\/www.biglight.com\/#website","url":"https:\/\/www.biglight.com\/","name":"Big Light Productions","description":"Compa\u00f1\u00eda productora de televisi\u00f3n basada en Londres y Par\u00eds","publisher":{"@id":"https:\/\/www.biglight.com\/#organization"},"potentialAction":[{"@type":"SearchAction","target":{"@type":"EntryPoint","urlTemplate":"https:\/\/www.biglight.com\/?s={search_term_string}"},"query-input":{"@type":"PropertyValueSpecification","valueRequired":true,"valueName":"search_term_string"}}],"inLanguage":"es"},{"@type":"Organization","@id":"https:\/\/www.biglight.com\/#organization","name":"Big Light Productions","url":"https:\/\/www.biglight.com\/","logo":{"@type":"ImageObject","inLanguage":"es","@id":"https:\/\/www.biglight.com\/#\/schema\/logo\/image\/","url":"https:\/\/www.biglight.com\/wp-content\/uploads\/2017\/10\/Big-Light-Logo.png","contentUrl":"https:\/\/www.biglight.com\/wp-content\/uploads\/2017\/10\/Big-Light-Logo.png","width":474,"height":499,"caption":"Big Light Productions"},"image":{"@id":"https:\/\/www.biglight.com\/#\/schema\/logo\/image\/"},"sameAs":["https:\/\/www.facebook.com\/biglightprod","https:\/\/x.com\/BigLightProds","https:\/\/www.instagram.com\/big.light.productions\/","https:\/\/www.youtube.com\/channel\/UCXo4D51D5lV2f-HDRgKhzng"]}]}},"_links":{"self":[{"href":"https:\/\/www.biglight.com\/es\/wp-json\/wp\/v2\/pages\/706","targetHints":{"allow":["GET"]}}],"collection":[{"href":"https:\/\/www.biglight.com\/es\/wp-json\/wp\/v2\/pages"}],"about":[{"href":"https:\/\/www.biglight.com\/es\/wp-json\/wp\/v2\/types\/page"}],"author":[{"embeddable":true,"href":"https:\/\/www.biglight.com\/es\/wp-json\/wp\/v2\/users\/1"}],"replies":[{"embeddable":true,"href":"https:\/\/www.biglight.com\/es\/wp-json\/wp\/v2\/comments?post=706"}],"version-history":[{"count":5,"href":"https:\/\/www.biglight.com\/es\/wp-json\/wp\/v2\/pages\/706\/revisions"}],"predecessor-version":[{"id":2291,"href":"https:\/\/www.biglight.com\/es\/wp-json\/wp\/v2\/pages\/706\/revisions\/2291"}],"up":[{"embeddable":true,"href":"https:\/\/www.biglight.com\/es\/wp-json\/wp\/v2\/pages\/692"}],"wp:featuredmedia":[{"embeddable":true,"href":"https:\/\/www.biglight.com\/es\/wp-json\/wp\/v2\/media\/707"}],"wp:attachment":[{"href":"https:\/\/www.biglight.com\/es\/wp-json\/wp\/v2\/media?parent=706"}],"curies":[{"name":"wp","href":"https:\/\/api.w.org\/{rel}","templated":true}]}}