{"id":702,"date":"2017-10-26T13:00:57","date_gmt":"2017-10-26T13:00:57","guid":{"rendered":"https:\/\/www.biglight.com\/work\/the-man-in-the-high-castle\/"},"modified":"2019-12-31T00:58:17","modified_gmt":"2019-12-31T00:58:17","slug":"the-man-in-the-high-castle","status":"publish","type":"page","link":"https:\/\/www.biglight.com\/es\/work\/the-man-in-the-high-castle\/","title":{"rendered":"The Man in the High Castle"},"content":{"rendered":"<h2>2015 &#8211;<\/h2>\n<h3>Protagonizada por <a href=\"http:\/\/www.imdb.com\/name\/nm1111968\" target=\"_blank\" rel=\"noopener noreferrer\">Alexa Davalos<\/a>, <a href=\"http:\/\/www.imdb.com\/name\/nm1140344\" target=\"_blank\" rel=\"noopener noreferrer\">Rupert Evans<\/a>, <a href=\"http:\/\/www.imdb.com\/name\/nm3312554\" target=\"_blank\" rel=\"noopener noreferrer\">Luke Kleintank<\/a> &amp; <a href=\"http:\/\/www.imdb.com\/name\/nm0001722\/\" target=\"_blank\" rel=\"noopener noreferrer\">Rufus Sewell<\/a><\/h3>\n<p>Producida con <a href=\"http:\/\/www.philipkdickesp.com\" target=\"_blank\" rel=\"noopener noreferrer\">Electric Shepherd<\/a>, <a href=\"http:\/\/www.headline-pictures.co.uk\" target=\"_blank\" rel=\"noopener noreferrer\">Headline Pictures<\/a>, <a href=\"https:\/\/www.picrow.com\" target=\"_blank\" rel=\"noopener noreferrer\">Picrow<\/a>, <a href=\"http:\/\/thunderbird.tv\" target=\"_blank\" rel=\"noopener noreferrer\">Reunion<\/a> &amp; <a href=\"http:\/\/www.scottfree.com\" target=\"_blank\" rel=\"noopener noreferrer\">Scott Free Productions<\/a><br \/>\nDisponible en\u00a0<a href=\"https:\/\/www.amazon.co.uk\/Man-High-Castle-Season\/dp\/B01IRZALAS\" target=\"_blank\" rel=\"noopener noreferrer\">Amazon Prime<\/a><\/p>\n<p><!--contentpartdivider--><\/p>\n<p>Basado en <em>The Man in the High Castle<\/em>, la novela de realidad alternativa de 1962 de Philip K. Dick, ganadora del Premio Hugo. La serie explora lo que pudo haber pasado si las Fuerzas Aliadas hubiesen perdido la Segunda Guerra Mundial. Los Estados Unidos de Norte America est\u00e1n divididos entre el Imperio Japon\u00e9s y la Alemania Nazi, quienes son los poderes dominantes. Las Monta\u00f1as Rocosas se han convertido en una Zona Neutral, y el epicentro de una rebeli\u00f3n, liderada por una misteriosa figura conocida solo como \u201cthe Man in the High Castle.\u201d Despu\u00e9s que algunas pel\u00edculas enigm\u00e1ticas aparencen describiendo hechos hist\u00f3ricos diferentes a los que ellos conocen, los ciudadanos se comienzan a preguntar acerca de la veracidad de su pasado, su presente y la informaci\u00f3n que les ha dado su gobierno.<\/p>\n<p>El debut de la serie se convirti\u00f3 r\u00e1pidamente en la serie m\u00e1s vista de Amazon Prime. La primera temporada fue nominada a cuatro Premios Emmy y gan\u00f3 las estatuillas por Mejor Cinematograf\u00eda y Mejor Dise\u00f1o de Creditos Principales. <em>The Man in the High Castle<\/em> tambi\u00e9n gan\u00f3 el premio a Mejor Nueva TV Serie en el Roma Fiction Fest (2015). La segunda temporada ha estado disponible desde Diciembre 2016 y la tercera temporada en Octubre de 2018. La cuarta temporada ha sido ordenada.<\/p>\n<ul class=\"more-link animation-element slide-up-sm\">\n<li><a class=\"watch-icon\" href=\"#\" data-toggle=\"modal\" data-target=\"#trailerVideo\">Trailer<\/a><\/li>\n<li><a class=\"external-icon\" href=\"http:\/\/www.imdb.com\/title\/tt1740299\/fullcredits\" target=\"_blank\" rel=\"noopener noreferrer\">Cr\u00e9ditos<\/a><\/li>\n<\/ul>\n","protected":false},"excerpt":{"rendered":"<p>Basado en The Man in the High Castle, la novela de realidad alternativa de 1962 de Philip K. Dick, ganadora del Premio Hugo. La serie explora lo que pudo haber pasado si las Fuerzas Aliadas hubiesen perdido la Segunda Guerra Mundial. El debut de la serie se convirti\u00f3 r\u00e1pidamente en la serie m\u00e1s vista de Amazon Prime.<\/p>\n","protected":false},"author":1,"featured_media":703,"parent":692,"menu_order":4,"comment_status":"closed","ping_status":"closed","template":"page-work.php","meta":{"_acf_changed":false,"footnotes":""},"class_list":["post-702","page","type-page","status-publish","has-post-thumbnail","hentry","has-content-parts","content-parts-2"],"acf":[],"yoast_head":"<!-- This site is optimized with the Yoast SEO Premium plugin v27.0 (Yoast SEO v27.6) - https:\/\/yoast.com\/product\/yoast-seo-premium-wordpress\/ -->\n<title>The Man in the High Castle - Big Light Productions<\/title>\n<meta name=\"description\" content=\"Basado en The Man in the High Castle, la novela de realidad alternativa de 1962 de Philip K. Dick, ganadora del Premio Hugo. La serie explora lo que pudo haber pasado si las Fuerzas Aliadas hubiesen perdido la Segunda Guerra Mundial. El debut de la serie se convirti\u00f3 r\u00e1pidamente en la serie m\u00e1s vista de Amazon Prime.\" \/>\n<meta name=\"robots\" content=\"index, follow, max-snippet:-1, max-image-preview:large, max-video-preview:-1\" \/>\n<link rel=\"canonical\" href=\"https:\/\/www.biglight.com\/es\/work\/the-man-in-the-high-castle\/\" \/>\n<meta property=\"og:locale\" content=\"es_ES\" \/>\n<meta property=\"og:type\" content=\"article\" \/>\n<meta property=\"og:title\" content=\"The Man in the High Castle\" \/>\n<meta property=\"og:description\" content=\"Basado en The Man in the High Castle, la novela de realidad alternativa de 1962 de Philip K. Dick, ganadora del Premio Hugo. La serie explora lo que pudo haber pasado si las Fuerzas Aliadas hubiesen perdido la Segunda Guerra Mundial. El debut de la serie se convirti\u00f3 r\u00e1pidamente en la serie m\u00e1s vista de Amazon Prime.\" \/>\n<meta property=\"og:url\" content=\"https:\/\/www.biglight.com\/es\/work\/the-man-in-the-high-castle\/\" \/>\n<meta property=\"og:site_name\" content=\"Big Light Productions\" \/>\n<meta property=\"article:publisher\" content=\"https:\/\/www.facebook.com\/biglightprod\" \/>\n<meta property=\"article:modified_time\" content=\"2019-12-31T00:58:17+00:00\" \/>\n<meta property=\"og:image\" content=\"https:\/\/www.biglight.com\/wp-content\/uploads\/2017\/10\/MITHC_webphoto3-1400x933.jpg\" \/>\n\t<meta property=\"og:image:width\" content=\"1400\" \/>\n\t<meta property=\"og:image:height\" content=\"933\" \/>\n\t<meta property=\"og:image:type\" content=\"image\/jpeg\" \/>\n<meta name=\"twitter:card\" content=\"summary_large_image\" \/>\n<meta name=\"twitter:site\" content=\"@BigLightProds\" \/>\n<script type=\"application\/ld+json\" class=\"yoast-schema-graph\">{\"@context\":\"https:\\\/\\\/schema.org\",\"@graph\":[{\"@type\":\"WebPage\",\"@id\":\"https:\\\/\\\/www.biglight.com\\\/es\\\/work\\\/the-man-in-the-high-castle\\\/\",\"url\":\"https:\\\/\\\/www.biglight.com\\\/es\\\/work\\\/the-man-in-the-high-castle\\\/\",\"name\":\"The Man in the High Castle - Big Light Productions\",\"isPartOf\":{\"@id\":\"https:\\\/\\\/www.biglight.com\\\/#website\"},\"primaryImageOfPage\":{\"@id\":\"https:\\\/\\\/www.biglight.com\\\/es\\\/work\\\/the-man-in-the-high-castle\\\/#primaryimage\"},\"image\":{\"@id\":\"https:\\\/\\\/www.biglight.com\\\/es\\\/work\\\/the-man-in-the-high-castle\\\/#primaryimage\"},\"thumbnailUrl\":\"https:\\\/\\\/www.biglight.com\\\/wp-content\\\/uploads\\\/2017\\\/06\\\/BigLightProductions-The-Man-in-the-High-Castle.jpg\",\"datePublished\":\"2017-10-26T13:00:57+00:00\",\"dateModified\":\"2019-12-31T00:58:17+00:00\",\"description\":\"Basado en The Man in the High Castle, la novela de realidad alternativa de 1962 de Philip K. Dick, ganadora del Premio Hugo. La serie explora lo que pudo haber pasado si las Fuerzas Aliadas hubiesen perdido la Segunda Guerra Mundial. El debut de la serie se convirti\u00f3 r\u00e1pidamente en la serie m\u00e1s vista de Amazon Prime.\",\"breadcrumb\":{\"@id\":\"https:\\\/\\\/www.biglight.com\\\/es\\\/work\\\/the-man-in-the-high-castle\\\/#breadcrumb\"},\"inLanguage\":\"es\",\"potentialAction\":[{\"@type\":\"ReadAction\",\"target\":[\"https:\\\/\\\/www.biglight.com\\\/es\\\/work\\\/the-man-in-the-high-castle\\\/\"]}]},{\"@type\":\"ImageObject\",\"inLanguage\":\"es\",\"@id\":\"https:\\\/\\\/www.biglight.com\\\/es\\\/work\\\/the-man-in-the-high-castle\\\/#primaryimage\",\"url\":\"https:\\\/\\\/www.biglight.com\\\/wp-content\\\/uploads\\\/2017\\\/06\\\/BigLightProductions-The-Man-in-the-High-Castle.jpg\",\"contentUrl\":\"https:\\\/\\\/www.biglight.com\\\/wp-content\\\/uploads\\\/2017\\\/06\\\/BigLightProductions-The-Man-in-the-High-Castle.jpg\",\"width\":3000,\"height\":1693},{\"@type\":\"BreadcrumbList\",\"@id\":\"https:\\\/\\\/www.biglight.com\\\/es\\\/work\\\/the-man-in-the-high-castle\\\/#breadcrumb\",\"itemListElement\":[{\"@type\":\"ListItem\",\"position\":1,\"name\":\"Home\",\"item\":\"https:\\\/\\\/www.biglight.com\\\/es\\\/inicio\\\/\"},{\"@type\":\"ListItem\",\"position\":2,\"name\":\"Producciones\",\"item\":\"https:\\\/\\\/www.biglight.com\\\/es\\\/work\\\/\"},{\"@type\":\"ListItem\",\"position\":3,\"name\":\"The Man in the High Castle\"}]},{\"@type\":\"WebSite\",\"@id\":\"https:\\\/\\\/www.biglight.com\\\/#website\",\"url\":\"https:\\\/\\\/www.biglight.com\\\/\",\"name\":\"Big Light Productions\",\"description\":\"Compa\u00f1\u00eda productora de televisi\u00f3n basada en Londres y Par\u00eds\",\"publisher\":{\"@id\":\"https:\\\/\\\/www.biglight.com\\\/#organization\"},\"potentialAction\":[{\"@type\":\"SearchAction\",\"target\":{\"@type\":\"EntryPoint\",\"urlTemplate\":\"https:\\\/\\\/www.biglight.com\\\/?s={search_term_string}\"},\"query-input\":{\"@type\":\"PropertyValueSpecification\",\"valueRequired\":true,\"valueName\":\"search_term_string\"}}],\"inLanguage\":\"es\"},{\"@type\":\"Organization\",\"@id\":\"https:\\\/\\\/www.biglight.com\\\/#organization\",\"name\":\"Big Light Productions\",\"url\":\"https:\\\/\\\/www.biglight.com\\\/\",\"logo\":{\"@type\":\"ImageObject\",\"inLanguage\":\"es\",\"@id\":\"https:\\\/\\\/www.biglight.com\\\/#\\\/schema\\\/logo\\\/image\\\/\",\"url\":\"https:\\\/\\\/www.biglight.com\\\/wp-content\\\/uploads\\\/2017\\\/10\\\/Big-Light-Logo.png\",\"contentUrl\":\"https:\\\/\\\/www.biglight.com\\\/wp-content\\\/uploads\\\/2017\\\/10\\\/Big-Light-Logo.png\",\"width\":474,\"height\":499,\"caption\":\"Big Light Productions\"},\"image\":{\"@id\":\"https:\\\/\\\/www.biglight.com\\\/#\\\/schema\\\/logo\\\/image\\\/\"},\"sameAs\":[\"https:\\\/\\\/www.facebook.com\\\/biglightprod\",\"https:\\\/\\\/x.com\\\/BigLightProds\",\"https:\\\/\\\/www.instagram.com\\\/big.light.productions\\\/\",\"https:\\\/\\\/www.youtube.com\\\/channel\\\/UCXo4D51D5lV2f-HDRgKhzng\"]}]}<\/script>\n<!-- \/ Yoast SEO Premium plugin. -->","yoast_head_json":{"title":"The Man in the High Castle - Big Light Productions","description":"Basado en The Man in the High Castle, la novela de realidad alternativa de 1962 de Philip K. Dick, ganadora del Premio Hugo. La serie explora lo que pudo haber pasado si las Fuerzas Aliadas hubiesen perdido la Segunda Guerra Mundial. El debut de la serie se convirti\u00f3 r\u00e1pidamente en la serie m\u00e1s vista de Amazon Prime.","robots":{"index":"index","follow":"follow","max-snippet":"max-snippet:-1","max-image-preview":"max-image-preview:large","max-video-preview":"max-video-preview:-1"},"canonical":"https:\/\/www.biglight.com\/es\/work\/the-man-in-the-high-castle\/","og_locale":"es_ES","og_type":"article","og_title":"The Man in the High Castle","og_description":"Basado en The Man in the High Castle, la novela de realidad alternativa de 1962 de Philip K. Dick, ganadora del Premio Hugo. La serie explora lo que pudo haber pasado si las Fuerzas Aliadas hubiesen perdido la Segunda Guerra Mundial. El debut de la serie se convirti\u00f3 r\u00e1pidamente en la serie m\u00e1s vista de Amazon Prime.","og_url":"https:\/\/www.biglight.com\/es\/work\/the-man-in-the-high-castle\/","og_site_name":"Big Light Productions","article_publisher":"https:\/\/www.facebook.com\/biglightprod","article_modified_time":"2019-12-31T00:58:17+00:00","og_image":[{"width":1400,"height":933,"url":"https:\/\/www.biglight.com\/wp-content\/uploads\/2017\/10\/MITHC_webphoto3-1400x933.jpg","type":"image\/jpeg"}],"twitter_card":"summary_large_image","twitter_site":"@BigLightProds","schema":{"@context":"https:\/\/schema.org","@graph":[{"@type":"WebPage","@id":"https:\/\/www.biglight.com\/es\/work\/the-man-in-the-high-castle\/","url":"https:\/\/www.biglight.com\/es\/work\/the-man-in-the-high-castle\/","name":"The Man in the High Castle - Big Light Productions","isPartOf":{"@id":"https:\/\/www.biglight.com\/#website"},"primaryImageOfPage":{"@id":"https:\/\/www.biglight.com\/es\/work\/the-man-in-the-high-castle\/#primaryimage"},"image":{"@id":"https:\/\/www.biglight.com\/es\/work\/the-man-in-the-high-castle\/#primaryimage"},"thumbnailUrl":"https:\/\/www.biglight.com\/wp-content\/uploads\/2017\/06\/BigLightProductions-The-Man-in-the-High-Castle.jpg","datePublished":"2017-10-26T13:00:57+00:00","dateModified":"2019-12-31T00:58:17+00:00","description":"Basado en The Man in the High Castle, la novela de realidad alternativa de 1962 de Philip K. Dick, ganadora del Premio Hugo. La serie explora lo que pudo haber pasado si las Fuerzas Aliadas hubiesen perdido la Segunda Guerra Mundial. El debut de la serie se convirti\u00f3 r\u00e1pidamente en la serie m\u00e1s vista de Amazon Prime.","breadcrumb":{"@id":"https:\/\/www.biglight.com\/es\/work\/the-man-in-the-high-castle\/#breadcrumb"},"inLanguage":"es","potentialAction":[{"@type":"ReadAction","target":["https:\/\/www.biglight.com\/es\/work\/the-man-in-the-high-castle\/"]}]},{"@type":"ImageObject","inLanguage":"es","@id":"https:\/\/www.biglight.com\/es\/work\/the-man-in-the-high-castle\/#primaryimage","url":"https:\/\/www.biglight.com\/wp-content\/uploads\/2017\/06\/BigLightProductions-The-Man-in-the-High-Castle.jpg","contentUrl":"https:\/\/www.biglight.com\/wp-content\/uploads\/2017\/06\/BigLightProductions-The-Man-in-the-High-Castle.jpg","width":3000,"height":1693},{"@type":"BreadcrumbList","@id":"https:\/\/www.biglight.com\/es\/work\/the-man-in-the-high-castle\/#breadcrumb","itemListElement":[{"@type":"ListItem","position":1,"name":"Home","item":"https:\/\/www.biglight.com\/es\/inicio\/"},{"@type":"ListItem","position":2,"name":"Producciones","item":"https:\/\/www.biglight.com\/es\/work\/"},{"@type":"ListItem","position":3,"name":"The Man in the High Castle"}]},{"@type":"WebSite","@id":"https:\/\/www.biglight.com\/#website","url":"https:\/\/www.biglight.com\/","name":"Big Light Productions","description":"Compa\u00f1\u00eda productora de televisi\u00f3n basada en Londres y Par\u00eds","publisher":{"@id":"https:\/\/www.biglight.com\/#organization"},"potentialAction":[{"@type":"SearchAction","target":{"@type":"EntryPoint","urlTemplate":"https:\/\/www.biglight.com\/?s={search_term_string}"},"query-input":{"@type":"PropertyValueSpecification","valueRequired":true,"valueName":"search_term_string"}}],"inLanguage":"es"},{"@type":"Organization","@id":"https:\/\/www.biglight.com\/#organization","name":"Big Light Productions","url":"https:\/\/www.biglight.com\/","logo":{"@type":"ImageObject","inLanguage":"es","@id":"https:\/\/www.biglight.com\/#\/schema\/logo\/image\/","url":"https:\/\/www.biglight.com\/wp-content\/uploads\/2017\/10\/Big-Light-Logo.png","contentUrl":"https:\/\/www.biglight.com\/wp-content\/uploads\/2017\/10\/Big-Light-Logo.png","width":474,"height":499,"caption":"Big Light Productions"},"image":{"@id":"https:\/\/www.biglight.com\/#\/schema\/logo\/image\/"},"sameAs":["https:\/\/www.facebook.com\/biglightprod","https:\/\/x.com\/BigLightProds","https:\/\/www.instagram.com\/big.light.productions\/","https:\/\/www.youtube.com\/channel\/UCXo4D51D5lV2f-HDRgKhzng"]}]}},"_links":{"self":[{"href":"https:\/\/www.biglight.com\/es\/wp-json\/wp\/v2\/pages\/702","targetHints":{"allow":["GET"]}}],"collection":[{"href":"https:\/\/www.biglight.com\/es\/wp-json\/wp\/v2\/pages"}],"about":[{"href":"https:\/\/www.biglight.com\/es\/wp-json\/wp\/v2\/types\/page"}],"author":[{"embeddable":true,"href":"https:\/\/www.biglight.com\/es\/wp-json\/wp\/v2\/users\/1"}],"replies":[{"embeddable":true,"href":"https:\/\/www.biglight.com\/es\/wp-json\/wp\/v2\/comments?post=702"}],"version-history":[{"count":7,"href":"https:\/\/www.biglight.com\/es\/wp-json\/wp\/v2\/pages\/702\/revisions"}],"predecessor-version":[{"id":2277,"href":"https:\/\/www.biglight.com\/es\/wp-json\/wp\/v2\/pages\/702\/revisions\/2277"}],"up":[{"embeddable":true,"href":"https:\/\/www.biglight.com\/es\/wp-json\/wp\/v2\/pages\/692"}],"wp:featuredmedia":[{"embeddable":true,"href":"https:\/\/www.biglight.com\/es\/wp-json\/wp\/v2\/media\/703"}],"wp:attachment":[{"href":"https:\/\/www.biglight.com\/es\/wp-json\/wp\/v2\/media?parent=702"}],"curies":[{"name":"wp","href":"https:\/\/api.w.org\/{rel}","templated":true}]}}