{"id":697,"date":"2017-10-26T15:23:53","date_gmt":"2017-10-26T15:23:53","guid":{"rendered":"https:\/\/www.biglight.com\/work\/the-indian-detective\/"},"modified":"2019-12-31T01:06:23","modified_gmt":"2019-12-31T01:06:23","slug":"the-indian-detective","status":"publish","type":"page","link":"https:\/\/www.biglight.com\/es\/work\/the-indian-detective\/","title":{"rendered":"The Indian Detective"},"content":{"rendered":"<h2>2017<\/h2>\n<h3>Protagoniza <a href=\"http:\/\/www.imdb.com\/name\/nm0992289\" target=\"_blank\" rel=\"noopener noreferrer\">Russell Peters<\/a>, con la aparici\u00f3n especial de <a href=\"http:\/\/www.imdb.com\/name\/nm0000638\" target=\"_blank\" rel=\"noopener noreferrer\">William\u2002Shatner<\/a><\/h3>\n<p>Producido con <a href=\"http:\/\/www.blueicepics.com\" target=\"_blank\" rel=\"noopener noreferrer\">Blue Ice Pictures<\/a> &amp; <a href=\"http:\/\/www.wonderfilmproductions.com\" target=\"_blank\" rel=\"noopener noreferrer\">Wonder Films<\/a><br \/>\nTransmitido a trav\u00e9s de <a href=\"http:\/\/www.bellmedia.ca\" target=\"_blank\" rel=\"noopener noreferrer\">Bell Media<\/a>\/<a href=\"https:\/\/www.ctv.ca\" target=\"_blank\" rel=\"noopener noreferrer\">CTV<\/a> &amp; <a href=\"http:\/\/www.netflix.com\" target=\"_blank\" rel=\"noopener noreferrer\">Netflix<\/a><\/p>\n<p><!--contentpartdivider--><br \/>\nDoug D\u2019Mello es un policia de Toronto, Canad\u00e1, con ascendencia Hind\u00fa, cuyos sue\u00f1os de convertirse en un detective de homicidios son truncados cuando es suspendido de su trabajo injustamente. Mientras \u00e9l se encuentra en suspensi\u00f3n, D\u00b4Mello visita a su padre en Mumbai, donde se enrreda en un caso local y se enamora de una abogado impresionante. Conforme la peligrosa investigaci\u00f3n evoluciona, D\u00b4Mello debe tambi\u00e9n lidiar con el choque cultural en un pa\u00eds donde, a pesar de su herencia Hind\u00fa, \u00e9l a\u00fan es un extranjero.<\/p>\n<p>La comedia dram\u00e1tica <em>The Indian Detective<\/em> es protagonizada por la estrella c\u00f3mica Russell Peters, quien fue nombrado en tres oportunidades en la lista top-ten de Forbes como uno de los comediantes m\u00e1s taquilleros de los \u00faltimos a\u00f1os. La primera temporada del show se estren\u00f3 en el Oto\u00f1o de 2017. Fue el segundo estreno m\u00e1s grande en Canad\u00e1 en los \u00faltimos dos a\u00f1os, con 1.6 millones de televidentes.<\/p>\n<ul class=\"more-link animation-element slide-up-sm\">\n<li><a class=\"external-icon\" href=\"http:\/\/www.imdb.com\/title\/tt5797220\/fullcredits\" target=\"_blank\" rel=\"noopener noreferrer\">Cr\u00e9ditos<\/a><\/li>\n<\/ul>\n","protected":false},"excerpt":{"rendered":"<p>Doug D\u2019Mello es un policia de Toronto, Canad\u00e1, con ascendencia Hind\u00fa, cuyos sue\u00f1os de convertirse en un detective de homicidios son truncados cuando es suspendido de su trabajo injustamente.<\/p>\n","protected":false},"author":1,"featured_media":1205,"parent":692,"menu_order":6,"comment_status":"closed","ping_status":"closed","template":"page-work.php","meta":{"_acf_changed":false,"footnotes":""},"class_list":["post-697","page","type-page","status-publish","has-post-thumbnail","hentry","has-content-parts","content-parts-2"],"acf":[],"yoast_head":"<!-- This site is optimized with the Yoast SEO Premium plugin v27.0 (Yoast SEO v27.6) - https:\/\/yoast.com\/product\/yoast-seo-premium-wordpress\/ -->\n<title>The Indian Detective - Big Light Productions<\/title>\n<meta name=\"description\" content=\"Doug D\u2019Mello es un policia de Toronto, Canad\u00e1, con ascendencia Hind\u00fa, cuyos sue\u00f1os de convertirse en un detective de homicidios son truncados cuando es suspendido de su trabajo injustamente.\" \/>\n<meta name=\"robots\" content=\"index, follow, max-snippet:-1, max-image-preview:large, max-video-preview:-1\" \/>\n<link rel=\"canonical\" href=\"https:\/\/www.biglight.com\/es\/work\/the-indian-detective\/\" \/>\n<meta property=\"og:locale\" content=\"es_ES\" \/>\n<meta property=\"og:type\" content=\"article\" \/>\n<meta property=\"og:title\" content=\"The Indian Detective\" \/>\n<meta property=\"og:description\" content=\"Doug D\u2019Mello es un policia de Toronto, Canad\u00e1, con ascendencia Hind\u00fa, cuyos sue\u00f1os de convertirse en un detective de homicidios son truncados cuando es suspendido de su trabajo injustamente.\" \/>\n<meta property=\"og:url\" content=\"https:\/\/www.biglight.com\/es\/work\/the-indian-detective\/\" \/>\n<meta property=\"og:site_name\" content=\"Big Light Productions\" \/>\n<meta property=\"article:publisher\" content=\"https:\/\/www.facebook.com\/biglightprod\" \/>\n<meta property=\"article:modified_time\" content=\"2019-12-31T01:06:23+00:00\" \/>\n<meta property=\"og:image\" content=\"https:\/\/www.biglight.com\/wp-content\/uploads\/2017\/10\/BigLightProductions-The-Indian-Detective-2-1-1400x790.jpg\" \/>\n\t<meta property=\"og:image:width\" content=\"1400\" \/>\n\t<meta property=\"og:image:height\" content=\"790\" \/>\n\t<meta property=\"og:image:type\" content=\"image\/jpeg\" \/>\n<meta name=\"twitter:card\" content=\"summary_large_image\" \/>\n<meta name=\"twitter:site\" content=\"@BigLightProds\" \/>\n<script type=\"application\/ld+json\" class=\"yoast-schema-graph\">{\"@context\":\"https:\\\/\\\/schema.org\",\"@graph\":[{\"@type\":\"WebPage\",\"@id\":\"https:\\\/\\\/www.biglight.com\\\/es\\\/work\\\/the-indian-detective\\\/\",\"url\":\"https:\\\/\\\/www.biglight.com\\\/es\\\/work\\\/the-indian-detective\\\/\",\"name\":\"The Indian Detective - Big Light Productions\",\"isPartOf\":{\"@id\":\"https:\\\/\\\/www.biglight.com\\\/#website\"},\"primaryImageOfPage\":{\"@id\":\"https:\\\/\\\/www.biglight.com\\\/es\\\/work\\\/the-indian-detective\\\/#primaryimage\"},\"image\":{\"@id\":\"https:\\\/\\\/www.biglight.com\\\/es\\\/work\\\/the-indian-detective\\\/#primaryimage\"},\"thumbnailUrl\":\"https:\\\/\\\/www.biglight.com\\\/wp-content\\\/uploads\\\/2017\\\/10\\\/BigLightProductions-The-Indian-Detective-2-1.jpg\",\"datePublished\":\"2017-10-26T15:23:53+00:00\",\"dateModified\":\"2019-12-31T01:06:23+00:00\",\"description\":\"Doug D\u2019Mello es un policia de Toronto, Canad\u00e1, con ascendencia Hind\u00fa, cuyos sue\u00f1os de convertirse en un detective de homicidios son truncados cuando es suspendido de su trabajo injustamente.\",\"breadcrumb\":{\"@id\":\"https:\\\/\\\/www.biglight.com\\\/es\\\/work\\\/the-indian-detective\\\/#breadcrumb\"},\"inLanguage\":\"es\",\"potentialAction\":[{\"@type\":\"ReadAction\",\"target\":[\"https:\\\/\\\/www.biglight.com\\\/es\\\/work\\\/the-indian-detective\\\/\"]}]},{\"@type\":\"ImageObject\",\"inLanguage\":\"es\",\"@id\":\"https:\\\/\\\/www.biglight.com\\\/es\\\/work\\\/the-indian-detective\\\/#primaryimage\",\"url\":\"https:\\\/\\\/www.biglight.com\\\/wp-content\\\/uploads\\\/2017\\\/10\\\/BigLightProductions-The-Indian-Detective-2-1.jpg\",\"contentUrl\":\"https:\\\/\\\/www.biglight.com\\\/wp-content\\\/uploads\\\/2017\\\/10\\\/BigLightProductions-The-Indian-Detective-2-1.jpg\",\"width\":3000,\"height\":1693},{\"@type\":\"BreadcrumbList\",\"@id\":\"https:\\\/\\\/www.biglight.com\\\/es\\\/work\\\/the-indian-detective\\\/#breadcrumb\",\"itemListElement\":[{\"@type\":\"ListItem\",\"position\":1,\"name\":\"Home\",\"item\":\"https:\\\/\\\/www.biglight.com\\\/es\\\/inicio\\\/\"},{\"@type\":\"ListItem\",\"position\":2,\"name\":\"Producciones\",\"item\":\"https:\\\/\\\/www.biglight.com\\\/es\\\/work\\\/\"},{\"@type\":\"ListItem\",\"position\":3,\"name\":\"The Indian Detective\"}]},{\"@type\":\"WebSite\",\"@id\":\"https:\\\/\\\/www.biglight.com\\\/#website\",\"url\":\"https:\\\/\\\/www.biglight.com\\\/\",\"name\":\"Big Light Productions\",\"description\":\"Compa\u00f1\u00eda productora de televisi\u00f3n basada en Londres y Par\u00eds\",\"publisher\":{\"@id\":\"https:\\\/\\\/www.biglight.com\\\/#organization\"},\"potentialAction\":[{\"@type\":\"SearchAction\",\"target\":{\"@type\":\"EntryPoint\",\"urlTemplate\":\"https:\\\/\\\/www.biglight.com\\\/?s={search_term_string}\"},\"query-input\":{\"@type\":\"PropertyValueSpecification\",\"valueRequired\":true,\"valueName\":\"search_term_string\"}}],\"inLanguage\":\"es\"},{\"@type\":\"Organization\",\"@id\":\"https:\\\/\\\/www.biglight.com\\\/#organization\",\"name\":\"Big Light Productions\",\"url\":\"https:\\\/\\\/www.biglight.com\\\/\",\"logo\":{\"@type\":\"ImageObject\",\"inLanguage\":\"es\",\"@id\":\"https:\\\/\\\/www.biglight.com\\\/#\\\/schema\\\/logo\\\/image\\\/\",\"url\":\"https:\\\/\\\/www.biglight.com\\\/wp-content\\\/uploads\\\/2017\\\/10\\\/Big-Light-Logo.png\",\"contentUrl\":\"https:\\\/\\\/www.biglight.com\\\/wp-content\\\/uploads\\\/2017\\\/10\\\/Big-Light-Logo.png\",\"width\":474,\"height\":499,\"caption\":\"Big Light Productions\"},\"image\":{\"@id\":\"https:\\\/\\\/www.biglight.com\\\/#\\\/schema\\\/logo\\\/image\\\/\"},\"sameAs\":[\"https:\\\/\\\/www.facebook.com\\\/biglightprod\",\"https:\\\/\\\/x.com\\\/BigLightProds\",\"https:\\\/\\\/www.instagram.com\\\/big.light.productions\\\/\",\"https:\\\/\\\/www.youtube.com\\\/channel\\\/UCXo4D51D5lV2f-HDRgKhzng\"]}]}<\/script>\n<!-- \/ Yoast SEO Premium plugin. -->","yoast_head_json":{"title":"The Indian Detective - Big Light Productions","description":"Doug D\u2019Mello es un policia de Toronto, Canad\u00e1, con ascendencia Hind\u00fa, cuyos sue\u00f1os de convertirse en un detective de homicidios son truncados cuando es suspendido de su trabajo injustamente.","robots":{"index":"index","follow":"follow","max-snippet":"max-snippet:-1","max-image-preview":"max-image-preview:large","max-video-preview":"max-video-preview:-1"},"canonical":"https:\/\/www.biglight.com\/es\/work\/the-indian-detective\/","og_locale":"es_ES","og_type":"article","og_title":"The Indian Detective","og_description":"Doug D\u2019Mello es un policia de Toronto, Canad\u00e1, con ascendencia Hind\u00fa, cuyos sue\u00f1os de convertirse en un detective de homicidios son truncados cuando es suspendido de su trabajo injustamente.","og_url":"https:\/\/www.biglight.com\/es\/work\/the-indian-detective\/","og_site_name":"Big Light Productions","article_publisher":"https:\/\/www.facebook.com\/biglightprod","article_modified_time":"2019-12-31T01:06:23+00:00","og_image":[{"width":1400,"height":790,"url":"https:\/\/www.biglight.com\/wp-content\/uploads\/2017\/10\/BigLightProductions-The-Indian-Detective-2-1-1400x790.jpg","type":"image\/jpeg"}],"twitter_card":"summary_large_image","twitter_site":"@BigLightProds","schema":{"@context":"https:\/\/schema.org","@graph":[{"@type":"WebPage","@id":"https:\/\/www.biglight.com\/es\/work\/the-indian-detective\/","url":"https:\/\/www.biglight.com\/es\/work\/the-indian-detective\/","name":"The Indian Detective - Big Light Productions","isPartOf":{"@id":"https:\/\/www.biglight.com\/#website"},"primaryImageOfPage":{"@id":"https:\/\/www.biglight.com\/es\/work\/the-indian-detective\/#primaryimage"},"image":{"@id":"https:\/\/www.biglight.com\/es\/work\/the-indian-detective\/#primaryimage"},"thumbnailUrl":"https:\/\/www.biglight.com\/wp-content\/uploads\/2017\/10\/BigLightProductions-The-Indian-Detective-2-1.jpg","datePublished":"2017-10-26T15:23:53+00:00","dateModified":"2019-12-31T01:06:23+00:00","description":"Doug D\u2019Mello es un policia de Toronto, Canad\u00e1, con ascendencia Hind\u00fa, cuyos sue\u00f1os de convertirse en un detective de homicidios son truncados cuando es suspendido de su trabajo injustamente.","breadcrumb":{"@id":"https:\/\/www.biglight.com\/es\/work\/the-indian-detective\/#breadcrumb"},"inLanguage":"es","potentialAction":[{"@type":"ReadAction","target":["https:\/\/www.biglight.com\/es\/work\/the-indian-detective\/"]}]},{"@type":"ImageObject","inLanguage":"es","@id":"https:\/\/www.biglight.com\/es\/work\/the-indian-detective\/#primaryimage","url":"https:\/\/www.biglight.com\/wp-content\/uploads\/2017\/10\/BigLightProductions-The-Indian-Detective-2-1.jpg","contentUrl":"https:\/\/www.biglight.com\/wp-content\/uploads\/2017\/10\/BigLightProductions-The-Indian-Detective-2-1.jpg","width":3000,"height":1693},{"@type":"BreadcrumbList","@id":"https:\/\/www.biglight.com\/es\/work\/the-indian-detective\/#breadcrumb","itemListElement":[{"@type":"ListItem","position":1,"name":"Home","item":"https:\/\/www.biglight.com\/es\/inicio\/"},{"@type":"ListItem","position":2,"name":"Producciones","item":"https:\/\/www.biglight.com\/es\/work\/"},{"@type":"ListItem","position":3,"name":"The Indian Detective"}]},{"@type":"WebSite","@id":"https:\/\/www.biglight.com\/#website","url":"https:\/\/www.biglight.com\/","name":"Big Light Productions","description":"Compa\u00f1\u00eda productora de televisi\u00f3n basada en Londres y Par\u00eds","publisher":{"@id":"https:\/\/www.biglight.com\/#organization"},"potentialAction":[{"@type":"SearchAction","target":{"@type":"EntryPoint","urlTemplate":"https:\/\/www.biglight.com\/?s={search_term_string}"},"query-input":{"@type":"PropertyValueSpecification","valueRequired":true,"valueName":"search_term_string"}}],"inLanguage":"es"},{"@type":"Organization","@id":"https:\/\/www.biglight.com\/#organization","name":"Big Light Productions","url":"https:\/\/www.biglight.com\/","logo":{"@type":"ImageObject","inLanguage":"es","@id":"https:\/\/www.biglight.com\/#\/schema\/logo\/image\/","url":"https:\/\/www.biglight.com\/wp-content\/uploads\/2017\/10\/Big-Light-Logo.png","contentUrl":"https:\/\/www.biglight.com\/wp-content\/uploads\/2017\/10\/Big-Light-Logo.png","width":474,"height":499,"caption":"Big Light Productions"},"image":{"@id":"https:\/\/www.biglight.com\/#\/schema\/logo\/image\/"},"sameAs":["https:\/\/www.facebook.com\/biglightprod","https:\/\/x.com\/BigLightProds","https:\/\/www.instagram.com\/big.light.productions\/","https:\/\/www.youtube.com\/channel\/UCXo4D51D5lV2f-HDRgKhzng"]}]}},"_links":{"self":[{"href":"https:\/\/www.biglight.com\/es\/wp-json\/wp\/v2\/pages\/697","targetHints":{"allow":["GET"]}}],"collection":[{"href":"https:\/\/www.biglight.com\/es\/wp-json\/wp\/v2\/pages"}],"about":[{"href":"https:\/\/www.biglight.com\/es\/wp-json\/wp\/v2\/types\/page"}],"author":[{"embeddable":true,"href":"https:\/\/www.biglight.com\/es\/wp-json\/wp\/v2\/users\/1"}],"replies":[{"embeddable":true,"href":"https:\/\/www.biglight.com\/es\/wp-json\/wp\/v2\/comments?post=697"}],"version-history":[{"count":9,"href":"https:\/\/www.biglight.com\/es\/wp-json\/wp\/v2\/pages\/697\/revisions"}],"predecessor-version":[{"id":2280,"href":"https:\/\/www.biglight.com\/es\/wp-json\/wp\/v2\/pages\/697\/revisions\/2280"}],"up":[{"embeddable":true,"href":"https:\/\/www.biglight.com\/es\/wp-json\/wp\/v2\/pages\/692"}],"wp:featuredmedia":[{"embeddable":true,"href":"https:\/\/www.biglight.com\/es\/wp-json\/wp\/v2\/media\/1205"}],"wp:attachment":[{"href":"https:\/\/www.biglight.com\/es\/wp-json\/wp\/v2\/media?parent=697"}],"curies":[{"name":"wp","href":"https:\/\/api.w.org\/{rel}","templated":true}]}}