{"id":694,"date":"2017-10-26T16:00:33","date_gmt":"2017-10-26T16:00:33","guid":{"rendered":"https:\/\/www.biglight.com\/work\/medici-masters-of-florence\/"},"modified":"2019-12-31T01:16:02","modified_gmt":"2019-12-31T01:16:02","slug":"medici-masters-of-florence","status":"publish","type":"page","link":"https:\/\/www.biglight.com\/es\/work\/medici-masters-of-florence\/","title":{"rendered":"Medici: Masters of Florence"},"content":{"rendered":"<h2>2016<\/h2>\n<h3>Protagonizan <a href=\"http:\/\/www.imdb.com\/name\/nm0534635\" target=\"_blank\" rel=\"noopener noreferrer\">Richard Madden<\/a> &amp; <a href=\"http:\/\/www.imdb.com\/name\/nm0000163\" target=\"_blank\" rel=\"noopener noreferrer\">Dustin Hoffman<\/a><\/h3>\n<p>Producido con <a href=\"http:\/\/www.luxvide.it\" target=\"_blank\" rel=\"noopener noreferrer\">Lux Vide<\/a> &amp; <a href=\"http:\/\/www.wildbunch.biz\" target=\"_blank\" rel=\"noopener noreferrer\">Wild Bunch TV<\/a><br \/>\nTransmitido a trav\u00e9s de <a href=\"http:\/\/www.rai.it\" target=\"_blank\" rel=\"noopener noreferrer\">RAI<\/a>, <a href=\"https:\/\/www.netflix.com\" target=\"_blank\" rel=\"noopener noreferrer\">Netflix<\/a>, <a href=\"https:\/\/play.sfr.fr\" target=\"_blank\" rel=\"noopener noreferrer\">SFR Play<\/a> &amp; <a href=\"http:\/\/www.movistar.es\/particulares\/movistarplus\" target=\"_blank\" rel=\"noopener noreferrer\">Movistar+<\/a><\/p>\n<p><!--contentpartdivider--><\/p>\n<p><em>Medici<\/em> es un drama pol\u00edtico-familiar, situado en la Florencia del siglo XV. Cosimo de\u00b4 Medici (interpretado por Richard Madden) es situado a la cabeza de la adinerada dinast\u00eda familiar dedicada al negocio bancario, cuando su padre Giovanni (Dustin Hoffman) es asesinado. Ahora, Cosimo debe descubrir al asesino para poder proteger la fortuna y poder de su familia. La serie es una cr\u00f3nica del ascenso de la familia Medici y del Renacimiento Italiano, mostrando el crecimiento de ellos como simples comerciantes a banqueros poderosos, y la consecuente creaci\u00f3n de una larga lista de poderosos enemigos.<\/p>\n<p>La premiere de la primera temporada en el canal Italiano Rai rompi\u00f3 records en ese pa\u00eds, amasando siete millones de espectadores, y convirti\u00e9ndose en la serie m\u00e1s vista de Italia. El programa ha sido transmitido en m\u00e1s de treinta pa\u00edses alrededor del mundo desde entonces. Actualmente, se encuentra en post-producci\u00f3n de su segunda temporada y ser\u00e1 estrenada a finales de 2018.<\/p>\n<ul class=\"more-link animation-element slide-up-sm\">\n<li><a class=\"watch-icon\" href=\"#\" data-toggle=\"modal\" data-target=\"#trailerVideo\">Trailer<\/a><\/li>\n<li><a class=\"external-icon\" href=\"http:\/\/www.imdb.com\/title\/tt5057130\/fullcredits\" target=\"_blank\" rel=\"noopener noreferrer\">Cr\u00e9ditos<\/a><\/li>\n<\/ul>\n","protected":false},"excerpt":{"rendered":"<p>Medici es un drama pol\u00edtico-familiar, situado en la Florencia del siglo XV. La premiere de la primera temporada en el canal Italiano Rai rompi\u00f3 records en ese pa\u00eds, amasando siete millones de espectadores, y convirtiendose en la serie m\u00e1s vista de Italia.<\/p>\n","protected":false},"author":1,"featured_media":696,"parent":692,"menu_order":7,"comment_status":"closed","ping_status":"closed","template":"page-work.php","meta":{"_acf_changed":false,"footnotes":""},"class_list":["post-694","page","type-page","status-publish","has-post-thumbnail","hentry","has-content-parts","content-parts-2"],"acf":[],"yoast_head":"<!-- This site is optimized with the Yoast SEO Premium plugin v27.0 (Yoast SEO v27.6) - https:\/\/yoast.com\/product\/yoast-seo-premium-wordpress\/ -->\n<title>Medici: Masters of Florence - Big Light Productions<\/title>\n<meta name=\"description\" content=\"Medici es un drama pol\u00edtico-familiar, situado en la Florencia del siglo XV. La premiere de la primera temporada en el canal Italiano Rai rompi\u00f3 records en ese pa\u00eds, amasando siete millones de espectadores, y convirtiendose en la serie m\u00e1s vista de Italia.\" \/>\n<meta name=\"robots\" content=\"index, follow, max-snippet:-1, max-image-preview:large, max-video-preview:-1\" \/>\n<link rel=\"canonical\" href=\"https:\/\/www.biglight.com\/es\/work\/medici-masters-of-florence\/\" \/>\n<meta property=\"og:locale\" content=\"es_ES\" \/>\n<meta property=\"og:type\" content=\"article\" \/>\n<meta property=\"og:title\" content=\"Medici: Masters of Florence\" \/>\n<meta property=\"og:description\" content=\"Medici es un drama pol\u00edtico-familiar, situado en la Florencia del siglo XV. La premiere de la primera temporada en el canal Italiano Rai rompi\u00f3 records en ese pa\u00eds, amasando siete millones de espectadores, y convirtiendose en la serie m\u00e1s vista de Italia.\" \/>\n<meta property=\"og:url\" content=\"https:\/\/www.biglight.com\/es\/work\/medici-masters-of-florence\/\" \/>\n<meta property=\"og:site_name\" content=\"Big Light Productions\" \/>\n<meta property=\"article:publisher\" content=\"https:\/\/www.facebook.com\/biglightprod\" \/>\n<meta property=\"article:modified_time\" content=\"2019-12-31T01:16:02+00:00\" \/>\n<meta property=\"og:image\" content=\"https:\/\/www.biglight.com\/wp-content\/uploads\/2017\/10\/Medici_Dustin-Hoffman.jpg\" \/>\n\t<meta property=\"og:image:width\" content=\"3000\" \/>\n\t<meta property=\"og:image:height\" content=\"2000\" \/>\n\t<meta property=\"og:image:type\" content=\"image\/jpeg\" \/>\n<meta name=\"twitter:card\" content=\"summary_large_image\" \/>\n<meta name=\"twitter:site\" content=\"@BigLightProds\" \/>\n<script type=\"application\/ld+json\" class=\"yoast-schema-graph\">{\"@context\":\"https:\\\/\\\/schema.org\",\"@graph\":[{\"@type\":\"WebPage\",\"@id\":\"https:\\\/\\\/www.biglight.com\\\/es\\\/work\\\/medici-masters-of-florence\\\/\",\"url\":\"https:\\\/\\\/www.biglight.com\\\/es\\\/work\\\/medici-masters-of-florence\\\/\",\"name\":\"Medici: Masters of Florence - Big Light Productions\",\"isPartOf\":{\"@id\":\"https:\\\/\\\/www.biglight.com\\\/#website\"},\"primaryImageOfPage\":{\"@id\":\"https:\\\/\\\/www.biglight.com\\\/es\\\/work\\\/medici-masters-of-florence\\\/#primaryimage\"},\"image\":{\"@id\":\"https:\\\/\\\/www.biglight.com\\\/es\\\/work\\\/medici-masters-of-florence\\\/#primaryimage\"},\"thumbnailUrl\":\"https:\\\/\\\/www.biglight.com\\\/wp-content\\\/uploads\\\/2017\\\/06\\\/BigLightProductions-Medici-Masters-of-Florence-1.jpg\",\"datePublished\":\"2017-10-26T16:00:33+00:00\",\"dateModified\":\"2019-12-31T01:16:02+00:00\",\"description\":\"Medici es un drama pol\u00edtico-familiar, situado en la Florencia del siglo XV. La premiere de la primera temporada en el canal Italiano Rai rompi\u00f3 records en ese pa\u00eds, amasando siete millones de espectadores, y convirtiendose en la serie m\u00e1s vista de Italia.\",\"breadcrumb\":{\"@id\":\"https:\\\/\\\/www.biglight.com\\\/es\\\/work\\\/medici-masters-of-florence\\\/#breadcrumb\"},\"inLanguage\":\"es\",\"potentialAction\":[{\"@type\":\"ReadAction\",\"target\":[\"https:\\\/\\\/www.biglight.com\\\/es\\\/work\\\/medici-masters-of-florence\\\/\"]}]},{\"@type\":\"ImageObject\",\"inLanguage\":\"es\",\"@id\":\"https:\\\/\\\/www.biglight.com\\\/es\\\/work\\\/medici-masters-of-florence\\\/#primaryimage\",\"url\":\"https:\\\/\\\/www.biglight.com\\\/wp-content\\\/uploads\\\/2017\\\/06\\\/BigLightProductions-Medici-Masters-of-Florence-1.jpg\",\"contentUrl\":\"https:\\\/\\\/www.biglight.com\\\/wp-content\\\/uploads\\\/2017\\\/06\\\/BigLightProductions-Medici-Masters-of-Florence-1.jpg\",\"width\":3000,\"height\":1693},{\"@type\":\"BreadcrumbList\",\"@id\":\"https:\\\/\\\/www.biglight.com\\\/es\\\/work\\\/medici-masters-of-florence\\\/#breadcrumb\",\"itemListElement\":[{\"@type\":\"ListItem\",\"position\":1,\"name\":\"Home\",\"item\":\"https:\\\/\\\/www.biglight.com\\\/es\\\/inicio\\\/\"},{\"@type\":\"ListItem\",\"position\":2,\"name\":\"Producciones\",\"item\":\"https:\\\/\\\/www.biglight.com\\\/es\\\/work\\\/\"},{\"@type\":\"ListItem\",\"position\":3,\"name\":\"Medici: Masters of Florence\"}]},{\"@type\":\"WebSite\",\"@id\":\"https:\\\/\\\/www.biglight.com\\\/#website\",\"url\":\"https:\\\/\\\/www.biglight.com\\\/\",\"name\":\"Big Light Productions\",\"description\":\"Compa\u00f1\u00eda productora de televisi\u00f3n basada en Londres y Par\u00eds\",\"publisher\":{\"@id\":\"https:\\\/\\\/www.biglight.com\\\/#organization\"},\"potentialAction\":[{\"@type\":\"SearchAction\",\"target\":{\"@type\":\"EntryPoint\",\"urlTemplate\":\"https:\\\/\\\/www.biglight.com\\\/?s={search_term_string}\"},\"query-input\":{\"@type\":\"PropertyValueSpecification\",\"valueRequired\":true,\"valueName\":\"search_term_string\"}}],\"inLanguage\":\"es\"},{\"@type\":\"Organization\",\"@id\":\"https:\\\/\\\/www.biglight.com\\\/#organization\",\"name\":\"Big Light Productions\",\"url\":\"https:\\\/\\\/www.biglight.com\\\/\",\"logo\":{\"@type\":\"ImageObject\",\"inLanguage\":\"es\",\"@id\":\"https:\\\/\\\/www.biglight.com\\\/#\\\/schema\\\/logo\\\/image\\\/\",\"url\":\"https:\\\/\\\/www.biglight.com\\\/wp-content\\\/uploads\\\/2017\\\/10\\\/Big-Light-Logo.png\",\"contentUrl\":\"https:\\\/\\\/www.biglight.com\\\/wp-content\\\/uploads\\\/2017\\\/10\\\/Big-Light-Logo.png\",\"width\":474,\"height\":499,\"caption\":\"Big Light Productions\"},\"image\":{\"@id\":\"https:\\\/\\\/www.biglight.com\\\/#\\\/schema\\\/logo\\\/image\\\/\"},\"sameAs\":[\"https:\\\/\\\/www.facebook.com\\\/biglightprod\",\"https:\\\/\\\/x.com\\\/BigLightProds\",\"https:\\\/\\\/www.instagram.com\\\/big.light.productions\\\/\",\"https:\\\/\\\/www.youtube.com\\\/channel\\\/UCXo4D51D5lV2f-HDRgKhzng\"]}]}<\/script>\n<!-- \/ Yoast SEO Premium plugin. -->","yoast_head_json":{"title":"Medici: Masters of Florence - Big Light Productions","description":"Medici es un drama pol\u00edtico-familiar, situado en la Florencia del siglo XV. La premiere de la primera temporada en el canal Italiano Rai rompi\u00f3 records en ese pa\u00eds, amasando siete millones de espectadores, y convirtiendose en la serie m\u00e1s vista de Italia.","robots":{"index":"index","follow":"follow","max-snippet":"max-snippet:-1","max-image-preview":"max-image-preview:large","max-video-preview":"max-video-preview:-1"},"canonical":"https:\/\/www.biglight.com\/es\/work\/medici-masters-of-florence\/","og_locale":"es_ES","og_type":"article","og_title":"Medici: Masters of Florence","og_description":"Medici es un drama pol\u00edtico-familiar, situado en la Florencia del siglo XV. La premiere de la primera temporada en el canal Italiano Rai rompi\u00f3 records en ese pa\u00eds, amasando siete millones de espectadores, y convirtiendose en la serie m\u00e1s vista de Italia.","og_url":"https:\/\/www.biglight.com\/es\/work\/medici-masters-of-florence\/","og_site_name":"Big Light Productions","article_publisher":"https:\/\/www.facebook.com\/biglightprod","article_modified_time":"2019-12-31T01:16:02+00:00","og_image":[{"width":3000,"height":2000,"url":"https:\/\/www.biglight.com\/wp-content\/uploads\/2017\/10\/Medici_Dustin-Hoffman.jpg","type":"image\/jpeg"}],"twitter_card":"summary_large_image","twitter_site":"@BigLightProds","schema":{"@context":"https:\/\/schema.org","@graph":[{"@type":"WebPage","@id":"https:\/\/www.biglight.com\/es\/work\/medici-masters-of-florence\/","url":"https:\/\/www.biglight.com\/es\/work\/medici-masters-of-florence\/","name":"Medici: Masters of Florence - Big Light Productions","isPartOf":{"@id":"https:\/\/www.biglight.com\/#website"},"primaryImageOfPage":{"@id":"https:\/\/www.biglight.com\/es\/work\/medici-masters-of-florence\/#primaryimage"},"image":{"@id":"https:\/\/www.biglight.com\/es\/work\/medici-masters-of-florence\/#primaryimage"},"thumbnailUrl":"https:\/\/www.biglight.com\/wp-content\/uploads\/2017\/06\/BigLightProductions-Medici-Masters-of-Florence-1.jpg","datePublished":"2017-10-26T16:00:33+00:00","dateModified":"2019-12-31T01:16:02+00:00","description":"Medici es un drama pol\u00edtico-familiar, situado en la Florencia del siglo XV. La premiere de la primera temporada en el canal Italiano Rai rompi\u00f3 records en ese pa\u00eds, amasando siete millones de espectadores, y convirtiendose en la serie m\u00e1s vista de Italia.","breadcrumb":{"@id":"https:\/\/www.biglight.com\/es\/work\/medici-masters-of-florence\/#breadcrumb"},"inLanguage":"es","potentialAction":[{"@type":"ReadAction","target":["https:\/\/www.biglight.com\/es\/work\/medici-masters-of-florence\/"]}]},{"@type":"ImageObject","inLanguage":"es","@id":"https:\/\/www.biglight.com\/es\/work\/medici-masters-of-florence\/#primaryimage","url":"https:\/\/www.biglight.com\/wp-content\/uploads\/2017\/06\/BigLightProductions-Medici-Masters-of-Florence-1.jpg","contentUrl":"https:\/\/www.biglight.com\/wp-content\/uploads\/2017\/06\/BigLightProductions-Medici-Masters-of-Florence-1.jpg","width":3000,"height":1693},{"@type":"BreadcrumbList","@id":"https:\/\/www.biglight.com\/es\/work\/medici-masters-of-florence\/#breadcrumb","itemListElement":[{"@type":"ListItem","position":1,"name":"Home","item":"https:\/\/www.biglight.com\/es\/inicio\/"},{"@type":"ListItem","position":2,"name":"Producciones","item":"https:\/\/www.biglight.com\/es\/work\/"},{"@type":"ListItem","position":3,"name":"Medici: Masters of Florence"}]},{"@type":"WebSite","@id":"https:\/\/www.biglight.com\/#website","url":"https:\/\/www.biglight.com\/","name":"Big Light Productions","description":"Compa\u00f1\u00eda productora de televisi\u00f3n basada en Londres y Par\u00eds","publisher":{"@id":"https:\/\/www.biglight.com\/#organization"},"potentialAction":[{"@type":"SearchAction","target":{"@type":"EntryPoint","urlTemplate":"https:\/\/www.biglight.com\/?s={search_term_string}"},"query-input":{"@type":"PropertyValueSpecification","valueRequired":true,"valueName":"search_term_string"}}],"inLanguage":"es"},{"@type":"Organization","@id":"https:\/\/www.biglight.com\/#organization","name":"Big Light Productions","url":"https:\/\/www.biglight.com\/","logo":{"@type":"ImageObject","inLanguage":"es","@id":"https:\/\/www.biglight.com\/#\/schema\/logo\/image\/","url":"https:\/\/www.biglight.com\/wp-content\/uploads\/2017\/10\/Big-Light-Logo.png","contentUrl":"https:\/\/www.biglight.com\/wp-content\/uploads\/2017\/10\/Big-Light-Logo.png","width":474,"height":499,"caption":"Big Light Productions"},"image":{"@id":"https:\/\/www.biglight.com\/#\/schema\/logo\/image\/"},"sameAs":["https:\/\/www.facebook.com\/biglightprod","https:\/\/x.com\/BigLightProds","https:\/\/www.instagram.com\/big.light.productions\/","https:\/\/www.youtube.com\/channel\/UCXo4D51D5lV2f-HDRgKhzng"]}]}},"_links":{"self":[{"href":"https:\/\/www.biglight.com\/es\/wp-json\/wp\/v2\/pages\/694","targetHints":{"allow":["GET"]}}],"collection":[{"href":"https:\/\/www.biglight.com\/es\/wp-json\/wp\/v2\/pages"}],"about":[{"href":"https:\/\/www.biglight.com\/es\/wp-json\/wp\/v2\/types\/page"}],"author":[{"embeddable":true,"href":"https:\/\/www.biglight.com\/es\/wp-json\/wp\/v2\/users\/1"}],"replies":[{"embeddable":true,"href":"https:\/\/www.biglight.com\/es\/wp-json\/wp\/v2\/comments?post=694"}],"version-history":[{"count":7,"href":"https:\/\/www.biglight.com\/es\/wp-json\/wp\/v2\/pages\/694\/revisions"}],"predecessor-version":[{"id":2287,"href":"https:\/\/www.biglight.com\/es\/wp-json\/wp\/v2\/pages\/694\/revisions\/2287"}],"up":[{"embeddable":true,"href":"https:\/\/www.biglight.com\/es\/wp-json\/wp\/v2\/pages\/692"}],"wp:featuredmedia":[{"embeddable":true,"href":"https:\/\/www.biglight.com\/es\/wp-json\/wp\/v2\/media\/696"}],"wp:attachment":[{"href":"https:\/\/www.biglight.com\/es\/wp-json\/wp\/v2\/media?parent=694"}],"curies":[{"name":"wp","href":"https:\/\/api.w.org\/{rel}","templated":true}]}}