{"id":693,"date":"2017-10-27T10:00:19","date_gmt":"2017-10-27T10:00:19","guid":{"rendered":"https:\/\/www.biglight.com\/contact\/"},"modified":"2021-10-08T11:25:27","modified_gmt":"2021-10-08T11:25:27","slug":"contact","status":"publish","type":"page","link":"https:\/\/www.biglight.com\/es\/contact\/","title":{"rendered":"Contacto"},"content":{"rendered":"<h2>Londres<\/h2>\n<p>Big Light Productions<br \/>\nSummit House, 12 Red Lion Square<br \/>\nLondon WC1R 4HQ<br \/>\nReino Unido<br \/>\n<a class=\"external-icon\" href=\"https:\/\/goo.gl\/maps\/VrMNrvz6jPVTqpKQ7\" target=\"_blank\" rel=\"noopener noreferrer\">Mappa<\/a><\/p>\n<p class=\"secondary-anim\">+44 (0)20 3909 7700<br \/>\n<a href=\"mailto:info@biglight.com\">info@biglight.com<\/a><\/p>\n<p><!--contentpartdivider--><\/p>\n<h2>Oportunidades<\/h2>\n<p>Para oportunidades laborales o pasant\u00edas, por favor escr\u00edbenos a <a href=\"mailto:careers@biglight.com\">careers@biglight.com<\/a>.<\/p>\n<h2>Privacidad<\/h2>\n<p>Para leer nuestra pol\u00edtica de privacidad, haz click\u00a0<a href=\"https:\/\/www.biglight.com\/es\/privacy-policy\/\">aqu\u00ed<\/a>.<\/p>\n<p><!--contentpartdivider--><\/p>\n<h2>Guiones<\/h2>\n<p>Desafortunadamente, no podemos aceptar guiones o muestras audiovisuales que no hayamos solicitado. Para protegernos a todos, cualquier material no solicitado que se nos env\u00ede ser\u00e1 borrado o destruido sin ser leido.<\/p>\n","protected":false},"excerpt":{"rendered":"<p>Una compa\u00f1\u00eda de producci\u00f3n independiente basada en Londres y Par\u00eds, creadora de dramas originales y ambiciosos para audiencias globales.<\/p>\n","protected":false},"author":1,"featured_media":690,"parent":0,"menu_order":5,"comment_status":"closed","ping_status":"closed","template":"page-four-column.php","meta":{"_acf_changed":false,"footnotes":""},"class_list":["post-693","page","type-page","status-publish","has-post-thumbnail","hentry","has-content-parts","content-parts-3"],"acf":[],"yoast_head":"<!-- This site is optimized with the Yoast SEO Premium plugin v27.0 (Yoast SEO v27.4) - https:\/\/yoast.com\/product\/yoast-seo-premium-wordpress\/ -->\n<title>Contacto - Big Light Productions<\/title>\n<meta name=\"description\" content=\"Una compa\u00f1\u00eda de producci\u00f3n independiente basada en Londres y Par\u00eds, creadora de dramas originales y ambiciosos para audiencias globales.\" \/>\n<meta name=\"robots\" content=\"index, follow, max-snippet:-1, max-image-preview:large, max-video-preview:-1\" \/>\n<link rel=\"canonical\" href=\"https:\/\/www.biglight.com\/es\/contact\/\" \/>\n<meta property=\"og:locale\" content=\"es_ES\" \/>\n<meta property=\"og:type\" content=\"article\" \/>\n<meta property=\"og:title\" content=\"Contacto\" \/>\n<meta property=\"og:description\" content=\"Una compa\u00f1\u00eda de producci\u00f3n independiente basada en Londres y Par\u00eds, creadora de dramas originales y ambiciosos para audiencias globales.\" \/>\n<meta property=\"og:url\" content=\"https:\/\/www.biglight.com\/es\/contact\/\" \/>\n<meta property=\"og:site_name\" content=\"Big Light Productions\" \/>\n<meta property=\"article:publisher\" content=\"https:\/\/www.facebook.com\/biglightprod\" \/>\n<meta property=\"article:modified_time\" content=\"2021-10-08T11:25:27+00:00\" \/>\n<meta property=\"og:image\" content=\"https:\/\/www.biglight.com\/wp-content\/uploads\/2017\/06\/BigLightProductions-contact.jpg\" \/>\n\t<meta property=\"og:image:width\" content=\"3000\" \/>\n\t<meta property=\"og:image:height\" content=\"1693\" \/>\n\t<meta property=\"og:image:type\" content=\"image\/jpeg\" \/>\n<meta name=\"twitter:card\" content=\"summary_large_image\" \/>\n<meta name=\"twitter:site\" content=\"@BigLightProds\" \/>\n<script type=\"application\/ld+json\" class=\"yoast-schema-graph\">{\"@context\":\"https:\\\/\\\/schema.org\",\"@graph\":[{\"@type\":\"WebPage\",\"@id\":\"https:\\\/\\\/www.biglight.com\\\/es\\\/contact\\\/\",\"url\":\"https:\\\/\\\/www.biglight.com\\\/es\\\/contact\\\/\",\"name\":\"Contacto - Big Light Productions\",\"isPartOf\":{\"@id\":\"https:\\\/\\\/www.biglight.com\\\/#website\"},\"primaryImageOfPage\":{\"@id\":\"https:\\\/\\\/www.biglight.com\\\/es\\\/contact\\\/#primaryimage\"},\"image\":{\"@id\":\"https:\\\/\\\/www.biglight.com\\\/es\\\/contact\\\/#primaryimage\"},\"thumbnailUrl\":\"https:\\\/\\\/www.biglight.com\\\/wp-content\\\/uploads\\\/2017\\\/06\\\/BigLightProductions-contact.jpg\",\"datePublished\":\"2017-10-27T10:00:19+00:00\",\"dateModified\":\"2021-10-08T11:25:27+00:00\",\"description\":\"Una compa\u00f1\u00eda de producci\u00f3n independiente basada en Londres y Par\u00eds, creadora de dramas originales y ambiciosos para audiencias globales.\",\"breadcrumb\":{\"@id\":\"https:\\\/\\\/www.biglight.com\\\/es\\\/contact\\\/#breadcrumb\"},\"inLanguage\":\"es\",\"potentialAction\":[{\"@type\":\"ReadAction\",\"target\":[\"https:\\\/\\\/www.biglight.com\\\/es\\\/contact\\\/\"]}]},{\"@type\":\"ImageObject\",\"inLanguage\":\"es\",\"@id\":\"https:\\\/\\\/www.biglight.com\\\/es\\\/contact\\\/#primaryimage\",\"url\":\"https:\\\/\\\/www.biglight.com\\\/wp-content\\\/uploads\\\/2017\\\/06\\\/BigLightProductions-contact.jpg\",\"contentUrl\":\"https:\\\/\\\/www.biglight.com\\\/wp-content\\\/uploads\\\/2017\\\/06\\\/BigLightProductions-contact.jpg\",\"width\":3000,\"height\":1693},{\"@type\":\"BreadcrumbList\",\"@id\":\"https:\\\/\\\/www.biglight.com\\\/es\\\/contact\\\/#breadcrumb\",\"itemListElement\":[{\"@type\":\"ListItem\",\"position\":1,\"name\":\"Home\",\"item\":\"https:\\\/\\\/www.biglight.com\\\/es\\\/inicio\\\/\"},{\"@type\":\"ListItem\",\"position\":2,\"name\":\"Contacto\"}]},{\"@type\":\"WebSite\",\"@id\":\"https:\\\/\\\/www.biglight.com\\\/#website\",\"url\":\"https:\\\/\\\/www.biglight.com\\\/\",\"name\":\"Big Light Productions\",\"description\":\"Compa\u00f1\u00eda productora de televisi\u00f3n basada en Londres y Par\u00eds\",\"publisher\":{\"@id\":\"https:\\\/\\\/www.biglight.com\\\/#organization\"},\"potentialAction\":[{\"@type\":\"SearchAction\",\"target\":{\"@type\":\"EntryPoint\",\"urlTemplate\":\"https:\\\/\\\/www.biglight.com\\\/?s={search_term_string}\"},\"query-input\":{\"@type\":\"PropertyValueSpecification\",\"valueRequired\":true,\"valueName\":\"search_term_string\"}}],\"inLanguage\":\"es\"},{\"@type\":\"Organization\",\"@id\":\"https:\\\/\\\/www.biglight.com\\\/#organization\",\"name\":\"Big Light Productions\",\"url\":\"https:\\\/\\\/www.biglight.com\\\/\",\"logo\":{\"@type\":\"ImageObject\",\"inLanguage\":\"es\",\"@id\":\"https:\\\/\\\/www.biglight.com\\\/#\\\/schema\\\/logo\\\/image\\\/\",\"url\":\"https:\\\/\\\/www.biglight.com\\\/wp-content\\\/uploads\\\/2017\\\/10\\\/Big-Light-Logo.png\",\"contentUrl\":\"https:\\\/\\\/www.biglight.com\\\/wp-content\\\/uploads\\\/2017\\\/10\\\/Big-Light-Logo.png\",\"width\":474,\"height\":499,\"caption\":\"Big Light Productions\"},\"image\":{\"@id\":\"https:\\\/\\\/www.biglight.com\\\/#\\\/schema\\\/logo\\\/image\\\/\"},\"sameAs\":[\"https:\\\/\\\/www.facebook.com\\\/biglightprod\",\"https:\\\/\\\/x.com\\\/BigLightProds\",\"https:\\\/\\\/www.instagram.com\\\/big.light.productions\\\/\",\"https:\\\/\\\/www.youtube.com\\\/channel\\\/UCXo4D51D5lV2f-HDRgKhzng\"]}]}<\/script>\n<!-- \/ Yoast SEO Premium plugin. -->","yoast_head_json":{"title":"Contacto - Big Light Productions","description":"Una compa\u00f1\u00eda de producci\u00f3n independiente basada en Londres y Par\u00eds, creadora de dramas originales y ambiciosos para audiencias globales.","robots":{"index":"index","follow":"follow","max-snippet":"max-snippet:-1","max-image-preview":"max-image-preview:large","max-video-preview":"max-video-preview:-1"},"canonical":"https:\/\/www.biglight.com\/es\/contact\/","og_locale":"es_ES","og_type":"article","og_title":"Contacto","og_description":"Una compa\u00f1\u00eda de producci\u00f3n independiente basada en Londres y Par\u00eds, creadora de dramas originales y ambiciosos para audiencias globales.","og_url":"https:\/\/www.biglight.com\/es\/contact\/","og_site_name":"Big Light Productions","article_publisher":"https:\/\/www.facebook.com\/biglightprod","article_modified_time":"2021-10-08T11:25:27+00:00","og_image":[{"width":3000,"height":1693,"url":"https:\/\/www.biglight.com\/wp-content\/uploads\/2017\/06\/BigLightProductions-contact.jpg","type":"image\/jpeg"}],"twitter_card":"summary_large_image","twitter_site":"@BigLightProds","schema":{"@context":"https:\/\/schema.org","@graph":[{"@type":"WebPage","@id":"https:\/\/www.biglight.com\/es\/contact\/","url":"https:\/\/www.biglight.com\/es\/contact\/","name":"Contacto - Big Light Productions","isPartOf":{"@id":"https:\/\/www.biglight.com\/#website"},"primaryImageOfPage":{"@id":"https:\/\/www.biglight.com\/es\/contact\/#primaryimage"},"image":{"@id":"https:\/\/www.biglight.com\/es\/contact\/#primaryimage"},"thumbnailUrl":"https:\/\/www.biglight.com\/wp-content\/uploads\/2017\/06\/BigLightProductions-contact.jpg","datePublished":"2017-10-27T10:00:19+00:00","dateModified":"2021-10-08T11:25:27+00:00","description":"Una compa\u00f1\u00eda de producci\u00f3n independiente basada en Londres y Par\u00eds, creadora de dramas originales y ambiciosos para audiencias globales.","breadcrumb":{"@id":"https:\/\/www.biglight.com\/es\/contact\/#breadcrumb"},"inLanguage":"es","potentialAction":[{"@type":"ReadAction","target":["https:\/\/www.biglight.com\/es\/contact\/"]}]},{"@type":"ImageObject","inLanguage":"es","@id":"https:\/\/www.biglight.com\/es\/contact\/#primaryimage","url":"https:\/\/www.biglight.com\/wp-content\/uploads\/2017\/06\/BigLightProductions-contact.jpg","contentUrl":"https:\/\/www.biglight.com\/wp-content\/uploads\/2017\/06\/BigLightProductions-contact.jpg","width":3000,"height":1693},{"@type":"BreadcrumbList","@id":"https:\/\/www.biglight.com\/es\/contact\/#breadcrumb","itemListElement":[{"@type":"ListItem","position":1,"name":"Home","item":"https:\/\/www.biglight.com\/es\/inicio\/"},{"@type":"ListItem","position":2,"name":"Contacto"}]},{"@type":"WebSite","@id":"https:\/\/www.biglight.com\/#website","url":"https:\/\/www.biglight.com\/","name":"Big Light Productions","description":"Compa\u00f1\u00eda productora de televisi\u00f3n basada en Londres y Par\u00eds","publisher":{"@id":"https:\/\/www.biglight.com\/#organization"},"potentialAction":[{"@type":"SearchAction","target":{"@type":"EntryPoint","urlTemplate":"https:\/\/www.biglight.com\/?s={search_term_string}"},"query-input":{"@type":"PropertyValueSpecification","valueRequired":true,"valueName":"search_term_string"}}],"inLanguage":"es"},{"@type":"Organization","@id":"https:\/\/www.biglight.com\/#organization","name":"Big Light Productions","url":"https:\/\/www.biglight.com\/","logo":{"@type":"ImageObject","inLanguage":"es","@id":"https:\/\/www.biglight.com\/#\/schema\/logo\/image\/","url":"https:\/\/www.biglight.com\/wp-content\/uploads\/2017\/10\/Big-Light-Logo.png","contentUrl":"https:\/\/www.biglight.com\/wp-content\/uploads\/2017\/10\/Big-Light-Logo.png","width":474,"height":499,"caption":"Big Light Productions"},"image":{"@id":"https:\/\/www.biglight.com\/#\/schema\/logo\/image\/"},"sameAs":["https:\/\/www.facebook.com\/biglightprod","https:\/\/x.com\/BigLightProds","https:\/\/www.instagram.com\/big.light.productions\/","https:\/\/www.youtube.com\/channel\/UCXo4D51D5lV2f-HDRgKhzng"]}]}},"_links":{"self":[{"href":"https:\/\/www.biglight.com\/es\/wp-json\/wp\/v2\/pages\/693","targetHints":{"allow":["GET"]}}],"collection":[{"href":"https:\/\/www.biglight.com\/es\/wp-json\/wp\/v2\/pages"}],"about":[{"href":"https:\/\/www.biglight.com\/es\/wp-json\/wp\/v2\/types\/page"}],"author":[{"embeddable":true,"href":"https:\/\/www.biglight.com\/es\/wp-json\/wp\/v2\/users\/1"}],"replies":[{"embeddable":true,"href":"https:\/\/www.biglight.com\/es\/wp-json\/wp\/v2\/comments?post=693"}],"version-history":[{"count":11,"href":"https:\/\/www.biglight.com\/es\/wp-json\/wp\/v2\/pages\/693\/revisions"}],"predecessor-version":[{"id":2574,"href":"https:\/\/www.biglight.com\/es\/wp-json\/wp\/v2\/pages\/693\/revisions\/2574"}],"wp:featuredmedia":[{"embeddable":true,"href":"https:\/\/www.biglight.com\/es\/wp-json\/wp\/v2\/media\/690"}],"wp:attachment":[{"href":"https:\/\/www.biglight.com\/es\/wp-json\/wp\/v2\/media?parent=693"}],"curies":[{"name":"wp","href":"https:\/\/api.w.org\/{rel}","templated":true}]}}