{"id":689,"date":"2017-10-29T21:10:26","date_gmt":"2017-10-29T21:10:26","guid":{"rendered":"https:\/\/www.biglight.com\/team\/"},"modified":"2019-12-31T00:27:38","modified_gmt":"2019-12-31T00:27:38","slug":"team","status":"publish","type":"page","link":"https:\/\/www.biglight.com\/es\/team\/","title":{"rendered":"Equipo"},"content":{"rendered":"<p>Big Light fue establecida por Frank Spotnitz en 2013, y pronto se convirti\u00f3 en una de las compa\u00f1\u00edas de m\u00e1s r\u00e1pido crecimiento en Europa. Habiendo alcanzado este \u00e9xito en Europa y Norte Am\u00e9rica, Big Light se ha expandido para incluir desarrollo y producci\u00f3n para el Reino Unido, con Oliver Lang incorpor\u00e1ndose a la compa\u00f1\u00eda como Director de Operaciones. En 2018, Emily Feller fue nombrada Directora del Departamento de Dram\u00e1ticos, trayendo un equipo para desarrollar proyectos para el Reino Unido y otros territorios, con el mayor talento establecido y emergente.<\/p>\n<p>El equipo actualmente incluye:<br \/>\nFrank Spotnitz<br \/>\nOliver Lang<br \/>\nEmily Feller<br \/>\nAdrian Banyard<br \/>\nSam Marchant<br \/>\nJoe Griffith<br \/>\nGretta Mullany<br \/>\nRhona Foulis<br \/>\nZerana Patel<br \/>\nAvi Quijada<br \/>\nJames Rolfe<\/p>\n","protected":false},"excerpt":{"rendered":"<p>Big Light fue establecida por Frank Spotnitz en 2013, y pronto se convirti\u00f3 en una de las compa\u00f1\u00edas de m\u00e1s r\u00e1pido crecimiento en Europa. <\/p>\n","protected":false},"author":1,"featured_media":691,"parent":0,"menu_order":3,"comment_status":"closed","ping_status":"closed","template":"page-team.php","meta":{"_acf_changed":false,"footnotes":""},"class_list":["post-689","page","type-page","status-publish","has-post-thumbnail","hentry","no-content-parts"],"acf":[],"yoast_head":"<!-- This site is optimized with the Yoast SEO Premium plugin v27.0 (Yoast SEO v27.6) - https:\/\/yoast.com\/product\/yoast-seo-premium-wordpress\/ -->\n<title>Equipo - Big Light Productions<\/title>\n<meta name=\"description\" content=\"Big Light fue establecida por Frank Spotnitz en 2013, y pronto se convirti\u00f3 en una de las compa\u00f1\u00edas de m\u00e1s r\u00e1pido crecimiento en Europa.\" \/>\n<meta name=\"robots\" content=\"index, follow, max-snippet:-1, max-image-preview:large, max-video-preview:-1\" \/>\n<link rel=\"canonical\" href=\"https:\/\/www.biglight.com\/es\/team\/\" \/>\n<meta property=\"og:locale\" content=\"es_ES\" \/>\n<meta property=\"og:type\" content=\"article\" \/>\n<meta property=\"og:title\" content=\"Equipo\" \/>\n<meta property=\"og:description\" content=\"Big Light fue establecida por Frank Spotnitz en 2013, y pronto se convirti\u00f3 en una de las compa\u00f1\u00edas de m\u00e1s r\u00e1pido crecimiento en Europa.\" \/>\n<meta property=\"og:url\" content=\"https:\/\/www.biglight.com\/es\/team\/\" \/>\n<meta property=\"og:site_name\" content=\"Big Light Productions\" \/>\n<meta property=\"article:publisher\" content=\"https:\/\/www.facebook.com\/biglightprod\" \/>\n<meta property=\"article:modified_time\" content=\"2019-12-31T00:27:38+00:00\" \/>\n<meta property=\"og:image\" content=\"https:\/\/www.biglight.com\/wp-content\/uploads\/2017\/10\/Big-Light-Logo.png\" \/>\n\t<meta property=\"og:image:width\" content=\"474\" \/>\n\t<meta property=\"og:image:height\" content=\"499\" \/>\n\t<meta property=\"og:image:type\" content=\"image\/png\" \/>\n<meta name=\"twitter:card\" content=\"summary_large_image\" \/>\n<meta name=\"twitter:site\" content=\"@BigLightProds\" \/>\n<script type=\"application\/ld+json\" class=\"yoast-schema-graph\">{\"@context\":\"https:\\\/\\\/schema.org\",\"@graph\":[{\"@type\":\"WebPage\",\"@id\":\"https:\\\/\\\/www.biglight.com\\\/es\\\/team\\\/\",\"url\":\"https:\\\/\\\/www.biglight.com\\\/es\\\/team\\\/\",\"name\":\"Equipo - Big Light Productions\",\"isPartOf\":{\"@id\":\"https:\\\/\\\/www.biglight.com\\\/#website\"},\"primaryImageOfPage\":{\"@id\":\"https:\\\/\\\/www.biglight.com\\\/es\\\/team\\\/#primaryimage\"},\"image\":{\"@id\":\"https:\\\/\\\/www.biglight.com\\\/es\\\/team\\\/#primaryimage\"},\"thumbnailUrl\":\"https:\\\/\\\/www.biglight.com\\\/wp-content\\\/uploads\\\/2017\\\/06\\\/BigLightProductions-team.jpg\",\"datePublished\":\"2017-10-29T21:10:26+00:00\",\"dateModified\":\"2019-12-31T00:27:38+00:00\",\"description\":\"Big Light fue establecida por Frank Spotnitz en 2013, y pronto se convirti\u00f3 en una de las compa\u00f1\u00edas de m\u00e1s r\u00e1pido crecimiento en Europa.\",\"breadcrumb\":{\"@id\":\"https:\\\/\\\/www.biglight.com\\\/es\\\/team\\\/#breadcrumb\"},\"inLanguage\":\"es\",\"potentialAction\":[{\"@type\":\"ReadAction\",\"target\":[\"https:\\\/\\\/www.biglight.com\\\/es\\\/team\\\/\"]}]},{\"@type\":\"ImageObject\",\"inLanguage\":\"es\",\"@id\":\"https:\\\/\\\/www.biglight.com\\\/es\\\/team\\\/#primaryimage\",\"url\":\"https:\\\/\\\/www.biglight.com\\\/wp-content\\\/uploads\\\/2017\\\/06\\\/BigLightProductions-team.jpg\",\"contentUrl\":\"https:\\\/\\\/www.biglight.com\\\/wp-content\\\/uploads\\\/2017\\\/06\\\/BigLightProductions-team.jpg\",\"width\":3000,\"height\":1693},{\"@type\":\"BreadcrumbList\",\"@id\":\"https:\\\/\\\/www.biglight.com\\\/es\\\/team\\\/#breadcrumb\",\"itemListElement\":[{\"@type\":\"ListItem\",\"position\":1,\"name\":\"Home\",\"item\":\"https:\\\/\\\/www.biglight.com\\\/es\\\/inicio\\\/\"},{\"@type\":\"ListItem\",\"position\":2,\"name\":\"Equipo\"}]},{\"@type\":\"WebSite\",\"@id\":\"https:\\\/\\\/www.biglight.com\\\/#website\",\"url\":\"https:\\\/\\\/www.biglight.com\\\/\",\"name\":\"Big Light Productions\",\"description\":\"Compa\u00f1\u00eda productora de televisi\u00f3n basada en Londres y Par\u00eds\",\"publisher\":{\"@id\":\"https:\\\/\\\/www.biglight.com\\\/#organization\"},\"potentialAction\":[{\"@type\":\"SearchAction\",\"target\":{\"@type\":\"EntryPoint\",\"urlTemplate\":\"https:\\\/\\\/www.biglight.com\\\/?s={search_term_string}\"},\"query-input\":{\"@type\":\"PropertyValueSpecification\",\"valueRequired\":true,\"valueName\":\"search_term_string\"}}],\"inLanguage\":\"es\"},{\"@type\":\"Organization\",\"@id\":\"https:\\\/\\\/www.biglight.com\\\/#organization\",\"name\":\"Big Light Productions\",\"url\":\"https:\\\/\\\/www.biglight.com\\\/\",\"logo\":{\"@type\":\"ImageObject\",\"inLanguage\":\"es\",\"@id\":\"https:\\\/\\\/www.biglight.com\\\/#\\\/schema\\\/logo\\\/image\\\/\",\"url\":\"https:\\\/\\\/www.biglight.com\\\/wp-content\\\/uploads\\\/2017\\\/10\\\/Big-Light-Logo.png\",\"contentUrl\":\"https:\\\/\\\/www.biglight.com\\\/wp-content\\\/uploads\\\/2017\\\/10\\\/Big-Light-Logo.png\",\"width\":474,\"height\":499,\"caption\":\"Big Light Productions\"},\"image\":{\"@id\":\"https:\\\/\\\/www.biglight.com\\\/#\\\/schema\\\/logo\\\/image\\\/\"},\"sameAs\":[\"https:\\\/\\\/www.facebook.com\\\/biglightprod\",\"https:\\\/\\\/x.com\\\/BigLightProds\",\"https:\\\/\\\/www.instagram.com\\\/big.light.productions\\\/\",\"https:\\\/\\\/www.youtube.com\\\/channel\\\/UCXo4D51D5lV2f-HDRgKhzng\"]}]}<\/script>\n<!-- \/ Yoast SEO Premium plugin. -->","yoast_head_json":{"title":"Equipo - Big Light Productions","description":"Big Light fue establecida por Frank Spotnitz en 2013, y pronto se convirti\u00f3 en una de las compa\u00f1\u00edas de m\u00e1s r\u00e1pido crecimiento en Europa.","robots":{"index":"index","follow":"follow","max-snippet":"max-snippet:-1","max-image-preview":"max-image-preview:large","max-video-preview":"max-video-preview:-1"},"canonical":"https:\/\/www.biglight.com\/es\/team\/","og_locale":"es_ES","og_type":"article","og_title":"Equipo","og_description":"Big Light fue establecida por Frank Spotnitz en 2013, y pronto se convirti\u00f3 en una de las compa\u00f1\u00edas de m\u00e1s r\u00e1pido crecimiento en Europa.","og_url":"https:\/\/www.biglight.com\/es\/team\/","og_site_name":"Big Light Productions","article_publisher":"https:\/\/www.facebook.com\/biglightprod","article_modified_time":"2019-12-31T00:27:38+00:00","og_image":[{"width":474,"height":499,"url":"https:\/\/www.biglight.com\/wp-content\/uploads\/2017\/10\/Big-Light-Logo.png","type":"image\/png"}],"twitter_card":"summary_large_image","twitter_site":"@BigLightProds","schema":{"@context":"https:\/\/schema.org","@graph":[{"@type":"WebPage","@id":"https:\/\/www.biglight.com\/es\/team\/","url":"https:\/\/www.biglight.com\/es\/team\/","name":"Equipo - Big Light Productions","isPartOf":{"@id":"https:\/\/www.biglight.com\/#website"},"primaryImageOfPage":{"@id":"https:\/\/www.biglight.com\/es\/team\/#primaryimage"},"image":{"@id":"https:\/\/www.biglight.com\/es\/team\/#primaryimage"},"thumbnailUrl":"https:\/\/www.biglight.com\/wp-content\/uploads\/2017\/06\/BigLightProductions-team.jpg","datePublished":"2017-10-29T21:10:26+00:00","dateModified":"2019-12-31T00:27:38+00:00","description":"Big Light fue establecida por Frank Spotnitz en 2013, y pronto se convirti\u00f3 en una de las compa\u00f1\u00edas de m\u00e1s r\u00e1pido crecimiento en Europa.","breadcrumb":{"@id":"https:\/\/www.biglight.com\/es\/team\/#breadcrumb"},"inLanguage":"es","potentialAction":[{"@type":"ReadAction","target":["https:\/\/www.biglight.com\/es\/team\/"]}]},{"@type":"ImageObject","inLanguage":"es","@id":"https:\/\/www.biglight.com\/es\/team\/#primaryimage","url":"https:\/\/www.biglight.com\/wp-content\/uploads\/2017\/06\/BigLightProductions-team.jpg","contentUrl":"https:\/\/www.biglight.com\/wp-content\/uploads\/2017\/06\/BigLightProductions-team.jpg","width":3000,"height":1693},{"@type":"BreadcrumbList","@id":"https:\/\/www.biglight.com\/es\/team\/#breadcrumb","itemListElement":[{"@type":"ListItem","position":1,"name":"Home","item":"https:\/\/www.biglight.com\/es\/inicio\/"},{"@type":"ListItem","position":2,"name":"Equipo"}]},{"@type":"WebSite","@id":"https:\/\/www.biglight.com\/#website","url":"https:\/\/www.biglight.com\/","name":"Big Light Productions","description":"Compa\u00f1\u00eda productora de televisi\u00f3n basada en Londres y Par\u00eds","publisher":{"@id":"https:\/\/www.biglight.com\/#organization"},"potentialAction":[{"@type":"SearchAction","target":{"@type":"EntryPoint","urlTemplate":"https:\/\/www.biglight.com\/?s={search_term_string}"},"query-input":{"@type":"PropertyValueSpecification","valueRequired":true,"valueName":"search_term_string"}}],"inLanguage":"es"},{"@type":"Organization","@id":"https:\/\/www.biglight.com\/#organization","name":"Big Light Productions","url":"https:\/\/www.biglight.com\/","logo":{"@type":"ImageObject","inLanguage":"es","@id":"https:\/\/www.biglight.com\/#\/schema\/logo\/image\/","url":"https:\/\/www.biglight.com\/wp-content\/uploads\/2017\/10\/Big-Light-Logo.png","contentUrl":"https:\/\/www.biglight.com\/wp-content\/uploads\/2017\/10\/Big-Light-Logo.png","width":474,"height":499,"caption":"Big Light Productions"},"image":{"@id":"https:\/\/www.biglight.com\/#\/schema\/logo\/image\/"},"sameAs":["https:\/\/www.facebook.com\/biglightprod","https:\/\/x.com\/BigLightProds","https:\/\/www.instagram.com\/big.light.productions\/","https:\/\/www.youtube.com\/channel\/UCXo4D51D5lV2f-HDRgKhzng"]}]}},"_links":{"self":[{"href":"https:\/\/www.biglight.com\/es\/wp-json\/wp\/v2\/pages\/689","targetHints":{"allow":["GET"]}}],"collection":[{"href":"https:\/\/www.biglight.com\/es\/wp-json\/wp\/v2\/pages"}],"about":[{"href":"https:\/\/www.biglight.com\/es\/wp-json\/wp\/v2\/types\/page"}],"author":[{"embeddable":true,"href":"https:\/\/www.biglight.com\/es\/wp-json\/wp\/v2\/users\/1"}],"replies":[{"embeddable":true,"href":"https:\/\/www.biglight.com\/es\/wp-json\/wp\/v2\/comments?post=689"}],"version-history":[{"count":5,"href":"https:\/\/www.biglight.com\/es\/wp-json\/wp\/v2\/pages\/689\/revisions"}],"predecessor-version":[{"id":2270,"href":"https:\/\/www.biglight.com\/es\/wp-json\/wp\/v2\/pages\/689\/revisions\/2270"}],"wp:featuredmedia":[{"embeddable":true,"href":"https:\/\/www.biglight.com\/es\/wp-json\/wp\/v2\/media\/691"}],"wp:attachment":[{"href":"https:\/\/www.biglight.com\/es\/wp-json\/wp\/v2\/media?parent=689"}],"curies":[{"name":"wp","href":"https:\/\/api.w.org\/{rel}","templated":true}]}}