{"id":686,"date":"2017-10-30T22:21:50","date_gmt":"2017-10-30T22:21:50","guid":{"rendered":"https:\/\/www.biglight.com\/about\/"},"modified":"2022-10-18T16:33:53","modified_gmt":"2022-10-18T16:33:53","slug":"inicio","status":"publish","type":"page","link":"https:\/\/www.biglight.com\/es\/","title":{"rendered":"Inicio"},"content":{"rendered":"<p class=\"big-text\">Una compa\u00f1\u00eda de producci\u00f3n independiente local a Londres, que crea dramas ambiciosos y originales para audiencias globales.<\/p>\n<p><!--contentpartdivider-->Fundada por <a href=\"https:\/\/www.biglight.com\/es\/team\/#frank-spotnitz\">Frank Spotnitz<\/a>, Big Light Productions tiene una diversa cantidad de creaciones, que incluye producciones de corta duraci\u00f3n con una voz \u00fanica, y series de autor\u00eda a trav\u00e9s de grupos de escritores.<\/p>\n<p>Big Light cree en poner la visi\u00f3n del escritor al centro de todo, y tienen experticia en crear dramas centrados en los personajes que toman lugar en mundos extensos y complejos.<\/p>\n<p><!--contentpartdivider-->Trabajando en asociaci\u00f3n con streamers globales y diversas compa\u00f1\u00edas de televisi\u00f3n, las producciones incluyen las series hit\u00a0<a href=\"https:\/\/www.biglight.com\/es\/work\/leonardo\/\"><em>Leonardo<\/em><\/a> en Amazon Prime UK &amp; Irlanda, la ganadora del Emmy <a href=\"https:\/\/www.biglight.com\/es\/work\/the-man-in-the-high-castle\/\" rel=\"noopener\"><em>The Man In The High Castle<\/em><\/a>\u00a0de Amazon, <a href=\"https:\/\/www.biglight.com\/es\/work\/ransom\/\"><em>Ransom<\/em><\/a> de CBS y Global, <a href=\"https:\/\/www.biglight.com\/es\/work\/medici-the-magnificent\/\"><em>Medici<\/em><\/a> para RAI y Netflix, <a href=\"https:\/\/www.biglight.com\/es\/work\/the-indian-detective\/\"><em>The Indian Detective<\/em><\/a> para CTV y Netflix, y la segunda temporada de <a href=\"https:\/\/www.imdb.com\/title\/tt7939218?ref_=nv_sr_srsg_2\"><em>Devils<\/em><\/a> para Sky.<!--contentpartdivider--><\/p>\n<ul class=\"more-link\">\n<li class=\"stagger-item\"><a href=\"https:\/\/www.biglight.com\/es\/work\/\">Disfruta nuestro repertorio<\/a><\/li>\n<li class=\"stagger-item\"><a href=\"https:\/\/www.biglight.com\/es\/team\/\">Conoce al equipo<\/a><\/li>\n<\/ul>\n","protected":false},"excerpt":{"rendered":"<p>Una compa\u00f1\u00eda de producci\u00f3n independiente basada en Londres y Par\u00eds, creadora de dramas originales y ambiciosos para audiencias globales. Big Light fue establecida por Frank Spotnitz en 2013, y pronto se convirti\u00f3 en una de las compa\u00f1\u00edas de m\u00e1s r\u00e1pido crecimiento en Europa.<\/p>\n","protected":false},"author":1,"featured_media":688,"parent":0,"menu_order":0,"comment_status":"closed","ping_status":"closed","template":"page-home.php","meta":{"_acf_changed":false,"footnotes":""},"class_list":["post-686","page","type-page","status-publish","has-post-thumbnail","hentry","has-content-parts","content-parts-4"],"acf":[],"yoast_head":"<!-- This site is optimized with the Yoast SEO Premium plugin v27.0 (Yoast SEO v27.4) - https:\/\/yoast.com\/product\/yoast-seo-premium-wordpress\/ -->\n<title>Big Light Productions - Compa\u00f1\u00eda productora de televisi\u00f3n basada en Londres y Par\u00eds<\/title>\n<meta name=\"description\" content=\"Una compa\u00f1\u00eda de producci\u00f3n independiente basada en Londres y Par\u00eds, creadora de dramas originales y ambiciosos para audiencias globales. Big Light fue establecida por Frank Spotnitz en 2013, y pronto se convirti\u00f3 en una de las compa\u00f1\u00edas de m\u00e1s r\u00e1pido crecimiento en Europa.\" \/>\n<meta name=\"robots\" content=\"index, follow, max-snippet:-1, max-image-preview:large, max-video-preview:-1\" \/>\n<link rel=\"canonical\" href=\"https:\/\/www.biglight.com\/es\/inicio\/\" \/>\n<meta property=\"og:locale\" content=\"es_ES\" \/>\n<meta property=\"og:type\" content=\"article\" \/>\n<meta property=\"og:title\" content=\"Inicio\" \/>\n<meta property=\"og:description\" content=\"Una compa\u00f1\u00eda de producci\u00f3n independiente basada en Londres y Par\u00eds, creadora de dramas originales y ambiciosos para audiencias globales. Big Light fue establecida por Frank Spotnitz en 2013, y pronto se convirti\u00f3 en una de las compa\u00f1\u00edas de m\u00e1s r\u00e1pido crecimiento en Europa.\" \/>\n<meta property=\"og:url\" content=\"https:\/\/www.biglight.com\/es\/inicio\/\" \/>\n<meta property=\"og:site_name\" content=\"Big Light Productions\" \/>\n<meta property=\"article:publisher\" content=\"https:\/\/www.facebook.com\/biglightprod\" \/>\n<meta property=\"article:modified_time\" content=\"2022-10-18T16:33:53+00:00\" \/>\n<meta property=\"og:image\" content=\"https:\/\/www.biglight.com\/wp-content\/uploads\/2017\/06\/BigLightProductions-Medici-Masters-of-Florence-1.jpg\" \/>\n\t<meta property=\"og:image:width\" content=\"3000\" \/>\n\t<meta property=\"og:image:height\" content=\"1693\" \/>\n\t<meta property=\"og:image:type\" content=\"image\/jpeg\" \/>\n<meta name=\"twitter:card\" content=\"summary_large_image\" \/>\n<meta name=\"twitter:site\" content=\"@BigLightProds\" \/>\n<script type=\"application\/ld+json\" class=\"yoast-schema-graph\">{\"@context\":\"https:\\\/\\\/schema.org\",\"@graph\":[{\"@type\":\"WebPage\",\"@id\":\"https:\\\/\\\/www.biglight.com\\\/es\\\/inicio\\\/\",\"url\":\"https:\\\/\\\/www.biglight.com\\\/es\\\/inicio\\\/\",\"name\":\"Big Light Productions - Compa\u00f1\u00eda productora de televisi\u00f3n basada en Londres y Par\u00eds\",\"isPartOf\":{\"@id\":\"https:\\\/\\\/www.biglight.com\\\/#website\"},\"primaryImageOfPage\":{\"@id\":\"https:\\\/\\\/www.biglight.com\\\/es\\\/inicio\\\/#primaryimage\"},\"image\":{\"@id\":\"https:\\\/\\\/www.biglight.com\\\/es\\\/inicio\\\/#primaryimage\"},\"thumbnailUrl\":\"https:\\\/\\\/www.biglight.com\\\/wp-content\\\/uploads\\\/2017\\\/06\\\/BigLightProductions-home.jpg\",\"datePublished\":\"2017-10-30T22:21:50+00:00\",\"dateModified\":\"2022-10-18T16:33:53+00:00\",\"description\":\"Una compa\u00f1\u00eda de producci\u00f3n independiente basada en Londres y Par\u00eds, creadora de dramas originales y ambiciosos para audiencias globales. Big Light fue establecida por Frank Spotnitz en 2013, y pronto se convirti\u00f3 en una de las compa\u00f1\u00edas de m\u00e1s r\u00e1pido crecimiento en Europa.\",\"breadcrumb\":{\"@id\":\"https:\\\/\\\/www.biglight.com\\\/es\\\/inicio\\\/#breadcrumb\"},\"inLanguage\":\"es\",\"potentialAction\":[{\"@type\":\"ReadAction\",\"target\":[\"https:\\\/\\\/www.biglight.com\\\/es\\\/inicio\\\/\"]}]},{\"@type\":\"ImageObject\",\"inLanguage\":\"es\",\"@id\":\"https:\\\/\\\/www.biglight.com\\\/es\\\/inicio\\\/#primaryimage\",\"url\":\"https:\\\/\\\/www.biglight.com\\\/wp-content\\\/uploads\\\/2017\\\/06\\\/BigLightProductions-home.jpg\",\"contentUrl\":\"https:\\\/\\\/www.biglight.com\\\/wp-content\\\/uploads\\\/2017\\\/06\\\/BigLightProductions-home.jpg\",\"width\":3000,\"height\":1693},{\"@type\":\"BreadcrumbList\",\"@id\":\"https:\\\/\\\/www.biglight.com\\\/es\\\/inicio\\\/#breadcrumb\",\"itemListElement\":[{\"@type\":\"ListItem\",\"position\":1,\"name\":\"Home\",\"item\":\"https:\\\/\\\/www.biglight.com\\\/es\\\/inicio\\\/\"},{\"@type\":\"ListItem\",\"position\":2,\"name\":\"Inicio\"}]},{\"@type\":\"WebSite\",\"@id\":\"https:\\\/\\\/www.biglight.com\\\/#website\",\"url\":\"https:\\\/\\\/www.biglight.com\\\/\",\"name\":\"Big Light Productions\",\"description\":\"Compa\u00f1\u00eda productora de televisi\u00f3n basada en Londres y Par\u00eds\",\"publisher\":{\"@id\":\"https:\\\/\\\/www.biglight.com\\\/#organization\"},\"potentialAction\":[{\"@type\":\"SearchAction\",\"target\":{\"@type\":\"EntryPoint\",\"urlTemplate\":\"https:\\\/\\\/www.biglight.com\\\/?s={search_term_string}\"},\"query-input\":{\"@type\":\"PropertyValueSpecification\",\"valueRequired\":true,\"valueName\":\"search_term_string\"}}],\"inLanguage\":\"es\"},{\"@type\":\"Organization\",\"@id\":\"https:\\\/\\\/www.biglight.com\\\/#organization\",\"name\":\"Big Light Productions\",\"url\":\"https:\\\/\\\/www.biglight.com\\\/\",\"logo\":{\"@type\":\"ImageObject\",\"inLanguage\":\"es\",\"@id\":\"https:\\\/\\\/www.biglight.com\\\/#\\\/schema\\\/logo\\\/image\\\/\",\"url\":\"https:\\\/\\\/www.biglight.com\\\/wp-content\\\/uploads\\\/2017\\\/10\\\/Big-Light-Logo.png\",\"contentUrl\":\"https:\\\/\\\/www.biglight.com\\\/wp-content\\\/uploads\\\/2017\\\/10\\\/Big-Light-Logo.png\",\"width\":474,\"height\":499,\"caption\":\"Big Light Productions\"},\"image\":{\"@id\":\"https:\\\/\\\/www.biglight.com\\\/#\\\/schema\\\/logo\\\/image\\\/\"},\"sameAs\":[\"https:\\\/\\\/www.facebook.com\\\/biglightprod\",\"https:\\\/\\\/x.com\\\/BigLightProds\",\"https:\\\/\\\/www.instagram.com\\\/big.light.productions\\\/\",\"https:\\\/\\\/www.youtube.com\\\/channel\\\/UCXo4D51D5lV2f-HDRgKhzng\"]}]}<\/script>\n<!-- \/ Yoast SEO Premium plugin. -->","yoast_head_json":{"title":"Big Light Productions - Compa\u00f1\u00eda productora de televisi\u00f3n basada en Londres y Par\u00eds","description":"Una compa\u00f1\u00eda de producci\u00f3n independiente basada en Londres y Par\u00eds, creadora de dramas originales y ambiciosos para audiencias globales. Big Light fue establecida por Frank Spotnitz en 2013, y pronto se convirti\u00f3 en una de las compa\u00f1\u00edas de m\u00e1s r\u00e1pido crecimiento en Europa.","robots":{"index":"index","follow":"follow","max-snippet":"max-snippet:-1","max-image-preview":"max-image-preview:large","max-video-preview":"max-video-preview:-1"},"canonical":"https:\/\/www.biglight.com\/es\/inicio\/","og_locale":"es_ES","og_type":"article","og_title":"Inicio","og_description":"Una compa\u00f1\u00eda de producci\u00f3n independiente basada en Londres y Par\u00eds, creadora de dramas originales y ambiciosos para audiencias globales. Big Light fue establecida por Frank Spotnitz en 2013, y pronto se convirti\u00f3 en una de las compa\u00f1\u00edas de m\u00e1s r\u00e1pido crecimiento en Europa.","og_url":"https:\/\/www.biglight.com\/es\/inicio\/","og_site_name":"Big Light Productions","article_publisher":"https:\/\/www.facebook.com\/biglightprod","article_modified_time":"2022-10-18T16:33:53+00:00","og_image":[{"width":3000,"height":1693,"url":"https:\/\/www.biglight.com\/wp-content\/uploads\/2017\/06\/BigLightProductions-Medici-Masters-of-Florence-1.jpg","type":"image\/jpeg"}],"twitter_card":"summary_large_image","twitter_site":"@BigLightProds","schema":{"@context":"https:\/\/schema.org","@graph":[{"@type":"WebPage","@id":"https:\/\/www.biglight.com\/es\/inicio\/","url":"https:\/\/www.biglight.com\/es\/inicio\/","name":"Big Light Productions - Compa\u00f1\u00eda productora de televisi\u00f3n basada en Londres y Par\u00eds","isPartOf":{"@id":"https:\/\/www.biglight.com\/#website"},"primaryImageOfPage":{"@id":"https:\/\/www.biglight.com\/es\/inicio\/#primaryimage"},"image":{"@id":"https:\/\/www.biglight.com\/es\/inicio\/#primaryimage"},"thumbnailUrl":"https:\/\/www.biglight.com\/wp-content\/uploads\/2017\/06\/BigLightProductions-home.jpg","datePublished":"2017-10-30T22:21:50+00:00","dateModified":"2022-10-18T16:33:53+00:00","description":"Una compa\u00f1\u00eda de producci\u00f3n independiente basada en Londres y Par\u00eds, creadora de dramas originales y ambiciosos para audiencias globales. Big Light fue establecida por Frank Spotnitz en 2013, y pronto se convirti\u00f3 en una de las compa\u00f1\u00edas de m\u00e1s r\u00e1pido crecimiento en Europa.","breadcrumb":{"@id":"https:\/\/www.biglight.com\/es\/inicio\/#breadcrumb"},"inLanguage":"es","potentialAction":[{"@type":"ReadAction","target":["https:\/\/www.biglight.com\/es\/inicio\/"]}]},{"@type":"ImageObject","inLanguage":"es","@id":"https:\/\/www.biglight.com\/es\/inicio\/#primaryimage","url":"https:\/\/www.biglight.com\/wp-content\/uploads\/2017\/06\/BigLightProductions-home.jpg","contentUrl":"https:\/\/www.biglight.com\/wp-content\/uploads\/2017\/06\/BigLightProductions-home.jpg","width":3000,"height":1693},{"@type":"BreadcrumbList","@id":"https:\/\/www.biglight.com\/es\/inicio\/#breadcrumb","itemListElement":[{"@type":"ListItem","position":1,"name":"Home","item":"https:\/\/www.biglight.com\/es\/inicio\/"},{"@type":"ListItem","position":2,"name":"Inicio"}]},{"@type":"WebSite","@id":"https:\/\/www.biglight.com\/#website","url":"https:\/\/www.biglight.com\/","name":"Big Light Productions","description":"Compa\u00f1\u00eda productora de televisi\u00f3n basada en Londres y Par\u00eds","publisher":{"@id":"https:\/\/www.biglight.com\/#organization"},"potentialAction":[{"@type":"SearchAction","target":{"@type":"EntryPoint","urlTemplate":"https:\/\/www.biglight.com\/?s={search_term_string}"},"query-input":{"@type":"PropertyValueSpecification","valueRequired":true,"valueName":"search_term_string"}}],"inLanguage":"es"},{"@type":"Organization","@id":"https:\/\/www.biglight.com\/#organization","name":"Big Light Productions","url":"https:\/\/www.biglight.com\/","logo":{"@type":"ImageObject","inLanguage":"es","@id":"https:\/\/www.biglight.com\/#\/schema\/logo\/image\/","url":"https:\/\/www.biglight.com\/wp-content\/uploads\/2017\/10\/Big-Light-Logo.png","contentUrl":"https:\/\/www.biglight.com\/wp-content\/uploads\/2017\/10\/Big-Light-Logo.png","width":474,"height":499,"caption":"Big Light Productions"},"image":{"@id":"https:\/\/www.biglight.com\/#\/schema\/logo\/image\/"},"sameAs":["https:\/\/www.facebook.com\/biglightprod","https:\/\/x.com\/BigLightProds","https:\/\/www.instagram.com\/big.light.productions\/","https:\/\/www.youtube.com\/channel\/UCXo4D51D5lV2f-HDRgKhzng"]}]}},"_links":{"self":[{"href":"https:\/\/www.biglight.com\/es\/wp-json\/wp\/v2\/pages\/686","targetHints":{"allow":["GET"]}}],"collection":[{"href":"https:\/\/www.biglight.com\/es\/wp-json\/wp\/v2\/pages"}],"about":[{"href":"https:\/\/www.biglight.com\/es\/wp-json\/wp\/v2\/types\/page"}],"author":[{"embeddable":true,"href":"https:\/\/www.biglight.com\/es\/wp-json\/wp\/v2\/users\/1"}],"replies":[{"embeddable":true,"href":"https:\/\/www.biglight.com\/es\/wp-json\/wp\/v2\/comments?post=686"}],"version-history":[{"count":15,"href":"https:\/\/www.biglight.com\/es\/wp-json\/wp\/v2\/pages\/686\/revisions"}],"predecessor-version":[{"id":2625,"href":"https:\/\/www.biglight.com\/es\/wp-json\/wp\/v2\/pages\/686\/revisions\/2625"}],"wp:featuredmedia":[{"embeddable":true,"href":"https:\/\/www.biglight.com\/es\/wp-json\/wp\/v2\/media\/688"}],"wp:attachment":[{"href":"https:\/\/www.biglight.com\/es\/wp-json\/wp\/v2\/media?parent=686"}],"curies":[{"name":"wp","href":"https:\/\/api.w.org\/{rel}","templated":true}]}}