{"id":2990,"date":"2026-01-22T10:06:56","date_gmt":"2026-01-22T10:06:56","guid":{"rendered":"https:\/\/www.biglight.com\/work\/we-come-in-peace\/"},"modified":"2026-01-22T10:06:56","modified_gmt":"2026-01-22T10:06:56","slug":"we-come-in-peace","status":"publish","type":"page","link":"https:\/\/www.biglight.com\/es\/work\/we-come-in-peace\/","title":{"rendered":"We Come In Peace"},"content":{"rendered":"<h2>2025<\/h2>\n<h3>Protagoniza F<span data-teams=\"true\">ares Fares, Evin Ahmad &amp; Agnes Rase<\/span><br \/>\nDirigido por J<span data-teams=\"true\">ens Jonsson &amp; Mani Maserrat-Agah<\/span><br \/>\nCreado por\u00a0<span data-teams=\"true\"> Lars Lundstr\u00f6m<br \/>\n<\/span>Escrito por\u00a0<span data-teams=\"true\"> Lars Lundstr\u00f6m &amp; Frank Spotnitz<\/span><\/h3>\n<p>Producido por <span data-teams=\"true\">Black Spark, con Dansu, Beside Productions, Snyggin, Infinite y Big Light<\/span><\/p>\n<p>Transmitido por <span data-teams=\"true\">TV4 (Suecia) y ZDF (Alemania)<\/span><\/p>\n<p><!--contentpartdivider--><\/p>\n<p style=\"text-align: justify;\"><span data-teams=\"true\">Cuando Suecia se convierte en el escenario del \u2018primer contacto\u2019 con vida extraterrestre, un bi\u00f3logo en dificultades, el primer ministro sueco y un experto en gesti\u00f3n de crisis deben enfrentarse a la histeria p\u00fablica y la corrupci\u00f3n pol\u00edtica para evitar una guerra de los mundos.<\/span><\/p>\n<ul class=\"more-link animation-element slide-up-sm\">\n<li style=\"list-style-type: none;\">\n<ul class=\"more-link animation-element slide-up-sm\">\n<li><a href=\"https:\/\/www.imdb.com\/title\/tt35494557\/?ref_=fn_t_5\" target=\"_blank\" rel=\"noopener\">Cr\u00e9ditos<\/a><\/li>\n<\/ul>\n<\/li>\n<\/ul>\n","protected":false},"excerpt":{"rendered":"<p>Cuando Suecia se convierte en el escenario del \u2018primer contacto\u2019 con vida extraterrestre, un bi\u00f3logo en dificultades, el primer ministro sueco y un experto en gesti\u00f3n de crisis deben enfrentarse a la histeria p\u00fablica y la corrupci\u00f3n pol\u00edtica para evitar una guerra de los mundos.<\/p>\n","protected":false},"author":2,"featured_media":2968,"parent":692,"menu_order":0,"comment_status":"closed","ping_status":"closed","template":"page-work.php","meta":{"_acf_changed":false,"footnotes":""},"class_list":["post-2990","page","type-page","status-publish","has-post-thumbnail","hentry","has-content-parts","content-parts-2"],"acf":[],"yoast_head":"<!-- This site is optimized with the Yoast SEO Premium plugin v27.0 (Yoast SEO v27.5) - https:\/\/yoast.com\/product\/yoast-seo-premium-wordpress\/ -->\n<title>We Come In Peace - Big Light Productions<\/title>\n<meta name=\"description\" content=\"Cuando Suecia se convierte en el escenario del \u2018primer contacto\u2019 con vida extraterrestre, un bi\u00f3logo en dificultades, el primer ministro sueco y un experto en gesti\u00f3n de crisis deben enfrentarse a la histeria p\u00fablica y la corrupci\u00f3n pol\u00edtica para evitar una guerra de los mundos.\" \/>\n<meta name=\"robots\" content=\"index, follow, max-snippet:-1, max-image-preview:large, max-video-preview:-1\" \/>\n<link rel=\"canonical\" href=\"https:\/\/www.biglight.com\/es\/work\/we-come-in-peace\/\" \/>\n<meta property=\"og:locale\" content=\"es_ES\" \/>\n<meta property=\"og:type\" content=\"article\" \/>\n<meta property=\"og:title\" content=\"We Come In Peace\" \/>\n<meta property=\"og:description\" content=\"Cuando Suecia se convierte en el escenario del \u2018primer contacto\u2019 con vida extraterrestre, un bi\u00f3logo en dificultades, el primer ministro sueco y un experto en gesti\u00f3n de crisis deben enfrentarse a la histeria p\u00fablica y la corrupci\u00f3n pol\u00edtica para evitar una guerra de los mundos.\" \/>\n<meta property=\"og:url\" content=\"https:\/\/www.biglight.com\/es\/work\/we-come-in-peace\/\" \/>\n<meta property=\"og:site_name\" content=\"Big Light Productions\" \/>\n<meta property=\"article:publisher\" content=\"https:\/\/www.facebook.com\/biglightprod\" \/>\n<meta property=\"og:image\" content=\"https:\/\/www.biglight.com\/wp-content\/uploads\/2026\/01\/littlealien-WCIP.jpg\" \/>\n\t<meta property=\"og:image:width\" content=\"2000\" \/>\n\t<meta property=\"og:image:height\" content=\"1103\" \/>\n\t<meta property=\"og:image:type\" content=\"image\/jpeg\" \/>\n<meta name=\"twitter:card\" content=\"summary_large_image\" \/>\n<meta name=\"twitter:site\" content=\"@BigLightProds\" \/>\n<script type=\"application\/ld+json\" class=\"yoast-schema-graph\">{\"@context\":\"https:\\\/\\\/schema.org\",\"@graph\":[{\"@type\":\"WebPage\",\"@id\":\"https:\\\/\\\/www.biglight.com\\\/es\\\/work\\\/we-come-in-peace\\\/\",\"url\":\"https:\\\/\\\/www.biglight.com\\\/es\\\/work\\\/we-come-in-peace\\\/\",\"name\":\"We Come In Peace - Big Light Productions\",\"isPartOf\":{\"@id\":\"https:\\\/\\\/www.biglight.com\\\/#website\"},\"primaryImageOfPage\":{\"@id\":\"https:\\\/\\\/www.biglight.com\\\/es\\\/work\\\/we-come-in-peace\\\/#primaryimage\"},\"image\":{\"@id\":\"https:\\\/\\\/www.biglight.com\\\/es\\\/work\\\/we-come-in-peace\\\/#primaryimage\"},\"thumbnailUrl\":\"https:\\\/\\\/www.biglight.com\\\/wp-content\\\/uploads\\\/2026\\\/01\\\/littlealien-WCIP.jpg\",\"datePublished\":\"2026-01-22T10:06:56+00:00\",\"description\":\"Cuando Suecia se convierte en el escenario del \u2018primer contacto\u2019 con vida extraterrestre, un bi\u00f3logo en dificultades, el primer ministro sueco y un experto en gesti\u00f3n de crisis deben enfrentarse a la histeria p\u00fablica y la corrupci\u00f3n pol\u00edtica para evitar una guerra de los mundos.\",\"breadcrumb\":{\"@id\":\"https:\\\/\\\/www.biglight.com\\\/es\\\/work\\\/we-come-in-peace\\\/#breadcrumb\"},\"inLanguage\":\"es\",\"potentialAction\":[{\"@type\":\"ReadAction\",\"target\":[\"https:\\\/\\\/www.biglight.com\\\/es\\\/work\\\/we-come-in-peace\\\/\"]}]},{\"@type\":\"ImageObject\",\"inLanguage\":\"es\",\"@id\":\"https:\\\/\\\/www.biglight.com\\\/es\\\/work\\\/we-come-in-peace\\\/#primaryimage\",\"url\":\"https:\\\/\\\/www.biglight.com\\\/wp-content\\\/uploads\\\/2026\\\/01\\\/littlealien-WCIP.jpg\",\"contentUrl\":\"https:\\\/\\\/www.biglight.com\\\/wp-content\\\/uploads\\\/2026\\\/01\\\/littlealien-WCIP.jpg\",\"width\":2000,\"height\":1103},{\"@type\":\"BreadcrumbList\",\"@id\":\"https:\\\/\\\/www.biglight.com\\\/es\\\/work\\\/we-come-in-peace\\\/#breadcrumb\",\"itemListElement\":[{\"@type\":\"ListItem\",\"position\":1,\"name\":\"Home\",\"item\":\"https:\\\/\\\/www.biglight.com\\\/es\\\/inicio\\\/\"},{\"@type\":\"ListItem\",\"position\":2,\"name\":\"Producciones\",\"item\":\"https:\\\/\\\/www.biglight.com\\\/es\\\/work\\\/\"},{\"@type\":\"ListItem\",\"position\":3,\"name\":\"We Come In Peace\"}]},{\"@type\":\"WebSite\",\"@id\":\"https:\\\/\\\/www.biglight.com\\\/#website\",\"url\":\"https:\\\/\\\/www.biglight.com\\\/\",\"name\":\"Big Light Productions\",\"description\":\"Compa\u00f1\u00eda productora de televisi\u00f3n basada en Londres y Par\u00eds\",\"publisher\":{\"@id\":\"https:\\\/\\\/www.biglight.com\\\/#organization\"},\"potentialAction\":[{\"@type\":\"SearchAction\",\"target\":{\"@type\":\"EntryPoint\",\"urlTemplate\":\"https:\\\/\\\/www.biglight.com\\\/?s={search_term_string}\"},\"query-input\":{\"@type\":\"PropertyValueSpecification\",\"valueRequired\":true,\"valueName\":\"search_term_string\"}}],\"inLanguage\":\"es\"},{\"@type\":\"Organization\",\"@id\":\"https:\\\/\\\/www.biglight.com\\\/#organization\",\"name\":\"Big Light Productions\",\"url\":\"https:\\\/\\\/www.biglight.com\\\/\",\"logo\":{\"@type\":\"ImageObject\",\"inLanguage\":\"es\",\"@id\":\"https:\\\/\\\/www.biglight.com\\\/#\\\/schema\\\/logo\\\/image\\\/\",\"url\":\"https:\\\/\\\/www.biglight.com\\\/wp-content\\\/uploads\\\/2017\\\/10\\\/Big-Light-Logo.png\",\"contentUrl\":\"https:\\\/\\\/www.biglight.com\\\/wp-content\\\/uploads\\\/2017\\\/10\\\/Big-Light-Logo.png\",\"width\":474,\"height\":499,\"caption\":\"Big Light Productions\"},\"image\":{\"@id\":\"https:\\\/\\\/www.biglight.com\\\/#\\\/schema\\\/logo\\\/image\\\/\"},\"sameAs\":[\"https:\\\/\\\/www.facebook.com\\\/biglightprod\",\"https:\\\/\\\/x.com\\\/BigLightProds\",\"https:\\\/\\\/www.instagram.com\\\/big.light.productions\\\/\",\"https:\\\/\\\/www.youtube.com\\\/channel\\\/UCXo4D51D5lV2f-HDRgKhzng\"]}]}<\/script>\n<!-- \/ Yoast SEO Premium plugin. -->","yoast_head_json":{"title":"We Come In Peace - Big Light Productions","description":"Cuando Suecia se convierte en el escenario del \u2018primer contacto\u2019 con vida extraterrestre, un bi\u00f3logo en dificultades, el primer ministro sueco y un experto en gesti\u00f3n de crisis deben enfrentarse a la histeria p\u00fablica y la corrupci\u00f3n pol\u00edtica para evitar una guerra de los mundos.","robots":{"index":"index","follow":"follow","max-snippet":"max-snippet:-1","max-image-preview":"max-image-preview:large","max-video-preview":"max-video-preview:-1"},"canonical":"https:\/\/www.biglight.com\/es\/work\/we-come-in-peace\/","og_locale":"es_ES","og_type":"article","og_title":"We Come In Peace","og_description":"Cuando Suecia se convierte en el escenario del \u2018primer contacto\u2019 con vida extraterrestre, un bi\u00f3logo en dificultades, el primer ministro sueco y un experto en gesti\u00f3n de crisis deben enfrentarse a la histeria p\u00fablica y la corrupci\u00f3n pol\u00edtica para evitar una guerra de los mundos.","og_url":"https:\/\/www.biglight.com\/es\/work\/we-come-in-peace\/","og_site_name":"Big Light Productions","article_publisher":"https:\/\/www.facebook.com\/biglightprod","og_image":[{"width":2000,"height":1103,"url":"https:\/\/www.biglight.com\/wp-content\/uploads\/2026\/01\/littlealien-WCIP.jpg","type":"image\/jpeg"}],"twitter_card":"summary_large_image","twitter_site":"@BigLightProds","schema":{"@context":"https:\/\/schema.org","@graph":[{"@type":"WebPage","@id":"https:\/\/www.biglight.com\/es\/work\/we-come-in-peace\/","url":"https:\/\/www.biglight.com\/es\/work\/we-come-in-peace\/","name":"We Come In Peace - Big Light Productions","isPartOf":{"@id":"https:\/\/www.biglight.com\/#website"},"primaryImageOfPage":{"@id":"https:\/\/www.biglight.com\/es\/work\/we-come-in-peace\/#primaryimage"},"image":{"@id":"https:\/\/www.biglight.com\/es\/work\/we-come-in-peace\/#primaryimage"},"thumbnailUrl":"https:\/\/www.biglight.com\/wp-content\/uploads\/2026\/01\/littlealien-WCIP.jpg","datePublished":"2026-01-22T10:06:56+00:00","description":"Cuando Suecia se convierte en el escenario del \u2018primer contacto\u2019 con vida extraterrestre, un bi\u00f3logo en dificultades, el primer ministro sueco y un experto en gesti\u00f3n de crisis deben enfrentarse a la histeria p\u00fablica y la corrupci\u00f3n pol\u00edtica para evitar una guerra de los mundos.","breadcrumb":{"@id":"https:\/\/www.biglight.com\/es\/work\/we-come-in-peace\/#breadcrumb"},"inLanguage":"es","potentialAction":[{"@type":"ReadAction","target":["https:\/\/www.biglight.com\/es\/work\/we-come-in-peace\/"]}]},{"@type":"ImageObject","inLanguage":"es","@id":"https:\/\/www.biglight.com\/es\/work\/we-come-in-peace\/#primaryimage","url":"https:\/\/www.biglight.com\/wp-content\/uploads\/2026\/01\/littlealien-WCIP.jpg","contentUrl":"https:\/\/www.biglight.com\/wp-content\/uploads\/2026\/01\/littlealien-WCIP.jpg","width":2000,"height":1103},{"@type":"BreadcrumbList","@id":"https:\/\/www.biglight.com\/es\/work\/we-come-in-peace\/#breadcrumb","itemListElement":[{"@type":"ListItem","position":1,"name":"Home","item":"https:\/\/www.biglight.com\/es\/inicio\/"},{"@type":"ListItem","position":2,"name":"Producciones","item":"https:\/\/www.biglight.com\/es\/work\/"},{"@type":"ListItem","position":3,"name":"We Come In Peace"}]},{"@type":"WebSite","@id":"https:\/\/www.biglight.com\/#website","url":"https:\/\/www.biglight.com\/","name":"Big Light Productions","description":"Compa\u00f1\u00eda productora de televisi\u00f3n basada en Londres y Par\u00eds","publisher":{"@id":"https:\/\/www.biglight.com\/#organization"},"potentialAction":[{"@type":"SearchAction","target":{"@type":"EntryPoint","urlTemplate":"https:\/\/www.biglight.com\/?s={search_term_string}"},"query-input":{"@type":"PropertyValueSpecification","valueRequired":true,"valueName":"search_term_string"}}],"inLanguage":"es"},{"@type":"Organization","@id":"https:\/\/www.biglight.com\/#organization","name":"Big Light Productions","url":"https:\/\/www.biglight.com\/","logo":{"@type":"ImageObject","inLanguage":"es","@id":"https:\/\/www.biglight.com\/#\/schema\/logo\/image\/","url":"https:\/\/www.biglight.com\/wp-content\/uploads\/2017\/10\/Big-Light-Logo.png","contentUrl":"https:\/\/www.biglight.com\/wp-content\/uploads\/2017\/10\/Big-Light-Logo.png","width":474,"height":499,"caption":"Big Light Productions"},"image":{"@id":"https:\/\/www.biglight.com\/#\/schema\/logo\/image\/"},"sameAs":["https:\/\/www.facebook.com\/biglightprod","https:\/\/x.com\/BigLightProds","https:\/\/www.instagram.com\/big.light.productions\/","https:\/\/www.youtube.com\/channel\/UCXo4D51D5lV2f-HDRgKhzng"]}]}},"_links":{"self":[{"href":"https:\/\/www.biglight.com\/es\/wp-json\/wp\/v2\/pages\/2990","targetHints":{"allow":["GET"]}}],"collection":[{"href":"https:\/\/www.biglight.com\/es\/wp-json\/wp\/v2\/pages"}],"about":[{"href":"https:\/\/www.biglight.com\/es\/wp-json\/wp\/v2\/types\/page"}],"author":[{"embeddable":true,"href":"https:\/\/www.biglight.com\/es\/wp-json\/wp\/v2\/users\/2"}],"replies":[{"embeddable":true,"href":"https:\/\/www.biglight.com\/es\/wp-json\/wp\/v2\/comments?post=2990"}],"version-history":[{"count":0,"href":"https:\/\/www.biglight.com\/es\/wp-json\/wp\/v2\/pages\/2990\/revisions"}],"up":[{"embeddable":true,"href":"https:\/\/www.biglight.com\/es\/wp-json\/wp\/v2\/pages\/692"}],"wp:featuredmedia":[{"embeddable":true,"href":"https:\/\/www.biglight.com\/es\/wp-json\/wp\/v2\/media\/2968"}],"wp:attachment":[{"href":"https:\/\/www.biglight.com\/es\/wp-json\/wp\/v2\/media?parent=2990"}],"curies":[{"name":"wp","href":"https:\/\/api.w.org\/{rel}","templated":true}]}}