{"id":2629,"date":"2022-10-18T11:02:25","date_gmt":"2022-10-18T11:02:25","guid":{"rendered":"https:\/\/www.biglight.com\/?page_id=2629"},"modified":"2022-10-18T11:13:34","modified_gmt":"2022-10-18T11:13:34","slug":"devils","status":"publish","type":"page","link":"https:\/\/www.biglight.com\/es\/work\/devils\/","title":{"rendered":"Devils"},"content":{"rendered":"<h2>2022<\/h2>\n<h3>Protagoniza Patrick Dempsey, Alessandro Borghi, Malachi Kirby &amp; Pia Mechier<br \/>\nDirigido por Nick Hurran &amp; Jan Maria Michelini<br \/>\nEscrito por Frank Spotnitz, James Dormer, Naomi Gibney &amp; Caroline Henry<br \/>\nShowrun por Frank Spotnitz<\/h3>\n<p>Producido con <a href=\"http:\/\/luxvide.it\/en\/index.php\">Lux Vide<\/a> e Sky Italia<\/p>\n<p>En streaming en Amazon Prime UK e Irlanda. En transmisi\u00f3n en USA en The CW, Sky Italia en Italia y Sky Atlantic en el Reino Unido.<\/p>\n<p><!--contentpartdivider--><\/p>\n<p style=\"text-align: justify;\">2016. Despu\u00e9s del referendum del Brexit, Massimo Ruggero &#8211; Jefe Ejecutivo de una firma NYL China Americana &#8211; es abordado por Dominic Morgan para combatir la amenaza que China representa al Oeste. Despu\u00e9s de la sospechosa muerte de un colega, Massimo tiene que escoger un lado en la nueva guerra para controlar la data mundial, mientras se acerca la pandemia de 2020.<\/p>\n<ul class=\"more-link animation-element slide-up-sm\">\n<li style=\"list-style-type: none;\">\n<ul class=\"more-link animation-element slide-up-sm\">\n<li><a href=\"https:\/\/www.imdb.com\/title\/tt7939218\/\" target=\"_blank\" rel=\"noopener\">Cr\u00e9ditos<\/a><\/li>\n<\/ul>\n<\/li>\n<\/ul>\n","protected":false},"excerpt":{"rendered":"<p>2016. After the Brexit referendum, Massimo Ruggero &#8211; CEO of a partly Chinese owned NYL &#8211; is approached by Dominic Morgan to fight the threat China poses to the West.<\/p>\n","protected":false},"author":2,"featured_media":2603,"parent":692,"menu_order":1,"comment_status":"closed","ping_status":"closed","template":"page-work.php","meta":{"_acf_changed":false,"footnotes":""},"class_list":["post-2629","page","type-page","status-publish","has-post-thumbnail","hentry","has-content-parts","content-parts-2"],"acf":[],"yoast_head":"<!-- This site is optimized with the Yoast SEO Premium plugin v27.0 (Yoast SEO v27.6) - https:\/\/yoast.com\/product\/yoast-seo-premium-wordpress\/ -->\n<title>Devils - Big Light Productions<\/title>\n<meta name=\"description\" content=\"2016. After the Brexit referendum, Massimo Ruggero - CEO of a partly Chinese owned NYL - is approached by Dominic Morgan to fight the threat China poses to the West.\" \/>\n<meta name=\"robots\" content=\"index, follow, max-snippet:-1, max-image-preview:large, max-video-preview:-1\" \/>\n<link rel=\"canonical\" href=\"https:\/\/www.biglight.com\/es\/work\/devils\/\" \/>\n<meta property=\"og:locale\" content=\"es_ES\" \/>\n<meta property=\"og:type\" content=\"article\" \/>\n<meta property=\"og:title\" content=\"Devils\" \/>\n<meta property=\"og:description\" content=\"2016. After the Brexit referendum, Massimo Ruggero - CEO of a partly Chinese owned NYL - is approached by Dominic Morgan to fight the threat China poses to the West.\" \/>\n<meta property=\"og:url\" content=\"https:\/\/www.biglight.com\/es\/work\/devils\/\" \/>\n<meta property=\"og:site_name\" content=\"Big Light Productions\" \/>\n<meta property=\"article:publisher\" content=\"https:\/\/www.facebook.com\/biglightprod\" \/>\n<meta property=\"article:modified_time\" content=\"2022-10-18T11:13:34+00:00\" \/>\n<meta name=\"twitter:card\" content=\"summary_large_image\" \/>\n<meta name=\"twitter:site\" content=\"@BigLightProds\" \/>\n<script type=\"application\/ld+json\" class=\"yoast-schema-graph\">{\"@context\":\"https:\\\/\\\/schema.org\",\"@graph\":[{\"@type\":\"WebPage\",\"@id\":\"https:\\\/\\\/www.biglight.com\\\/es\\\/work\\\/devils\\\/\",\"url\":\"https:\\\/\\\/www.biglight.com\\\/es\\\/work\\\/devils\\\/\",\"name\":\"Devils - Big Light Productions\",\"isPartOf\":{\"@id\":\"https:\\\/\\\/www.biglight.com\\\/#website\"},\"primaryImageOfPage\":{\"@id\":\"https:\\\/\\\/www.biglight.com\\\/es\\\/work\\\/devils\\\/#primaryimage\"},\"image\":{\"@id\":\"https:\\\/\\\/www.biglight.com\\\/es\\\/work\\\/devils\\\/#primaryimage\"},\"thumbnailUrl\":\"https:\\\/\\\/www.biglight.com\\\/wp-content\\\/uploads\\\/2022\\\/05\\\/FL_02_Devils_S02-scaled.jpg\",\"datePublished\":\"2022-10-18T11:02:25+00:00\",\"dateModified\":\"2022-10-18T11:13:34+00:00\",\"description\":\"2016. After the Brexit referendum, Massimo Ruggero - CEO of a partly Chinese owned NYL - is approached by Dominic Morgan to fight the threat China poses to the West.\",\"breadcrumb\":{\"@id\":\"https:\\\/\\\/www.biglight.com\\\/es\\\/work\\\/devils\\\/#breadcrumb\"},\"inLanguage\":\"es\",\"potentialAction\":[{\"@type\":\"ReadAction\",\"target\":[\"https:\\\/\\\/www.biglight.com\\\/es\\\/work\\\/devils\\\/\"]}]},{\"@type\":\"ImageObject\",\"inLanguage\":\"es\",\"@id\":\"https:\\\/\\\/www.biglight.com\\\/es\\\/work\\\/devils\\\/#primaryimage\",\"url\":\"https:\\\/\\\/www.biglight.com\\\/wp-content\\\/uploads\\\/2022\\\/05\\\/FL_02_Devils_S02-scaled.jpg\",\"contentUrl\":\"https:\\\/\\\/www.biglight.com\\\/wp-content\\\/uploads\\\/2022\\\/05\\\/FL_02_Devils_S02-scaled.jpg\",\"width\":2560,\"height\":1707,\"caption\":\"Four years have passed since Massimo Ruggero managed to thwart Dominic Morgan's plan against the Euro, but he paid a high price: Sofia\u2019s death. Massimo, now NYL bank\u2019s new CEO, has appointed a group of Chinese investors to the board who are waging a silent war against the United States to rule over the tech sector. Acquisition after acquisition, Massimo will discover a pattern where the data of millions of people is collected, used and fought over by the two sides. Becoming NYL\u2019s strongest opponent is Massimo's old mentor: Dominic Morgan. Progressively Massimo becomes aware of this silent battle, but it will be in 2020 when the global pandemic hits that this war will come into the light and Massimo will finally have to choose which side to take.\"},{\"@type\":\"BreadcrumbList\",\"@id\":\"https:\\\/\\\/www.biglight.com\\\/es\\\/work\\\/devils\\\/#breadcrumb\",\"itemListElement\":[{\"@type\":\"ListItem\",\"position\":1,\"name\":\"Home\",\"item\":\"https:\\\/\\\/www.biglight.com\\\/es\\\/inicio\\\/\"},{\"@type\":\"ListItem\",\"position\":2,\"name\":\"Producciones\",\"item\":\"https:\\\/\\\/www.biglight.com\\\/es\\\/work\\\/\"},{\"@type\":\"ListItem\",\"position\":3,\"name\":\"Devils\"}]},{\"@type\":\"WebSite\",\"@id\":\"https:\\\/\\\/www.biglight.com\\\/#website\",\"url\":\"https:\\\/\\\/www.biglight.com\\\/\",\"name\":\"Big Light Productions\",\"description\":\"Compa\u00f1\u00eda productora de televisi\u00f3n basada en Londres y Par\u00eds\",\"publisher\":{\"@id\":\"https:\\\/\\\/www.biglight.com\\\/#organization\"},\"potentialAction\":[{\"@type\":\"SearchAction\",\"target\":{\"@type\":\"EntryPoint\",\"urlTemplate\":\"https:\\\/\\\/www.biglight.com\\\/?s={search_term_string}\"},\"query-input\":{\"@type\":\"PropertyValueSpecification\",\"valueRequired\":true,\"valueName\":\"search_term_string\"}}],\"inLanguage\":\"es\"},{\"@type\":\"Organization\",\"@id\":\"https:\\\/\\\/www.biglight.com\\\/#organization\",\"name\":\"Big Light Productions\",\"url\":\"https:\\\/\\\/www.biglight.com\\\/\",\"logo\":{\"@type\":\"ImageObject\",\"inLanguage\":\"es\",\"@id\":\"https:\\\/\\\/www.biglight.com\\\/#\\\/schema\\\/logo\\\/image\\\/\",\"url\":\"https:\\\/\\\/www.biglight.com\\\/wp-content\\\/uploads\\\/2017\\\/10\\\/Big-Light-Logo.png\",\"contentUrl\":\"https:\\\/\\\/www.biglight.com\\\/wp-content\\\/uploads\\\/2017\\\/10\\\/Big-Light-Logo.png\",\"width\":474,\"height\":499,\"caption\":\"Big Light Productions\"},\"image\":{\"@id\":\"https:\\\/\\\/www.biglight.com\\\/#\\\/schema\\\/logo\\\/image\\\/\"},\"sameAs\":[\"https:\\\/\\\/www.facebook.com\\\/biglightprod\",\"https:\\\/\\\/x.com\\\/BigLightProds\",\"https:\\\/\\\/www.instagram.com\\\/big.light.productions\\\/\",\"https:\\\/\\\/www.youtube.com\\\/channel\\\/UCXo4D51D5lV2f-HDRgKhzng\"]}]}<\/script>\n<!-- \/ Yoast SEO Premium plugin. -->","yoast_head_json":{"title":"Devils - Big Light Productions","description":"2016. After the Brexit referendum, Massimo Ruggero - CEO of a partly Chinese owned NYL - is approached by Dominic Morgan to fight the threat China poses to the West.","robots":{"index":"index","follow":"follow","max-snippet":"max-snippet:-1","max-image-preview":"max-image-preview:large","max-video-preview":"max-video-preview:-1"},"canonical":"https:\/\/www.biglight.com\/es\/work\/devils\/","og_locale":"es_ES","og_type":"article","og_title":"Devils","og_description":"2016. After the Brexit referendum, Massimo Ruggero - CEO of a partly Chinese owned NYL - is approached by Dominic Morgan to fight the threat China poses to the West.","og_url":"https:\/\/www.biglight.com\/es\/work\/devils\/","og_site_name":"Big Light Productions","article_publisher":"https:\/\/www.facebook.com\/biglightprod","article_modified_time":"2022-10-18T11:13:34+00:00","twitter_card":"summary_large_image","twitter_site":"@BigLightProds","schema":{"@context":"https:\/\/schema.org","@graph":[{"@type":"WebPage","@id":"https:\/\/www.biglight.com\/es\/work\/devils\/","url":"https:\/\/www.biglight.com\/es\/work\/devils\/","name":"Devils - Big Light Productions","isPartOf":{"@id":"https:\/\/www.biglight.com\/#website"},"primaryImageOfPage":{"@id":"https:\/\/www.biglight.com\/es\/work\/devils\/#primaryimage"},"image":{"@id":"https:\/\/www.biglight.com\/es\/work\/devils\/#primaryimage"},"thumbnailUrl":"https:\/\/www.biglight.com\/wp-content\/uploads\/2022\/05\/FL_02_Devils_S02-scaled.jpg","datePublished":"2022-10-18T11:02:25+00:00","dateModified":"2022-10-18T11:13:34+00:00","description":"2016. After the Brexit referendum, Massimo Ruggero - CEO of a partly Chinese owned NYL - is approached by Dominic Morgan to fight the threat China poses to the West.","breadcrumb":{"@id":"https:\/\/www.biglight.com\/es\/work\/devils\/#breadcrumb"},"inLanguage":"es","potentialAction":[{"@type":"ReadAction","target":["https:\/\/www.biglight.com\/es\/work\/devils\/"]}]},{"@type":"ImageObject","inLanguage":"es","@id":"https:\/\/www.biglight.com\/es\/work\/devils\/#primaryimage","url":"https:\/\/www.biglight.com\/wp-content\/uploads\/2022\/05\/FL_02_Devils_S02-scaled.jpg","contentUrl":"https:\/\/www.biglight.com\/wp-content\/uploads\/2022\/05\/FL_02_Devils_S02-scaled.jpg","width":2560,"height":1707,"caption":"Four years have passed since Massimo Ruggero managed to thwart Dominic Morgan's plan against the Euro, but he paid a high price: Sofia\u2019s death. Massimo, now NYL bank\u2019s new CEO, has appointed a group of Chinese investors to the board who are waging a silent war against the United States to rule over the tech sector. Acquisition after acquisition, Massimo will discover a pattern where the data of millions of people is collected, used and fought over by the two sides. Becoming NYL\u2019s strongest opponent is Massimo's old mentor: Dominic Morgan. Progressively Massimo becomes aware of this silent battle, but it will be in 2020 when the global pandemic hits that this war will come into the light and Massimo will finally have to choose which side to take."},{"@type":"BreadcrumbList","@id":"https:\/\/www.biglight.com\/es\/work\/devils\/#breadcrumb","itemListElement":[{"@type":"ListItem","position":1,"name":"Home","item":"https:\/\/www.biglight.com\/es\/inicio\/"},{"@type":"ListItem","position":2,"name":"Producciones","item":"https:\/\/www.biglight.com\/es\/work\/"},{"@type":"ListItem","position":3,"name":"Devils"}]},{"@type":"WebSite","@id":"https:\/\/www.biglight.com\/#website","url":"https:\/\/www.biglight.com\/","name":"Big Light Productions","description":"Compa\u00f1\u00eda productora de televisi\u00f3n basada en Londres y Par\u00eds","publisher":{"@id":"https:\/\/www.biglight.com\/#organization"},"potentialAction":[{"@type":"SearchAction","target":{"@type":"EntryPoint","urlTemplate":"https:\/\/www.biglight.com\/?s={search_term_string}"},"query-input":{"@type":"PropertyValueSpecification","valueRequired":true,"valueName":"search_term_string"}}],"inLanguage":"es"},{"@type":"Organization","@id":"https:\/\/www.biglight.com\/#organization","name":"Big Light Productions","url":"https:\/\/www.biglight.com\/","logo":{"@type":"ImageObject","inLanguage":"es","@id":"https:\/\/www.biglight.com\/#\/schema\/logo\/image\/","url":"https:\/\/www.biglight.com\/wp-content\/uploads\/2017\/10\/Big-Light-Logo.png","contentUrl":"https:\/\/www.biglight.com\/wp-content\/uploads\/2017\/10\/Big-Light-Logo.png","width":474,"height":499,"caption":"Big Light Productions"},"image":{"@id":"https:\/\/www.biglight.com\/#\/schema\/logo\/image\/"},"sameAs":["https:\/\/www.facebook.com\/biglightprod","https:\/\/x.com\/BigLightProds","https:\/\/www.instagram.com\/big.light.productions\/","https:\/\/www.youtube.com\/channel\/UCXo4D51D5lV2f-HDRgKhzng"]}]}},"_links":{"self":[{"href":"https:\/\/www.biglight.com\/es\/wp-json\/wp\/v2\/pages\/2629","targetHints":{"allow":["GET"]}}],"collection":[{"href":"https:\/\/www.biglight.com\/es\/wp-json\/wp\/v2\/pages"}],"about":[{"href":"https:\/\/www.biglight.com\/es\/wp-json\/wp\/v2\/types\/page"}],"author":[{"embeddable":true,"href":"https:\/\/www.biglight.com\/es\/wp-json\/wp\/v2\/users\/2"}],"replies":[{"embeddable":true,"href":"https:\/\/www.biglight.com\/es\/wp-json\/wp\/v2\/comments?post=2629"}],"version-history":[{"count":3,"href":"https:\/\/www.biglight.com\/es\/wp-json\/wp\/v2\/pages\/2629\/revisions"}],"predecessor-version":[{"id":2637,"href":"https:\/\/www.biglight.com\/es\/wp-json\/wp\/v2\/pages\/2629\/revisions\/2637"}],"up":[{"embeddable":true,"href":"https:\/\/www.biglight.com\/es\/wp-json\/wp\/v2\/pages\/692"}],"wp:featuredmedia":[{"embeddable":true,"href":"https:\/\/www.biglight.com\/es\/wp-json\/wp\/v2\/media\/2603"}],"wp:attachment":[{"href":"https:\/\/www.biglight.com\/es\/wp-json\/wp\/v2\/media?parent=2629"}],"curies":[{"name":"wp","href":"https:\/\/api.w.org\/{rel}","templated":true}]}}