{"id":2109,"date":"2019-10-29T02:14:30","date_gmt":"2019-10-29T02:14:30","guid":{"rendered":"https:\/\/www.biglight.com\/work\/leonardo\/"},"modified":"2021-04-26T11:55:51","modified_gmt":"2021-04-26T11:55:51","slug":"leonardo","status":"publish","type":"page","link":"https:\/\/www.biglight.com\/es\/work\/leonardo\/","title":{"rendered":"Leonardo"},"content":{"rendered":"<h2>2021<\/h2>\n<h3>Protagoniza <a href=\"https:\/\/www.imdb.com\/name\/nm2636108\/\">Aidan Turner<\/a>, <a href=\"https:\/\/www.imdb.com\/name\/nm0383603\/?ref_=fn_al_nm_1\" target=\"_blank\" rel=\"noopener\">Freddie Highmore<\/a> y <a href=\"https:\/\/www.imdb.com\/name\/nm7006860\/?ref_=fn_al_nm_1\" target=\"_blank\" rel=\"noopener\">Matilda de Angelis\u00a0<\/a><br \/>\nDirigido por Daniel Percival y Alexis Sweet<br \/>\nEscrito por Gabbie Asher, Frank Spotnitz y Steve Thompson<br \/>\nCreado por Frank Spotnitz y Steve Thompson<\/h3>\n<p>Producido con <a href=\"http:\/\/luxvide.it\/en\/index.php\">Lux Vide<\/a>, Sony Pictures Television, RAI, France T\u00e9l\u00e9visions y RTVE<\/p>\n<p>Streaming en Amazon Prime UK e Irlanda<\/p>\n<p><!--contentpartdivider--><\/p>\n<p style=\"text-align: justify;\"><em>Leonardo<\/em> es una serie de ocho partes, que cuenta la incre\u00edble y verdadera historia del aut\u00e9ntico \u2018hombre Renacentista\u2019.<\/p>\n<p style=\"text-align: justify;\">Nacido como el hijo ileg\u00edtimo de un notario en el pueblo rural de Vinci, la desolada infancia de Leonardo lo deja con una motivaci\u00f3n imbatible casi super-humana de comprender todo a su alrededor.<\/p>\n<p style=\"text-align: justify;\">Bajo interrogatorio de un investigador Milanes quien tiene la vida de Leonardo en sus manos, vemos el terrible sacrificio personal que lo llevo a crear las obras de arte que cambiaron la manera en que vemos el mundo para siempre.<\/p>\n<p>El estreno de la serie en RAI convoc\u00f3 7 millones de espectadores y 28.2% de share de audiencia.<\/p>\n<ul class=\"more-link animation-element slide-up-sm\">\n<li style=\"list-style-type: none;\">\n<ul class=\"more-link animation-element slide-up-sm\">\n<li><a class=\"external-icon\" href=\"https:\/\/www.imdb.com\/title\/tt7950706\/?ref_=nm_flmg_act_1\" target=\"_blank\" rel=\"noopener noreferrer\">Cr\u00e9ditos<\/a><\/li>\n<\/ul>\n<\/li>\n<\/ul>\n","protected":false},"excerpt":{"rendered":"<p>Leonardo es una serie de ocho partes, que cuenta la incre\u00edble y verdadera historia del aut\u00e9ntico \u2018hombre Renacentista\u2019.<\/p>\n","protected":false},"author":2,"featured_media":2539,"parent":692,"menu_order":2,"comment_status":"closed","ping_status":"closed","template":"page-work.php","meta":{"_acf_changed":false,"footnotes":""},"class_list":["post-2109","page","type-page","status-publish","has-post-thumbnail","hentry","has-content-parts","content-parts-2"],"acf":[],"yoast_head":"<!-- This site is optimized with the Yoast SEO Premium plugin v27.0 (Yoast SEO v27.6) - https:\/\/yoast.com\/product\/yoast-seo-premium-wordpress\/ -->\n<title>Leonardo - Big Light Productions<\/title>\n<meta name=\"description\" content=\"Leonardo es una serie de ocho partes, que cuenta la incre\u00edble y verdadera historia del aut\u00e9ntico \u2018hombre Renacentista\u2019.\" \/>\n<meta name=\"robots\" content=\"index, follow, max-snippet:-1, max-image-preview:large, max-video-preview:-1\" \/>\n<link rel=\"canonical\" href=\"https:\/\/www.biglight.com\/es\/work\/leonardo\/\" \/>\n<meta property=\"og:locale\" content=\"es_ES\" \/>\n<meta property=\"og:type\" content=\"article\" \/>\n<meta property=\"og:title\" content=\"Leonardo\" \/>\n<meta property=\"og:description\" content=\"Leonardo es una serie de ocho partes, que cuenta la incre\u00edble y verdadera historia del aut\u00e9ntico \u2018hombre Renacentista\u2019.\" \/>\n<meta property=\"og:url\" content=\"https:\/\/www.biglight.com\/es\/work\/leonardo\/\" \/>\n<meta property=\"og:site_name\" content=\"Big Light Productions\" \/>\n<meta property=\"article:publisher\" content=\"https:\/\/www.facebook.com\/biglightprod\" \/>\n<meta property=\"article:modified_time\" content=\"2021-04-26T11:55:51+00:00\" \/>\n<meta property=\"og:image\" content=\"https:\/\/www.biglight.com\/wp-content\/uploads\/2019\/10\/Da_Vinci_Vitruve_Luc_Viatoursmall2-1400x533.png\" \/>\n\t<meta property=\"og:image:width\" content=\"1400\" \/>\n\t<meta property=\"og:image:height\" content=\"533\" \/>\n\t<meta property=\"og:image:type\" content=\"image\/png\" \/>\n<meta name=\"twitter:card\" content=\"summary_large_image\" \/>\n<meta name=\"twitter:site\" content=\"@BigLightProds\" \/>\n<script type=\"application\/ld+json\" class=\"yoast-schema-graph\">{\"@context\":\"https:\\\/\\\/schema.org\",\"@graph\":[{\"@type\":\"WebPage\",\"@id\":\"https:\\\/\\\/www.biglight.com\\\/es\\\/work\\\/leonardo\\\/\",\"url\":\"https:\\\/\\\/www.biglight.com\\\/es\\\/work\\\/leonardo\\\/\",\"name\":\"Leonardo - Big Light Productions\",\"isPartOf\":{\"@id\":\"https:\\\/\\\/www.biglight.com\\\/#website\"},\"primaryImageOfPage\":{\"@id\":\"https:\\\/\\\/www.biglight.com\\\/es\\\/work\\\/leonardo\\\/#primaryimage\"},\"image\":{\"@id\":\"https:\\\/\\\/www.biglight.com\\\/es\\\/work\\\/leonardo\\\/#primaryimage\"},\"thumbnailUrl\":\"https:\\\/\\\/www.biglight.com\\\/wp-content\\\/uploads\\\/2021\\\/03\\\/Trio-for-BL.png\",\"datePublished\":\"2019-10-29T02:14:30+00:00\",\"dateModified\":\"2021-04-26T11:55:51+00:00\",\"description\":\"Leonardo es una serie de ocho partes, que cuenta la incre\u00edble y verdadera historia del aut\u00e9ntico \u2018hombre Renacentista\u2019.\",\"breadcrumb\":{\"@id\":\"https:\\\/\\\/www.biglight.com\\\/es\\\/work\\\/leonardo\\\/#breadcrumb\"},\"inLanguage\":\"es\",\"potentialAction\":[{\"@type\":\"ReadAction\",\"target\":[\"https:\\\/\\\/www.biglight.com\\\/es\\\/work\\\/leonardo\\\/\"]}]},{\"@type\":\"ImageObject\",\"inLanguage\":\"es\",\"@id\":\"https:\\\/\\\/www.biglight.com\\\/es\\\/work\\\/leonardo\\\/#primaryimage\",\"url\":\"https:\\\/\\\/www.biglight.com\\\/wp-content\\\/uploads\\\/2021\\\/03\\\/Trio-for-BL.png\",\"contentUrl\":\"https:\\\/\\\/www.biglight.com\\\/wp-content\\\/uploads\\\/2021\\\/03\\\/Trio-for-BL.png\",\"width\":4192,\"height\":2794},{\"@type\":\"BreadcrumbList\",\"@id\":\"https:\\\/\\\/www.biglight.com\\\/es\\\/work\\\/leonardo\\\/#breadcrumb\",\"itemListElement\":[{\"@type\":\"ListItem\",\"position\":1,\"name\":\"Home\",\"item\":\"https:\\\/\\\/www.biglight.com\\\/es\\\/inicio\\\/\"},{\"@type\":\"ListItem\",\"position\":2,\"name\":\"Producciones\",\"item\":\"https:\\\/\\\/www.biglight.com\\\/es\\\/work\\\/\"},{\"@type\":\"ListItem\",\"position\":3,\"name\":\"Leonardo\"}]},{\"@type\":\"WebSite\",\"@id\":\"https:\\\/\\\/www.biglight.com\\\/#website\",\"url\":\"https:\\\/\\\/www.biglight.com\\\/\",\"name\":\"Big Light Productions\",\"description\":\"Compa\u00f1\u00eda productora de televisi\u00f3n basada en Londres y Par\u00eds\",\"publisher\":{\"@id\":\"https:\\\/\\\/www.biglight.com\\\/#organization\"},\"potentialAction\":[{\"@type\":\"SearchAction\",\"target\":{\"@type\":\"EntryPoint\",\"urlTemplate\":\"https:\\\/\\\/www.biglight.com\\\/?s={search_term_string}\"},\"query-input\":{\"@type\":\"PropertyValueSpecification\",\"valueRequired\":true,\"valueName\":\"search_term_string\"}}],\"inLanguage\":\"es\"},{\"@type\":\"Organization\",\"@id\":\"https:\\\/\\\/www.biglight.com\\\/#organization\",\"name\":\"Big Light Productions\",\"url\":\"https:\\\/\\\/www.biglight.com\\\/\",\"logo\":{\"@type\":\"ImageObject\",\"inLanguage\":\"es\",\"@id\":\"https:\\\/\\\/www.biglight.com\\\/#\\\/schema\\\/logo\\\/image\\\/\",\"url\":\"https:\\\/\\\/www.biglight.com\\\/wp-content\\\/uploads\\\/2017\\\/10\\\/Big-Light-Logo.png\",\"contentUrl\":\"https:\\\/\\\/www.biglight.com\\\/wp-content\\\/uploads\\\/2017\\\/10\\\/Big-Light-Logo.png\",\"width\":474,\"height\":499,\"caption\":\"Big Light Productions\"},\"image\":{\"@id\":\"https:\\\/\\\/www.biglight.com\\\/#\\\/schema\\\/logo\\\/image\\\/\"},\"sameAs\":[\"https:\\\/\\\/www.facebook.com\\\/biglightprod\",\"https:\\\/\\\/x.com\\\/BigLightProds\",\"https:\\\/\\\/www.instagram.com\\\/big.light.productions\\\/\",\"https:\\\/\\\/www.youtube.com\\\/channel\\\/UCXo4D51D5lV2f-HDRgKhzng\"]}]}<\/script>\n<!-- \/ Yoast SEO Premium plugin. -->","yoast_head_json":{"title":"Leonardo - Big Light Productions","description":"Leonardo es una serie de ocho partes, que cuenta la incre\u00edble y verdadera historia del aut\u00e9ntico \u2018hombre Renacentista\u2019.","robots":{"index":"index","follow":"follow","max-snippet":"max-snippet:-1","max-image-preview":"max-image-preview:large","max-video-preview":"max-video-preview:-1"},"canonical":"https:\/\/www.biglight.com\/es\/work\/leonardo\/","og_locale":"es_ES","og_type":"article","og_title":"Leonardo","og_description":"Leonardo es una serie de ocho partes, que cuenta la incre\u00edble y verdadera historia del aut\u00e9ntico \u2018hombre Renacentista\u2019.","og_url":"https:\/\/www.biglight.com\/es\/work\/leonardo\/","og_site_name":"Big Light Productions","article_publisher":"https:\/\/www.facebook.com\/biglightprod","article_modified_time":"2021-04-26T11:55:51+00:00","og_image":[{"width":1400,"height":533,"url":"https:\/\/www.biglight.com\/wp-content\/uploads\/2019\/10\/Da_Vinci_Vitruve_Luc_Viatoursmall2-1400x533.png","type":"image\/png"}],"twitter_card":"summary_large_image","twitter_site":"@BigLightProds","schema":{"@context":"https:\/\/schema.org","@graph":[{"@type":"WebPage","@id":"https:\/\/www.biglight.com\/es\/work\/leonardo\/","url":"https:\/\/www.biglight.com\/es\/work\/leonardo\/","name":"Leonardo - Big Light Productions","isPartOf":{"@id":"https:\/\/www.biglight.com\/#website"},"primaryImageOfPage":{"@id":"https:\/\/www.biglight.com\/es\/work\/leonardo\/#primaryimage"},"image":{"@id":"https:\/\/www.biglight.com\/es\/work\/leonardo\/#primaryimage"},"thumbnailUrl":"https:\/\/www.biglight.com\/wp-content\/uploads\/2021\/03\/Trio-for-BL.png","datePublished":"2019-10-29T02:14:30+00:00","dateModified":"2021-04-26T11:55:51+00:00","description":"Leonardo es una serie de ocho partes, que cuenta la incre\u00edble y verdadera historia del aut\u00e9ntico \u2018hombre Renacentista\u2019.","breadcrumb":{"@id":"https:\/\/www.biglight.com\/es\/work\/leonardo\/#breadcrumb"},"inLanguage":"es","potentialAction":[{"@type":"ReadAction","target":["https:\/\/www.biglight.com\/es\/work\/leonardo\/"]}]},{"@type":"ImageObject","inLanguage":"es","@id":"https:\/\/www.biglight.com\/es\/work\/leonardo\/#primaryimage","url":"https:\/\/www.biglight.com\/wp-content\/uploads\/2021\/03\/Trio-for-BL.png","contentUrl":"https:\/\/www.biglight.com\/wp-content\/uploads\/2021\/03\/Trio-for-BL.png","width":4192,"height":2794},{"@type":"BreadcrumbList","@id":"https:\/\/www.biglight.com\/es\/work\/leonardo\/#breadcrumb","itemListElement":[{"@type":"ListItem","position":1,"name":"Home","item":"https:\/\/www.biglight.com\/es\/inicio\/"},{"@type":"ListItem","position":2,"name":"Producciones","item":"https:\/\/www.biglight.com\/es\/work\/"},{"@type":"ListItem","position":3,"name":"Leonardo"}]},{"@type":"WebSite","@id":"https:\/\/www.biglight.com\/#website","url":"https:\/\/www.biglight.com\/","name":"Big Light Productions","description":"Compa\u00f1\u00eda productora de televisi\u00f3n basada en Londres y Par\u00eds","publisher":{"@id":"https:\/\/www.biglight.com\/#organization"},"potentialAction":[{"@type":"SearchAction","target":{"@type":"EntryPoint","urlTemplate":"https:\/\/www.biglight.com\/?s={search_term_string}"},"query-input":{"@type":"PropertyValueSpecification","valueRequired":true,"valueName":"search_term_string"}}],"inLanguage":"es"},{"@type":"Organization","@id":"https:\/\/www.biglight.com\/#organization","name":"Big Light Productions","url":"https:\/\/www.biglight.com\/","logo":{"@type":"ImageObject","inLanguage":"es","@id":"https:\/\/www.biglight.com\/#\/schema\/logo\/image\/","url":"https:\/\/www.biglight.com\/wp-content\/uploads\/2017\/10\/Big-Light-Logo.png","contentUrl":"https:\/\/www.biglight.com\/wp-content\/uploads\/2017\/10\/Big-Light-Logo.png","width":474,"height":499,"caption":"Big Light Productions"},"image":{"@id":"https:\/\/www.biglight.com\/#\/schema\/logo\/image\/"},"sameAs":["https:\/\/www.facebook.com\/biglightprod","https:\/\/x.com\/BigLightProds","https:\/\/www.instagram.com\/big.light.productions\/","https:\/\/www.youtube.com\/channel\/UCXo4D51D5lV2f-HDRgKhzng"]}]}},"_links":{"self":[{"href":"https:\/\/www.biglight.com\/es\/wp-json\/wp\/v2\/pages\/2109","targetHints":{"allow":["GET"]}}],"collection":[{"href":"https:\/\/www.biglight.com\/es\/wp-json\/wp\/v2\/pages"}],"about":[{"href":"https:\/\/www.biglight.com\/es\/wp-json\/wp\/v2\/types\/page"}],"author":[{"embeddable":true,"href":"https:\/\/www.biglight.com\/es\/wp-json\/wp\/v2\/users\/2"}],"replies":[{"embeddable":true,"href":"https:\/\/www.biglight.com\/es\/wp-json\/wp\/v2\/comments?post=2109"}],"version-history":[{"count":8,"href":"https:\/\/www.biglight.com\/es\/wp-json\/wp\/v2\/pages\/2109\/revisions"}],"predecessor-version":[{"id":2544,"href":"https:\/\/www.biglight.com\/es\/wp-json\/wp\/v2\/pages\/2109\/revisions\/2544"}],"up":[{"embeddable":true,"href":"https:\/\/www.biglight.com\/es\/wp-json\/wp\/v2\/pages\/692"}],"wp:featuredmedia":[{"embeddable":true,"href":"https:\/\/www.biglight.com\/es\/wp-json\/wp\/v2\/media\/2539"}],"wp:attachment":[{"href":"https:\/\/www.biglight.com\/es\/wp-json\/wp\/v2\/media?parent=2109"}],"curies":[{"name":"wp","href":"https:\/\/api.w.org\/{rel}","templated":true}]}}