{"id":1352,"date":"2018-05-25T08:00:04","date_gmt":"2018-05-25T08:00:04","guid":{"rendered":"https:\/\/www.biglight.com\/work\/medici-the-magnificent\/"},"modified":"2023-07-10T08:52:13","modified_gmt":"2023-07-10T08:52:13","slug":"medici-the-magnificent","status":"publish","type":"page","link":"https:\/\/www.biglight.com\/es\/work\/medici-the-magnificent\/","title":{"rendered":"Medici: El Magn\u00edfico"},"content":{"rendered":"<h2>2018 &#8211; 2019<\/h2>\n<h3>Protagonizada por <a href=\"https:\/\/www.imdb.com\/name\/nm1528476\/?ref_=tt_cl_t2\">Daniel Sharman<\/a>, <a href=\"https:\/\/www.imdb.com\/name\/nm8357122\/?ref_=tt_cl_t1\">Synnove Karlsen<\/a>, <a href=\"https:\/\/www.imdb.com\/name\/nm3010926\/?ref_=tt_cl_t5\">Bradley James<\/a>, <a href=\"https:\/\/www.imdb.com\/name\/nm1616937\/?ref_=ttfc_fc_cl_t19\">Alessandra Mastronardi<\/a>, <a href=\"https:\/\/www.imdb.com\/name\/nm4436761\/?ref_=ttfc_fc_cl_t8\">Matilda Lutz<\/a> &amp; <a href=\"https:\/\/www.imdb.com\/name\/nm3010926\/?ref_=tt_cl_t5\">Sean Bean<\/a><\/h3>\n<p>Producida con <a href=\"http:\/\/luxvide.it\/en\/index.php\">Lux Vide<\/a><br \/>\nDisponible via <a href=\"http:\/\/www.rai.it\/\">RAI<\/a>\u00a0y\u00a0<a href=\"http:\/\/ver.movistarplus.es\/\">Movistar+.<\/a> <a href=\"https:\/\/www.netflix.com\">Netflix,<\/a> SKY &amp;\u00a0<a href=\"https:\/\/play.sfr.fr\/home\">SFR Play<\/a> .<\/p>\n<p><!--contentpartdivider--><\/p>\n<p>Florencia, 1469. Un atentado en contra de Piero de Medici obliga a su hijo Lorenzo a asumir el liderazgo del banco familiar. Una vez a la cabeza de la empresa, el joven Lorenzo (Sharman) decide hacer las cosas de una forma diferente. Lorenzo abandona la c\u00ednica pol\u00edtica del pasado para dar paso a una nueva era de revoluci\u00f3n pol\u00edtica y creativa.<\/p>\n<p>\u00c9sto le pone en conflicto con Jacopo Pazzi (Bean), el l\u00edder de la otra familia banquera en Florencia, quien no descansar\u00e1 hasta vencer a Lorenzo, El Magn\u00edfico. Su choque da inicio a una de las intrigas pol\u00edticas m\u00e1s emocionantes de todos los tiempos, la famosa conspiraci\u00f3n de los Pazzi.<\/p>\n<p><em>Medici: El Magn\u00edfico<\/em> fue transmitida en el oto\u00f1o de 2018 en RAI y Movistar+. As\u00ed mismo, est\u00e1 disponible en Netflix a partir de Enero del 2019.<\/p>\n<ul class=\"more-link animation-element slide-up-sm\">\n<li style=\"list-style-type: none;\">\n<ul class=\"more-link animation-element slide-up-sm\">\n<li><a class=\"external-icon\" href=\"https:\/\/www.imdb.com\/title\/tt7938036\/?ref_=ttfc_fc_tt\" target=\"_blank\" rel=\"noopener noreferrer\">Cr\u00e9ditos<\/a><\/li>\n<\/ul>\n<\/li>\n<\/ul>\n","protected":false},"excerpt":{"rendered":"<p>Florencia, 1469. Un atentado en contra de Piero de Medici obliga a su hijo Lorenzo a asumir el liderazgo del banco familiar. Una vez a la cabeza de la empresa, el joven Lorenzo (Sharman) decide hacer las cosas de una forma diferente. Lorenzo abandona la c\u00ednica pol\u00edtica del pasado para dar paso a una nueva era de revoluci\u00f3n pol\u00edtica y creativa.<\/p>\n","protected":false},"author":2,"featured_media":2405,"parent":692,"menu_order":3,"comment_status":"closed","ping_status":"closed","template":"page-work.php","meta":{"_acf_changed":false,"footnotes":""},"class_list":["post-1352","page","type-page","status-publish","has-post-thumbnail","hentry","has-content-parts","content-parts-2"],"acf":[],"yoast_head":"<!-- This site is optimized with the Yoast SEO Premium plugin v27.0 (Yoast SEO v27.5) - https:\/\/yoast.com\/product\/yoast-seo-premium-wordpress\/ -->\n<title>Medici: El Magn\u00edfico - Big Light Productions<\/title>\n<meta name=\"description\" content=\"Florencia, 1469. Un atentado en contra de Piero de Medici obliga a su hijo Lorenzo a asumir el liderazgo del banco familiar. Una vez a la cabeza de la empresa, el joven Lorenzo (Sharman) decide hacer las cosas de una forma diferente. Lorenzo abandona la c\u00ednica pol\u00edtica del pasado para dar paso a una nueva era de revoluci\u00f3n pol\u00edtica y creativa.\" \/>\n<meta name=\"robots\" content=\"index, follow, max-snippet:-1, max-image-preview:large, max-video-preview:-1\" \/>\n<link rel=\"canonical\" href=\"https:\/\/www.biglight.com\/es\/work\/medici-the-magnificent\/\" \/>\n<meta property=\"og:locale\" content=\"es_ES\" \/>\n<meta property=\"og:type\" content=\"article\" \/>\n<meta property=\"og:title\" content=\"Medici: El Magn\u00edfico\" \/>\n<meta property=\"og:description\" content=\"Florencia, 1469. Un atentado en contra de Piero de Medici obliga a su hijo Lorenzo a asumir el liderazgo del banco familiar. Una vez a la cabeza de la empresa, el joven Lorenzo (Sharman) decide hacer las cosas de una forma diferente. Lorenzo abandona la c\u00ednica pol\u00edtica del pasado para dar paso a una nueva era de revoluci\u00f3n pol\u00edtica y creativa.\" \/>\n<meta property=\"og:url\" content=\"https:\/\/www.biglight.com\/es\/work\/medici-the-magnificent\/\" \/>\n<meta property=\"og:site_name\" content=\"Big Light Productions\" \/>\n<meta property=\"article:publisher\" content=\"https:\/\/www.facebook.com\/biglightprod\" \/>\n<meta property=\"article:modified_time\" content=\"2023-07-10T08:52:13+00:00\" \/>\n<meta property=\"og:image\" content=\"https:\/\/www.biglight.com\/wp-content\/uploads\/2018\/05\/Medici-Masters-of-Florence_2.jpg\" \/>\n\t<meta property=\"og:image:width\" content=\"2000\" \/>\n\t<meta property=\"og:image:height\" content=\"1333\" \/>\n\t<meta property=\"og:image:type\" content=\"image\/jpeg\" \/>\n<meta name=\"twitter:card\" content=\"summary_large_image\" \/>\n<meta name=\"twitter:site\" content=\"@BigLightProds\" \/>\n<script type=\"application\/ld+json\" class=\"yoast-schema-graph\">{\"@context\":\"https:\\\/\\\/schema.org\",\"@graph\":[{\"@type\":\"WebPage\",\"@id\":\"https:\\\/\\\/www.biglight.com\\\/es\\\/work\\\/medici-the-magnificent\\\/\",\"url\":\"https:\\\/\\\/www.biglight.com\\\/es\\\/work\\\/medici-the-magnificent\\\/\",\"name\":\"Medici: El Magn\u00edfico - Big Light Productions\",\"isPartOf\":{\"@id\":\"https:\\\/\\\/www.biglight.com\\\/#website\"},\"primaryImageOfPage\":{\"@id\":\"https:\\\/\\\/www.biglight.com\\\/es\\\/work\\\/medici-the-magnificent\\\/#primaryimage\"},\"image\":{\"@id\":\"https:\\\/\\\/www.biglight.com\\\/es\\\/work\\\/medici-the-magnificent\\\/#primaryimage\"},\"thumbnailUrl\":\"https:\\\/\\\/www.biglight.com\\\/wp-content\\\/uploads\\\/2020\\\/05\\\/Screen-Shot-2020-04-07-at-12.58.06-AM-copy.png\",\"datePublished\":\"2018-05-25T08:00:04+00:00\",\"dateModified\":\"2023-07-10T08:52:13+00:00\",\"description\":\"Florencia, 1469. Un atentado en contra de Piero de Medici obliga a su hijo Lorenzo a asumir el liderazgo del banco familiar. Una vez a la cabeza de la empresa, el joven Lorenzo (Sharman) decide hacer las cosas de una forma diferente. Lorenzo abandona la c\u00ednica pol\u00edtica del pasado para dar paso a una nueva era de revoluci\u00f3n pol\u00edtica y creativa.\",\"breadcrumb\":{\"@id\":\"https:\\\/\\\/www.biglight.com\\\/es\\\/work\\\/medici-the-magnificent\\\/#breadcrumb\"},\"inLanguage\":\"es\",\"potentialAction\":[{\"@type\":\"ReadAction\",\"target\":[\"https:\\\/\\\/www.biglight.com\\\/es\\\/work\\\/medici-the-magnificent\\\/\"]}]},{\"@type\":\"ImageObject\",\"inLanguage\":\"es\",\"@id\":\"https:\\\/\\\/www.biglight.com\\\/es\\\/work\\\/medici-the-magnificent\\\/#primaryimage\",\"url\":\"https:\\\/\\\/www.biglight.com\\\/wp-content\\\/uploads\\\/2020\\\/05\\\/Screen-Shot-2020-04-07-at-12.58.06-AM-copy.png\",\"contentUrl\":\"https:\\\/\\\/www.biglight.com\\\/wp-content\\\/uploads\\\/2020\\\/05\\\/Screen-Shot-2020-04-07-at-12.58.06-AM-copy.png\",\"width\":3752,\"height\":1866,\"caption\":\"Lorenzo de Medici - Daniel Sharman in Medici: The Magnificent\"},{\"@type\":\"BreadcrumbList\",\"@id\":\"https:\\\/\\\/www.biglight.com\\\/es\\\/work\\\/medici-the-magnificent\\\/#breadcrumb\",\"itemListElement\":[{\"@type\":\"ListItem\",\"position\":1,\"name\":\"Home\",\"item\":\"https:\\\/\\\/www.biglight.com\\\/es\\\/inicio\\\/\"},{\"@type\":\"ListItem\",\"position\":2,\"name\":\"Producciones\",\"item\":\"https:\\\/\\\/www.biglight.com\\\/es\\\/work\\\/\"},{\"@type\":\"ListItem\",\"position\":3,\"name\":\"Medici: El Magn\u00edfico\"}]},{\"@type\":\"WebSite\",\"@id\":\"https:\\\/\\\/www.biglight.com\\\/#website\",\"url\":\"https:\\\/\\\/www.biglight.com\\\/\",\"name\":\"Big Light Productions\",\"description\":\"Compa\u00f1\u00eda productora de televisi\u00f3n basada en Londres y Par\u00eds\",\"publisher\":{\"@id\":\"https:\\\/\\\/www.biglight.com\\\/#organization\"},\"potentialAction\":[{\"@type\":\"SearchAction\",\"target\":{\"@type\":\"EntryPoint\",\"urlTemplate\":\"https:\\\/\\\/www.biglight.com\\\/?s={search_term_string}\"},\"query-input\":{\"@type\":\"PropertyValueSpecification\",\"valueRequired\":true,\"valueName\":\"search_term_string\"}}],\"inLanguage\":\"es\"},{\"@type\":\"Organization\",\"@id\":\"https:\\\/\\\/www.biglight.com\\\/#organization\",\"name\":\"Big Light Productions\",\"url\":\"https:\\\/\\\/www.biglight.com\\\/\",\"logo\":{\"@type\":\"ImageObject\",\"inLanguage\":\"es\",\"@id\":\"https:\\\/\\\/www.biglight.com\\\/#\\\/schema\\\/logo\\\/image\\\/\",\"url\":\"https:\\\/\\\/www.biglight.com\\\/wp-content\\\/uploads\\\/2017\\\/10\\\/Big-Light-Logo.png\",\"contentUrl\":\"https:\\\/\\\/www.biglight.com\\\/wp-content\\\/uploads\\\/2017\\\/10\\\/Big-Light-Logo.png\",\"width\":474,\"height\":499,\"caption\":\"Big Light Productions\"},\"image\":{\"@id\":\"https:\\\/\\\/www.biglight.com\\\/#\\\/schema\\\/logo\\\/image\\\/\"},\"sameAs\":[\"https:\\\/\\\/www.facebook.com\\\/biglightprod\",\"https:\\\/\\\/x.com\\\/BigLightProds\",\"https:\\\/\\\/www.instagram.com\\\/big.light.productions\\\/\",\"https:\\\/\\\/www.youtube.com\\\/channel\\\/UCXo4D51D5lV2f-HDRgKhzng\"]}]}<\/script>\n<!-- \/ Yoast SEO Premium plugin. -->","yoast_head_json":{"title":"Medici: El Magn\u00edfico - Big Light Productions","description":"Florencia, 1469. Un atentado en contra de Piero de Medici obliga a su hijo Lorenzo a asumir el liderazgo del banco familiar. Una vez a la cabeza de la empresa, el joven Lorenzo (Sharman) decide hacer las cosas de una forma diferente. Lorenzo abandona la c\u00ednica pol\u00edtica del pasado para dar paso a una nueva era de revoluci\u00f3n pol\u00edtica y creativa.","robots":{"index":"index","follow":"follow","max-snippet":"max-snippet:-1","max-image-preview":"max-image-preview:large","max-video-preview":"max-video-preview:-1"},"canonical":"https:\/\/www.biglight.com\/es\/work\/medici-the-magnificent\/","og_locale":"es_ES","og_type":"article","og_title":"Medici: El Magn\u00edfico","og_description":"Florencia, 1469. Un atentado en contra de Piero de Medici obliga a su hijo Lorenzo a asumir el liderazgo del banco familiar. Una vez a la cabeza de la empresa, el joven Lorenzo (Sharman) decide hacer las cosas de una forma diferente. Lorenzo abandona la c\u00ednica pol\u00edtica del pasado para dar paso a una nueva era de revoluci\u00f3n pol\u00edtica y creativa.","og_url":"https:\/\/www.biglight.com\/es\/work\/medici-the-magnificent\/","og_site_name":"Big Light Productions","article_publisher":"https:\/\/www.facebook.com\/biglightprod","article_modified_time":"2023-07-10T08:52:13+00:00","og_image":[{"width":2000,"height":1333,"url":"https:\/\/www.biglight.com\/wp-content\/uploads\/2018\/05\/Medici-Masters-of-Florence_2.jpg","type":"image\/jpeg"}],"twitter_card":"summary_large_image","twitter_site":"@BigLightProds","schema":{"@context":"https:\/\/schema.org","@graph":[{"@type":"WebPage","@id":"https:\/\/www.biglight.com\/es\/work\/medici-the-magnificent\/","url":"https:\/\/www.biglight.com\/es\/work\/medici-the-magnificent\/","name":"Medici: El Magn\u00edfico - Big Light Productions","isPartOf":{"@id":"https:\/\/www.biglight.com\/#website"},"primaryImageOfPage":{"@id":"https:\/\/www.biglight.com\/es\/work\/medici-the-magnificent\/#primaryimage"},"image":{"@id":"https:\/\/www.biglight.com\/es\/work\/medici-the-magnificent\/#primaryimage"},"thumbnailUrl":"https:\/\/www.biglight.com\/wp-content\/uploads\/2020\/05\/Screen-Shot-2020-04-07-at-12.58.06-AM-copy.png","datePublished":"2018-05-25T08:00:04+00:00","dateModified":"2023-07-10T08:52:13+00:00","description":"Florencia, 1469. Un atentado en contra de Piero de Medici obliga a su hijo Lorenzo a asumir el liderazgo del banco familiar. Una vez a la cabeza de la empresa, el joven Lorenzo (Sharman) decide hacer las cosas de una forma diferente. Lorenzo abandona la c\u00ednica pol\u00edtica del pasado para dar paso a una nueva era de revoluci\u00f3n pol\u00edtica y creativa.","breadcrumb":{"@id":"https:\/\/www.biglight.com\/es\/work\/medici-the-magnificent\/#breadcrumb"},"inLanguage":"es","potentialAction":[{"@type":"ReadAction","target":["https:\/\/www.biglight.com\/es\/work\/medici-the-magnificent\/"]}]},{"@type":"ImageObject","inLanguage":"es","@id":"https:\/\/www.biglight.com\/es\/work\/medici-the-magnificent\/#primaryimage","url":"https:\/\/www.biglight.com\/wp-content\/uploads\/2020\/05\/Screen-Shot-2020-04-07-at-12.58.06-AM-copy.png","contentUrl":"https:\/\/www.biglight.com\/wp-content\/uploads\/2020\/05\/Screen-Shot-2020-04-07-at-12.58.06-AM-copy.png","width":3752,"height":1866,"caption":"Lorenzo de Medici - Daniel Sharman in Medici: The Magnificent"},{"@type":"BreadcrumbList","@id":"https:\/\/www.biglight.com\/es\/work\/medici-the-magnificent\/#breadcrumb","itemListElement":[{"@type":"ListItem","position":1,"name":"Home","item":"https:\/\/www.biglight.com\/es\/inicio\/"},{"@type":"ListItem","position":2,"name":"Producciones","item":"https:\/\/www.biglight.com\/es\/work\/"},{"@type":"ListItem","position":3,"name":"Medici: El Magn\u00edfico"}]},{"@type":"WebSite","@id":"https:\/\/www.biglight.com\/#website","url":"https:\/\/www.biglight.com\/","name":"Big Light Productions","description":"Compa\u00f1\u00eda productora de televisi\u00f3n basada en Londres y Par\u00eds","publisher":{"@id":"https:\/\/www.biglight.com\/#organization"},"potentialAction":[{"@type":"SearchAction","target":{"@type":"EntryPoint","urlTemplate":"https:\/\/www.biglight.com\/?s={search_term_string}"},"query-input":{"@type":"PropertyValueSpecification","valueRequired":true,"valueName":"search_term_string"}}],"inLanguage":"es"},{"@type":"Organization","@id":"https:\/\/www.biglight.com\/#organization","name":"Big Light Productions","url":"https:\/\/www.biglight.com\/","logo":{"@type":"ImageObject","inLanguage":"es","@id":"https:\/\/www.biglight.com\/#\/schema\/logo\/image\/","url":"https:\/\/www.biglight.com\/wp-content\/uploads\/2017\/10\/Big-Light-Logo.png","contentUrl":"https:\/\/www.biglight.com\/wp-content\/uploads\/2017\/10\/Big-Light-Logo.png","width":474,"height":499,"caption":"Big Light Productions"},"image":{"@id":"https:\/\/www.biglight.com\/#\/schema\/logo\/image\/"},"sameAs":["https:\/\/www.facebook.com\/biglightprod","https:\/\/x.com\/BigLightProds","https:\/\/www.instagram.com\/big.light.productions\/","https:\/\/www.youtube.com\/channel\/UCXo4D51D5lV2f-HDRgKhzng"]}]}},"_links":{"self":[{"href":"https:\/\/www.biglight.com\/es\/wp-json\/wp\/v2\/pages\/1352","targetHints":{"allow":["GET"]}}],"collection":[{"href":"https:\/\/www.biglight.com\/es\/wp-json\/wp\/v2\/pages"}],"about":[{"href":"https:\/\/www.biglight.com\/es\/wp-json\/wp\/v2\/types\/page"}],"author":[{"embeddable":true,"href":"https:\/\/www.biglight.com\/es\/wp-json\/wp\/v2\/users\/2"}],"replies":[{"embeddable":true,"href":"https:\/\/www.biglight.com\/es\/wp-json\/wp\/v2\/comments?post=1352"}],"version-history":[{"count":20,"href":"https:\/\/www.biglight.com\/es\/wp-json\/wp\/v2\/pages\/1352\/revisions"}],"predecessor-version":[{"id":2823,"href":"https:\/\/www.biglight.com\/es\/wp-json\/wp\/v2\/pages\/1352\/revisions\/2823"}],"up":[{"embeddable":true,"href":"https:\/\/www.biglight.com\/es\/wp-json\/wp\/v2\/pages\/692"}],"wp:featuredmedia":[{"embeddable":true,"href":"https:\/\/www.biglight.com\/es\/wp-json\/wp\/v2\/media\/2405"}],"wp:attachment":[{"href":"https:\/\/www.biglight.com\/es\/wp-json\/wp\/v2\/media?parent=1352"}],"curies":[{"name":"wp","href":"https:\/\/api.w.org\/{rel}","templated":true}]}}